{"id":3660,"date":"2022-08-05T17:17:54","date_gmt":"2022-08-05T21:17:54","guid":{"rendered":"https:\/\/upla.cl\/acompanamientoestudiantil\/?page_id=3660"},"modified":"2026-04-06T15:35:32","modified_gmt":"2026-04-06T19:35:32","slug":"acompanamiento-academico","status":"publish","type":"page","link":"https:\/\/upla.cl\/acompanamientoestudiantil\/acompanamiento-academico\/","title":{"rendered":"Acompa\u00f1amiento Acad\u00e9mico"},"content":{"rendered":"<p>[et_pb_section fb_built=\u00bb1&#8243; _builder_version=\u00bb4.27.4&#8243; _module_preset=\u00bbdefault\u00bb global_colors_info=\u00bb{}\u00bb][et_pb_row column_structure=\u00bb1_2,1_2&#8243; _builder_version=\u00bb4.27.4&#8243; _module_preset=\u00bbdefault\u00bb global_colors_info=\u00bb{}\u00bb][et_pb_column type=\u00bb1_2&#8243; _builder_version=\u00bb4.27.4&#8243; _module_preset=\u00bbdefault\u00bb global_colors_info=\u00bb{}\u00bb][et_pb_heading title=\u00bbAcompa\u00f1amiento Acad\u00e9mico\u00bb _builder_version=\u00bb4.27.4&#8243; _module_preset=\u00bbdefault\u00bb title_font=\u00bbLato|900|||||||\u00bb title_text_color=\u00bb#009BDB\u00bb title_font_size=\u00bb57px\u00bb title_font_size_tablet=\u00bb57px\u00bb title_font_size_phone=\u00bb39px\u00bb title_font_size_last_edited=\u00bbon|phone\u00bb global_colors_info=\u00bb{}\u00bb][\/et_pb_heading][\/et_pb_column][et_pb_column type=\u00bb1_2&#8243; _builder_version=\u00bb4.27.4&#8243; _module_preset=\u00bbdefault\u00bb global_colors_info=\u00bb{}\u00bb][et_pb_text _builder_version=\u00bb4.27.4&#8243; _module_preset=\u00bbdefault\u00bb text_font_size=\u00bb18px\u00bb hover_enabled=\u00bb0&#8243; global_colors_info=\u00bb{}\u00bb sticky_enabled=\u00bb0&#8243;]<\/p>\n<p><span style=\"font-weight: 400;\"><strong>El Acompa\u00f1amiento Acad\u00e9mico se enfoca principalmente en fortalecer los conocimientos previos y nivelar las competencias de entrada de los, las y les estudiantes para su posterior desempe\u00f1o acad\u00e9mico.<\/strong> Adem\u00e1s, busca reforzar los contenidos disciplinares y el desarrollo de habilidades y competencias para cada carrera.\u00a0<\/span><\/p>\n<p><span style=\"font-weight: 400;\">Los acompa\u00f1amientos basan su accionar tanto en las metodolog\u00edas activas, como en los procesos de intercambio de conocimiento y experiencias para el quehacer profesional respondiendo al perfil de egreso de cada carrera (y otros elementos), para la resoluci\u00f3n colaborativa de problemas y la construcci\u00f3n del conocimiento individual y colectivo.<\/span><\/p>\n<p><span style=\"font-weight: 400;\">La figura de la mentora acad\u00e9mica se transforma en alguien que facilita el aprendizaje y el estudiante el centro de todo el proceso educativo.<\/span><\/p>\n<p>[\/et_pb_text][\/et_pb_column][\/et_pb_row][\/et_pb_section][et_pb_section fb_built=\u00bb1&#8243; _builder_version=\u00bb4.27.4&#8243; _module_preset=\u00bbdefault\u00bb background_color=\u00bb#BCE3FA\u00bb custom_margin_tablet=\u00bb\u00bb custom_margin_phone=\u00bb\u00bb custom_margin_last_edited=\u00bbon|desktop\u00bb custom_padding=\u00bb15px|||||\u00bb global_colors_info=\u00bb{}\u00bb][et_pb_row column_structure=\u00bb1_3,1_3,1_3&#8243; _builder_version=\u00bb4.27.4&#8243; _module_preset=\u00bbdefault\u00bb global_colors_info=\u00bb{}\u00bb][et_pb_column type=\u00bb1_3&#8243; _builder_version=\u00bb4.27.4&#8243; _module_preset=\u00bbdefault\u00bb global_colors_info=\u00bb{}\u00bb][et_pb_heading title=\u00bb\u00c1reas de Trabajo\u00bb _builder_version=\u00bb4.27.4&#8243; _module_preset=\u00bbdefault\u00bb title_font=\u00bbLato|900|||||||\u00bb title_text_align=\u00bbcenter\u00bb title_text_color=\u00bb#FFFFFF\u00bb title_font_size=\u00bb28px\u00bb title_line_height=\u00bb1.3em\u00bb background_color=\u00bb#009BDB\u00bb border_radii=\u00bbon|15px|15px|15px|15px\u00bb border_width_all=\u00bb2px\u00bb border_color_all=\u00bb#009BDB\u00bb global_colors_info=\u00bb{}\u00bb][\/et_pb_heading][\/et_pb_column][et_pb_column type=\u00bb1_3&#8243; _builder_version=\u00bb4.27.4&#8243; _module_preset=\u00bbdefault\u00bb global_colors_info=\u00bb{}\u00bb][\/et_pb_column][et_pb_column type=\u00bb1_3&#8243; _builder_version=\u00bb4.27.4&#8243; _module_preset=\u00bbdefault\u00bb global_colors_info=\u00bb{}\u00bb][\/et_pb_column][\/et_pb_row][et_pb_row column_structure=\u00bb1_3,1_3,1_3&#8243; _builder_version=\u00bb4.27.4&#8243; _module_preset=\u00bbdefault\u00bb global_colors_info=\u00bb{}\u00bb][et_pb_column type=\u00bb1_3&#8243; _builder_version=\u00bb4.27.4&#8243; _module_preset=\u00bbdefault\u00bb global_colors_info=\u00bb{}\u00bb][et_pb_cta title=\u00bbMentor\u00eda Acad\u00e9mica\u00bb button_text=\u00bbClics\u00bb _builder_version=\u00bb4.27.4&#8243; _module_preset=\u00bbdefault\u00bb header_font=\u00bbLato|900|||||||\u00bb header_text_align=\u00bbcenter\u00bb header_text_color=\u00bb#009BDB\u00bb header_font_size=\u00bb32px\u00bb body_font_size=\u00bb0px\u00bb body_line_height=\u00bb1em\u00bb background_color=\u00bb#FFFFFF\u00bb custom_margin=\u00bb0px||||false|false\u00bb custom_margin_tablet=\u00bb-150px||||false|false\u00bb custom_margin_phone=\u00bb-159px||||false|false\u00bb custom_margin_last_edited=\u00bbon|tablet\u00bb custom_padding_tablet=\u00bb\u00bb custom_padding_phone=\u00bb\u00bb custom_padding_last_edited=\u00bbon|phone\u00bb border_radii=\u00bbon|15px|15px|15px|15px\u00bb inline_fonts=\u00bbLato\u00bb global_colors_info=\u00bb{}\u00bb custom_margin__hover_enabled=\u00bbon|desktop\u00bb custom_margin__hover=\u00bb0px||||false|false\u00bb]<\/p>\n<p><img loading=\"lazy\" decoding=\"async\" src=\"https:\/\/upla.cl\/acompanamientoestudiantil\/wp-content\/uploads\/2025\/10\/mentoria-academica-300x300.png\" width=\"73\" height=\"73\" alt=\"mentor\u00eda academica\" class=\"wp-image-8009 alignnone size-medium\" \/><\/p>\n<p>[\/et_pb_cta][et_pb_text _builder_version=\u00bb4.27.4&#8243; _module_preset=\u00bbdefault\u00bb header_3_line_height=\u00bb1.2em\u00bb global_colors_info=\u00bb{}\u00bb]<\/p>\n<h3 style=\"text-align: center;\"><strong><span style=\"font-family: Lato; color: #565656;\">Este acompa\u00f1amiento acad\u00e9mico tiene como objetivo principal nivelar contenidos acad\u00e9micos en una asignatura espec\u00edfica, que son fundamentales para la comprensi\u00f3n de las asignaturas de las carreras.<\/span><\/strong><\/h3>\n<p>[\/et_pb_text][\/et_pb_column][et_pb_column type=\u00bb1_3&#8243; _builder_version=\u00bb4.27.4&#8243; _module_preset=\u00bbdefault\u00bb global_colors_info=\u00bb{}\u00bb][et_pb_cta title=\u00bbTalleres Disciplinares\u00bb button_text=\u00bbClics\u00bb _builder_version=\u00bb4.27.4&#8243; _module_preset=\u00bbdefault\u00bb header_font=\u00bbLato|900|||||||\u00bb header_text_align=\u00bbcenter\u00bb header_text_color=\u00bb#009BDB\u00bb header_font_size=\u00bb32px\u00bb body_font_size=\u00bb0px\u00bb body_line_height=\u00bb1em\u00bb background_color=\u00bb#FFFFFF\u00bb custom_margin=\u00bb0px||||false|false\u00bb border_radii=\u00bbon|15px|15px|15px|15px\u00bb inline_fonts=\u00bbLato\u00bb global_colors_info=\u00bb{}\u00bb]<\/p>\n<p><img loading=\"lazy\" decoding=\"async\" src=\"https:\/\/upla.cl\/acompanamientoestudiantil\/wp-content\/uploads\/2025\/10\/Taller-disciplinar-300x300.png\" width=\"79\" height=\"79\" alt=\"Taller disciplinar\" class=\"wp-image-8007 alignnone size-medium\" \/><\/p>\n<p>[\/et_pb_cta][et_pb_text _builder_version=\u00bb4.27.4&#8243; _module_preset=\u00bbdefault\u00bb header_3_line_height=\u00bb1.2em\u00bb global_colors_info=\u00bb{}\u00bb]<\/p>\n<h3 style=\"text-align: center;\"><span style=\"font-family: Lato; font-weight: normal; color: #565656;\"><strong>Tienen como prop\u00f3sito fortalecer y nivelar conocimientos previos, reforzar contenidos acad\u00e9micos y desarrollar habilidades necesarias para el trabajo acad\u00e9mico.<\/strong><\/span><\/h3>\n<p>[\/et_pb_text][\/et_pb_column][et_pb_column type=\u00bb1_3&#8243; _builder_version=\u00bb4.27.4&#8243; _module_preset=\u00bbdefault\u00bb global_colors_info=\u00bb{}\u00bb][et_pb_cta title=\u00bbMentor\u00edas Emergentes\u00bb button_text=\u00bbClics\u00bb _builder_version=\u00bb4.27.4&#8243; _module_preset=\u00bbdefault\u00bb header_font=\u00bbLato|900|||||||\u00bb header_text_align=\u00bbcenter\u00bb header_text_color=\u00bb#009BDB\u00bb header_font_size=\u00bb32px\u00bb body_font_size=\u00bb0px\u00bb body_line_height=\u00bb1em\u00bb background_color=\u00bb#FFFFFF\u00bb custom_margin=\u00bb0px||||false|false\u00bb border_radii=\u00bbon|15px|15px|15px|15px\u00bb inline_fonts=\u00bbLato\u00bb global_colors_info=\u00bb{}\u00bb]<\/p>\n<p><img loading=\"lazy\" decoding=\"async\" src=\"https:\/\/upla.cl\/acompanamientoestudiantil\/wp-content\/uploads\/2025\/10\/Mentoria-emergente-300x300.png\" width=\"79\" height=\"79\" alt=\"Mentoria emergente\" class=\"wp-image-8008 alignnone size-medium\" \/><\/p>\n<p>[\/et_pb_cta][et_pb_text _builder_version=\u00bb4.27.4&#8243; _module_preset=\u00bbdefault\u00bb header_3_line_height=\u00bb1.2em\u00bb global_colors_info=\u00bb{}\u00bb]<\/p>\n<h3 style=\"text-align: center;\"><span style=\"font-family: Lato; font-weight: normal; color: #565656;\"><strong>Las mentor\u00edas emergentes son un acompa\u00f1amiento focalizado en tem\u00e1ticas que para estudiantes son de alta complejidad o urgentes.\u00a0<\/strong><\/span><\/h3>\n<p>[\/et_pb_text][\/et_pb_column][\/et_pb_row][\/et_pb_section]<\/p>\n","protected":false},"excerpt":{"rendered":"<p>El Acompa\u00f1amiento Acad\u00e9mico se enfoca principalmente en fortalecer los conocimientos previos y nivelar las competencias de entrada de los, las y les estudiantes para su posterior desempe\u00f1o acad\u00e9mico. Adem\u00e1s, busca reforzar los contenidos disciplinares y el desarrollo de habilidades y competencias para cada carrera.\u00a0<\/p>\n","protected":false},"author":2,"featured_media":6392,"parent":0,"menu_order":0,"comment_status":"closed","ping_status":"closed","template":"","meta":{"_et_pb_use_builder":"on","_et_pb_old_content":"<img width=\"1024\" height=\"441\" src=\"https:\/\/upla.cl\/acompanamientoestudiantil\/wp-content\/uploads\/2024\/03\/acompanamientos-1sem-2024-Recuperado-10-1024x441.png\" alt=\"\" srcset=\"https:\/\/upla.cl\/acompanamientoestudiantil\/wp-content\/uploads\/2024\/03\/acompanamientos-1sem-2024-Recuperado-10-1024x441.png 1024w, https:\/\/upla.cl\/acompanamientoestudiantil\/wp-content\/uploads\/2024\/03\/acompanamientos-1sem-2024-Recuperado-10-300x129.png 300w, https:\/\/upla.cl\/acompanamientoestudiantil\/wp-content\/uploads\/2024\/03\/acompanamientos-1sem-2024-Recuperado-10-768x331.png 768w, https:\/\/upla.cl\/acompanamientoestudiantil\/wp-content\/uploads\/2024\/03\/acompanamientos-1sem-2024-Recuperado-10-1536x662.png 1536w, https:\/\/upla.cl\/acompanamientoestudiantil\/wp-content\/uploads\/2024\/03\/acompanamientos-1sem-2024-Recuperado-10-700x302.png 700w, https:\/\/upla.cl\/acompanamientoestudiantil\/wp-content\/uploads\/2024\/03\/acompanamientos-1sem-2024-Recuperado-10.png 1779w\" sizes=\"(max-width: 1024px) 100vw, 1024px\" \/>\t\t\t\t\t\t\t\t\t\t\t\t\t\r\n\t\t\t\t\t\t\t\t\t\t\t\t\t<img width=\"1024\" height=\"414\" src=\"https:\/\/upla.cl\/acompanamientoestudiantil\/wp-content\/uploads\/2024\/03\/acompanamientos-1sem-2024-Recuperado-11-1024x414.png\" alt=\"\" srcset=\"https:\/\/upla.cl\/acompanamientoestudiantil\/wp-content\/uploads\/2024\/03\/acompanamientos-1sem-2024-Recuperado-11-1024x414.png 1024w, https:\/\/upla.cl\/acompanamientoestudiantil\/wp-content\/uploads\/2024\/03\/acompanamientos-1sem-2024-Recuperado-11-300x121.png 300w, https:\/\/upla.cl\/acompanamientoestudiantil\/wp-content\/uploads\/2024\/03\/acompanamientos-1sem-2024-Recuperado-11-768x310.png 768w, https:\/\/upla.cl\/acompanamientoestudiantil\/wp-content\/uploads\/2024\/03\/acompanamientos-1sem-2024-Recuperado-11-1536x621.png 1536w, https:\/\/upla.cl\/acompanamientoestudiantil\/wp-content\/uploads\/2024\/03\/acompanamientos-1sem-2024-Recuperado-11-700x283.png 700w, https:\/\/upla.cl\/acompanamientoestudiantil\/wp-content\/uploads\/2024\/03\/acompanamientos-1sem-2024-Recuperado-11.png 1779w\" sizes=\"(max-width: 1024px) 100vw, 1024px\" \/>\t\t\t\t\t\t\t\t\t\t\t\t\t\r\n\t\t\t\t\t\t\t\t\t\t\t\t\t<img width=\"1024\" height=\"884\" src=\"https:\/\/upla.cl\/acompanamientoestudiantil\/wp-content\/uploads\/2024\/03\/acompanamientos-1sem-2024-Recuperado-12-1024x884.png\" alt=\"\" srcset=\"https:\/\/upla.cl\/acompanamientoestudiantil\/wp-content\/uploads\/2024\/03\/acompanamientos-1sem-2024-Recuperado-12-1024x884.png 1024w, https:\/\/upla.cl\/acompanamientoestudiantil\/wp-content\/uploads\/2024\/03\/acompanamientos-1sem-2024-Recuperado-12-300x259.png 300w, https:\/\/upla.cl\/acompanamientoestudiantil\/wp-content\/uploads\/2024\/03\/acompanamientos-1sem-2024-Recuperado-12-768x663.png 768w, https:\/\/upla.cl\/acompanamientoestudiantil\/wp-content\/uploads\/2024\/03\/acompanamientos-1sem-2024-Recuperado-12-1536x1326.png 1536w, https:\/\/upla.cl\/acompanamientoestudiantil\/wp-content\/uploads\/2024\/03\/acompanamientos-1sem-2024-Recuperado-12-2048x1768.png 2048w, https:\/\/upla.cl\/acompanamientoestudiantil\/wp-content\/uploads\/2024\/03\/acompanamientos-1sem-2024-Recuperado-12-700x604.png 700w\" sizes=\"(max-width: 1024px) 100vw, 1024px\" \/>\t\t\t\t\t\t\t\t\t\t\t\t\t\r\n\t\t<h4 style=\"text-align: center;\">Profesionales a cargo<\/h4>\t\t\r\n\t\t\t<figure><img width=\"1080\" height=\"1080\" src=\"https:\/\/upla.cl\/acompanamientoestudiantil\/wp-content\/uploads\/2024\/05\/aes_Mesa-de-trabajo-1-copia-8.png\" alt=\"\" \/><\/figure><h3>Ysbeisy<br>Fleire S\u00e1nchez<\/h3>\t\t\r\n\t\t<p style=\"text-align: center;\"><strong>Profesora de Biolog\u00eda<\/strong><\/p><p style=\"text-align: center;\">Mentora \u00e1rea de salud<\/p>\t\t\r\n\t\t\t<figure><img width=\"1080\" height=\"84\" src=\"https:\/\/upla.cl\/acompanamientoestudiantil\/wp-content\/uploads\/2024\/05\/correo-orange.png\" alt=\"\" \/><\/figure><p><b>ysbeisy.fleire@upla.cl<\/b><br><\/p>\t\t\r\n\t\t\t<figure><img width=\"1080\" height=\"1080\" src=\"https:\/\/upla.cl\/acompanamientoestudiantil\/wp-content\/uploads\/2024\/05\/aes_Mesa-de-trabajo-1-copia-15.png\" alt=\"\" \/><\/figure><h3>Elizabeth<br>Soto Hidalgo<\/h3>\t\t\r\n\t\t<p style=\"text-align: center;\"><strong>Ingeniera Ambiental<\/strong><\/p><p style=\"text-align: center;\">Mentora \u00e1rea de ingenier\u00eda<\/p>\t\t\r\n\t\t\t<figure><img width=\"1080\" height=\"84\" src=\"https:\/\/upla.cl\/acompanamientoestudiantil\/wp-content\/uploads\/2024\/05\/correo-orange.png\" alt=\"\" \/><\/figure><p><b>elizabeth.soto@upla.cl<\/b><br><\/p>\t\t\r\n\t\t\t<figure><img width=\"1080\" height=\"1080\" src=\"https:\/\/upla.cl\/acompanamientoestudiantil\/wp-content\/uploads\/2024\/05\/aes_Mesa-de-trabajo-1-copia-20.png\" alt=\"\" \/><\/figure><h3>Yasna<br>Pinto Ram\u00edrez<\/h3>\t\t\r\n\t\t<p style=\"text-align: center;\"><strong>Profesora de Castellano<\/strong><\/p><p style=\"text-align: center;\">Mentora \u00e1rea de expresi\u00f3n<\/p><p style=\"text-align: center;\">oral y escrita<\/p>\t\t\r\n\t\t\t<figure><img width=\"1080\" height=\"84\" src=\"https:\/\/upla.cl\/acompanamientoestudiantil\/wp-content\/uploads\/2024\/05\/correo-orange.png\" alt=\"\" \/><\/figure><p><b>yasna.pinto@upla.cl<\/b><br><\/p>\t\t\r\n\t\t\t\t\t\t\t\t\t\t\t\t\t\t<a href=\"https:\/\/docs.google.com\/forms\/d\/e\/1FAIpQLSe5YlzDhXys4B-fWGfI3XCMrx23kRlCgDpCO9k-2Ejv6njmUA\/viewform\" target=\"_blank\" rel=\"noopener\">\r\n\t\t\t\t\t\t\t<img width=\"418\" height=\"245\" src=\"https:\/\/upla.cl\/acompanamientoestudiantil\/wp-content\/uploads\/2024\/03\/acompanamientos-1sem-2024-Recuperado.png\" alt=\"\" srcset=\"https:\/\/upla.cl\/acompanamientoestudiantil\/wp-content\/uploads\/2024\/03\/acompanamientos-1sem-2024-Recuperado.png 418w, https:\/\/upla.cl\/acompanamientoestudiantil\/wp-content\/uploads\/2024\/03\/acompanamientos-1sem-2024-Recuperado-300x176.png 300w\" sizes=\"(max-width: 418px) 100vw, 418px\" \/>\t\t\t\t\t\t\t\t<\/a>","_et_gb_content_width":"","footnotes":""},"class_list":["post-3660","page","type-page","status-publish","has-post-thumbnail","hentry"],"_links":{"self":[{"href":"https:\/\/upla.cl\/acompanamientoestudiantil\/wp-json\/wp\/v2\/pages\/3660","targetHints":{"allow":["GET"]}}],"collection":[{"href":"https:\/\/upla.cl\/acompanamientoestudiantil\/wp-json\/wp\/v2\/pages"}],"about":[{"href":"https:\/\/upla.cl\/acompanamientoestudiantil\/wp-json\/wp\/v2\/types\/page"}],"author":[{"embeddable":true,"href":"https:\/\/upla.cl\/acompanamientoestudiantil\/wp-json\/wp\/v2\/users\/2"}],"replies":[{"embeddable":true,"href":"https:\/\/upla.cl\/acompanamientoestudiantil\/wp-json\/wp\/v2\/comments?post=3660"}],"version-history":[{"count":136,"href":"https:\/\/upla.cl\/acompanamientoestudiantil\/wp-json\/wp\/v2\/pages\/3660\/revisions"}],"predecessor-version":[{"id":8363,"href":"https:\/\/upla.cl\/acompanamientoestudiantil\/wp-json\/wp\/v2\/pages\/3660\/revisions\/8363"}],"wp:featuredmedia":[{"embeddable":true,"href":"https:\/\/upla.cl\/acompanamientoestudiantil\/wp-json\/wp\/v2\/media\/6392"}],"wp:attachment":[{"href":"https:\/\/upla.cl\/acompanamientoestudiantil\/wp-json\/wp\/v2\/media?parent=3660"}],"curies":[{"name":"wp","href":"https:\/\/api.w.org\/{rel}","templated":true}]}}