{"id":3686,"date":"2022-08-05T17:55:38","date_gmt":"2022-08-05T21:55:38","guid":{"rendered":"https:\/\/upla.cl\/acompanamientoestudiantil\/?page_id=3686"},"modified":"2026-04-06T15:34:06","modified_gmt":"2026-04-06T19:34:06","slug":"tutoria-par","status":"publish","type":"page","link":"https:\/\/upla.cl\/acompanamientoestudiantil\/tutoria-par\/","title":{"rendered":"Tutor\u00eda Par"},"content":{"rendered":"<p>[et_pb_section fb_built=\u00bb1&#8243; _builder_version=\u00bb4.27.4&#8243; _module_preset=\u00bbdefault\u00bb global_colors_info=\u00bb{}\u00bb][et_pb_row column_structure=\u00bb1_2,1_2&#8243; _builder_version=\u00bb4.27.4&#8243; _module_preset=\u00bbdefault\u00bb global_colors_info=\u00bb{}\u00bb][et_pb_column type=\u00bb1_2&#8243; _builder_version=\u00bb4.27.4&#8243; _module_preset=\u00bbdefault\u00bb global_colors_info=\u00bb{}\u00bb][et_pb_image src=\u00bbhttps:\/\/upla.cl\/acompanamientoestudiantil\/wp-content\/uploads\/2025\/10\/Mano-Par.png\u00bb alt=\u00bbMano Par\u00bb title_text=\u00bbMano Par\u00bb _builder_version=\u00bb4.27.4&#8243; _module_preset=\u00bbdefault\u00bb width=\u00bb30%\u00bb width_tablet=\u00bb35%\u00bb width_phone=\u00bb41%\u00bb width_last_edited=\u00bbon|phone\u00bb max_width=\u00bb100%\u00bb module_alignment=\u00bbcenter\u00bb custom_padding=\u00bb0px||||false|false\u00bb global_colors_info=\u00bb{}\u00bb][\/et_pb_image][et_pb_heading title=\u00bbTutor\u00eda  Par\u00bb _builder_version=\u00bb4.27.4&#8243; _module_preset=\u00bbdefault\u00bb title_font=\u00bbLato|900|||||||\u00bb title_text_align=\u00bbcenter\u00bb title_text_color=\u00bb#009BDB\u00bb title_font_size=\u00bb78px\u00bb custom_margin=\u00bb-31px||||false|false\u00bb custom_padding=\u00bb0px||||false|false\u00bb global_colors_info=\u00bb{}\u00bb][\/et_pb_heading][\/et_pb_column][et_pb_column type=\u00bb1_2&#8243; _builder_version=\u00bb4.27.4&#8243; _module_preset=\u00bbdefault\u00bb global_colors_info=\u00bb{}\u00bb][et_pb_text _builder_version=\u00bb4.27.6&#8243; _module_preset=\u00bbdefault\u00bb text_font_size=\u00bb18px\u00bb hover_enabled=\u00bb0&#8243; global_colors_info=\u00bb{}\u00bb sticky_enabled=\u00bb0&#8243;]<\/p>\n<p>La Tutor\u00eda Par, <strong>est\u00e1 dirigida a acompa\u00f1ar procesos de aprendizaje de las, les y los estudiantes que cursan primer y segundo a\u00f1o de nuestra universidad.<\/strong> Esto con el sentido de favorecer su adaptaci\u00f3n al contexto universitario y aumentar espacios para el fortalecimiento de diversas habilidades que les ser\u00e1n \u00fatiles a nivel acad\u00e9mico, socioemocional y cognitivo.<\/p>\n<p>Con este dispositivo se propone\u00a0 incentivar los procesos de autorregulaci\u00f3n del cuerpo estudiantil en funci\u00f3n de la\u00a0 permanencia y progreso acad\u00e9mico en la Educaci\u00f3n Superior.<\/p>\n<p>En este acompa\u00f1amiento, <strong>se favorecen los aprendizajes principalmente con el repaso y comprensi\u00f3n de las asignaturas m\u00e1s complejas,<\/strong> aportando al mismo tiempo estrategias de estudio y\u00a0 acercando a las y los estudiantes a la vida universitaria en contexto sociocultural espec\u00edfico en el que se encuentran inmersos e inmersas gracias a la experiencia de tutoras y tutores en el proceso de transici\u00f3n desde la ense\u00f1anza media a la educaci\u00f3n superior.<\/p>\n<p>[\/et_pb_text][\/et_pb_column][\/et_pb_row][\/et_pb_section][et_pb_section fb_built=\u00bb1&#8243; _builder_version=\u00bb4.27.4&#8243; _module_preset=\u00bbdefault\u00bb background_color=\u00bb#BCE3FA\u00bb custom_margin_tablet=\u00bb\u00bb custom_margin_phone=\u00bb\u00bb custom_margin_last_edited=\u00bbon|desktop\u00bb custom_padding=\u00bb15px|||||\u00bb global_colors_info=\u00bb{}\u00bb][et_pb_row column_structure=\u00bb1_3,1_3,1_3&#8243; _builder_version=\u00bb4.27.4&#8243; _module_preset=\u00bbdefault\u00bb global_colors_info=\u00bb{}\u00bb][et_pb_column type=\u00bb1_3&#8243; _builder_version=\u00bb4.27.4&#8243; _module_preset=\u00bbdefault\u00bb global_colors_info=\u00bb{}\u00bb][et_pb_heading title=\u00bbActividades\u00bb _builder_version=\u00bb4.27.4&#8243; _module_preset=\u00bbdefault\u00bb title_font=\u00bbLato|900|||||||\u00bb title_text_align=\u00bbcenter\u00bb title_text_color=\u00bb#FFFFFF\u00bb title_font_size=\u00bb28px\u00bb background_color=\u00bb#009BDB\u00bb custom_padding=\u00bb2%||||false|false\u00bb border_radii=\u00bbon|15px|15px|15px|15px\u00bb border_width_all=\u00bb2px\u00bb border_color_all=\u00bb#009BDB\u00bb global_colors_info=\u00bb{}\u00bb][\/et_pb_heading][\/et_pb_column][et_pb_column type=\u00bb1_3&#8243; _builder_version=\u00bb4.27.4&#8243; _module_preset=\u00bbdefault\u00bb global_colors_info=\u00bb{}\u00bb][\/et_pb_column][et_pb_column type=\u00bb1_3&#8243; _builder_version=\u00bb4.27.4&#8243; _module_preset=\u00bbdefault\u00bb global_colors_info=\u00bb{}\u00bb][\/et_pb_column][\/et_pb_row][et_pb_row column_structure=\u00bb1_2,1_2&#8243; _builder_version=\u00bb4.27.4&#8243; _module_preset=\u00bbdefault\u00bb global_colors_info=\u00bb{}\u00bb][et_pb_column type=\u00bb1_2&#8243; _builder_version=\u00bb4.27.4&#8243; _module_preset=\u00bbdefault\u00bb global_colors_info=\u00bb{}\u00bb][et_pb_cta title=\u00bbEncuentros formativos para tutores \u00bb button_text=\u00bbClics\u00bb _builder_version=\u00bb4.27.4&#8243; _module_preset=\u00bbdefault\u00bb header_font=\u00bbLato|900|||||||\u00bb header_text_align=\u00bbcenter\u00bb header_text_color=\u00bb#009BDB\u00bb body_font_size=\u00bb0px\u00bb body_line_height=\u00bb1em\u00bb background_color=\u00bb#FFFFFF\u00bb custom_margin=\u00bb0px||||false|false\u00bb custom_margin_tablet=\u00bb-150px||||false|false\u00bb custom_margin_phone=\u00bb-153px||||false|false\u00bb custom_margin_last_edited=\u00bbon|phone\u00bb border_radii=\u00bbon|15px|15px|15px|15px\u00bb global_colors_info=\u00bb{}\u00bb]<\/p>\n<p><img loading=\"lazy\" decoding=\"async\" src=\"https:\/\/upla.cl\/acompanamientoestudiantil\/wp-content\/uploads\/2025\/10\/elige-tema-300x300.png\" width=\"82\" height=\"82\" alt=\"\" class=\"wp-image-7977 alignnone size-medium\" style=\"display: block; margin-left: auto; margin-right: auto;\" \/><\/p>\n<p>[\/et_pb_cta][et_pb_text _builder_version=\u00bb4.27.4&#8243; _module_preset=\u00bbdefault\u00bb header_3_line_height=\u00bb1.2em\u00bb global_colors_info=\u00bb{}\u00bb]<\/p>\n<h3 style=\"text-align: center;\"><span style=\"color: #565656;\">Trabajo de l\u00edneas tem\u00e1ticas para el abordaje de diversos desaf\u00edos en tutor\u00eda.<\/span><\/h3>\n<p>[\/et_pb_text][\/et_pb_column][et_pb_column type=\u00bb1_2&#8243; _builder_version=\u00bb4.27.4&#8243; _module_preset=\u00bbdefault\u00bb global_colors_info=\u00bb{}\u00bb][et_pb_cta title=\u00bbEncuentros entre estudiantes y tutores\u00bb button_text=\u00bbClics\u00bb _builder_version=\u00bb4.27.4&#8243; _module_preset=\u00bbdefault\u00bb header_font=\u00bbLato|900|||||||\u00bb header_text_align=\u00bbcenter\u00bb header_text_color=\u00bb#009BDB\u00bb body_font_size=\u00bb0px\u00bb body_line_height=\u00bb1em\u00bb background_color=\u00bb#FFFFFF\u00bb custom_margin=\u00bb0px||||false|false\u00bb border_radii=\u00bbon|15px|15px|15px|15px\u00bb global_colors_info=\u00bb{}\u00bb]<\/p>\n<p><img loading=\"lazy\" decoding=\"async\" src=\"https:\/\/upla.cl\/acompanamientoestudiantil\/wp-content\/uploads\/2025\/10\/conexion-300x300.png\" width=\"85\" height=\"85\" alt=\"\" class=\"wp-image-7978 alignnone size-medium\" style=\"display: block; margin-left: auto; margin-right: auto;\" \/><\/p>\n<p>[\/et_pb_cta][et_pb_text _builder_version=\u00bb4.27.4&#8243; _module_preset=\u00bbdefault\u00bb header_3_line_height=\u00bb1.2em\u00bb global_colors_info=\u00bb{}\u00bb]<\/p>\n<h3 style=\"text-align: center;\"><span style=\"color: #565656;\">Instancias de vinculaci\u00f3n en torno a tem\u00e1ticas de trabajo socioemocional, sexualidad, g\u00e9nero, etc.<\/span><\/h3>\n<p>[\/et_pb_text][\/et_pb_column][\/et_pb_row][\/et_pb_section]<\/p>\n","protected":false},"excerpt":{"rendered":"<p>La Tutor\u00eda Par, est\u00e1 dirigida a acompa\u00f1ar procesos de aprendizaje de las, les y los estudiantes que cursan primer y segundo a\u00f1o de nuestra universidad. Esto con el sentido de favorecer su adaptaci\u00f3n al contexto universitario y aumentar espacios para el fortalecimiento de diversas habilidades.<\/p>\n","protected":false},"author":2,"featured_media":6375,"parent":0,"menu_order":0,"comment_status":"closed","ping_status":"closed","template":"","meta":{"_et_pb_use_builder":"on","_et_pb_old_content":"La Tutor\u00eda Par, <strong>est\u00e1 dirigida a acompa\u00f1ar procesos de aprendizaje de las, les y los estudiantes que cursan primer y segundo a\u00f1o de nuestra universidad.<\/strong> Esto con el sentido de favorecer su adaptaci\u00f3n al contexto universitario y aumentar espacios para el fortalecimiento de diversas habilidades que les ser\u00e1n \u00fatiles a nivel acad\u00e9mico, socioemocional y cognitivo. \u00a0Con este dispositivo se propone\u00a0 incentivar los procesos de autorregulaci\u00f3n del cuerpo estudiantil en funci\u00f3n de la\u00a0 permanencia y\u00a0progreso acad\u00e9mico en la Educaci\u00f3n Superior.\r\n\r\n\u00a0\r\n\r\nEn este acompa\u00f1amiento, <strong>se favorecen los aprendizajes principalmente con el repaso y comprensi\u00f3n de las asignaturas m\u00e1s complejas,<\/strong> aportando al mismo tiempo estrategias de estudio y\u00a0 acercando a las y los estudiantes a la vida universitaria en contexto sociocultural espec\u00edfico en el que se encuentran inmersos e inmersas gracias a la experiencia de tutoras y tutores en el proceso de transici\u00f3n desde la ense\u00f1anza media a la educaci\u00f3n superior.\r\n\r\n\u00a0\r\n<h4 style=\"text-align: center;\"><strong>Actividades<\/strong><\/h4>\r\n<img src=\"https:\/\/upla.cl\/acompanamientoestudiantil\/wp-content\/uploads\/2024\/05\/flecha4-1024x80.png\" sizes=\"(max-width: 1024px) 100vw, 1024px\" srcset=\"https:\/\/upla.cl\/acompanamientoestudiantil\/wp-content\/uploads\/2024\/05\/flecha4-1024x80.png 1024w, https:\/\/upla.cl\/acompanamientoestudiantil\/wp-content\/uploads\/2024\/05\/flecha4-300x23.png 300w, https:\/\/upla.cl\/acompanamientoestudiantil\/wp-content\/uploads\/2024\/05\/flecha4-768x60.png 768w, https:\/\/upla.cl\/acompanamientoestudiantil\/wp-content\/uploads\/2024\/05\/flecha4-700x54.png 700w, https:\/\/upla.cl\/acompanamientoestudiantil\/wp-content\/uploads\/2024\/05\/flecha4.png 1080w\" alt=\"\" width=\"1024\" height=\"80\" \/>\r\n<h4 style=\"text-align: center;\"><strong>Encuentros formativos<\/strong><\/h4>\r\n<h4 style=\"text-align: center;\"><strong>para tutores<\/strong><\/h4>\r\n<p style=\"text-align: center;\">Trabajo de l\u00edneas tem\u00e1ticas para el abordaje de diversos desaf\u00edos en tutor\u00eda<\/p>\r\n<img src=\"https:\/\/upla.cl\/acompanamientoestudiantil\/wp-content\/uploads\/2024\/05\/flecha4-1024x80.png\" sizes=\"(max-width: 1024px) 100vw, 1024px\" srcset=\"https:\/\/upla.cl\/acompanamientoestudiantil\/wp-content\/uploads\/2024\/05\/flecha4-1024x80.png 1024w, https:\/\/upla.cl\/acompanamientoestudiantil\/wp-content\/uploads\/2024\/05\/flecha4-300x23.png 300w, https:\/\/upla.cl\/acompanamientoestudiantil\/wp-content\/uploads\/2024\/05\/flecha4-768x60.png 768w, https:\/\/upla.cl\/acompanamientoestudiantil\/wp-content\/uploads\/2024\/05\/flecha4-700x54.png 700w, https:\/\/upla.cl\/acompanamientoestudiantil\/wp-content\/uploads\/2024\/05\/flecha4.png 1080w\" alt=\"\" width=\"1024\" height=\"80\" \/>\r\n<h4 style=\"text-align: center;\"><strong>Encuentro entre<\/strong><\/h4>\r\n<h4 style=\"text-align: center;\"><strong>estudiantes y tutores<\/strong><\/h4>\r\n<p style=\"text-align: center;\">Instancias de vinculaci\u00f3n en torno a tem\u00e1ticas de trabajo socioemocional, sexualidad, g\u00e9nero, etc.<\/p>\r\n\r\n<h4 style=\"text-align: center;\">Profesional a cargo<\/h4>\r\n<figure><img src=\"https:\/\/upla.cl\/acompanamientoestudiantil\/wp-content\/uploads\/2024\/06\/romiaes.png\" alt=\"\" width=\"1080\" height=\"1080\" \/><\/figure>\r\n<h3>ROMINA\r\nHOSTOLAZA CRIADO<\/h3>\r\n<p style=\"text-align: center;\"><strong>Profesora de Historia<\/strong><\/p>\r\n<p style=\"text-align: center;\">Ejecutora de Tutor\u00eda Par<\/p>\r\n\r\n<figure><img src=\"https:\/\/upla.cl\/acompanamientoestudiantil\/wp-content\/uploads\/2024\/05\/correo-orange.png\" alt=\"\" width=\"1080\" height=\"84\" \/><\/figure>\r\n<b>romina.hostolaza@upla.cl<\/b>\r\n\r\n[vc_row css_animation=\"\" row_type=\"row\" use_row_as_full_screen_section=\"no\" type=\"full_width\" angled_section=\"no\" text_align=\"left\" background_image_as_pattern=\"without_pattern\" css=\".vc_custom_1659728595930{padding-bottom: 50px !important;}\" z_index=\"\"][vc_column][qode_advanced_call_to_action font_weight=\"400\" cta_link_anchor=\"yes\" cta_link_target=\"_blank\" icon_pack=\"font_awesome\" icon=\"fa-info\" icon_font_weight=\"400\" cta_text=\"Me quiero inscribir en Tutor\u00eda Par\" cta_link=\"https:\/\/docs.google.com\/forms\/d\/e\/1FAIpQLSfgxZzqROlmnExhdC4dRrrdYwaekrUAEKe2GxlkmzhfG8yi7w\/viewform\" font_size=\"32px\" icon_font_size=\"32px\" icon_left_margin=\"20px\"][\/vc_column][\/vc_row]","_et_gb_content_width":"","footnotes":""},"class_list":["post-3686","page","type-page","status-publish","has-post-thumbnail","hentry"],"_links":{"self":[{"href":"https:\/\/upla.cl\/acompanamientoestudiantil\/wp-json\/wp\/v2\/pages\/3686","targetHints":{"allow":["GET"]}}],"collection":[{"href":"https:\/\/upla.cl\/acompanamientoestudiantil\/wp-json\/wp\/v2\/pages"}],"about":[{"href":"https:\/\/upla.cl\/acompanamientoestudiantil\/wp-json\/wp\/v2\/types\/page"}],"author":[{"embeddable":true,"href":"https:\/\/upla.cl\/acompanamientoestudiantil\/wp-json\/wp\/v2\/users\/2"}],"replies":[{"embeddable":true,"href":"https:\/\/upla.cl\/acompanamientoestudiantil\/wp-json\/wp\/v2\/comments?post=3686"}],"version-history":[{"count":55,"href":"https:\/\/upla.cl\/acompanamientoestudiantil\/wp-json\/wp\/v2\/pages\/3686\/revisions"}],"predecessor-version":[{"id":8359,"href":"https:\/\/upla.cl\/acompanamientoestudiantil\/wp-json\/wp\/v2\/pages\/3686\/revisions\/8359"}],"wp:featuredmedia":[{"embeddable":true,"href":"https:\/\/upla.cl\/acompanamientoestudiantil\/wp-json\/wp\/v2\/media\/6375"}],"wp:attachment":[{"href":"https:\/\/upla.cl\/acompanamientoestudiantil\/wp-json\/wp\/v2\/media?parent=3686"}],"curies":[{"name":"wp","href":"https:\/\/api.w.org\/{rel}","templated":true}]}}