{"id":3700,"date":"2022-08-05T18:40:29","date_gmt":"2022-08-05T22:40:29","guid":{"rendered":"https:\/\/upla.cl\/acompanamientoestudiantil\/?page_id=3700"},"modified":"2026-04-06T15:37:29","modified_gmt":"2026-04-06T19:37:29","slug":"unidad-de-inclusion","status":"publish","type":"page","link":"https:\/\/upla.cl\/acompanamientoestudiantil\/unidad-de-inclusion\/","title":{"rendered":"Inclusi\u00f3n"},"content":{"rendered":"<p>[et_pb_section fb_built=\u00bb1&#8243; _builder_version=\u00bb4.27.4&#8243; _module_preset=\u00bbdefault\u00bb min_height=\u00bb235px\u00bb custom_margin=\u00bb-15px||-15px||false|false\u00bb custom_margin_tablet=\u00bb-15px||-15px||false|false\u00bb custom_margin_phone=\u00bb-15px||-15px||false|false\u00bb custom_margin_last_edited=\u00bbon|desktop\u00bb global_colors_info=\u00bb{}\u00bb custom_margin__hover_enabled=\u00bbon|desktop\u00bb custom_margin__hover=\u00bb-15px||-15px||false|false\u00bb][et_pb_row column_structure=\u00bb1_2,1_2&#8243; _builder_version=\u00bb4.27.4&#8243; _module_preset=\u00bbdefault\u00bb global_colors_info=\u00bb{}\u00bb][et_pb_column type=\u00bb1_2&#8243; _builder_version=\u00bb4.27.4&#8243; _module_preset=\u00bbdefault\u00bb global_colors_info=\u00bb{}\u00bb][et_pb_heading title=\u00bbInclusi\u00f3n\u00bb _builder_version=\u00bb4.27.4&#8243; _module_preset=\u00bbdefault\u00bb title_font=\u00bbLato|900|||||||\u00bb title_text_align=\u00bbcenter\u00bb title_text_color=\u00bb#009BDB\u00bb title_font_size=\u00bb73px\u00bb title_text_align_tablet=\u00bbcenter\u00bb title_text_align_phone=\u00bbleft\u00bb title_text_align_last_edited=\u00bbon|phone\u00bb title_font_size_tablet=\u00bb73px\u00bb title_font_size_phone=\u00bb55px\u00bb title_font_size_last_edited=\u00bbon|phone\u00bb global_colors_info=\u00bb{}\u00bb][\/et_pb_heading][\/et_pb_column][et_pb_column type=\u00bb1_2&#8243; _builder_version=\u00bb4.27.4&#8243; _module_preset=\u00bbdefault\u00bb global_colors_info=\u00bb{}\u00bb][et_pb_text content_tablet=\u00bb<\/p>\n<p style=%22text-align: justify;%22><b>Somos la Unidad de Acompa\u00f1amiento Estudiantil (UAE),<\/b> dependiente de la Vicerrector\u00eda Acad\u00e9mica de la Universidad de Playa Ancha, y promovemos el Derecho al acceso a la Educaci\u00f3n Superior a trav\u00e9s del Programa de Acceso a la Educaci\u00f3n Superior <b>(PACE)<\/b> en 25 establecimientos de Educaci\u00f3n Media entre las regiones de Valpara\u00edso y Coquimbo. Del mismo modo, nos encargamos de fortalecer el tr\u00e1nsito y la adaptaci\u00f3n de nuestros estudiantes mediante acompa\u00f1amientos: <b><i>Psicoeducativo, Tutor\u00eda Par, Mentor\u00edas Acad\u00e9micas y el apoyo del \u00e1rea de Inclusi\u00f3n<\/i><\/b> para estudiantes en situaci\u00f3n de discapacidad. Nuestro prop\u00f3sito es facilitar e influir positivamente en las trayectorias formativas y la titulaci\u00f3n de la Educaci\u00f3n Superior.<\/p>\n<p>\u00bb content_phone=\u00bb<\/p>\n<p style=%22text-align: left;%22><b>Somos la Unidad de Acompa\u00f1amiento Estudiantil (UAE),<\/b> dependiente de la Vicerrector\u00eda Acad\u00e9mica de la Universidad de Playa Ancha, y promovemos el Derecho al acceso a la Educaci\u00f3n Superior a trav\u00e9s del Programa de Acceso a la Educaci\u00f3n Superior <b>(PACE)<\/b> en 25 establecimientos de Educaci\u00f3n Media entre las regiones de Valpara\u00edso y Coquimbo. Del mismo modo, nos encargamos de fortalecer el tr\u00e1nsito y la adaptaci\u00f3n de nuestros estudiantes mediante acompa\u00f1amientos: <b><i>Psicoeducativo, Tutor\u00eda Par, Mentor\u00edas Acad\u00e9micas y el apoyo del \u00e1rea de Inclusi\u00f3n<\/i><\/b> para estudiantes en situaci\u00f3n de discapacidad. Nuestro prop\u00f3sito es facilitar e influir positivamente en las trayectorias formativas y la titulaci\u00f3n de la Educaci\u00f3n Superior.<\/p>\n<p>\u00bb content_last_edited=\u00bbon|phone\u00bb _builder_version=\u00bb4.27.6&#8243; _module_preset=\u00bbdefault\u00bb text_font_size=\u00bb17px\u00bb hover_enabled=\u00bb0&#8243; global_colors_info=\u00bb{}\u00bb sticky_enabled=\u00bb0&#8243;]<\/p>\n<p><span style=\"font-weight: 400;\">El subcomponente de inclusi\u00f3n, en su prop\u00f3sito de promover la adaptaci\u00f3n y prevenci\u00f3n a trav\u00e9s de la diversificaci\u00f3n de los apoyos a estudiantes en situaci\u00f3n de discapacidad y estudiantes que presenten barreras en el aprendizaje y la participaci\u00f3n desde el abordaje de la neurodiversidad (Ley N\u00ba 20.422, que establece normas sobre igualdad de oportunidades e inclusi\u00f3n social de PcD; y Ley N\u00ba 21.545, que establece la promoci\u00f3n de la inclusi\u00f3n y la protecci\u00f3n de los derechos de las personas con trastorno del espectro autista), <strong>acompa\u00f1a de manera multidisciplinaria (Educaci\u00f3n Diferencial, Fonoaudiolog\u00eda, Orientaci\u00f3n Vocacional, etc.) a las, los y les estudiantes.<\/strong>\u00a0<\/span><\/p>\n<p><span style=\"font-weight: 400;\">Asimismo, a trav\u00e9s de la elaboraci\u00f3n de certificados con ajustes razonables, necesarios u orientaciones t\u00e9cnicas y, al mismo tiempo, <strong>favoreciendo la potenciaci\u00f3n de diversas \u00e1reas dependiendo de la visi\u00f3n y necesidades que tenga cada estudiante.<\/strong><\/span><\/p>\n<p>[\/et_pb_text][\/et_pb_column][\/et_pb_row][\/et_pb_section][et_pb_section fb_built=\u00bb1&#8243; _builder_version=\u00bb4.27.4&#8243; _module_preset=\u00bbdefault\u00bb background_color=\u00bb#BCE3FA\u00bb custom_margin_tablet=\u00bb\u00bb custom_margin_phone=\u00bb\u00bb custom_margin_last_edited=\u00bbon|desktop\u00bb custom_padding=\u00bb15px|||||\u00bb global_colors_info=\u00bb{}\u00bb][et_pb_row column_structure=\u00bb1_3,1_3,1_3&#8243; _builder_version=\u00bb4.27.4&#8243; _module_preset=\u00bbdefault\u00bb global_colors_info=\u00bb{}\u00bb][et_pb_column type=\u00bb1_3&#8243; _builder_version=\u00bb4.27.4&#8243; _module_preset=\u00bbdefault\u00bb global_colors_info=\u00bb{}\u00bb][et_pb_heading title=\u00bb\u00c1reas de Trabajo\u00bb _builder_version=\u00bb4.27.4&#8243; _module_preset=\u00bbdefault\u00bb title_font=\u00bbLato|900|||||||\u00bb title_text_align=\u00bbcenter\u00bb title_text_color=\u00bb#FFFFFF\u00bb title_font_size=\u00bb28px\u00bb title_line_height=\u00bb1.3em\u00bb background_color=\u00bb#009BDB\u00bb border_radii=\u00bbon|15px|15px|15px|15px\u00bb border_width_all=\u00bb2px\u00bb border_color_all=\u00bb#009BDB\u00bb global_colors_info=\u00bb{}\u00bb][\/et_pb_heading][\/et_pb_column][et_pb_column type=\u00bb1_3&#8243; _builder_version=\u00bb4.27.4&#8243; _module_preset=\u00bbdefault\u00bb global_colors_info=\u00bb{}\u00bb][\/et_pb_column][et_pb_column type=\u00bb1_3&#8243; _builder_version=\u00bb4.27.4&#8243; _module_preset=\u00bbdefault\u00bb global_colors_info=\u00bb{}\u00bb][\/et_pb_column][\/et_pb_row][et_pb_row column_structure=\u00bb1_4,1_4,1_4,1_4&#8243; _builder_version=\u00bb4.27.4&#8243; _module_preset=\u00bbdefault\u00bb global_colors_info=\u00bb{}\u00bb][et_pb_column type=\u00bb1_4&#8243; _builder_version=\u00bb4.27.4&#8243; _module_preset=\u00bbdefault\u00bb global_colors_info=\u00bb{}\u00bb][et_pb_cta title=\u00bbH\u00e1bitos de Estudios\u00bb button_text=\u00bbClics\u00bb _builder_version=\u00bb4.27.4&#8243; _module_preset=\u00bbdefault\u00bb header_font=\u00bbLato|900|||||||\u00bb header_text_align=\u00bbcenter\u00bb header_text_color=\u00bb#009BDB\u00bb body_font_size=\u00bb0px\u00bb body_line_height=\u00bb1em\u00bb background_color=\u00bb#FFFFFF\u00bb custom_margin=\u00bb0px||||false|false\u00bb custom_margin_tablet=\u00bb-150px||||false|false\u00bb custom_margin_phone=\u00bb-150px||||false|false\u00bb custom_margin_last_edited=\u00bbon|tablet\u00bb border_radii=\u00bbon|15px|15px|15px|15px\u00bb global_colors_info=\u00bb{}\u00bb]<\/p>\n<p>&nbsp;<\/p>\n<p><img loading=\"lazy\" decoding=\"async\" src=\"https:\/\/upla.cl\/acompanamientoestudiantil\/wp-content\/uploads\/2025\/10\/habitos-de-estudios-300x300.png\" width=\"80\" height=\"80\" alt=\"habitos de estudios.png\" class=\"wp-image-7947 alignnone size-medium\" \/><\/p>\n<p>[\/et_pb_cta][et_pb_cta title=\u00bbPsicoeducaci\u00f3n frente al Diagn\u00f3stico\u00bb button_text=\u00bbClics\u00bb _builder_version=\u00bb4.27.4&#8243; _module_preset=\u00bbdefault\u00bb header_font=\u00bbLato|900|||||||\u00bb header_text_align=\u00bbcenter\u00bb header_text_color=\u00bb#009BDB\u00bb body_font_size=\u00bb0px\u00bb body_line_height=\u00bb1em\u00bb background_color=\u00bb#FFFFFF\u00bb custom_margin=\u00bb0px||||false|false\u00bb border_radii=\u00bbon|15px|15px|15px|15px\u00bb global_colors_info=\u00bb{}\u00bb]<\/p>\n<p><img loading=\"lazy\" decoding=\"async\" src=\"https:\/\/upla.cl\/acompanamientoestudiantil\/wp-content\/uploads\/2025\/10\/psicoeducacion-300x300.png\" width=\"78\" height=\"78\" alt=\"psicoeducacion\" class=\"wp-image-8027 alignnone size-medium\" \/><\/p>\n<p>[\/et_pb_cta][\/et_pb_column][et_pb_column type=\u00bb1_4&#8243; _builder_version=\u00bb4.27.4&#8243; _module_preset=\u00bbdefault\u00bb global_colors_info=\u00bb{}\u00bb][et_pb_cta title=\u00bbEstrategias de Aprendizaje\u00bb button_text=\u00bbClics\u00bb _builder_version=\u00bb4.27.4&#8243; _module_preset=\u00bbdefault\u00bb header_font=\u00bbLato|900|||||||\u00bb header_text_align=\u00bbcenter\u00bb header_text_color=\u00bb#009BDB\u00bb header_font_size=\u00bb21px\u00bb body_font_size=\u00bb0px\u00bb body_line_height=\u00bb1em\u00bb background_color=\u00bb#FFFFFF\u00bb custom_margin=\u00bb0px||||false|false\u00bb custom_margin_tablet=\u00bb-150px||||false|false\u00bb custom_margin_phone=\u00bb0px||||false|false\u00bb custom_margin_last_edited=\u00bbon|desktop\u00bb border_radii=\u00bbon|15px|15px|15px|15px\u00bb global_colors_info=\u00bb{}\u00bb custom_margin__hover_enabled=\u00bbon|desktop\u00bb custom_margin__hover=\u00bb0px||||false|false\u00bb]<\/p>\n<p><img loading=\"lazy\" decoding=\"async\" src=\"https:\/\/upla.cl\/acompanamientoestudiantil\/wp-content\/uploads\/2025\/10\/resolucion-de-problemas-300x300.png\" width=\"77\" height=\"77\" alt=\"estrategia\" class=\"wp-image-7948 alignnone size-medium\" \/><\/p>\n<p>[\/et_pb_cta][et_pb_cta title=\u00bbAyudas T\u00e9cnicas SENADIS\u00bb button_text=\u00bbClics\u00bb _builder_version=\u00bb4.27.4&#8243; _module_preset=\u00bbdefault\u00bb header_font=\u00bbLato|900|||||||\u00bb header_text_align=\u00bbcenter\u00bb header_text_color=\u00bb#009BDB\u00bb body_font_size=\u00bb0px\u00bb body_line_height=\u00bb1em\u00bb background_color=\u00bb#FFFFFF\u00bb custom_margin=\u00bb0px||||false|false\u00bb border_radii=\u00bbon|15px|15px|15px|15px\u00bb global_colors_info=\u00bb{}\u00bb]<\/p>\n<p><img loading=\"lazy\" decoding=\"async\" src=\"https:\/\/upla.cl\/acompanamientoestudiantil\/wp-content\/uploads\/2025\/10\/logo-senadis-300x271.png\" width=\"87\" height=\"79\" alt=\"logo senadis\" class=\"wp-image-8024 alignnone size-medium\" \/><\/p>\n<p>[\/et_pb_cta][\/et_pb_column][et_pb_column type=\u00bb1_4&#8243; _builder_version=\u00bb4.27.4&#8243; _module_preset=\u00bbdefault\u00bb global_colors_info=\u00bb{}\u00bb][et_pb_cta title=\u00bbHabilidades Interpersonales\u00bb button_text=\u00bbClics\u00bb _builder_version=\u00bb4.27.4&#8243; _module_preset=\u00bbdefault\u00bb header_font=\u00bbLato|900|||||||\u00bb header_text_align=\u00bbcenter\u00bb header_text_color=\u00bb#009BDB\u00bb header_font_size=\u00bb21px\u00bb body_font_size=\u00bb0px\u00bb body_line_height=\u00bb1em\u00bb background_color=\u00bb#FFFFFF\u00bb custom_margin=\u00bb0px||||false|false\u00bb border_radii=\u00bbon|15px|15px|15px|15px\u00bb global_colors_info=\u00bb{}\u00bb]<\/p>\n<p><img loading=\"lazy\" decoding=\"async\" src=\"https:\/\/upla.cl\/acompanamientoestudiantil\/wp-content\/uploads\/2025\/10\/interpersonal-300x300.png\" width=\"76\" height=\"76\" alt=\"interpersonal\" class=\"wp-image-8022 alignnone size-medium\" \/><\/p>\n<p>[\/et_pb_cta][et_pb_cta title=\u00bbObtenci\u00f3n de Credencial de Discapacidad\u00bb button_text=\u00bbClics\u00bb _builder_version=\u00bb4.27.6&#8243; _module_preset=\u00bbdefault\u00bb header_font=\u00bbLato|900|||||||\u00bb header_text_align=\u00bbcenter\u00bb header_text_color=\u00bb#009BDB\u00bb body_font_size=\u00bb0px\u00bb body_line_height=\u00bb1em\u00bb background_color=\u00bb#FFFFFF\u00bb custom_margin=\u00bb0px||||false|false\u00bb border_radii=\u00bbon|15px|15px|15px|15px\u00bb global_colors_info=\u00bb{}\u00bb]<\/p>\n<p><img loading=\"lazy\" decoding=\"async\" src=\"https:\/\/upla.cl\/acompanamientoestudiantil\/wp-content\/uploads\/2025\/10\/credencial-300x300.png\" width=\"79\" height=\"79\" alt=\"credencial\" class=\"wp-image-8023 alignnone size-medium\" \/><\/p>\n<p>[\/et_pb_cta][\/et_pb_column][et_pb_column type=\u00bb1_4&#8243; _builder_version=\u00bb4.27.4&#8243; _module_preset=\u00bbdefault\u00bb global_colors_info=\u00bb{}\u00bb][et_pb_cta title=\u00bbGesti\u00f3n Institucional\u00bb button_text=\u00bbClics\u00bb _builder_version=\u00bb4.27.4&#8243; _module_preset=\u00bbdefault\u00bb header_font=\u00bbLato|900|||||||\u00bb header_text_align=\u00bbcenter\u00bb header_text_color=\u00bb#009BDB\u00bb body_font_size=\u00bb0px\u00bb body_line_height=\u00bb1em\u00bb background_color=\u00bb#FFFFFF\u00bb custom_margin=\u00bb0px||||false|false\u00bb border_radii=\u00bbon|15px|15px|15px|15px\u00bb global_colors_info=\u00bb{}\u00bb]<\/p>\n<p><img loading=\"lazy\" decoding=\"async\" src=\"https:\/\/upla.cl\/acompanamientoestudiantil\/wp-content\/uploads\/2025\/10\/organizacion-300x300.png\" width=\"82\" height=\"82\" alt=\"gesti\u00f3n institucional\" class=\"wp-image-7952 alignnone size-medium\" \/><\/p>\n<p>[\/et_pb_cta][\/et_pb_column][\/et_pb_row][\/et_pb_section]<\/p>\n","protected":false},"excerpt":{"rendered":"<p>El subcomponente de inclusi\u00f3n, en su prop\u00f3sito de promover la adaptaci\u00f3n y prevenci\u00f3n a trav\u00e9s de la diversificaci\u00f3n de los apoyos a estudiantes en situaci\u00f3n de discapacidad y estudiantes que presenten barreras en el aprendizaje y la participaci\u00f3n desde el abordaje de la neurodiversidad.<\/p>\n","protected":false},"author":2,"featured_media":6399,"parent":0,"menu_order":0,"comment_status":"closed","ping_status":"closed","template":"","meta":{"_et_pb_use_builder":"on","_et_pb_old_content":"<p>En su prop\u00f3sito de promover la adaptaci\u00f3n y prevenci\u00f3n a trav\u00e9s de la diversificaci\u00f3n de los apoyos a estudiantes en situaci\u00f3n de discapacidad y estudiantes que presenten barreras en el aprendizaje y la participaci\u00f3n desde el abordaje de la neurodiversidad (ley 20.422, que establece normas sobre igualdad de oportunidades e inclusi\u00f3n social de PcD; y ley 21.545, que establece la promoci\u00f3n de la inclusi\u00f3n y la protecci\u00f3n de los derechos de las personas con trastorno del espectro autista), acompa\u00f1ando de manera multidisciplinaria (Educaci\u00f3n Diferencial, Fonoaudiolog\u00eda, Orientaci\u00f3n Vocacional, etc.) a las y los estudiantes. Asimismo, a trav\u00e9s de la elaboraci\u00f3n de certificados con ajustes razonables, necesarios u orientaciones t\u00e9cnicas y, al mismo tiempo, favoreciendo la potenciaci\u00f3n de diversas \u00e1reas dependiendo de la visi\u00f3n y necesidades que tenga cada estudiante.<\/p><p><br><\/p><p><br><\/p>\t\t\r\n\t\t\t\t\t<h2>\u00c1reas de trabajo<\/h2>\t\t\t\t\r\n\t\t<p style=\"text-align: center;\"><strong>H\u00e1bitos de Estudio<\/strong><\/p><p style=\"text-align: center;\"><strong>Estrategias de aprendizaje<\/strong><\/p><p style=\"text-align: center;\"><strong>Habilidades interpersonales<\/strong><\/p><p style=\"text-align: center;\"><strong>Gesti\u00f3n institucional<\/strong><\/p><p style=\"text-align: center;\"><strong>Psicoeducaci\u00f3n frente al diagn\u00f3stico<\/strong><\/p><p style=\"text-align: center;\"><strong>Ayudas T\u00e9cnicas SENADIS<\/strong><\/p><p style=\"text-align: center;\"><strong>Obtenci\u00f3n de Credencial de discapacidad<\/strong><\/p>\t\t\r\n\t\t<h4 style=\"text-align: center;\">Profesionales a cargo<\/h4>\t\t\r\n\t\t\t\t\t<figure><img width=\"1080\" height=\"1080\" src=\"https:\/\/upla.cl\/acompanamientoestudiantil\/wp-content\/uploads\/2024\/05\/aes_Mesa-de-trabajo-1-copia-19.png\" alt=\"\" \/><\/figure><h3>Yanara<br>S\u00e1ez Quezada<\/h3>\t\t\t\t\r\n\t\t<p style=\"text-align: center;\"><strong>Profesora en<\/strong><\/p><p style=\"text-align: center;\"><strong>Educaci\u00f3n Diferencial<\/strong><\/p><p style=\"text-align: center;\">Ejecutora del \u00e1rea de Inclusi\u00f3n<\/p>\t\t\r\n\t\t\t\t\t<figure><img width=\"1080\" height=\"84\" src=\"https:\/\/upla.cl\/acompanamientoestudiantil\/wp-content\/uploads\/2024\/05\/correo-orange.png\" alt=\"\" \/><\/figure><p><b>yanara.saez@upla.cl<\/b><br><\/p>\t\t\t\t\r\n\t\t\t\t\t<figure><img width=\"1080\" height=\"1080\" src=\"https:\/\/upla.cl\/acompanamientoestudiantil\/wp-content\/uploads\/2024\/05\/aes_Mesa-de-trabajo-1-copia-11.png\" alt=\"\" \/><\/figure><h3>Catalina<br>Campos Soto<\/h3>\t\t\t\t\r\n\t\t<p style=\"text-align: center;\"><strong>Fonoaudi\u00f3loga<\/strong><\/p><p style=\"text-align: center;\">Ejecutora del \u00e1rea de Inclusi\u00f3n<\/p>\t\t\r\n\t\t\t\t\t<figure><img width=\"1080\" height=\"84\" src=\"https:\/\/upla.cl\/acompanamientoestudiantil\/wp-content\/uploads\/2024\/05\/correo-orange.png\" alt=\"\" \/><\/figure><p><b>catalina.campos@upla.cl<\/b><br><\/p>\t\t\t\t\r\n\t\t\t\t\t<figure><img width=\"1080\" height=\"1080\" src=\"https:\/\/upla.cl\/acompanamientoestudiantil\/wp-content\/uploads\/2024\/05\/aes_Mesa-de-trabajo-1-copia-17.png\" alt=\"\" \/><\/figure><h3>Lenka<br>Riquelme Pi\u00f1a <\/h3>\t\t\t\t\r\n\t\t<p style=\"text-align: center;\"><strong>Int\u00e9rprete<\/strong><\/p>\r\n<p style=\"text-align: center;\"><strong>Lengua de Se\u00f1as<\/strong><\/p>\t\t\r\n\t\t\t\t\t<figure><img width=\"1080\" height=\"84\" src=\"https:\/\/upla.cl\/acompanamientoestudiantil\/wp-content\/uploads\/2024\/05\/correo-orange.png\" alt=\"\" \/><\/figure><p><b>lenka.carolina@upla.cl<\/b><br><\/p>","_et_gb_content_width":"","footnotes":""},"class_list":["post-3700","page","type-page","status-publish","has-post-thumbnail","hentry"],"_links":{"self":[{"href":"https:\/\/upla.cl\/acompanamientoestudiantil\/wp-json\/wp\/v2\/pages\/3700","targetHints":{"allow":["GET"]}}],"collection":[{"href":"https:\/\/upla.cl\/acompanamientoestudiantil\/wp-json\/wp\/v2\/pages"}],"about":[{"href":"https:\/\/upla.cl\/acompanamientoestudiantil\/wp-json\/wp\/v2\/types\/page"}],"author":[{"embeddable":true,"href":"https:\/\/upla.cl\/acompanamientoestudiantil\/wp-json\/wp\/v2\/users\/2"}],"replies":[{"embeddable":true,"href":"https:\/\/upla.cl\/acompanamientoestudiantil\/wp-json\/wp\/v2\/comments?post=3700"}],"version-history":[{"count":51,"href":"https:\/\/upla.cl\/acompanamientoestudiantil\/wp-json\/wp\/v2\/pages\/3700\/revisions"}],"predecessor-version":[{"id":8366,"href":"https:\/\/upla.cl\/acompanamientoestudiantil\/wp-json\/wp\/v2\/pages\/3700\/revisions\/8366"}],"wp:featuredmedia":[{"embeddable":true,"href":"https:\/\/upla.cl\/acompanamientoestudiantil\/wp-json\/wp\/v2\/media\/6399"}],"wp:attachment":[{"href":"https:\/\/upla.cl\/acompanamientoestudiantil\/wp-json\/wp\/v2\/media?parent=3700"}],"curies":[{"name":"wp","href":"https:\/\/api.w.org\/{rel}","templated":true}]}}