{"id":26,"date":"2021-09-19T20:20:48","date_gmt":"2021-09-19T23:20:48","guid":{"rendered":"https:\/\/upla.cl\/artesintegradas\/?page_id=26"},"modified":"2021-09-27T11:50:14","modified_gmt":"2021-09-27T14:50:14","slug":"carrera-de-diseno","status":"publish","type":"page","link":"https:\/\/upla.cl\/artesintegradas\/carreras\/carrera-de-diseno\/","title":{"rendered":"Carrera de Dise\u00f1o"},"content":{"rendered":"<p>[et_pb_section fb_built=\u00bb1&#8243; _builder_version=\u00bb4.2.2&#8243; custom_margin=\u00bb0px|0px|0px|0px|false|false\u00bb custom_padding=\u00bb0px|0px|0px|0px|false|false\u00bb hover_enabled=\u00bb0&#8243; global_colors_info=\u00bb{}\u00bb sticky_enabled=\u00bb0&#8243;][et_pb_row _builder_version=\u00bb4.2.2&#8243; custom_padding=\u00bb0px||0px|||\u00bb global_colors_info=\u00bb{}\u00bb column_structure=\u00bb1_2,1_2&#8243;][et_pb_column type=\u00bb1_2&#8243; _builder_version=\u00bb4.2.2&#8243; global_colors_info=\u00bb{}\u00bb][et_pb_text _builder_version=\u00bb4.2.2&#8243; text_font=\u00bb|300|||||||\u00bb text_font_size=\u00bb50px\u00bb text_orientation=\u00bbcenter\u00bb global_colors_info=\u00bb{}\u00bb custom_padding=\u00bb56px||20px|||\u00bb]<\/p>\n<p>Profesores\u00a0<\/p>\n<p>[\/et_pb_text][et_pb_text _builder_version=\u00bb4.2.2&#8243; custom_margin=\u00bb21px||2px||false|false\u00bb custom_padding=\u00bb||28px||false|false\u00bb border_style_all=\u00bbnone\u00bb border_width_bottom=\u00bb2px\u00bb border_color_bottom=\u00bb#cccccc\u00bb global_colors_info=\u00bb{}\u00bb]<\/p>\n<p style=\"text-align: center;\">El profesional formado en la Universidad de Playa Ancha demuestra un compromiso \u00e9tico que potencia su formaci\u00f3n profesional en los escenarios de interacci\u00f3n en que participa.<\/p>\n<p>[\/et_pb_text][\/et_pb_column][et_pb_column type=\u00bb1_2&#8243; _builder_version=\u00bb4.2.2&#8243; global_colors_info=\u00bb{}\u00bb][et_pb_image src=\u00bbhttps:\/\/upla.cl\/artesintegradas\/wp-content\/uploads\/2021\/09\/disne2.png\u00bb _builder_version=\u00bb4.2.2&#8243; global_colors_info=\u00bb{}\u00bb][\/et_pb_image][et_pb_button button_url=\u00bbhttps:\/\/disenoupla.cl\/\u00bb url_new_window=\u00bbon\u00bb button_text=\u00bbP\u00e1gina de la carrera\u00bb button_alignment=\u00bbcenter\u00bb _builder_version=\u00bb4.2.2&#8243; custom_button=\u00bbon\u00bb button_text_size=\u00bb15px\u00bb button_text_color=\u00bb#8e8e8e\u00bb global_colors_info=\u00bb{}\u00bb][\/et_pb_button][\/et_pb_column][\/et_pb_row][et_pb_row _builder_version=\u00bb4.10.8&#8243; _module_preset=\u00bbdefault\u00bb][et_pb_column _builder_version=\u00bb4.10.8&#8243; _module_preset=\u00bbdefault\u00bb type=\u00bb4_4&#8243;][et_pb_divider _builder_version=\u00bb4.10.8&#8243; _module_preset=\u00bbdefault\u00bb color=\u00bb#000000&#8243; hover_enabled=\u00bb0&#8243; sticky_enabled=\u00bb0&#8243;][\/et_pb_divider][\/et_pb_column][\/et_pb_row][et_pb_row _builder_version=\u00bb4.2.2&#8243; global_colors_info=\u00bb{}\u00bb][et_pb_column type=\u00bb4_4&#8243; _builder_version=\u00bb4.2.2&#8243; global_colors_info=\u00bb{}\u00bb][et_pb_team_member name=\u00bbGuido Olivares Salinas\u00bb position=\u00bbJefe de Carrera Dise\u00f1o gr\u00e1fico\u00bb image_url=\u00bbhttps:\/\/upla.cl\/artesintegradas\/wp-content\/uploads\/2021\/09\/guido-2-832&#215;1024-1.jpg\u00bb _builder_version=\u00bb4.2.2&#8243; global_colors_info=\u00bb{}\u00bb]<\/p>\n<p>Dise\u00f1ador Industrial con menci\u00f3n en Dise\u00f1o Gr\u00e1fico (Universidad de Chile). Diplomado en Gesti\u00f3n Cultural (PUCV) y Mag\u00edster en Pedagog\u00eda Universitaria (UPLA).\u00a0<\/p>\n<p>Es docente-investigador en la Universidad de Playa Ancha desde 1999. Sus \u00e1reas de inter\u00e9s son la educaci\u00f3n, la identidad, el patrimonio y la creatividad, en las que ha presentado ponencias a congresos en Argentina y Per\u00fa, art\u00edculos y proyectos de creaci\u00f3n e investigaci\u00f3n seleccionados por la Direcci\u00f3n General de Investigaci\u00f3n, Upla.\u00a0<\/p>\n<p>Ejerce profesionalmente como director de arte editorial, ha desarrollado dise\u00f1o para Ediciones Universitarias de Valpara\u00edso, Cuatro Vientos, Editorial Universitaria, Editorial Punt\u00e1ngeles, LW Editorial y Graf\u00eda Ediciones. Se especializa en fotograf\u00eda documental, su trabajo ha sido expuesto en el Centro Cultural La Moneda, Alianza Francesa de Vi\u00f1a del Mar, Sala Punt\u00e1ngeles y Biblioteca de Port Washington, NY.<\/p>\n<p>Ha publicado los libros: \u201cValpara\u00edso reencontrado\u201d, seleccionado por el Fondo del Libro en 2011 y, nuevamente, en su segunda edici\u00f3n ampliada el a\u00f1o 2015; \u201cF\u00e1bulas Chilenas\u201d, seleccionado por el Fondo del Libro 2019, y es coautor del libro \u201cVoces en los cerros de Valpara\u00edso\u201d (2013).\u00a0<\/p>\n<p><strong>Sus espacios en la web: <\/strong><br \/>dg-temas.blogspot.com<br \/>www.playaanchaalavista.cl<br \/>www.soyplayanchino.cl<br \/>www.fabulaschilenas.cl<br \/>www.casatallerrecreo.cl\/signos.htm<br \/>www.flickr.com\/photos\/guido_olivares\/<\/p>\n<p>[\/et_pb_team_member][\/et_pb_column][\/et_pb_row][et_pb_row _builder_version=\u00bb4.2.2&#8243; global_colors_info=\u00bb{}\u00bb][et_pb_column type=\u00bb4_4&#8243; _builder_version=\u00bb4.2.2&#8243; global_colors_info=\u00bb{}\u00bb][et_pb_team_member name=\u00bbCristian Parra Bravo\u00bb position=\u00bbDocente Dise\u00f1o\u00bb image_url=\u00bbhttps:\/\/upla.cl\/artesintegradas\/wp-content\/uploads\/2021\/09\/Captura-de-pantalla-2021-09-19-203532.png\u00bb google_url=\u00bbhttps:\/\/scholar.google.es\/citations?user=aotHsZUAAAAJ&#038;hl=es&#038;authuser=1&#8243; linkedin_url=\u00bbhttps:\/\/www.linkedin.com\/in\/cristian-parra-bravo\/\u00bb _builder_version=\u00bb4.2.2&#8243; link_option_url_new_window=\u00bbon\u00bb global_colors_info=\u00bb{}\u00bb]<\/p>\n<p>Dise\u00f1ador Gr\u00e1fico DuocUC, Licenciado en Comunicaci\u00f3n Social y Mag\u00edster en Comunicaci\u00f3n Estrat\u00e9gica de la Universidad del Pac\u00edfico, Mag\u00edster en Ciencias de la Comunicaci\u00f3n de la Universidad de la Frontera, Diplomado en Marketing Digital de la Universidad Mayor y Diplomado en Bases de la Investigaci\u00f3n Cient\u00edfica de la Universidad de Playa Ancha.<\/p>\n<p>Dise\u00f1ador en la Universidad Cat\u00f3lica de la Sant\u00edsima Concepci\u00f3n, en agencias de publicidad y freelance.<\/p>\n<p>Ha desarrollado su labor docente en el \u00c1rea de Dise\u00f1o y Comunicaci\u00f3n de la Universidad Tecnol\u00f3gica de Chile, INACAP Sede Temuco; Universidad Mayor Sede Temuco, Universidad Aut\u00f3noma de Chile Sede Temuco y en el Departamento de Arte y Dise\u00f1o de la Universidad de Playa Ancha. Sus \u00e1reas de investigaci\u00f3n son los medios videol\u00fadicos, la comunicaci\u00f3n y la semi\u00f3tica. Ha publicado art\u00edculos sobre estas \u00e1reas en revistas especializadas y libros. Consultor comunicacional y publicitario. Socio- director Agencia de comunicaciones \u201cANATEMA, Comunicaciones Limitada\u201d. Asesor\u00eda de imagen. Asesor\u00eda de mensajes publicitarios y Comunicaci\u00f3n Estrat\u00e9gica y fundador y director de MythLand Studio SpA, empresa dedicada al desarrollo, dise\u00f1o, estudio y publicaci\u00f3n de videojuegos y apps m\u00f3viles.<\/p>\n<p>[\/et_pb_team_member][\/et_pb_column][\/et_pb_row][\/et_pb_section]<\/p>\n","protected":false},"excerpt":{"rendered":"<p>Profesores\u00a0El profesional formado en la Universidad de Playa Ancha demuestra un compromiso \u00e9tico que potencia su formaci\u00f3n profesional en los escenarios de interacci\u00f3n en que participa.Dise\u00f1ador Industrial con menci\u00f3n en Dise\u00f1o Gr\u00e1fico (Universidad de Chile). Diplomado en Gesti\u00f3n Cultural (PUCV) y Mag\u00edster en Pedagog\u00eda Universitaria (UPLA).\u00a0 Es docente-investigador en la Universidad de Playa Ancha desde [&hellip;]<\/p>\n","protected":false},"author":2,"featured_media":0,"parent":17,"menu_order":0,"comment_status":"closed","ping_status":"closed","template":"","meta":{"_et_pb_use_builder":"on","_et_pb_old_content":"","_et_gb_content_width":"","footnotes":""},"class_list":["post-26","page","type-page","status-publish","hentry"],"_links":{"self":[{"href":"https:\/\/upla.cl\/artesintegradas\/wp-json\/wp\/v2\/pages\/26","targetHints":{"allow":["GET"]}}],"collection":[{"href":"https:\/\/upla.cl\/artesintegradas\/wp-json\/wp\/v2\/pages"}],"about":[{"href":"https:\/\/upla.cl\/artesintegradas\/wp-json\/wp\/v2\/types\/page"}],"author":[{"embeddable":true,"href":"https:\/\/upla.cl\/artesintegradas\/wp-json\/wp\/v2\/users\/2"}],"replies":[{"embeddable":true,"href":"https:\/\/upla.cl\/artesintegradas\/wp-json\/wp\/v2\/comments?post=26"}],"version-history":[{"count":9,"href":"https:\/\/upla.cl\/artesintegradas\/wp-json\/wp\/v2\/pages\/26\/revisions"}],"predecessor-version":[{"id":116,"href":"https:\/\/upla.cl\/artesintegradas\/wp-json\/wp\/v2\/pages\/26\/revisions\/116"}],"up":[{"embeddable":true,"href":"https:\/\/upla.cl\/artesintegradas\/wp-json\/wp\/v2\/pages\/17"}],"wp:attachment":[{"href":"https:\/\/upla.cl\/artesintegradas\/wp-json\/wp\/v2\/media?parent=26"}],"curies":[{"name":"wp","href":"https:\/\/api.w.org\/{rel}","templated":true}]}}