{"id":48,"date":"2021-09-19T21:17:31","date_gmt":"2021-09-20T00:17:31","guid":{"rendered":"https:\/\/upla.cl\/artesintegradas\/?page_id=48"},"modified":"2024-01-17T12:03:54","modified_gmt":"2024-01-17T15:03:54","slug":"home","status":"publish","type":"page","link":"https:\/\/upla.cl\/artesintegradas\/","title":{"rendered":"Home"},"content":{"rendered":"<p>[et_pb_section fb_built=\u00bb1&#8243; _builder_version=\u00bb4.16&#8243; custom_margin=\u00bb0px|0px|0px|0px|false|false\u00bb custom_padding=\u00bb0px|0px|0px|0px|false|false\u00bb global_colors_info=\u00bb{}\u00bb][et_pb_row column_structure=\u00bb2_3,1_3&#8243; _builder_version=\u00bb4.16&#8243; custom_margin=\u00bb1px|auto||auto||\u00bb custom_padding=\u00bb0px||0px|||\u00bb global_colors_info=\u00bb{}\u00bb][et_pb_column type=\u00bb2_3&#8243; _builder_version=\u00bb4.16&#8243; global_colors_info=\u00bb{}\u00bb][et_pb_post_slider include_categories=\u00bb10&#8243; use_manual_excerpt=\u00bboff\u00bb excerpt_length=\u00bb100&#8243; show_meta=\u00bboff\u00bb _builder_version=\u00bb4.16&#8243; header_font=\u00bbVerdana|300|||||||\u00bb header_font_size=\u00bb30px\u00bb width=\u00bb100%\u00bb min_height=\u00bb364px\u00bb max_height=\u00bb364px\u00bb custom_margin=\u00bb0px|11px|0px|0px|false|false\u00bb custom_padding=\u00bb50px|0px|50px|0px|false|false\u00bb global_colors_info=\u00bb{}\u00bb][\/et_pb_post_slider][\/et_pb_column][et_pb_column type=\u00bb1_3&#8243; _builder_version=\u00bb4.16&#8243; global_colors_info=\u00bb{}\u00bb][et_pb_post_slider posts_number=\u00bb1&#8243; include_categories=\u00bb9&#8243; show_arrows=\u00bboff\u00bb show_pagination=\u00bboff\u00bb show_more_button=\u00bboff\u00bb use_manual_excerpt=\u00bboff\u00bb excerpt_length=\u00bb0&#8243; show_meta=\u00bboff\u00bb bg_overlay_color=\u00bbrgba(0,0,0,0.5)\u00bb _builder_version=\u00bb4.16&#8243; _module_preset=\u00bbdefault\u00bb text_orientation=\u00bbleft\u00bb min_height=\u00bb100px\u00bb height=\u00bb1000px\u00bb max_height=\u00bb180px\u00bb custom_margin=\u00bb0px|0px|0px|-55px|false|false\u00bb custom_padding=\u00bb0px|0px|0px|0px|false|false\u00bb global_colors_info=\u00bb{}\u00bb][\/et_pb_post_slider][et_pb_post_slider posts_number=\u00bb1&#8243; include_categories=\u00bb9&#8243; show_arrows=\u00bboff\u00bb show_pagination=\u00bboff\u00bb show_more_button=\u00bboff\u00bb use_manual_excerpt=\u00bboff\u00bb excerpt_length=\u00bb0&#8243; show_meta=\u00bboff\u00bb bg_overlay_color=\u00bbrgba(0,0,0,0.5)\u00bb offset_number=\u00bb1&#8243; _builder_version=\u00bb4.16&#8243; _module_preset=\u00bbdefault\u00bb text_orientation=\u00bbleft\u00bb min_height=\u00bb100px\u00bb height=\u00bb1000px\u00bb max_height=\u00bb180px\u00bb custom_margin=\u00bb4px|0px|0px|-55px|false|false\u00bb custom_padding=\u00bb0px|0px|0px|0px|false|false\u00bb global_colors_info=\u00bb{}\u00bb][\/et_pb_post_slider][\/et_pb_column][\/et_pb_row][et_pb_row _builder_version=\u00bb4.23.4&#8243; _module_preset=\u00bbdefault\u00bb custom_padding=\u00bb|150px||150px|false|true\u00bb hover_enabled=\u00bb0&#8243; sticky_enabled=\u00bb0&#8243; title_text=\u00bbfoto-comite-editorial\u00bb background_color=\u00bb#efefef\u00bb parallax=\u00bbon\u00bb background_enable_image=\u00bboff\u00bb custom_margin=\u00bb10px||10px||false|false\u00bb column_structure=\u00bb1_2,1_2&#8243; make_equal=\u00bbon\u00bb][et_pb_column _builder_version=\u00bb4.23.4&#8243; _module_preset=\u00bbdefault\u00bb type=\u00bb1_2&#8243;][et_pb_heading title=\u00bbComit\u00e9 Editorial Departamento de Artes Integradas CONVOCATORIA 2024&#8243; _builder_version=\u00bb4.23.4&#8243; _module_preset=\u00bbdefault\u00bb title_font_size=\u00bb25px\u00bb title_text_align=\u00bbleft\u00bb hover_enabled=\u00bb0&#8243; sticky_enabled=\u00bb0&#8243; custom_margin=\u00bb||9px|||\u00bb title_text_color=\u00bb#8F8F8F\u00bb title_font=\u00bb|800|||||||\u00bb background_color=\u00bbRGBA(255,255,255,0)\u00bb custom_padding=\u00bb5px|5px|5px|5px|true|false\u00bb width=\u00bb81%\u00bb module_alignment=\u00bbcenter\u00bb][\/et_pb_heading][\/et_pb_column][et_pb_column _builder_version=\u00bb4.23.4&#8243; _module_preset=\u00bbdefault\u00bb type=\u00bb1_2&#8243;][et_pb_text _builder_version=\u00bb4.23.4&#8243; _module_preset=\u00bbdefault\u00bb hover_enabled=\u00bb0&#8243; sticky_enabled=\u00bb0&#8243; custom_margin=\u00bb||8px|||\u00bb text_text_color=\u00bb#8F8F8F\u00bb header_text_color=\u00bb#000000&#8243;]<\/p>\n<p style=\"text-align: left;\">El Comit\u00e9 Editorial del Departamento de Artes Integradas de la Universidad de Playa Ancha invita a postular sus trabajos originales para su publicaci\u00f3n, con el fin de incentivar, promover y difundir conocimientos de su comunidad acad\u00e9mica.<\/p>\n<p>[\/et_pb_text][et_pb_button button_text=\u00bbDescargar convocatoria\u00bb _builder_version=\u00bb4.23.4&#8243; _module_preset=\u00bbdefault\u00bb button_alignment=\u00bbcenter\u00bb button_url=\u00bbhttps:\/\/upla.cl\/artesintegradas\/wp-content\/uploads\/2023\/12\/Convocatoria-Comite-Editorial-DAI-2024.pdf\u00bb url_new_window=\u00bbon\u00bb hover_enabled=\u00bb0&#8243; sticky_enabled=\u00bb0&#8243; custom_button=\u00bbon\u00bb button_text_color=\u00bb#6B6B6B\u00bb][\/et_pb_button][\/et_pb_column][\/et_pb_row][et_pb_row column_structure=\u00bb2_5,3_5&#8243; _builder_version=\u00bb4.16&#8243; _module_preset=\u00bbdefault\u00bb background_enable_color=\u00bboff\u00bb custom_margin=\u00bb4px||0px||false|false\u00bb custom_padding=\u00bb0px||0px||false|false\u00bb global_colors_info=\u00bb{}\u00bb][et_pb_column type=\u00bb2_5&#8243; _builder_version=\u00bb4.16&#8243; _module_preset=\u00bbdefault\u00bb global_colors_info=\u00bb{}\u00bb][et_pb_image src=\u00bbhttps:\/\/upla.cl\/artesintegradas\/wp-content\/uploads\/2021\/09\/Recurso-1.png\u00bb title_text=\u00bbRecurso 1&#8243; _builder_version=\u00bb4.16&#8243; _module_preset=\u00bbdefault\u00bb custom_padding=\u00bb55px|||40px|false|false\u00bb global_colors_info=\u00bb{}\u00bb][\/et_pb_image][\/et_pb_column][et_pb_column type=\u00bb3_5&#8243; _builder_version=\u00bb4.16&#8243; _module_preset=\u00bbdefault\u00bb global_colors_info=\u00bb{}\u00bb][et_pb_text _builder_version=\u00bb4.16&#8243; _module_preset=\u00bbdefault\u00bb background_color=\u00bb#f2f2f2&#8243; width=\u00bb100%\u00bb custom_margin=\u00bb0px||0px||false|false\u00bb custom_padding=\u00bb10px|0px|0px||false|false\u00bb global_colors_info=\u00bb{}\u00bb]<\/p>\n<div class=\"et_pb_row et_pb_row_2\">\n<div class=\"et_pb_column et_pb_column_4_4 et_pb_column_3  et_pb_css_mix_blend_mode_passthrough et-last-child\">\n<div class=\"et_pb_module et_pb_text et_pb_text_1  et_pb_text_align_left et_pb_bg_layout_light\">\n<div class=\"et_pb_text_inner\">\n<p>El Departamento de Artes Integradas (DAI) es un espacio de creaci\u00f3n, investigaci\u00f3n, desarrollo, producci\u00f3n y presentaci\u00f3n de proyectos art\u00edsticos en la que convergen m\u00faltiples pr\u00e1cticas y \/o disciplinas art\u00edsticas.<\/p>\n<p>Refiere a la complejidad de las relaciones metodol\u00f3gicas y experimentales propias de la actividad art\u00edstica en los \u00e1mbitos profesionales y acad\u00e9micos, as\u00ed como a los di\u00e1logos interdisciplinarios en creaci\u00f3n e investigaci\u00f3n art\u00edstica.<\/p>\n<\/div>\n<\/div>\n<\/div>\n<\/div>\n<p>[\/et_pb_text][\/et_pb_column][\/et_pb_row][et_pb_row _builder_version=\u00bb4.16&#8243; _module_preset=\u00bbdefault\u00bb global_colors_info=\u00bb{}\u00bb][et_pb_column type=\u00bb4_4&#8243; _builder_version=\u00bb4.16&#8243; _module_preset=\u00bbdefault\u00bb global_colors_info=\u00bb{}\u00bb][et_pb_divider _builder_version=\u00bb4.16&#8243; _module_preset=\u00bbdefault\u00bb custom_padding=\u00bb||0px|||\u00bb global_colors_info=\u00bb{}\u00bb][\/et_pb_divider][\/et_pb_column][\/et_pb_row][et_pb_row column_structure=\u00bb1_4,1_4,1_4,1_4&#8243; use_custom_gutter=\u00bbon\u00bb gutter_width=\u00bb4&#8243; _builder_version=\u00bb4.16&#8243; _module_preset=\u00bbdefault\u00bb max_width=\u00bb709px\u00bb module_alignment=\u00bbcenter\u00bb custom_margin=\u00bb-30px||||false|false\u00bb global_colors_info=\u00bb{}\u00bb][et_pb_column type=\u00bb1_4&#8243; _builder_version=\u00bb4.16&#8243; _module_preset=\u00bbdefault\u00bb global_colors_info=\u00bb{}\u00bb][et_pb_text _builder_version=\u00bb4.16&#8243; _module_preset=\u00bbdefault\u00bb custom_margin=\u00bb2px||||false|false\u00bb global_colors_info=\u00bb{}\u00bb]<\/p>\n<h4 style=\"text-align: left;\">S\u00edguenos en Redes Sociales<\/h4>\n<p>[\/et_pb_text][\/et_pb_column][et_pb_column type=\u00bb1_4&#8243; _builder_version=\u00bb4.16&#8243; _module_preset=\u00bbdefault\u00bb global_colors_info=\u00bb{}\u00bb][et_pb_image src=\u00bbhttps:\/\/upla.cl\/artesintegradas\/wp-content\/uploads\/2021\/12\/logo-insta.png\u00bb title_text=\u00bblogo-insta\u00bb url=\u00bbhttps:\/\/www.instagram.com\/artes_integradas_upla\/\u00bb url_new_window=\u00bbon\u00bb _builder_version=\u00bb4.16&#8243; _module_preset=\u00bbdefault\u00bb width=\u00bb25%\u00bb global_colors_info=\u00bb{}\u00bb][\/et_pb_image][\/et_pb_column][et_pb_column type=\u00bb1_4&#8243; _builder_version=\u00bb4.16&#8243; _module_preset=\u00bbdefault\u00bb global_colors_info=\u00bb{}\u00bb][et_pb_image src=\u00bbhttps:\/\/upla.cl\/artesintegradas\/wp-content\/uploads\/2021\/12\/logo-you.png\u00bb title_text=\u00bblogo-you\u00bb url=\u00bbhttps:\/\/youtube.com\/channel\/UCfOIbXBMEvLVYIakFt9ReDw\u00bb url_new_window=\u00bbon\u00bb align=\u00bbcenter\u00bb _builder_version=\u00bb4.16&#8243; _module_preset=\u00bbdefault\u00bb width=\u00bb25%\u00bb global_colors_info=\u00bb{}\u00bb][\/et_pb_image][\/et_pb_column][et_pb_column type=\u00bb1_4&#8243; _builder_version=\u00bb4.16&#8243; _module_preset=\u00bbdefault\u00bb global_colors_info=\u00bb{}\u00bb][\/et_pb_column][\/et_pb_row][\/et_pb_section][et_pb_section fb_built=\u00bb1&#8243; inner_shadow=\u00bbon\u00bb _builder_version=\u00bb4.16&#8243; _module_preset=\u00bbdefault\u00bb background_color=\u00bb#f2f2f2&#8243; custom_margin=\u00bb0px|0px|0px|0px|false|false\u00bb custom_padding=\u00bb23px|0px|10px|0px|false|false\u00bb global_colors_info=\u00bb{}\u00bb][et_pb_row _builder_version=\u00bb4.16&#8243; _module_preset=\u00bbdefault\u00bb custom_margin=\u00bb0px||0px||false|false\u00bb custom_padding=\u00bb0px||0px||false|false\u00bb global_colors_info=\u00bb{}\u00bb][et_pb_column type=\u00bb4_4&#8243; _builder_version=\u00bb4.16&#8243; _module_preset=\u00bbdefault\u00bb global_colors_info=\u00bb{}\u00bb][et_pb_text _builder_version=\u00bb4.16&#8243; _module_preset=\u00bbdefault\u00bb custom_padding=\u00bb15px||15px||false|false\u00bb global_colors_info=\u00bb{}\u00bb]<\/p>\n<h1 style=\"text-align: center;\">Acad\u00e9micos Departamento de Artes Integradas<\/h1>\n<p>[\/et_pb_text][\/et_pb_column][\/et_pb_row][et_pb_row use_custom_gutter=\u00bbon\u00bb gutter_width=\u00bb1&#8243; make_equal=\u00bbon\u00bb _builder_version=\u00bb4.16&#8243; _module_preset=\u00bbdefault\u00bb width=\u00bb100%\u00bb custom_margin=\u00bb0px||0px||false|false\u00bb custom_padding=\u00bb0px||0px||false|false\u00bb global_colors_info=\u00bb{}\u00bb][et_pb_column type=\u00bb4_4&#8243; _builder_version=\u00bb4.16&#8243; _module_preset=\u00bbdefault\u00bb global_colors_info=\u00bb{}\u00bb][et_pb_portfolio fullwidth=\u00bboff\u00bb posts_number=\u00bb20&#8243; include_categories=\u00bball\u00bb show_title=\u00bboff\u00bb show_categories=\u00bboff\u00bb show_pagination=\u00bboff\u00bb _builder_version=\u00bb4.16&#8243; _module_preset=\u00bbdefault\u00bb link_option_url_new_window=\u00bbon\u00bb global_colors_info=\u00bb{}\u00bb][\/et_pb_portfolio][\/et_pb_column][\/et_pb_row][et_pb_row _builder_version=\u00bb4.16&#8243; _module_preset=\u00bbdefault\u00bb global_colors_info=\u00bb{}\u00bb][et_pb_column type=\u00bb4_4&#8243; _builder_version=\u00bb4.16&#8243; _module_preset=\u00bbdefault\u00bb global_colors_info=\u00bb{}\u00bb][\/et_pb_column][\/et_pb_row][\/et_pb_section]<\/p>\n","protected":false},"excerpt":{"rendered":"<p>El Comit\u00e9 Editorial del Departamento de Artes Integradas de la Universidad de Playa Ancha invita a postular sus trabajos originales para su publicaci\u00f3n, con el fin de incentivar, promover y difundir conocimientos de su comunidad acad\u00e9mica. El Departamento de Artes Integradas (DAI) es un espacio de creaci\u00f3n, investigaci\u00f3n, desarrollo, producci\u00f3n y presentaci\u00f3n de proyectos art\u00edsticos [&hellip;]<\/p>\n","protected":false},"author":2,"featured_media":0,"parent":0,"menu_order":0,"comment_status":"closed","ping_status":"closed","template":"","meta":{"_et_pb_use_builder":"on","_et_pb_old_content":"","_et_gb_content_width":"","footnotes":""},"class_list":["post-48","page","type-page","status-publish","hentry"],"_links":{"self":[{"href":"https:\/\/upla.cl\/artesintegradas\/wp-json\/wp\/v2\/pages\/48","targetHints":{"allow":["GET"]}}],"collection":[{"href":"https:\/\/upla.cl\/artesintegradas\/wp-json\/wp\/v2\/pages"}],"about":[{"href":"https:\/\/upla.cl\/artesintegradas\/wp-json\/wp\/v2\/types\/page"}],"author":[{"embeddable":true,"href":"https:\/\/upla.cl\/artesintegradas\/wp-json\/wp\/v2\/users\/2"}],"replies":[{"embeddable":true,"href":"https:\/\/upla.cl\/artesintegradas\/wp-json\/wp\/v2\/comments?post=48"}],"version-history":[{"count":31,"href":"https:\/\/upla.cl\/artesintegradas\/wp-json\/wp\/v2\/pages\/48\/revisions"}],"predecessor-version":[{"id":828,"href":"https:\/\/upla.cl\/artesintegradas\/wp-json\/wp\/v2\/pages\/48\/revisions\/828"}],"wp:attachment":[{"href":"https:\/\/upla.cl\/artesintegradas\/wp-json\/wp\/v2\/media?parent=48"}],"curies":[{"name":"wp","href":"https:\/\/api.w.org\/{rel}","templated":true}]}}