{"id":770,"date":"2023-10-26T21:27:34","date_gmt":"2023-10-27T00:27:34","guid":{"rendered":"https:\/\/upla.cl\/canalemocional\/?page_id=770"},"modified":"2025-03-27T15:40:58","modified_gmt":"2025-03-27T18:40:58","slug":"dialogos","status":"publish","type":"page","link":"https:\/\/upla.cl\/canalemocional\/dialogos\/","title":{"rendered":"Di\u00e1logos"},"content":{"rendered":"<p>[et_pb_section fb_built=\u00bb1&#8243; _builder_version=\u00bb4.21.0&#8243; _module_preset=\u00bbdefault\u00bb background_image=\u00bbhttps:\/\/upla.cl\/canalemocional\/wp-content\/uploads\/2023\/07\/fondo_oscuro.png\u00bb background_blend=\u00bbmultiply\u00bb custom_margin=\u00bb||||false|false\u00bb custom_padding=\u00bb62px||||false|false\u00bb filter_hue_rotate=\u00bb359deg\u00bb filter_saturate=\u00bb144%\u00bb global_colors_info=\u00bb{}\u00bb][et_pb_row _builder_version=\u00bb4.21.0&#8243; _module_preset=\u00bbdefault\u00bb custom_margin=\u00bb0px||||false|false\u00bb custom_padding=\u00bb6px||6px||false|false\u00bb border_color_left=\u00bbRGBA(255,255,255,0)\u00bb global_colors_info=\u00bb{}\u00bb][et_pb_column type=\u00bb4_4&#8243; _builder_version=\u00bb4.21.0&#8243; _module_preset=\u00bbdefault\u00bb border_color_left=\u00bbRGBA(255,255,255,0)\u00bb global_colors_info=\u00bb{}\u00bb][et_pb_text disabled_on=\u00bboff|off|off\u00bb _builder_version=\u00bb4.22.2&#8243; _module_preset=\u00bbdefault\u00bb text_font=\u00bb|600|||||||\u00bb text_text_color=\u00bb#FFFFFF\u00bb text_font_size=\u00bb250%\u00bb text_line_height=\u00bb1.2em\u00bb background_layout=\u00bbdark\u00bb min_height=\u00bb224px\u00bb custom_margin=\u00bb1px||-5px||false|false\u00bb custom_padding=\u00bb|||16px|false|false\u00bb border_width_left=\u00bb2px\u00bb border_color_left=\u00bb#FFFFFF\u00bb global_colors_info=\u00bb{}\u00bb]<\/p>\n<p>Di\u00e1logos\u00a0 \/<\/p>\n<p>[\/et_pb_text][\/et_pb_column][\/et_pb_row][\/et_pb_section][et_pb_section fb_built=\u00bb1&#8243; _builder_version=\u00bb4.21.0&#8243; _module_preset=\u00bbdefault\u00bb global_colors_info=\u00bb{}\u00bb][et_pb_row _builder_version=\u00bb4.21.0&#8243; _module_preset=\u00bbdefault\u00bb global_colors_info=\u00bb{}\u00bb][et_pb_column type=\u00bb4_4&#8243; _builder_version=\u00bb4.21.0&#8243; _module_preset=\u00bbdefault\u00bb global_colors_info=\u00bb{}\u00bb][et_pb_text _builder_version=\u00bb4.22.2&#8243; _module_preset=\u00bbdefault\u00bb text_text_color=\u00bb#575756&#8243; header_2_text_color=\u00bb#575756&#8243; header_2_font_size=\u00bb24px\u00bb header_2_line_height=\u00bb1.3em\u00bb global_colors_info=\u00bb{}\u00bb]<\/p>\n<h2 style=\"text-align: center;\"><span style=\"font-weight: 400;\">Los siguientes podcast corresponden a entrevistas con diferentes acad\u00e9micos y profesionales vinculados a la educaci\u00f3n emocional.<\/span><\/h2>\n<p>[\/et_pb_text][\/et_pb_column][\/et_pb_row][\/et_pb_section][et_pb_section fb_built=\u00bb1&#8243; _builder_version=\u00bb4.22.2&#8243; _module_preset=\u00bbdefault\u00bb custom_padding=\u00bb||50px|||\u00bb global_colors_info=\u00bb{}\u00bb][et_pb_row _builder_version=\u00bb4.22.2&#8243; _module_preset=\u00bbdefault\u00bb custom_padding=\u00bb65px||0px|||\u00bb border_color_bottom=\u00bb#af4e57&#8243; border_width_left=\u00bb2px\u00bb border_color_left=\u00bb#af4e57&#8243; global_colors_info=\u00bb{}\u00bb][et_pb_column type=\u00bb4_4&#8243; _builder_version=\u00bb4.21.0&#8243; _module_preset=\u00bbdefault\u00bb global_colors_info=\u00bb{}\u00bb][et_pb_text _builder_version=\u00bb4.22.2&#8243; _module_preset=\u00bbdefault\u00bb text_font=\u00bb|600|||||||\u00bb text_text_color=\u00bbRGBA(255,255,255,0)\u00bb header_2_text_align=\u00bbleft\u00bb header_2_text_color=\u00bb#af4e57&#8243; header_3_text_color=\u00bb#af4e57&#8243; custom_padding=\u00bb|||20px|false|false\u00bb global_colors_info=\u00bb{}\u00bb]<\/p>\n<h2><strong>Todos los Di\u00e1logos<\/strong> \/ y entrevistas<\/h2>\n<p>[\/et_pb_text][\/et_pb_column][\/et_pb_row][et_pb_row column_structure=\u00bb1_4,3_4&#8243; _builder_version=\u00bb4.22.2&#8243; _module_preset=\u00bbdefault\u00bb custom_padding=\u00bb0px|||||\u00bb border_width_all=\u00bb2px\u00bb border_color_all=\u00bbRGBA(255,255,255,0)\u00bb border_width_bottom=\u00bb2px\u00bb border_color_bottom=\u00bb#af4e57&#8243; border_width_left=\u00bb2px\u00bb border_color_left=\u00bb#af4e57&#8243; global_colors_info=\u00bb{}\u00bb][et_pb_column type=\u00bb1_4&#8243; _builder_version=\u00bb4.21.0&#8243; _module_preset=\u00bbdefault\u00bb global_colors_info=\u00bb{}\u00bb][\/et_pb_column][et_pb_column type=\u00bb3_4&#8243; _builder_version=\u00bb4.22.2&#8243; _module_preset=\u00bbdefault\u00bb global_colors_info=\u00bb{}\u00bb][et_pb_audio audio=\u00bbhttps:\/\/upla.cl\/canalemocional\/wp-content\/uploads\/2023\/10\/20231030_bisquerra.mp3&#8243; title=\u00bbRafael Bisquerra Alzina\u00bb album_name=\u00bbDoctor en Ciencias de la Educaci\u00f3n, catedr\u00e1tico de la Universidad de Barcelona, Espa\u00f1a, experto en educaci\u00f3n emocional, realizada en mayo de 2023&#8243; _builder_version=\u00bb4.22.2&#8243; _module_preset=\u00bbdefault\u00bb title_level=\u00bbh4&#8243; title_font=\u00bb|700|||||||\u00bb title_text_color=\u00bb#f09978&#8243; title_font_size=\u00bb16px\u00bb caption_text_color=\u00bb#575756&#8243; caption_font_size=\u00bb16px\u00bb background_color=\u00bbRGBA(255,255,255,0)\u00bb text_orientation=\u00bbleft\u00bb background_layout=\u00bblight\u00bb custom_padding=\u00bb30px|26px||13px||\u00bb border_width_bottom=\u00bb1px\u00bb border_color_bottom=\u00bb#af4e57&#8243; global_colors_info=\u00bb{}\u00bb][\/et_pb_audio][et_pb_audio audio=\u00bbhttps:\/\/upla.cl\/canalemocional\/wp-content\/uploads\/2023\/10\/202305_marlenefigueroav.mp3&#8243; title=\u00bbMarlene Figueroa Varela\u00bb album_name=\u00bbDoctora en Psicolog\u00eda, Profesora de la Facultad de Ciencias Sociales de la U. de Playa Ancha, doctora en psicolog\u00eda, realizada en junio de 2023.\u00bb admin_label=\u00bbAudio Marlene Figueroa Varela\u00bb _builder_version=\u00bb4.22.2&#8243; _module_preset=\u00bbdefault\u00bb title_level=\u00bbh4&#8243; title_font=\u00bb|600|||||||\u00bb title_text_color=\u00bb#f09978&#8243; title_font_size=\u00bb16px\u00bb caption_text_color=\u00bb#575756&#8243; caption_font_size=\u00bb16px\u00bb background_color=\u00bbRGBA(255,255,255,0)\u00bb text_orientation=\u00bbleft\u00bb background_layout=\u00bblight\u00bb custom_padding=\u00bb|26px||12px||\u00bb border_width_bottom=\u00bb1px\u00bb border_color_bottom=\u00bb#af4e57&#8243; global_colors_info=\u00bb{}\u00bb][\/et_pb_audio][et_pb_audio audio=\u00bbhttps:\/\/upla.cl\/canalemocional\/wp-content\/uploads\/2023\/10\/202203_jmiguelmestre.mp3&#8243; title=\u00bbJos\u00e9 Miguel Mestre Navas\u00bb album_name=\u00bbDoctor en Psicolog\u00eda, profesor titular de la Universidad de C\u00e1diz, Espa\u00f1a, experto en Inteligencia emocional, realizado en marzo de 2022.\u00bb _builder_version=\u00bb4.22.2&#8243; _module_preset=\u00bbdefault\u00bb title_level=\u00bbh4&#8243; title_font=\u00bb|700|||||||\u00bb title_text_color=\u00bb#f09978&#8243; title_font_size=\u00bb16px\u00bb caption_text_color=\u00bb#575756&#8243; caption_font_size=\u00bb16px\u00bb background_color=\u00bbRGBA(255,255,255,0)\u00bb text_orientation=\u00bbleft\u00bb background_layout=\u00bblight\u00bb custom_padding=\u00bb30px|26px||13px||\u00bb border_width_bottom=\u00bb1px\u00bb border_color_bottom=\u00bb#af4e57&#8243; global_colors_info=\u00bb{}\u00bb][\/et_pb_audio][et_pb_audio audio=\u00bbhttps:\/\/upla.cl\/canalemocional\/wp-content\/uploads\/2023\/10\/202305_ximenabutron.mp3&#8243; title=\u00bbXimena Butr\u00f3n Loza\u00bb album_name=\u00bbProfesora de Educaci\u00f3n Diferencial, con formaci\u00f3n en pedagog\u00eda Waldorf, instructora de yoga Integral y kundalini tantra yoga, realizada en mayo de 2023.\u00bb _builder_version=\u00bb4.22.2&#8243; _module_preset=\u00bbdefault\u00bb title_level=\u00bbh4&#8243; title_font=\u00bb|700|||||||\u00bb title_text_color=\u00bb#f09978&#8243; title_font_size=\u00bb16px\u00bb caption_text_color=\u00bb#575756&#8243; caption_font_size=\u00bb16px\u00bb background_color=\u00bbRGBA(255,255,255,0)\u00bb text_orientation=\u00bbleft\u00bb background_layout=\u00bblight\u00bb custom_padding=\u00bb30px|26px||13px||\u00bb border_width_bottom=\u00bb1px\u00bb border_color_bottom=\u00bb#af4e57&#8243; global_colors_info=\u00bb{}\u00bb][\/et_pb_audio][et_pb_audio audio=\u00bbhttps:\/\/upla.cl\/canalemocional\/wp-content\/uploads\/2023\/10\/202310_ruthcastro.mp3&#8243; title=\u00bbRuth Castillo Gualda\u00bb album_name=\u00bbDoctora e Psicolog\u00eda, acad\u00e9mica de la Universidad Camilo Jos\u00e9 Cela, Espa\u00f1a, experta en educaci\u00f3n emocional, realizada febrero de 2022&#8243; _builder_version=\u00bb4.22.2&#8243; _module_preset=\u00bbdefault\u00bb title_level=\u00bbh4&#8243; title_font=\u00bb|700|||||||\u00bb title_text_color=\u00bb#f09978&#8243; title_font_size=\u00bb16px\u00bb caption_text_color=\u00bb#575756&#8243; caption_font_size=\u00bb16px\u00bb background_color=\u00bbRGBA(255,255,255,0)\u00bb text_orientation=\u00bbleft\u00bb background_layout=\u00bblight\u00bb custom_padding=\u00bb30px|26px||13px||\u00bb border_width_bottom=\u00bb1px\u00bb border_color_bottom=\u00bb#af4e57&#8243; global_colors_info=\u00bb{}\u00bb][\/et_pb_audio][et_pb_audio audio=\u00bbhttps:\/\/upla.cl\/canalemocional\/wp-content\/uploads\/2020\/12\/entrevista_juancassasus.mp3&#8243; title=\u00bbJuan Cassasus\u00bb album_name=\u00bbDoctor en Sociolog\u00eda y Filosof\u00eda de la Educaci\u00f3n. Director del Mag\u00edster en Educaci\u00f3n Emocional en la Universidad Academia de Humanismo Cristiano de Chile.\u00bb _builder_version=\u00bb4.22.2&#8243; _module_preset=\u00bbdefault\u00bb title_level=\u00bbh4&#8243; title_font=\u00bb|700|||||||\u00bb title_text_color=\u00bb#f09978&#8243; title_font_size=\u00bb16px\u00bb caption_text_color=\u00bb#575756&#8243; caption_font_size=\u00bb16px\u00bb background_color=\u00bbRGBA(255,255,255,0)\u00bb text_orientation=\u00bbleft\u00bb background_layout=\u00bblight\u00bb custom_padding=\u00bb30px|26px||13px||\u00bb border_width_bottom=\u00bb1px\u00bb border_color_bottom=\u00bb#af4e57&#8243; global_colors_info=\u00bb{}\u00bb][\/et_pb_audio][et_pb_audio audio=\u00bbhttps:\/\/upla.cl\/canalemocional\/wp-content\/uploads\/2020\/12\/entrevista_rodolfobachler.mp3&#8243; title=\u00bbRodolfo B\u00e4chler\u00bb album_name=\u00bbDoctor en Psicolog\u00eda. Docente e investigador de la Universidad Mayor, Chile\u00bb _builder_version=\u00bb4.22.2&#8243; _module_preset=\u00bbdefault\u00bb title_level=\u00bbh4&#8243; title_font=\u00bb|700|||||||\u00bb title_text_color=\u00bb#f09978&#8243; title_font_size=\u00bb16px\u00bb caption_text_color=\u00bb#575756&#8243; caption_font_size=\u00bb16px\u00bb background_color=\u00bbRGBA(255,255,255,0)\u00bb text_orientation=\u00bbleft\u00bb background_layout=\u00bblight\u00bb custom_padding=\u00bb30px|26px||13px||\u00bb border_width_bottom=\u00bb1px\u00bb border_color_bottom=\u00bb#af4e57&#8243; global_colors_info=\u00bb{}\u00bb][\/et_pb_audio][et_pb_audio audio=\u00bbhttps:\/\/upla.cl\/canalemocional\/wp-content\/uploads\/2020\/12\/entrevista_larisamichel.mp3&#8243; title=\u00bbLarisa Michell\u00bb album_name=\u00bbPsic\u00f3loga cl\u00ednica y terapeuta corporal, especializada en Cognici\u00f3n Corporal y Gesti\u00f3n de las Emociones. Colaboradora en la Fundaci\u00f3n Claudio Naranjo y en procesos SAT.\u00bb _builder_version=\u00bb4.22.2&#8243; _module_preset=\u00bbdefault\u00bb title_level=\u00bbh4&#8243; title_font=\u00bb|700|||||||\u00bb title_text_color=\u00bb#f09978&#8243; title_font_size=\u00bb16px\u00bb caption_text_color=\u00bb#575756&#8243; caption_font_size=\u00bb16px\u00bb background_color=\u00bbRGBA(255,255,255,0)\u00bb text_orientation=\u00bbleft\u00bb background_layout=\u00bblight\u00bb custom_padding=\u00bb30px|26px||13px||\u00bb border_width_bottom=\u00bb1px\u00bb border_color_bottom=\u00bb#af4e57&#8243; global_colors_info=\u00bb{}\u00bb][\/et_pb_audio][et_pb_audio audio=\u00bbhttps:\/\/upla.cl\/canalemocional\/wp-content\/uploads\/2020\/12\/entrevista_ximenavidal.mp3&#8243; title=\u00bbXimena Vidal\u00bb album_name=\u00bbMag\u00edster en Educaci\u00f3n Emocional. Docente de la Universidad Academia de Humanismo Cristiano. Educadora Emocional en la Escuela Ciudad de Lyon, de El Bosque.\u00bb _builder_version=\u00bb4.22.2&#8243; _module_preset=\u00bbdefault\u00bb title_level=\u00bbh4&#8243; title_font=\u00bb|700|||||||\u00bb title_text_color=\u00bb#f09978&#8243; title_font_size=\u00bb16px\u00bb caption_text_color=\u00bb#575756&#8243; caption_font_size=\u00bb16px\u00bb background_color=\u00bbRGBA(255,255,255,0)\u00bb text_orientation=\u00bbleft\u00bb background_layout=\u00bblight\u00bb custom_padding=\u00bb30px|26px||13px||\u00bb border_width_bottom=\u00bb1px\u00bb border_color_bottom=\u00bb#af4e57&#8243; global_colors_info=\u00bb{}\u00bb][\/et_pb_audio][et_pb_audio audio=\u00bbhttps:\/\/upla.cl\/canalemocional\/wp-content\/uploads\/2020\/12\/entrevista_alejandrogallardo.mp3&#8243; title=\u00bbAlejandro Gallardo\u00bb album_name=\u00bbAcad\u00e9mico del Departamento de Ciencias de la Educaci\u00f3n de la Facultad de Ciencias de la Educaci\u00f3n de la Universidad de Playa Ancha.\u00bb _builder_version=\u00bb4.22.2&#8243; _module_preset=\u00bbdefault\u00bb title_level=\u00bbh4&#8243; title_font=\u00bb|700|||||||\u00bb title_text_color=\u00bb#f09978&#8243; title_font_size=\u00bb16px\u00bb caption_text_color=\u00bb#575756&#8243; caption_font_size=\u00bb16px\u00bb background_color=\u00bbRGBA(255,255,255,0)\u00bb text_orientation=\u00bbleft\u00bb background_layout=\u00bblight\u00bb custom_padding=\u00bb30px|26px||13px||\u00bb border_color_bottom=\u00bbRGBA(255,255,255,0)\u00bb global_colors_info=\u00bb{}\u00bb][\/et_pb_audio][\/et_pb_column][\/et_pb_row][\/et_pb_section]<\/p>\n","protected":false},"excerpt":{"rendered":"<p>Di\u00e1logos\u00a0 \/Los siguientes podcast corresponden a entrevistas con diferentes acad\u00e9micos y profesionales vinculados a la educaci\u00f3n emocional.Todos los Di\u00e1logos \/ y entrevistas<\/p>\n","protected":false},"author":2,"featured_media":0,"parent":0,"menu_order":0,"comment_status":"closed","ping_status":"closed","template":"","meta":{"_et_pb_use_builder":"on","_et_pb_old_content":"","_et_gb_content_width":"","footnotes":""},"class_list":["post-770","page","type-page","status-publish","hentry"],"_links":{"self":[{"href":"https:\/\/upla.cl\/canalemocional\/wp-json\/wp\/v2\/pages\/770","targetHints":{"allow":["GET"]}}],"collection":[{"href":"https:\/\/upla.cl\/canalemocional\/wp-json\/wp\/v2\/pages"}],"about":[{"href":"https:\/\/upla.cl\/canalemocional\/wp-json\/wp\/v2\/types\/page"}],"author":[{"embeddable":true,"href":"https:\/\/upla.cl\/canalemocional\/wp-json\/wp\/v2\/users\/2"}],"replies":[{"embeddable":true,"href":"https:\/\/upla.cl\/canalemocional\/wp-json\/wp\/v2\/comments?post=770"}],"version-history":[{"count":11,"href":"https:\/\/upla.cl\/canalemocional\/wp-json\/wp\/v2\/pages\/770\/revisions"}],"predecessor-version":[{"id":943,"href":"https:\/\/upla.cl\/canalemocional\/wp-json\/wp\/v2\/pages\/770\/revisions\/943"}],"wp:attachment":[{"href":"https:\/\/upla.cl\/canalemocional\/wp-json\/wp\/v2\/media?parent=770"}],"curies":[{"name":"wp","href":"https:\/\/api.w.org\/{rel}","templated":true}]}}