{"id":781,"date":"2023-10-30T16:12:31","date_gmt":"2023-10-30T19:12:31","guid":{"rendered":"https:\/\/upla.cl\/canalemocional\/?page_id=781"},"modified":"2025-03-27T15:45:41","modified_gmt":"2025-03-27T18:45:41","slug":"somos","status":"publish","type":"page","link":"https:\/\/upla.cl\/canalemocional\/somos\/","title":{"rendered":"Somos"},"content":{"rendered":"<p>[et_pb_section fb_built=\u00bb1&#8243; _builder_version=\u00bb4.21.0&#8243; _module_preset=\u00bbdefault\u00bb background_image=\u00bbhttps:\/\/upla.cl\/canalemocional\/wp-content\/uploads\/2023\/07\/fondo_oscuro.png\u00bb background_blend=\u00bbmultiply\u00bb custom_margin=\u00bb||||false|false\u00bb custom_padding=\u00bb62px||||false|false\u00bb filter_hue_rotate=\u00bb359deg\u00bb filter_saturate=\u00bb144%\u00bb global_colors_info=\u00bb{}\u00bb][et_pb_row _builder_version=\u00bb4.21.0&#8243; _module_preset=\u00bbdefault\u00bb custom_margin=\u00bb0px||||false|false\u00bb custom_padding=\u00bb6px||6px||false|false\u00bb border_color_left=\u00bbRGBA(255,255,255,0)\u00bb global_colors_info=\u00bb{}\u00bb][et_pb_column type=\u00bb4_4&#8243; _builder_version=\u00bb4.21.0&#8243; _module_preset=\u00bbdefault\u00bb border_color_left=\u00bbRGBA(255,255,255,0)\u00bb global_colors_info=\u00bb{}\u00bb][et_pb_text disabled_on=\u00bboff|off|off\u00bb _builder_version=\u00bb4.22.2&#8243; _module_preset=\u00bbdefault\u00bb text_font=\u00bb|600|||||||\u00bb text_text_color=\u00bb#FFFFFF\u00bb text_font_size=\u00bb250%\u00bb text_line_height=\u00bb1.2em\u00bb background_layout=\u00bbdark\u00bb min_height=\u00bb224px\u00bb custom_margin=\u00bb1px||-5px||false|false\u00bb custom_padding=\u00bb|||16px|false|false\u00bb border_width_left=\u00bb2px\u00bb border_color_left=\u00bb#FFFFFF\u00bb global_colors_info=\u00bb{}\u00bb]<\/p>\n<p>Somos\u00a0 \/<\/p>\n<p>[\/et_pb_text][\/et_pb_column][\/et_pb_row][\/et_pb_section][et_pb_section fb_built=\u00bb1&#8243; _builder_version=\u00bb4.21.0&#8243; _module_preset=\u00bbdefault\u00bb global_colors_info=\u00bb{}\u00bb][et_pb_row _builder_version=\u00bb4.21.0&#8243; _module_preset=\u00bbdefault\u00bb global_colors_info=\u00bb{}\u00bb][et_pb_column type=\u00bb4_4&#8243; _builder_version=\u00bb4.21.0&#8243; _module_preset=\u00bbdefault\u00bb global_colors_info=\u00bb{}\u00bb][et_pb_text _builder_version=\u00bb4.22.2&#8243; _module_preset=\u00bbdefault\u00bb text_text_color=\u00bb#575756&#8243; header_2_text_color=\u00bb#575756&#8243; header_2_font_size=\u00bb24px\u00bb header_2_line_height=\u00bb1.3em\u00bb global_colors_info=\u00bb{}\u00bb]<\/p>\n<h2 style=\"text-align: center;\"><span style=\"font-weight: 400;\"><strong>Canal Emocional<\/strong> naci\u00f3 como una oferta de apoyo a las comunidades educativas para afrontar las exigencias emocionales provocadas por la pandemia. No obstante, desde su origen este proyecto siempre ha contemplado un horizonte m\u00e1s amplio, como es contribuir al mundo educativo en tem\u00e1ticas del \u00e1mbito emocional.<\/span><\/h2>\n<p>En esta nueva etapa, el proyecto tiene como objetivo poner a disposici\u00f3n recursos y herramientas para abordar los desaf\u00edos emocionales que cotidianamente enfrentan las comunidades educativas. Asimismo, busca desarrollar y fortalecer un trabajo conjunto destinado a generar conocimiento especializado sobre el \u00e1mbito emocional. Por tanto, se espera propiciar una labor bidireccional entre la Universidad y los territorios .<\/p>\n<p>Por \u00faltimo, <strong>Canal Emocional<\/strong> pretende aunar el esfuerzo realizado por diferentes acad\u00e9micas y acad\u00e9micos de la <strong>Universidad Universidad de Playa Ancha<\/strong> en esta importante dimensi\u00f3n del quehacer educativo.<\/p>\n<p>Actualmente, el Canal Emocional cuenta con el respaldo del Departamento de Ciencias de la Educaci\u00f3n, del Campus San Felipe y de la Direcci\u00f3n General de Comunicaciones de la Universidad de Playa Ancha.<\/p>\n<p>[\/et_pb_text][\/et_pb_column][\/et_pb_row][\/et_pb_section][et_pb_section fb_built=\u00bb1&#8243; _builder_version=\u00bb4.22.2&#8243; _module_preset=\u00bbdefault\u00bb global_colors_info=\u00bb{}\u00bb][et_pb_row _builder_version=\u00bb4.22.2&#8243; _module_preset=\u00bbdefault\u00bb custom_padding=\u00bb65px||0px|||\u00bb border_color_bottom=\u00bb#af4e57&#8243; border_width_left=\u00bb2px\u00bb border_color_left=\u00bb#af4e57&#8243; global_colors_info=\u00bb{}\u00bb][et_pb_column type=\u00bb4_4&#8243; _builder_version=\u00bb4.21.0&#8243; _module_preset=\u00bbdefault\u00bb global_colors_info=\u00bb{}\u00bb][et_pb_text _builder_version=\u00bb4.22.2&#8243; _module_preset=\u00bbdefault\u00bb text_font=\u00bb|600|||||||\u00bb text_text_color=\u00bbRGBA(255,255,255,0)\u00bb header_2_text_align=\u00bbleft\u00bb header_2_text_color=\u00bb#af4e57&#8243; header_3_text_color=\u00bb#af4e57&#8243; custom_padding=\u00bb|||20px|false|false\u00bb global_colors_info=\u00bb{}\u00bb]<\/p>\n<h2><strong>Equipo<\/strong> \/ y colaboradores<\/h2>\n<p>[\/et_pb_text][\/et_pb_column][\/et_pb_row][et_pb_row _builder_version=\u00bb4.22.2&#8243; _module_preset=\u00bbdefault\u00bb custom_padding=\u00bb0px|||||\u00bb border_color_bottom=\u00bbRGBA(255,255,255,0)\u00bb border_width_left=\u00bb2px\u00bb border_color_left=\u00bb#af4e57&#8243; global_colors_info=\u00bb{}\u00bb][et_pb_column type=\u00bb4_4&#8243; _builder_version=\u00bb4.21.0&#8243; _module_preset=\u00bbdefault\u00bb global_colors_info=\u00bb{}\u00bb][et_pb_text _builder_version=\u00bb4.22.2&#8243; _module_preset=\u00bbdefault\u00bb custom_padding=\u00bb|||19px||\u00bb global_colors_info=\u00bb{}\u00bb]<\/p>\n<p>El Canal Emocional est\u00e1 dirigido por <strong>Octavio Poblete Christie<\/strong>, psic\u00f3logo cl\u00ednico y educacional, doctor en psicolog\u00eda de la U. de Chile y acad\u00e9mico del Departamento de Ciencias de la Educaci\u00f3n de la Universidad de Playa Ancha, Campus San Felipe. Adem\u00e1s, es apoyado por los siguientes colaboradores y colaboradoras:<\/p>\n<p>[\/et_pb_text][\/et_pb_column][\/et_pb_row][et_pb_row column_structure=\u00bb1_4,1_4,1_4,1_4&#8243; _builder_version=\u00bb4.22.2&#8243; _module_preset=\u00bbdefault\u00bb custom_padding=\u00bb0px|||||\u00bb border_color_bottom=\u00bbRGBA(255,255,255,0)\u00bb border_width_left=\u00bb2px\u00bb border_color_left=\u00bb#af4e57&#8243; global_colors_info=\u00bb{}\u00bb][et_pb_column type=\u00bb1_4&#8243; _builder_version=\u00bb4.21.0&#8243; _module_preset=\u00bbdefault\u00bb global_colors_info=\u00bb{}\u00bb][et_pb_team_member name=\u00bbDoctor Alejandro Gallardo\u00bb _builder_version=\u00bb4.22.2&#8243; _module_preset=\u00bbdefault\u00bb header_font=\u00bb||||||||\u00bb custom_padding=\u00bb|||30px||\u00bb global_colors_info=\u00bb{}\u00bb]<\/p>\n<p>Acad\u00e9mico del Departamento de Ciencias de la Educaci\u00f3n de la Facultad de Ciencias de la Educaci\u00f3n de la U. de Playa Ancha.<\/p>\n<p>[\/et_pb_team_member][\/et_pb_column][et_pb_column type=\u00bb1_4&#8243; _builder_version=\u00bb4.21.0&#8243; _module_preset=\u00bbdefault\u00bb global_colors_info=\u00bb{}\u00bb][et_pb_team_member name=\u00bbClaudia Caro (Mg)\u00bb _builder_version=\u00bb4.22.2&#8243; _module_preset=\u00bbdefault\u00bb header_font=\u00bb||||||||\u00bb custom_padding=\u00bb|||30px||\u00bb global_colors_info=\u00bb{}\u00bb]Acad\u00e9mica del Departamento de Ciencias de la Educaci\u00f3n, Coordinadora de la carrera de Pedagog\u00eda en Educaci\u00f3n Diferencial del Campus San Felipe. Facultad de Ciencias de la Educaci\u00f3n de la U. de Playa Ancha.[\/et_pb_team_member][\/et_pb_column][et_pb_column type=\u00bb1_4&#8243; _builder_version=\u00bb4.21.0&#8243; _module_preset=\u00bbdefault\u00bb global_colors_info=\u00bb{}\u00bb][et_pb_team_member name=\u00bb\u00c1gueda Elgueta\u00bb _builder_version=\u00bb4.22.2&#8243; _module_preset=\u00bbdefault\u00bb header_font=\u00bb||||||||\u00bb custom_padding=\u00bb|||30px||\u00bb global_colors_info=\u00bb{}\u00bb]Profesora del Departamento de Ciencias de la Educaci\u00f3n de la Facultad de Ciencias de la Educaci\u00f3n de la U. de Playa Ancha.[\/et_pb_team_member][\/et_pb_column][et_pb_column type=\u00bb1_4&#8243; _builder_version=\u00bb4.21.0&#8243; _module_preset=\u00bbdefault\u00bb global_colors_info=\u00bb{}\u00bb][et_pb_team_member name=\u00bbXimena Vidal Mella\u00bb _builder_version=\u00bb4.22.2&#8243; _module_preset=\u00bbdefault\u00bb header_font=\u00bb||||||||\u00bb custom_padding=\u00bb|||30px||\u00bb global_colors_info=\u00bb{}\u00bb]Mag\u00edster en Educaci\u00f3n Emocional, Profesora de Educaci\u00f3n Diferencial y Psicopedagoga.[\/et_pb_team_member][\/et_pb_column][\/et_pb_row][et_pb_row column_structure=\u00bb1_4,1_4,1_4,1_4&#8243; _builder_version=\u00bb4.22.2&#8243; _module_preset=\u00bbdefault\u00bb custom_padding=\u00bb0px|||||\u00bb border_width_bottom=\u00bb2px\u00bb border_color_bottom=\u00bb#af4e57&#8243; border_width_left=\u00bb2px\u00bb border_color_left=\u00bb#af4e57&#8243; global_colors_info=\u00bb{}\u00bb][et_pb_column type=\u00bb1_4&#8243; _builder_version=\u00bb4.21.0&#8243; _module_preset=\u00bbdefault\u00bb global_colors_info=\u00bb{}\u00bb][et_pb_team_member name=\u00bbDoctora Marlene Figueroa\u00bb _builder_version=\u00bb4.22.2&#8243; _module_preset=\u00bbdefault\u00bb header_font=\u00bb||||||||\u00bb custom_padding=\u00bb|||30px||\u00bb global_colors_info=\u00bb{}\u00bb]Acad\u00e9mica del Departamento de Mediaciones y Subjetividades de la Facultad de Ciencias Sociales de la U. de Playa Ancha.[\/et_pb_team_member][\/et_pb_column][et_pb_column type=\u00bb1_4&#8243; _builder_version=\u00bb4.21.0&#8243; _module_preset=\u00bbdefault\u00bb global_colors_info=\u00bb{}\u00bb][et_pb_team_member name=\u00bbIrina Gargurevich Tapia\u00bb _builder_version=\u00bb4.22.2&#8243; _module_preset=\u00bbdefault\u00bb header_font=\u00bb||||||||\u00bb custom_padding=\u00bb|||30px||\u00bb global_colors_info=\u00bb{}\u00bb]Estudiante de la Carrera de Pedagog\u00eda en Castellano, de la Facultad de Ciencias de la Educaci\u00f3n de la U. de Playa Ancha.[\/et_pb_team_member][\/et_pb_column][et_pb_column type=\u00bb1_4&#8243; _builder_version=\u00bb4.21.0&#8243; _module_preset=\u00bbdefault\u00bb global_colors_info=\u00bb{}\u00bb][\/et_pb_column][et_pb_column type=\u00bb1_4&#8243; _builder_version=\u00bb4.21.0&#8243; _module_preset=\u00bbdefault\u00bb global_colors_info=\u00bb{}\u00bb][\/et_pb_column][\/et_pb_row][\/et_pb_section][et_pb_section fb_built=\u00bb1&#8243; _builder_version=\u00bb4.22.2&#8243; _module_preset=\u00bbdefault\u00bb global_colors_info=\u00bb{}\u00bb][et_pb_row _builder_version=\u00bb4.22.2&#8243; _module_preset=\u00bbdefault\u00bb global_colors_info=\u00bb{}\u00bb][et_pb_column type=\u00bb4_4&#8243; _builder_version=\u00bb4.22.2&#8243; _module_preset=\u00bbdefault\u00bb global_colors_info=\u00bb{}\u00bb][et_pb_cta title=\u00bbSi Ud. o su instituci\u00f3n est\u00e1 interesado en participar o colaborar en este proyecto\u00bb button_url=\u00bbmailto:canalemocional@upla.cl\u00bb button_text=\u00bbEscr\u00edbanos\u00bb _builder_version=\u00bb4.22.2&#8243; _module_preset=\u00bbdefault\u00bb header_text_color=\u00bb#FFFFFF\u00bb background_enable_color=\u00bboff\u00bb background_image=\u00bbhttps:\/\/upla.cl\/canalemocional\/wp-content\/uploads\/2023\/10\/20231031_banner_herramientas3.png\u00bb background_position=\u00bbtop_right\u00bb custom_button=\u00bbon\u00bb button_text_color=\u00bb#FFFFFF\u00bb button_bg_color=\u00bbRGBA(255,255,255,0)\u00bb button_icon=\u00bb&#x35;||divi||400&#8243; button_icon_color=\u00bb#AF4E57&#8243; border_radii=\u00bbon|15px|15px|15px|15px\u00bb global_colors_info=\u00bb{}\u00bb button_text_color__hover_enabled=\u00bbon|hover\u00bb button_text_color__hover=\u00bb#AF4E57&#8243; button_icon_color__hover_enabled=\u00bbon|desktop\u00bb button_icon_color__hover=\u00bb#AF4E57&#8243; button_border_color__hover_enabled=\u00bbon|hover\u00bb button_border_color__hover=\u00bbRGBA(255,255,255,0)\u00bb button_bg_color__hover_enabled=\u00bbon|hover\u00bb button_bg_color__hover=\u00bb#FFFFFF\u00bb button_bg_enable_color__hover=\u00bbon\u00bb][\/et_pb_cta][\/et_pb_column][\/et_pb_row][\/et_pb_section]<\/p>\n","protected":false},"excerpt":{"rendered":"<p>Somos\u00a0 \/Canal Emocional naci\u00f3 como una oferta de apoyo a las comunidades educativas para afrontar las exigencias emocionales provocadas por la pandemia. No obstante, desde su origen este proyecto siempre ha contemplado un horizonte m\u00e1s amplio, como es contribuir al mundo educativo en tem\u00e1ticas del \u00e1mbito emocional. En esta nueva etapa, el proyecto tiene como [&hellip;]<\/p>\n","protected":false},"author":2,"featured_media":0,"parent":0,"menu_order":0,"comment_status":"closed","ping_status":"closed","template":"","meta":{"_et_pb_use_builder":"on","_et_pb_old_content":"","_et_gb_content_width":"","footnotes":""},"class_list":["post-781","page","type-page","status-publish","hentry"],"_links":{"self":[{"href":"https:\/\/upla.cl\/canalemocional\/wp-json\/wp\/v2\/pages\/781","targetHints":{"allow":["GET"]}}],"collection":[{"href":"https:\/\/upla.cl\/canalemocional\/wp-json\/wp\/v2\/pages"}],"about":[{"href":"https:\/\/upla.cl\/canalemocional\/wp-json\/wp\/v2\/types\/page"}],"author":[{"embeddable":true,"href":"https:\/\/upla.cl\/canalemocional\/wp-json\/wp\/v2\/users\/2"}],"replies":[{"embeddable":true,"href":"https:\/\/upla.cl\/canalemocional\/wp-json\/wp\/v2\/comments?post=781"}],"version-history":[{"count":10,"href":"https:\/\/upla.cl\/canalemocional\/wp-json\/wp\/v2\/pages\/781\/revisions"}],"predecessor-version":[{"id":951,"href":"https:\/\/upla.cl\/canalemocional\/wp-json\/wp\/v2\/pages\/781\/revisions\/951"}],"wp:attachment":[{"href":"https:\/\/upla.cl\/canalemocional\/wp-json\/wp\/v2\/media?parent=781"}],"curies":[{"name":"wp","href":"https:\/\/api.w.org\/{rel}","templated":true}]}}