{"id":10,"date":"2020-11-24T13:52:43","date_gmt":"2020-11-24T16:52:43","guid":{"rendered":"https:\/\/upla.cl\/egresados\/?page_id=10"},"modified":"2025-10-07T13:44:19","modified_gmt":"2025-10-07T16:44:19","slug":"quienes-somos-2","status":"publish","type":"page","link":"https:\/\/upla.cl\/egresados\/quienes-somos-2\/","title":{"rendered":"Quienes-somos"},"content":{"rendered":"<p>[et_pb_section fb_built=\u00bb1&#8243; _builder_version=\u00bb4.16&#8243; _module_preset=\u00bbdefault\u00bb background_color=\u00bb#ffffff\u00bb min_height=\u00bb150px\u00bb custom_margin=\u00bb||0px||false|false\u00bb custom_padding=\u00bb||0px||false|false\u00bb global_colors_info=\u00bb{}\u00bb][et_pb_row column_structure=\u00bb1_2,1_2&#8243; _builder_version=\u00bb4.16&#8243; _module_preset=\u00bbdefault\u00bb global_colors_info=\u00bb{}\u00bb][et_pb_column type=\u00bb1_2&#8243; _builder_version=\u00bb4.16&#8243; _module_preset=\u00bbdefault\u00bb global_colors_info=\u00bb{}\u00bb][et_pb_image src=\u00bbhttps:\/\/upla.cl\/egresados\/wp-content\/uploads\/2024\/10\/logo-egresados-2024-1.png\u00bb title_text=\u00bblogo egresados 2024 (1)\u00bb url=\u00bb@ET-DC@eyJkeW5hbWljIjp0cnVlLCJjb250ZW50IjoicG9zdF9saW5rX3VybF9wYWdlIiwic2V0dGluZ3MiOnsicG9zdF9pZCI6IjgifX0=@\u00bb _builder_version=\u00bb4.27.0&#8243; _dynamic_attributes=\u00bburl\u00bb _module_preset=\u00bbdefault\u00bb global_colors_info=\u00bb{}\u00bb][\/et_pb_image][\/et_pb_column][et_pb_column type=\u00bb1_2&#8243; _builder_version=\u00bb4.16&#8243; _module_preset=\u00bbdefault\u00bb global_colors_info=\u00bb{}\u00bb][et_pb_image title_text=\u00bbICONOS_UPLA3&#8243; admin_label=\u00bbImagen\u00bb _builder_version=\u00bb4.27.0&#8243; _module_preset=\u00bbdefault\u00bb global_colors_info=\u00bb{}\u00bb][\/et_pb_image][\/et_pb_column][\/et_pb_row][\/et_pb_section][et_pb_section fb_built=\u00bb1&#8243; fullwidth=\u00bbon\u00bb _builder_version=\u00bb4.16&#8243; _module_preset=\u00bbdefault\u00bb custom_margin=\u00bb44px|||||\u00bb global_colors_info=\u00bb{}\u00bb][\/et_pb_section][et_pb_section fb_built=\u00bb1&#8243; next_background_color=\u00bb#ffffff\u00bb admin_label=\u00bbHero Section\u00bb _builder_version=\u00bb4.27.2&#8243; use_background_color_gradient=\u00bbon\u00bb background_color_gradient_stops=\u00bbrgba(0,0,0,0.4) 0%|rgba(0,0,0,0.4) 100%\u00bb background_color_gradient_overlays_image=\u00bbon\u00bb background_color_gradient_start=\u00bbrgba(0,0,0,0.4)\u00bb background_color_gradient_end=\u00bbrgba(0,0,0,0.4)\u00bb background_image=\u00bbhttps:\/\/upla.cl\/egresados\/wp-content\/uploads\/2024\/04\/16167196253_9c1aa92756_o-scaled.jpg\u00bb background_position=\u00bbbottom_center\u00bb custom_margin=\u00bb-60px|||||\u00bb custom_padding=\u00bb0.1%||0%|||\u00bb bottom_divider_style=\u00bbslant\u00bb bottom_divider_height=\u00bb60px\u00bb global_colors_info=\u00bb{}\u00bb background_color_gradient_direction__hover=\u00bb180deg\u00bb background_color_gradient_direction__hover_enabled=\u00bb180deg\u00bb background_color_gradient_start_position__hover=\u00bb0%\u00bb background_color_gradient_start_position__hover_enabled=\u00bb0%\u00bb background_color_gradient_end_position__hover=\u00bb100%\u00bb background_color_gradient_end_position__hover_enabled=\u00bb100%\u00bb background_color_gradient_stops__hover=\u00bbrgba(0,0,0,0.4) 0%|rgba(0,0,0,0.4) 100%\u00bb][et_pb_row _builder_version=\u00bb4.27.2&#8243; background_enable_image=\u00bboff\u00bb background_size=\u00bbinitial\u00bb background_position=\u00bbtop_left\u00bb background_repeat=\u00bbrepeat\u00bb custom_margin=\u00bb|auto|3px|auto||\u00bb global_colors_info=\u00bb{}\u00bb][et_pb_column type=\u00bb4_4&#8243; _builder_version=\u00bb4.27.2&#8243; custom_padding=\u00bb|||\u00bb global_colors_info=\u00bb{}\u00bb custom_padding__hover=\u00bb|||\u00bb][et_pb_text admin_label=\u00bbHero Section Title\u00bb _builder_version=\u00bb4.27.2&#8243; text_font=\u00bb|||on|||||\u00bb header_font=\u00bbMontserrat|600|||||||\u00bb header_font_size=\u00bb48px\u00bb header_letter_spacing=\u00bb3px\u00bb header_line_height=\u00bb1.3em\u00bb header_2_font=\u00bbMontserrat|700|||||||\u00bb header_2_text_color=\u00bbrgba(255,255,255,0.6)\u00bb header_2_font_size=\u00bb90px\u00bb header_2_letter_spacing=\u00bb3px\u00bb header_2_line_height=\u00bb1.1em\u00bb background_enable_color=\u00bboff\u00bb background_enable_image=\u00bboff\u00bb background_size=\u00bbcustom\u00bb background_image_height=\u00bb100%\u00bb text_orientation=\u00bbcenter\u00bb background_layout=\u00bbdark\u00bb module_alignment=\u00bbcenter\u00bb custom_margin=\u00bb||60px|\u00bb animation_style=\u00bbslide\u00bb animation_direction=\u00bbbottom\u00bb animation_intensity_slide=\u00bb5%\u00bb header_font_size_tablet=\u00bb\u00bb header_font_size_phone=\u00bb28px\u00bb header_font_size_last_edited=\u00bbon|phone\u00bb header_2_font_size_tablet=\u00bb\u00bb header_2_font_size_phone=\u00bb50px\u00bb header_2_font_size_last_edited=\u00bbon|phone\u00bb global_colors_info=\u00bb{}\u00bb]<\/p>\n<h1>\u00a0<\/h1>\n<p>&nbsp;<\/p>\n<h1>\u00bfQui\u00e9nes somos?<\/h1>\n<p>&nbsp;<\/p>\n<p>[\/et_pb_text][\/et_pb_column][\/et_pb_row][\/et_pb_section][et_pb_section fb_built=\u00bb1&#8243; _builder_version=\u00bb4.16&#8243; _module_preset=\u00bbdefault\u00bb custom_padding=\u00bb||54px|||\u00bb global_colors_info=\u00bb{}\u00bb][et_pb_row _builder_version=\u00bb4.16&#8243; _module_preset=\u00bbdefault\u00bb custom_padding=\u00bb29px|||||\u00bb global_colors_info=\u00bb{}\u00bb][et_pb_column type=\u00bb4_4&#8243; _builder_version=\u00bb4.16&#8243; _module_preset=\u00bbdefault\u00bb global_colors_info=\u00bb{}\u00bb][et_pb_text _builder_version=\u00bb4.27.0&#8243; _module_preset=\u00bbdefault\u00bb text_font_size=\u00bb18px\u00bb global_colors_info=\u00bb{}\u00bb]<\/p>\n<h1><strong>Presentaci\u00f3n\u00a0\u00a0<\/strong><\/h1>\n<p>&nbsp;<\/p>\n<p style=\"text-align: justify;\">La Unidad de V\u00ednculos con la Comunidad Egresada y Empleadores (UVCE) es una unidad dependiente de la <strong>Direcci\u00f3n General de Vinculaci\u00f3n con el Medio<\/strong>. Su objetivo es apoyar a las carreras y programas de pre y post grado como asimismo a las t\u00e9cnicas en el establecimiento de v\u00ednculos con sus egresados, egresadas, titulados y tituladas, para favorecer una retroalimentaci\u00f3n sobre la disciplina, el ejercicio profesional y la inserci\u00f3n laboral. <span style=\"font-weight: 400;\">Al mismo tiempo la unidad tiene como finalidad apoyar en la inserci\u00f3n laboral, perfeccionamiento y actualizaci\u00f3n profesional, favoreciendo la generaci\u00f3n de redes y la visibilizaci\u00f3n del trabajo de los ex alumnos y alumnas de la Universidad de Playa Ancha<\/span><\/p>\n<p style=\"text-align: justify;\">Los egresados y egresadas son embajadores de las competencias sello que la Universidad de Playa Ancha les entrega a cada uno de sus estudiantes, de modo que, son actores claves para la vinculaci\u00f3n con el medio de la universidad, son agentes del medio que habitan distintos espacios, conocen las problem\u00e1ticas y necesidades no solo del mundo profesional, laboral sino que tambi\u00e9n de lo social, por lo tanto, son agentes que permiten la vinculaci\u00f3n entre la comunidad universitaria y el entorno.<\/p>\n<h1>\u00a0<\/h1>\n<h1><b style=\"color: #0099cc; font-size: 26px;\">\u00bfQui\u00e9n<\/b><strong style=\"color: #0099cc; font-size: 26px;\">\u00a0es el Egresado y Egresada UPLA?<\/strong><\/h1>\n<p>&nbsp;<\/p>\n<p>Seg\u00fan Decreto Exento 0877\/2018, se denomina Egresado o Egresada, \u00abAl estudiante regular que ha aprobado todas las actividades curriculares que conforman el plan de estudio de su carrera, incluida la pr\u00e1ctica profesional y el trabajo de titulaci\u00f3n cuando proceda.<\/p>\n<p>La certificaci\u00f3n de la calidad de egresado, ser\u00e1 entregada por la Direcci\u00f3n de Gesti\u00f3n Curricular, cuando el estudiante cumpla las exigencias del inciso anterior\u201d<\/p>\n<h1>\u00a0<\/h1>\n<h1><a href=\"https:\/\/ferialaboral.regrat.cl\/expo\/quienes-somos\" target=\"_blank\" rel=\"noopener\"><strong>Red de Unidades de Egresados, Graduados y Titulados en las Universidades del Estado de Chile &#8211; REGRAT<\/strong><\/a><\/h1>\n<p>&nbsp;<\/p>\n<p>La Unidad de V\u00ednculos con la Comunidad Egresada y Empleadores (UVCE) es parte de la REGRAT:<\/p>\n<ul>\n<li>Oportunidad para compartir experiencias y buenas pr\u00e1cticas en el quehacer de las unidades que tienen a cargo la vinculaci\u00f3n y el seguimiento de egresados y titulados en las diversas casas de estudios.<\/li>\n<li>Detectando acciones que resulten efectivas en una tarea que tiene la dificultad de mantener una retroalimentaci\u00f3n con personas que ya dejaron la instituci\u00f3n y se encuentran dedicados a diversas actividades en el pa\u00eds y el extranjero.<\/li>\n<\/ul>\n<p>&nbsp;<\/p>\n<p>[\/et_pb_text][et_pb_divider _builder_version=\u00bb4.24.3&#8243; _module_preset=\u00bbdefault\u00bb global_colors_info=\u00bb{}\u00bb][\/et_pb_divider][\/et_pb_column][\/et_pb_row][et_pb_row _builder_version=\u00bb4.16&#8243; _module_preset=\u00bbdefault\u00bb custom_padding=\u00bb29px|||||\u00bb global_colors_info=\u00bb{}\u00bb][et_pb_column type=\u00bb4_4&#8243; _builder_version=\u00bb4.16&#8243; _module_preset=\u00bbdefault\u00bb global_colors_info=\u00bb{}\u00bb][et_pb_text _builder_version=\u00bb4.27.0&#8243; _module_preset=\u00bbdefault\u00bb global_colors_info=\u00bb{}\u00bb]<\/p>\n<h3><a href=\"https:\/\/upla.cl\/vinculacion\/equipo\/\"><strong style=\"color: #0099cc; font-size: 26px;\">Equipo de trabajo<\/strong><\/a><\/h3>\n<p>[\/et_pb_text][\/et_pb_column][\/et_pb_row][et_pb_row column_structure=\u00bb1_3,1_3,1_3&#8243; _builder_version=\u00bb4.24.2&#8243; _module_preset=\u00bbdefault\u00bb global_colors_info=\u00bb{}\u00bb][et_pb_column type=\u00bb1_3&#8243; _builder_version=\u00bb4.24.2&#8243; _module_preset=\u00bbdefault\u00bb global_colors_info=\u00bb{}\u00bb][et_pb_text admin_label=\u00bbDani\u00bb _builder_version=\u00bb4.27.4&#8243; _module_preset=\u00bbdefault\u00bb global_colors_info=\u00bb{}\u00bb]<\/p>\n<p><img loading=\"lazy\" decoding=\"async\" class=\"alignnone wp-image-728 size-medium\" src=\"https:\/\/upla.cl\/egresados\/wp-content\/uploads\/2024\/03\/dani-700x467-1-1-300x200.jpg\" alt=\"\" width=\"300\" height=\"200\" \/><\/p>\n<h2>Daniela Casanueva Vald\u00e9s<\/h2>\n<p>Coordinadora de la Unidad de V\u00ednculos con la Comunidad Egresada y Empleadores.<\/p>\n<p><strong>Soci\u00f3loga, Universidad de Playa Ancha.<\/strong><\/p>\n<p>Mg. Trabajo Social, menci\u00f3n Comunidad y Territorio, Pontificia Universidad Cat\u00f3lica de Valpara\u00edso.<\/p>\n<p><span style=\"color: #0099cc;\"><strong>Egresada UPLA<\/strong><\/span><\/p>\n<p>[\/et_pb_text][\/et_pb_column][et_pb_column type=\u00bb1_3&#8243; _builder_version=\u00bb4.16&#8243; _module_preset=\u00bbdefault\u00bb global_colors_info=\u00bb{}\u00bb][et_pb_text admin_label=\u00bbXavi\u00bb _builder_version=\u00bb4.27.4&#8243; _module_preset=\u00bbdefault\u00bb global_colors_info=\u00bb{}\u00bb]<\/p>\n<p><img loading=\"lazy\" decoding=\"async\" class=\"alignnone wp-image-727 size-medium\" src=\"https:\/\/upla.cl\/egresados\/wp-content\/uploads\/2024\/03\/xav-700x467-1-300x200.jpg\" alt=\"\" width=\"300\" height=\"200\" \/><\/p>\n<h2>Xaviera Arancibia Gonz\u00e1lez<\/h2>\n<p>Profesional de Apoyo de la Unidad de V\u00ednculos con la Comunidad Egresada y Empleadores.<\/p>\n<p><strong>Soci\u00f3loga, Universidad de Playa Ancha.<\/strong><\/p>\n<p><span style=\"color: #0099cc;\"><strong>Egresada UPLA<\/strong><\/span><\/p>\n<p>[\/et_pb_text][\/et_pb_column][et_pb_column type=\u00bb1_3&#8243; _builder_version=\u00bb4.16&#8243; _module_preset=\u00bbdefault\u00bb global_colors_info=\u00bb{}\u00bb][\/et_pb_column][\/et_pb_row][\/et_pb_section][et_pb_section fb_built=\u00bb1&#8243; _builder_version=\u00bb4.16&#8243; _module_preset=\u00bbdefault\u00bb background_color=\u00bb#199BD8&#8243; global_colors_info=\u00bb{}\u00bb][et_pb_row column_structure=\u00bb1_2,1_2&#8243; _builder_version=\u00bb4.16&#8243; _module_preset=\u00bbdefault\u00bb global_colors_info=\u00bb{}\u00bb][et_pb_column type=\u00bb1_2&#8243; _builder_version=\u00bb4.16&#8243; _module_preset=\u00bbdefault\u00bb global_colors_info=\u00bb{}\u00bb][et_pb_image src=\u00bbhttps:\/\/upla.cl\/egresados\/wp-content\/uploads\/2024\/10\/logo-blanco-uvce.png\u00bb title_text=\u00bblogo blanco uvce\u00bb _builder_version=\u00bb4.27.0&#8243; _module_preset=\u00bbdefault\u00bb global_colors_info=\u00bb{}\u00bb][\/et_pb_image][\/et_pb_column][et_pb_column type=\u00bb1_2&#8243; _builder_version=\u00bb4.16&#8243; _module_preset=\u00bbdefault\u00bb global_colors_info=\u00bb{}\u00bb][\/et_pb_column][\/et_pb_row][\/et_pb_section]<\/p>\n","protected":false},"excerpt":{"rendered":"<p>\u00a0 &nbsp; \u00bfQui\u00e9nes somos? &nbsp;Presentaci\u00f3n\u00a0\u00a0 &nbsp; La Unidad de V\u00ednculos con la Comunidad Egresada y Empleadores (UVCE) es una unidad dependiente de la Direcci\u00f3n General de Vinculaci\u00f3n con el Medio. Su objetivo es apoyar a las carreras y programas de pre y post grado como asimismo a las t\u00e9cnicas en el establecimiento de v\u00ednculos con [&hellip;]<\/p>\n","protected":false},"author":4,"featured_media":0,"parent":0,"menu_order":0,"comment_status":"closed","ping_status":"closed","template":"","meta":{"_et_pb_use_builder":"on","_et_pb_old_content":"","_et_gb_content_width":"","footnotes":""},"class_list":["post-10","page","type-page","status-publish","hentry"],"_links":{"self":[{"href":"https:\/\/upla.cl\/egresados\/wp-json\/wp\/v2\/pages\/10","targetHints":{"allow":["GET"]}}],"collection":[{"href":"https:\/\/upla.cl\/egresados\/wp-json\/wp\/v2\/pages"}],"about":[{"href":"https:\/\/upla.cl\/egresados\/wp-json\/wp\/v2\/types\/page"}],"author":[{"embeddable":true,"href":"https:\/\/upla.cl\/egresados\/wp-json\/wp\/v2\/users\/4"}],"replies":[{"embeddable":true,"href":"https:\/\/upla.cl\/egresados\/wp-json\/wp\/v2\/comments?post=10"}],"version-history":[{"count":39,"href":"https:\/\/upla.cl\/egresados\/wp-json\/wp\/v2\/pages\/10\/revisions"}],"predecessor-version":[{"id":1634,"href":"https:\/\/upla.cl\/egresados\/wp-json\/wp\/v2\/pages\/10\/revisions\/1634"}],"wp:attachment":[{"href":"https:\/\/upla.cl\/egresados\/wp-json\/wp\/v2\/media?parent=10"}],"curies":[{"name":"wp","href":"https:\/\/api.w.org\/{rel}","templated":true}]}}