{"id":839,"date":"2024-04-04T10:27:28","date_gmt":"2024-04-04T13:27:28","guid":{"rendered":"https:\/\/upla.cl\/egresados\/?page_id=839"},"modified":"2025-08-14T16:22:58","modified_gmt":"2025-08-14T20:22:58","slug":"asesorias-y-cursos","status":"publish","type":"page","link":"https:\/\/upla.cl\/egresados\/asesorias-y-cursos\/","title":{"rendered":"Asesor\u00edas y cursos"},"content":{"rendered":"<p>[et_pb_section fb_built=\u00bb1&#8243; _builder_version=\u00bb4.16&#8243; _module_preset=\u00bbdefault\u00bb background_color=\u00bb#f9f9f9&#8243; min_height=\u00bb254px\u00bb custom_padding=\u00bb||0px|||\u00bb collapsed=\u00bboff\u00bb global_colors_info=\u00bb{}\u00bb][et_pb_row column_structure=\u00bb1_2,1_2&#8243; _builder_version=\u00bb4.16&#8243; _module_preset=\u00bbdefault\u00bb global_colors_info=\u00bb{}\u00bb][et_pb_column type=\u00bb1_2&#8243; _builder_version=\u00bb4.16&#8243; _module_preset=\u00bbdefault\u00bb global_colors_info=\u00bb{}\u00bb][et_pb_image src=\u00bbhttps:\/\/upla.cl\/egresados\/wp-content\/uploads\/2020\/11\/logoOK.png\u00bb title_text=\u00bblogoOK\u00bb url=\u00bb@ET-DC@eyJkeW5hbWljIjp0cnVlLCJjb250ZW50IjoicG9zdF9saW5rX3VybF9wYWdlIiwic2V0dGluZ3MiOnsicG9zdF9pZCI6IjgifX0=@\u00bb _builder_version=\u00bb4.16&#8243; _dynamic_attributes=\u00bburl\u00bb _module_preset=\u00bbdefault\u00bb global_colors_info=\u00bb{}\u00bb][\/et_pb_image][\/et_pb_column][et_pb_column type=\u00bb1_2&#8243; _builder_version=\u00bb4.16&#8243; _module_preset=\u00bbdefault\u00bb global_colors_info=\u00bb{}\u00bb][et_pb_image src=\u00bbhttps:\/\/upla.cl\/egresados\/wp-content\/uploads\/2021\/03\/ICONOS_UPLA3.png\u00bb title_text=\u00bbICONOS_UPLA3&#8243; _builder_version=\u00bb4.16&#8243; _module_preset=\u00bbdefault\u00bb global_colors_info=\u00bb{}\u00bb][\/et_pb_image][\/et_pb_column][\/et_pb_row][\/et_pb_section][et_pb_section fb_built=\u00bb1&#8243; _builder_version=\u00bb4.24.2&#8243; _module_preset=\u00bbdefault\u00bb global_colors_info=\u00bb{}\u00bb][et_pb_row _builder_version=\u00bb4.24.2&#8243; _module_preset=\u00bbdefault\u00bb global_colors_info=\u00bb{}\u00bb][et_pb_column type=\u00bb4_4&#8243; _builder_version=\u00bb4.24.2&#8243; _module_preset=\u00bbdefault\u00bb global_colors_info=\u00bb{}\u00bb][et_pb_heading title=\u00bbAsesor\u00edas y cursos de apoyo a la inserci\u00f3n laboral\u00bb _builder_version=\u00bb4.24.3&#8243; _module_preset=\u00bbdefault\u00bb title_font=\u00bb|700|||||||\u00bb title_text_color=\u00bb#0099cc\u00bb global_colors_info=\u00bb{}\u00bb][\/et_pb_heading][et_pb_text _builder_version=\u00bb4.25.2&#8243; _module_preset=\u00bbdefault\u00bb text_font_size=\u00bb18px\u00bb global_colors_info=\u00bb{}\u00bb]<\/p>\n<p><span style=\"font-weight: 400;\">Conseguir un empleo cuando no tienes experiencia o est\u00e1s reci\u00e9n egresado(a) puede parecer algo muy dif\u00edcil de lograr. Pero \u00a1no te desanimes!, la clave es la preparaci\u00f3n para el proceso de b\u00fasqueda y desde la Coordinaci\u00f3n Institucional de Seguimiento del Egresado y Egresada te queremos apoyar y acompa\u00f1ar en este proceso. Para lo anterior, hemos elaborado una serie de cursos y asesor\u00edas personalizadas que detallamos a continuaci\u00f3n:\u00a0<\/span><\/p>\n<p>\u200b<\/p>\n<p>[\/et_pb_text][et_pb_divider _builder_version=\u00bb4.24.3&#8243; _module_preset=\u00bbdefault\u00bb global_colors_info=\u00bb{}\u00bb][\/et_pb_divider][\/et_pb_column][\/et_pb_row][et_pb_row _builder_version=\u00bb4.24.2&#8243; _module_preset=\u00bbdefault\u00bb global_colors_info=\u00bb{}\u00bb][et_pb_column type=\u00bb4_4&#8243; _builder_version=\u00bb4.24.2&#8243; _module_preset=\u00bbdefault\u00bb global_colors_info=\u00bb{}\u00bb][et_pb_text _builder_version=\u00bb4.27.4&#8243; _module_preset=\u00bbdefault\u00bb text_font_size=\u00bb18px\u00bb global_colors_info=\u00bb{}\u00bb]<\/p>\n<h4><b>Programa de Asesor\u00edas Personalizadas ONLINE<\/b><\/h4>\n<p><span style=\"font-weight: 400;\">Al acceder a nuestro programa, tendr\u00e1s asesor\u00edas personalizadas con la profesional a cargo, quien te ayudar\u00e1 a visualizar tus habilidades y mejorar tus herramientas de b\u00fasqueda de empleo.<\/span><\/p>\n<p>[\/et_pb_text][et_pb_image src=\u00bbhttps:\/\/upla.cl\/egresados\/wp-content\/uploads\/2025\/03\/Flujograma-asesorias-2.png\u00bb title_text=\u00bbFlujograma asesor\u00edas (2)\u00bb _builder_version=\u00bb4.27.4&#8243; _module_preset=\u00bbdefault\u00bb global_colors_info=\u00bb{}\u00bb][\/et_pb_image][et_pb_text _builder_version=\u00bb4.27.4&#8243; _module_preset=\u00bbdefault\u00bb text_font_size=\u00bb18px\u00bb global_colors_info=\u00bb{}\u00bb]<\/p>\n<p><span style=\"font-weight: 400;\">Las sesiones personalizadas son parte del programa para egresados\/as de la UVCE que, desde el Enfoque Narrativo, busca mejorar los procesos de autopercepci\u00f3n y autoconocimiento de los participantes, en relaci\u00f3n con sus recursos personales, interpersonales y profesionales. A trav\u00e9s de esta metodolog\u00eda, se pretende que los egresados y egresadas adquieran una comprensi\u00f3n m\u00e1s profunda de sus habilidades y fortalezas, as\u00ed como de sus \u00e1reas de oportunidad. La metodolog\u00eda que se utilizar\u00e1 contempla:<\/span><\/p>\n<ul>\n<li><span style=\"font-weight: 400;\">Identificaci\u00f3n de Recursos y Capacidades.<\/span><\/li>\n<li style=\"font-weight: 400;\" aria-level=\"1\"><span style=\"font-weight: 400;\">Definici\u00f3n y Reconocimiento de Estrategias Organizacionales.<\/span><\/li>\n<li style=\"font-weight: 400;\" aria-level=\"1\"><span style=\"font-weight: 400;\">Construcci\u00f3n y Modificaci\u00f3n de CV.<\/span><\/li>\n<li style=\"font-weight: 400;\" aria-level=\"1\"><span style=\"font-weight: 400;\">Simulaci\u00f3n de Entrevistas Laborales.<\/span><\/li>\n<li style=\"font-weight: 400;\" aria-level=\"1\"><span style=\"font-weight: 400;\">Estrategias de b\u00fasqueda de empleo.<\/span><\/li>\n<\/ul>\n<p>Esperamos que este programa de asesor\u00edas personalizadas pueda dotar a los egresados\/as con las herramientas necesarias para mejorar su empleabilidad, elevando as\u00ed sus posibilidades de inserci\u00f3n laboral.<\/p>\n<p>[\/et_pb_text][et_pb_button button_url=\u00bbhttps:\/\/forms.gle\/D37CrdnzBJmtJxkq6&#8243; button_text=\u00bbSi est\u00e1s interesado\/a, reg\u00edstrate aqu\u00ed\u00bb button_alignment=\u00bbcenter\u00bb _builder_version=\u00bb4.27.4&#8243; _module_preset=\u00bbdefault\u00bb hover_enabled=\u00bb0&#8243; global_colors_info=\u00bb{}\u00bb sticky_enabled=\u00bb0&#8243;][\/et_pb_button][et_pb_text _builder_version=\u00bb4.27.4&#8243; _module_preset=\u00bbdefault\u00bb text_font_size=\u00bb18px\u00bb global_colors_info=\u00bb{}\u00bb]<\/p>\n<p style=\"text-align: left;\"><div class='et-box et-shadow'>\n\t\t\t\t\t<div class='et-box-content'>Los horarios disponibles son los siguientes:<\/p>\n<ul>\n<li style=\"text-align: left;\"><b>Bloque 1: MARTES, de 13:00 a 16:00 horas.<\/b><\/li>\n<li style=\"text-align: left;\"><b>Bloque 2: MI\u00c9RCOLES, de 09:00 a 12:00 horas.<\/b><\/li>\n<li style=\"text-align: left;\"><b>Bloque 3: JUEVES, de 09.00 a 12.00 horas.<\/b><\/li>\n<li><strong>Bloque 4: VIERNES, de 09:00 a 12:00 horas.\u00a0<\/strong><\/li>\n<\/ul>\n<p>*Se agendar\u00e1n las sesiones por orden de inscripci\u00f3n.<\/p>\n<p>*Se determinar\u00e1 el n\u00b0 de sesiones por egresados\/as.<\/p><\/div><\/div><\/p>\n<p>[\/et_pb_text][\/et_pb_column][\/et_pb_row][et_pb_row _builder_version=\u00bb4.24.3&#8243; _module_preset=\u00bbdefault\u00bb global_colors_info=\u00bb{}\u00bb][et_pb_column type=\u00bb4_4&#8243; _builder_version=\u00bb4.24.3&#8243; _module_preset=\u00bbdefault\u00bb global_colors_info=\u00bb{}\u00bb][et_pb_divider _builder_version=\u00bb4.24.3&#8243; _module_preset=\u00bbdefault\u00bb global_colors_info=\u00bb{}\u00bb][\/et_pb_divider][\/et_pb_column][\/et_pb_row][et_pb_row _builder_version=\u00bb4.24.2&#8243; _module_preset=\u00bbdefault\u00bb global_colors_info=\u00bb{}\u00bb][et_pb_column type=\u00bb4_4&#8243; _builder_version=\u00bb4.24.2&#8243; _module_preset=\u00bbdefault\u00bb global_colors_info=\u00bb{}\u00bb][et_pb_text _builder_version=\u00bb4.27.4&#8243; _module_preset=\u00bbdefault\u00bb text_font_size=\u00bb18px\u00bb global_colors_info=\u00bb{}\u00bb]<\/p>\n<h4><span style=\"color: #0099cc;\"><b>Curso de habilidades prelaborales para estudiantes: PRESENCIAL<\/b><\/span><\/h4>\n<p><span style=\"font-weight: 400;\">El objetivo de este curso es que los estudiantes de \u00faltimo a\u00f1o, puedan reconocer en un contexto real o simulado de aprendizaje, las estrategias de b\u00fasqueda de trabajo, distinguiendo sus competencias interpersonales y caracter\u00edsticas para que de esta forma, puedan observar sus habilidades sociales para su desempe\u00f1o profesional.\u00a0<\/span><\/p>\n<p>[\/et_pb_text][\/et_pb_column][\/et_pb_row][et_pb_row column_structure=\u00bb1_2,1_2&#8243; _builder_version=\u00bb4.27.4&#8243; _module_preset=\u00bbdefault\u00bb global_colors_info=\u00bb{}\u00bb][et_pb_column type=\u00bb1_2&#8243; _builder_version=\u00bb4.27.4&#8243; _module_preset=\u00bbdefault\u00bb global_colors_info=\u00bb{}\u00bb][et_pb_image src=\u00bbhttps:\/\/upla.cl\/egresados\/wp-content\/uploads\/2025\/03\/cursos-de-habilidades-prelaborales-01-CORREGIDA-scaled.jpg\u00bb title_text=\u00bbcursos de habilidades prelaborales 01 CORREGIDA\u00bb _builder_version=\u00bb4.27.4&#8243; _module_preset=\u00bbdefault\u00bb global_colors_info=\u00bb{}\u00bb][\/et_pb_image][\/et_pb_column][et_pb_column type=\u00bb1_2&#8243; _builder_version=\u00bb4.27.4&#8243; _module_preset=\u00bbdefault\u00bb global_colors_info=\u00bb{}\u00bb][et_pb_image src=\u00bbhttps:\/\/upla.cl\/egresados\/wp-content\/uploads\/2025\/03\/cursos-de-habilidades-prelaborales-02-1-scaled.jpg\u00bb title_text=\u00bbcursos de habilidades prelaborales 02&#8243; admin_label=\u00bbImagen\u00bb _builder_version=\u00bb4.27.4&#8243; _module_preset=\u00bbdefault\u00bb global_colors_info=\u00bb{}\u00bb][\/et_pb_image][\/et_pb_column][\/et_pb_row][et_pb_row _builder_version=\u00bb4.27.4&#8243; _module_preset=\u00bbdefault\u00bb global_colors_info=\u00bb{}\u00bb][et_pb_column type=\u00bb4_4&#8243; _builder_version=\u00bb4.27.4&#8243; _module_preset=\u00bbdefault\u00bb global_colors_info=\u00bb{}\u00bb][et_pb_text _builder_version=\u00bb4.27.4&#8243; _module_preset=\u00bbdefault\u00bb global_colors_info=\u00bb{}\u00bb]<\/p>\n<p>La Unidad de V\u00ednculos con la Comunidad Egresada y Empleadores te invita al \u00abCurso de Habilidades Prelaborales, que se desarrollar\u00e1 durante el primer semestre 2025. Este curso consta de 3 versiones y contempla un seminario de finalizaci\u00f3n, que se realizar\u00e1 en julio, con una metodolog\u00eda te\u00f3rico-pr\u00e1ctica.<\/p>\n<p>El objetivo de este curso es desarrollar herramientas para potenciar su inserci\u00f3n laboral, que se abordar\u00e1n en los siguientes m\u00f3dulos:<\/p>\n<ul>\n<li>Autoconocimiento.<\/li>\n<li>Comunicaci\u00f3n, Lenguaje Corporal y Habilidades Sociales.<\/li>\n<li>Confecci\u00f3n y Revisi\u00f3n de Curr\u00edculum Vitae.<\/li>\n<li>Estrategias de b\u00fasqueda de trabajo Comportamiento Social.<\/li>\n<li>Gesti\u00f3n emocional, simulaci\u00f3n de entrevista laboral, y retroalimentaci\u00f3n, Permanencia.<\/li>\n<li>Presentaci\u00f3n grupal de Habilidades Sociales para el trabajo.<\/li>\n<li>Seminario \u00abCompetencias para la inserci\u00f3n laboral y emprendimiento\u00bb.<\/li>\n<\/ul>\n<p><strong>IMPORTANTE: Puedes participar en cualquiera de las tres versiones.<\/strong><\/p>\n<p><strong>Versi\u00f3n 1<\/strong><br \/>\u2022 Exponen: Claudia Herrera Avello y Alexandra Ceballos Vel\u00e1squez.<br \/>\u2022 Mes y d\u00edas: abril mi\u00e9rcoles 02 &#8211; 09 &#8211; 16 &#8211; 23 &#8211; 30 y mayo mi\u00e9rcoles 07.<br \/>\u2022 Horario: 5\u00b0 y 6\u00b0 per\u00edodo desde las 14.00 a las 16.45 horas.<br \/>\u2022 Sala: B &#8211; 503 Facultad de Ciencias Naturales y Exactas.<\/p>\n<p><strong>Versi\u00f3n 2<\/strong><br \/>\u2022 Exponen: Claudia Herrera Avello y Alexandra Ceballos Vel\u00e1squez.<br \/>\u2022 Mes y d\u00edas: mayo mi\u00e9rcoles 14 &#8211; 28\u00a0\u00a0\u00a0y junio mi\u00e9rcoles 04 &#8211; 11 &#8211; 18 y 25.<br \/>\u2022 Horario: 5\u00b0 y 6\u00b0 per\u00edodo desde las 14.00 a las 16.45 horas.<br \/>\u2022 Sala: B &#8211; 503 Facultad de Ciencias Naturales y Exactas.<\/p>\n<p><strong>Versi\u00f3n 3:<\/strong><br \/>\u2022 Exponen: Claudia Herrera Avello y Alexandra Ceballos Vel\u00e1squez.<br \/>\u2022 Mes y d\u00edas: mayo viernes 23 -30 junio viernes 06 -13 -27 y julio viernes 04.<br \/>\u2022 Horario: 09.30 a las 12.00 horas.<br \/>\u2022 Modalidad online.<\/p>\n<p>Seminario de cierre \u00ab<strong>Competencias para el trabajo y <\/strong><strong>emprendimiento<\/strong>\u00ab<\/p>\n<ul>\n<li>Asistencia obligatoria.<\/li>\n<li>D\u00eda y Mes: viernes 10 de julio 2025.<\/li>\n<li>Horario: 09.30 a las 13.00 horas.<\/li>\n<li>Sala: Auditorio de Ciencias Naturales y Exactas.<\/li>\n<\/ul>\n<p>En caso de dudas o sugerencias, escribir a <a href=\"mailto:egresados@upla.cl\">egresados@upla.cl<\/a><\/p>\n<p>[\/et_pb_text][et_pb_text _builder_version=\u00bb4.27.4&#8243; _module_preset=\u00bbdefault\u00bb global_colors_info=\u00bb{}\u00bb]<\/p>\n<p style=\"text-align: center;\"><div class='et-box et-shadow'>\n\t\t\t\t\t<div class='et-box-content'>El curso cuenta con certificaci\u00f3n de 54 horas si completa todas las sesiones<\/div><\/div><\/p>\n<p>[\/et_pb_text][et_pb_button button_url=\u00bbhttps:\/\/docs.google.com\/forms\/d\/e\/1FAIpQLScsC61IvIEUfzFw8FDL4nMA4Yh1RZN37Zkr295pwpcvYIk6hw\/viewform\u00bb button_text=\u00bbInscr\u00edbete aqu\u00ed\u00bb button_alignment=\u00bbcenter\u00bb _builder_version=\u00bb4.27.4&#8243; _module_preset=\u00bbdefault\u00bb global_colors_info=\u00bb{}\u00bb][\/et_pb_button][\/et_pb_column][\/et_pb_row][\/et_pb_section][et_pb_section fb_built=\u00bb1&#8243; _builder_version=\u00bb4.16&#8243; _module_preset=\u00bbdefault\u00bb global_colors_info=\u00bb{}\u00bb][et_pb_row _builder_version=\u00bb4.16&#8243; _module_preset=\u00bbdefault\u00bb custom_margin=\u00bb-69px|auto||auto||\u00bb global_colors_info=\u00bb{}\u00bb][et_pb_column type=\u00bb4_4&#8243; _builder_version=\u00bb4.16&#8243; _module_preset=\u00bbdefault\u00bb global_colors_info=\u00bb{}\u00bb][et_pb_image src=\u00bbhttps:\/\/upla.cl\/egresados\/wp-content\/uploads\/2025\/04\/banner-red-de-egresados-scaled.jpg\u00bb title_text=\u00bbbanner red de egresados\u00bb url=\u00bbhttps:\/\/upla.cl\/egresados\/red-de-egresados-y-egresadas\/\u00bb align=\u00bbcenter\u00bb admin_label=\u00bbImagen\u00bb _builder_version=\u00bb4.27.4&#8243; _module_preset=\u00bbdefault\u00bb custom_padding=\u00bb||5px|||\u00bb global_colors_info=\u00bb{}\u00bb][\/et_pb_image][\/et_pb_column][\/et_pb_row][\/et_pb_section][et_pb_section fb_built=\u00bb1&#8243; _builder_version=\u00bb4.16&#8243; _module_preset=\u00bbdefault\u00bb background_color=\u00bb#199BD8&#8243; global_module=\u00bb1353&#8243; saved_tabs=\u00bball\u00bb locked=\u00bboff\u00bb global_colors_info=\u00bb{}\u00bb][et_pb_row column_structure=\u00bb1_3,1_3,1_3&#8243; make_equal=\u00bbon\u00bb _builder_version=\u00bb4.27.4&#8243; _module_preset=\u00bbdefault\u00bb width=\u00bb100%\u00bb module_alignment=\u00bbcenter\u00bb min_height=\u00bb210px\u00bb max_height=\u00bb201px\u00bb global_colors_info=\u00bb{}\u00bb][et_pb_column type=\u00bb1_3&#8243; _builder_version=\u00bb4.16&#8243; _module_preset=\u00bbdefault\u00bb global_colors_info=\u00bb{}\u00bb][et_pb_image src=\u00bbhttps:\/\/upla.cl\/egresados\/wp-content\/uploads\/2024\/12\/logo-blanco-01.png\u00bb title_text=\u00bblogo blanco-01&#8243; show_bottom_space=\u00bboff\u00bb _builder_version=\u00bb4.27.4&#8243; _module_preset=\u00bbdefault\u00bb global_colors_info=\u00bb{}\u00bb][\/et_pb_image][\/et_pb_column][et_pb_column type=\u00bb1_3&#8243; _builder_version=\u00bb4.27.4&#8243; _module_preset=\u00bbdefault\u00bb global_colors_info=\u00bb{}\u00bb][et_pb_image src=\u00bbhttps:\/\/www.upla.cl\/portada\/wp-content\/uploads\/2025\/03\/20250311_upla_acreditada_2022-2027-monocromo-fondo-oscuro.png\u00bb title_text=\u00bb03 &#8211; UPLA_acreditada_2022-2027-BLANCO\u00bb url=\u00bbhttps:\/\/www.upla.cl\/calidad\/acreditacion\/\u00bb url_new_window=\u00bbon\u00bb _builder_version=\u00bb4.27.4&#8243; _module_preset=\u00bbdefault\u00bb global_colors_info=\u00bb{}\u00bb][\/et_pb_image][\/et_pb_column][et_pb_column type=\u00bb1_3&#8243; _builder_version=\u00bb4.16&#8243; _module_preset=\u00bbdefault\u00bb global_colors_info=\u00bb{}\u00bb][et_pb_text _builder_version=\u00bb4.24.2&#8243; _module_preset=\u00bbdefault\u00bb text_font=\u00bb|300|||||||\u00bb text_text_color=\u00bb#FFFFFF\u00bb text_font_size=\u00bb19px\u00bb global_colors_info=\u00bb{}\u00bb]<\/p>\n<p>&nbsp;<\/p>\n<ul>\n<li>Telefono: (+56) 32 2205094<\/li>\n<li>Facebook: EgresadosUpla<\/li>\n<li>Mail: egresados@upla.cl<\/li>\n<\/ul>\n<p>[\/et_pb_text][\/et_pb_column][\/et_pb_row][\/et_pb_section]<\/p>\n","protected":false},"excerpt":{"rendered":"<p>Conseguir un empleo cuando no tienes experiencia o est\u00e1s reci\u00e9n egresado(a) puede parecer algo muy dif\u00edcil de lograr. Pero \u00a1no te desanimes!, la clave es la preparaci\u00f3n para el proceso de b\u00fasqueda y desde la Coordinaci\u00f3n Institucional de Seguimiento del Egresado y Egresada te queremos apoyar y acompa\u00f1ar en este proceso. Para lo anterior, hemos [&hellip;]<\/p>\n","protected":false},"author":5,"featured_media":0,"parent":0,"menu_order":0,"comment_status":"closed","ping_status":"closed","template":"","meta":{"_et_pb_use_builder":"on","_et_pb_old_content":"","_et_gb_content_width":"","footnotes":""},"class_list":["post-839","page","type-page","status-publish","hentry"],"_links":{"self":[{"href":"https:\/\/upla.cl\/egresados\/wp-json\/wp\/v2\/pages\/839","targetHints":{"allow":["GET"]}}],"collection":[{"href":"https:\/\/upla.cl\/egresados\/wp-json\/wp\/v2\/pages"}],"about":[{"href":"https:\/\/upla.cl\/egresados\/wp-json\/wp\/v2\/types\/page"}],"author":[{"embeddable":true,"href":"https:\/\/upla.cl\/egresados\/wp-json\/wp\/v2\/users\/5"}],"replies":[{"embeddable":true,"href":"https:\/\/upla.cl\/egresados\/wp-json\/wp\/v2\/comments?post=839"}],"version-history":[{"count":46,"href":"https:\/\/upla.cl\/egresados\/wp-json\/wp\/v2\/pages\/839\/revisions"}],"predecessor-version":[{"id":1590,"href":"https:\/\/upla.cl\/egresados\/wp-json\/wp\/v2\/pages\/839\/revisions\/1590"}],"wp:attachment":[{"href":"https:\/\/upla.cl\/egresados\/wp-json\/wp\/v2\/media?parent=839"}],"curies":[{"name":"wp","href":"https:\/\/api.w.org\/{rel}","templated":true}]}}