{"id":106888,"date":"2024-05-13T23:07:53","date_gmt":"2024-05-13T21:07:53","guid":{"rendered":"https:\/\/upla.cl\/facultad\/arte\/?page_id=106888"},"modified":"2024-05-16T23:43:43","modified_gmt":"2024-05-16T21:43:43","slug":"museo-universitario-del-grabado-mug","status":"publish","type":"page","link":"https:\/\/upla.cl\/facultad\/arte\/museo-universitario-del-grabado-mug\/","title":{"rendered":"Museo Universitario del Grabado (MUG)"},"content":{"rendered":"<p>[et_pb_section fb_built=\u00bb1&#8243; fullwidth=\u00bbon\u00bb _builder_version=\u00bb4.16&#8243; _module_preset=\u00bbdefault\u00bb global_colors_info=\u00bb{}\u00bb][et_pb_fullwidth_post_title meta=\u00bboff\u00bb featured_placement=\u00bbbackground\u00bb _builder_version=\u00bb4.25.1&#8243; _module_preset=\u00bbdefault\u00bb title_text_color=\u00bb#FFFFFF\u00bb background_color=\u00bb#565656&#8243; background_image=\u00bbhttps:\/\/upla.cl\/facultad\/arte\/wp-content\/uploads\/2023\/12\/20231206_saladearteescenico.jpg\u00bb background_position=\u00bbtop_center\u00bb background_blend=\u00bbmultiply\u00bb max_height=\u00bb15%\u00bb custom_padding=\u00bb13%||13%||true|false\u00bb hover_enabled=\u00bb0&#8243; global_colors_info=\u00bb{}\u00bb sticky_enabled=\u00bb0&#8243; title_text_shadow_style=\u00bbpreset2&#8243;][\/et_pb_fullwidth_post_title][\/et_pb_section][et_pb_section fb_built=\u00bb1&#8243; _builder_version=\u00bb4.25.1&#8243; _module_preset=\u00bbdefault\u00bb custom_padding=\u00bb5%||5%||true|false\u00bb global_colors_info=\u00bb{}\u00bb][et_pb_row column_structure=\u00bb2_5,3_5&#8243; _builder_version=\u00bb4.23.1&#8243; _module_preset=\u00bbdefault\u00bb border_color_bottom=\u00bb#f29fc5&#8243; global_colors_info=\u00bb{}\u00bb][et_pb_column type=\u00bb2_5&#8243; _builder_version=\u00bb4.16&#8243; _module_preset=\u00bbdefault\u00bb global_colors_info=\u00bb{}\u00bb][et_pb_image src=\u00bbhttps:\/\/upla.cl\/facultad\/arte\/wp-content\/uploads\/2024\/05\/logo-web.png\u00bb alt=\u00bbMuseo Universitario del Grabado (MUG-UPLA)\u00bb title_text=\u00bbMuseo Universitario del Grabado (MUG-UPLA)\u00bb admin_label=\u00bbLogo MUG\u00bb _builder_version=\u00bb4.25.1&#8243; _module_preset=\u00bbdefault\u00bb global_colors_info=\u00bb{}\u00bb][\/et_pb_image][\/et_pb_column][et_pb_column type=\u00bb3_5&#8243; _builder_version=\u00bb4.16&#8243; _module_preset=\u00bbdefault\u00bb global_colors_info=\u00bb{}\u00bb][et_pb_text _builder_version=\u00bb4.25.1&#8243; _module_preset=\u00bbdefault\u00bb global_colors_info=\u00bb{}\u00bb]<\/p>\n<p>El Museo Universitario del Grabado de Valpara\u00edso (MUG-UPLA), conserva, investiga y difunde el patrimonio del arte del grabado en el m\u00e1s amplio espectro de su est\u00e9tica y creaci\u00f3n, para beneficio de la sociedad toda, democratizando as\u00ed el uso de sus bienes en favor de los derechos culturales de las personas, sin distinci\u00f3n etaria, de credos y razas, desde lo nacional a lo latinoamericano y al mundo.<\/p>\n<p>Promueve la visibilizaci\u00f3n del arte como construcci\u00f3n identitaria y de pertenencia, as\u00ed como de pr\u00e1cticas de lugaridad local y de memoria imaginada, que visibiliza las construcciones identitarias y de pertencia de todo el pueblo integrado a la comunidad de Am\u00e9rica Latina y el Caribe.<\/p>\n<p>[\/et_pb_text][et_pb_button button_url=\u00bbhttps:\/\/www.mugupla.cl\/\u00bb url_new_window=\u00bbon\u00bb button_text=\u00bbAccede aqu\u00ed al sitio del MUG-UPLA\u00bb button_alignment=\u00bbleft\u00bb admin_label=\u00bbbot\u00f3n M\u00e1s informaci\u00f3n\u00bb _builder_version=\u00bb4.25.1&#8243; _module_preset=\u00bbdefault\u00bb custom_button=\u00bbon\u00bb button_text_size=\u00bb16px\u00bb button_text_color=\u00bb#b10061&#8243; button_bg_color=\u00bb#FFFFFF\u00bb button_border_width=\u00bb2px\u00bb button_border_color=\u00bb#b10061&#8243; button_border_radius=\u00bb6px\u00bb button_letter_spacing=\u00bb0px\u00bb button_font=\u00bbLato|700|||||||\u00bb button_icon=\u00bb&#x35;||divi||400&#8243; custom_margin=\u00bb||||false|false\u00bb animation_style=\u00bbfade\u00bb button_bg_color_last_edited=\u00bboff|tablet\u00bb box_shadow_style=\u00bbpreset3&#8243; box_shadow_color=\u00bbrgba(250,127,40,0.4)\u00bb global_colors_info=\u00bb{}\u00bb button_bg_color__hover_enabled=\u00bbon|desktop\u00bb button_bg_color__hover=\u00bb#b10061&#8243; button_bg_enable_color__hover=\u00bbon\u00bb button_border_color__hover_enabled=\u00bbon|hover\u00bb button_border_color__hover=\u00bbRGBA(255,255,255,0)\u00bb button_text_color__hover_enabled=\u00bbon|hover\u00bb button_text_color__hover=\u00bb#FFFFFF\u00bb][\/et_pb_button][\/et_pb_column][\/et_pb_row][\/et_pb_section][et_pb_section fb_built=\u00bb1&#8243; disabled_on=\u00bbon|on|on\u00bb _builder_version=\u00bb4.25.1&#8243; _module_preset=\u00bbdefault\u00bb background_color=\u00bb#B10061&#8243; custom_padding=\u00bb||0px|||\u00bb disabled=\u00bbon\u00bb global_colors_info=\u00bb{}\u00bb][et_pb_row _builder_version=\u00bb4.24.3&#8243; _module_preset=\u00bbdefault\u00bb global_colors_info=\u00bb{}\u00bb][et_pb_column type=\u00bb4_4&#8243; _builder_version=\u00bb4.24.3&#8243; _module_preset=\u00bbdefault\u00bb global_colors_info=\u00bb{}\u00bb][et_pb_text _builder_version=\u00bb4.23.1&#8243; _module_preset=\u00bbdefault\u00bb text_text_color=\u00bb#FFFFFF\u00bb header_2_font=\u00bb|700|||||||\u00bb header_2_text_color=\u00bb#FFFFFF\u00bb global_colors_info=\u00bb{}\u00bb]<\/p>\n<h2 style=\"text-align: center;\">M\u00e1s de Vinculaci\u00f3n con el Medio<\/h2>\n<p>[\/et_pb_text][et_pb_post_slider posts_number=\u00bb10&#8243; include_categories=\u00bb12,10&#8243; orderby=\u00bbdate_asc\u00bb use_manual_excerpt=\u00bboff\u00bb show_meta=\u00bboff\u00bb image_placement=\u00bbleft\u00bb use_bg_overlay=\u00bboff\u00bb use_text_overlay=\u00bboff\u00bb _builder_version=\u00bb4.25.0&#8243; _module_preset=\u00bbdefault\u00bb header_font=\u00bb&#8211;et_global_heading_font|600|||||||\u00bb background_color=\u00bbRGBA(255,255,255,0)\u00bb custom_button=\u00bbon\u00bb button_text_color=\u00bb#FFFFFF\u00bb button_border_width=\u00bb1px\u00bb custom_padding=\u00bb50px|||||\u00bb global_colors_info=\u00bb{}\u00bb button_bg_color__hover_enabled=\u00bbon|hover\u00bb button_bg_color__hover=\u00bb#FFFFFF\u00bb button_bg_enable_color__hover=\u00bbon\u00bb button_text_color__hover_enabled=\u00bbon|hover\u00bb button_text_color__hover=\u00bb#B10061&#8243; button_border_width__hover_enabled=\u00bbon|hover\u00bb button_border_width__hover=\u00bb0px\u00bb][\/et_pb_post_slider][\/et_pb_column][\/et_pb_row][\/et_pb_section][et_pb_section fb_built=\u00bb1&#8243; admin_label=\u00bbFooter\u00bb _builder_version=\u00bb4.23.1&#8243; _module_preset=\u00bbdefault\u00bb background_color=\u00bb#BCE3FA\u00bb custom_margin=\u00bb||-58px|||\u00bb custom_padding=\u00bb||7px|||\u00bb global_module=\u00bb105846&#8243; saved_tabs=\u00bball\u00bb global_colors_info=\u00bb{}\u00bb][et_pb_row column_structure=\u00bb3_5,2_5&#8243; use_custom_gutter=\u00bbon\u00bb _builder_version=\u00bb4.16&#8243; _module_preset=\u00bbdefault\u00bb width=\u00bb90%\u00bb max_width=\u00bb2560px\u00bb global_colors_info=\u00bb{}\u00bb][et_pb_column type=\u00bb3_5&#8243; _builder_version=\u00bb4.16&#8243; _module_preset=\u00bbdefault\u00bb global_colors_info=\u00bb{}\u00bb][et_pb_blurb title=\u00bbCont\u00e1ctanos\u00bb use_icon=\u00bbon\u00bb font_icon=\u00bb&#xe00b;||divi||400&#8243; icon_color=\u00bb#000000&#8243; icon_placement=\u00bbleft\u00bb _builder_version=\u00bb4.16&#8243; _module_preset=\u00bbdefault\u00bb header_font=\u00bb|700|||||||\u00bb header_font_size=\u00bb30px\u00bb custom_margin=\u00bb||0px|||\u00bb global_colors_info=\u00bb{}\u00bb][\/et_pb_blurb][et_pb_text _builder_version=\u00bb4.23.1&#8243; _module_preset=\u00bbdefault\u00bb global_colors_info=\u00bb{}\u00bb]<\/p>\n<p><span><style id=\"wpforms-css-vars-105714\">\n\t\t\t\t#wpforms-105714 {\n\t\t\t\t\n\t\t\t}\n\t\t\t<\/style><div class=\"wpforms-container wpforms-container-full wpforms-render-modern\" id=\"wpforms-105714\"><form id=\"wpforms-form-105714\" class=\"wpforms-validate wpforms-form wpforms-ajax-form\" data-formid=\"105714\" method=\"post\" enctype=\"multipart\/form-data\" action=\"\/facultad\/arte\/wp-json\/wp\/v2\/pages\/106888\" data-token=\"67c367ed6924e2d2e31caec9a11864bb\" data-token-time=\"1777559162\"><noscript class=\"wpforms-error-noscript\">Por favor, activa JavaScript en tu navegador para completar este formulario.<\/noscript><div id=\"wpforms-error-noscript\" style=\"display: none;\">Por favor, activa JavaScript en tu navegador para completar este formulario.<\/div><div class=\"wpforms-field-container\"><div id=\"wpforms-105714-field_0-container\" class=\"wpforms-field wpforms-field-name\" data-field-id=\"0\"><fieldset><legend class=\"wpforms-field-label\">Nombre <span class=\"wpforms-required-label\" aria-hidden=\"true\">*<\/span><\/legend><div class=\"wpforms-field-row wpforms-field-medium\"><div class=\"wpforms-field-row-block wpforms-first wpforms-one-half\"><input type=\"text\" id=\"wpforms-105714-field_0\" class=\"wpforms-field-name-first wpforms-field-required\" name=\"wpforms[fields][0][first]\" aria-errormessage=\"wpforms-105714-field_0-error\" required><label for=\"wpforms-105714-field_0\" class=\"wpforms-field-sublabel after\">Nombre<\/label><\/div><div class=\"wpforms-field-row-block wpforms-one-half\"><input type=\"text\" id=\"wpforms-105714-field_0-last\" class=\"wpforms-field-name-last wpforms-field-required\" name=\"wpforms[fields][0][last]\" aria-errormessage=\"wpforms-105714-field_0-last-error\" required><label for=\"wpforms-105714-field_0-last\" class=\"wpforms-field-sublabel after\">Apellidos<\/label><\/div><\/div><\/fieldset><\/div><div id=\"wpforms-105714-field_1-container\" class=\"wpforms-field wpforms-field-email\" data-field-id=\"1\"><fieldset><legend class=\"wpforms-field-label\">Correo electr\u00f3nico <span class=\"wpforms-required-label\" aria-hidden=\"true\">*<\/span><\/legend><div class=\"wpforms-field-row wpforms-field-medium\"><div class=\"wpforms-field-row-block wpforms-one-half wpforms-first\"><input type=\"email\" id=\"wpforms-105714-field_1\" class=\"wpforms-field-required wpforms-field-email-primary\" name=\"wpforms[fields][1][primary]\" spellcheck=\"false\" aria-errormessage=\"wpforms-105714-field_1-error\" required><label for=\"wpforms-105714-field_1\" class=\"wpforms-field-sublabel after\">Correo electr\u00f3nico<\/label><\/div><div class=\"wpforms-field-row-block wpforms-one-half\"><input type=\"email\" id=\"wpforms-105714-field_1-secondary\" class=\"wpforms-field-email-secondary wpforms-field-required\" data-rule-confirm=\"#wpforms-105714-field_1\" name=\"wpforms[fields][1][secondary]\" spellcheck=\"false\" aria-errormessage=\"wpforms-105714-field_1-secondary-error\" required><label for=\"wpforms-105714-field_1-secondary\" class=\"wpforms-field-sublabel after\">Confirmar el correo electr\u00f3nico<\/label><\/div><\/div><\/fieldset><\/div><div id=\"wpforms-105714-field_4-container\" class=\"wpforms-field wpforms-field-number\" data-field-id=\"4\"><label class=\"wpforms-field-label\" for=\"wpforms-105714-field_4\">Tel\u00e9fono de contacto<\/label><input type=\"number\" id=\"wpforms-105714-field_4\" class=\"wpforms-field-small\" name=\"wpforms[fields][4]\" step=\"any\" aria-errormessage=\"wpforms-105714-field_4-error\" aria-describedby=\"wpforms-105714-field_4-description\" ><div id=\"wpforms-105714-field_4-description\" class=\"wpforms-field-description\">Registre aqu\u00ed su n\u00famero de tel\u00e9fono si desea que le contactemos telef\u00f3nicamente (Opcional)<\/div><\/div><div id=\"wpforms-105714-field_2-container\" class=\"wpforms-field wpforms-field-textarea\" data-field-id=\"2\"><label class=\"wpforms-field-label\" for=\"wpforms-105714-field_2\">Mensaje <span class=\"wpforms-required-label\" aria-hidden=\"true\">*<\/span><\/label><textarea id=\"wpforms-105714-field_2\" class=\"wpforms-field-medium wpforms-field-required\" name=\"wpforms[fields][2]\" aria-errormessage=\"wpforms-105714-field_2-error\" required><\/textarea><\/div><\/div><!-- .wpforms-field-container --><div class=\"wpforms-submit-container\" ><input type=\"hidden\" name=\"wpforms[id]\" value=\"105714\"><input type=\"hidden\" name=\"page_title\" value=\"\"><input type=\"hidden\" name=\"page_url\" value=\"https:\/\/upla.cl\/facultad\/arte\/wp-json\/wp\/v2\/pages\/106888\"><input type=\"hidden\" name=\"url_referer\" value=\"\"><button type=\"submit\" name=\"wpforms[submit]\" id=\"wpforms-submit-105714\" class=\"wpforms-submit\" data-alt-text=\"Enviando...\" data-submit-text=\"Enviar\" aria-live=\"assertive\" value=\"wpforms-submit\">Enviar<\/button><img loading=\"lazy\" decoding=\"async\" src=\"https:\/\/upla.cl\/facultad\/arte\/wp-content\/plugins\/wpforms-lite\/assets\/images\/submit-spin.svg\" class=\"wpforms-submit-spinner\" style=\"display: none;\" width=\"26\" height=\"26\" alt=\"Cargando\"><\/div><\/form><\/div>  <!-- .wpforms-container --><\/span><\/p>\n<p>[\/et_pb_text][\/et_pb_column][et_pb_column type=\u00bb2_5&#8243; _builder_version=\u00bb4.16&#8243; _module_preset=\u00bbdefault\u00bb global_colors_info=\u00bb{}\u00bb][et_pb_blurb title=\u00bbEncu\u00e9ntranos\u00bb use_icon=\u00bbon\u00bb font_icon=\u00bb&#xe01d;||divi||400&#8243; icon_color=\u00bb#000000&#8243; icon_placement=\u00bbleft\u00bb _builder_version=\u00bb4.25.0&#8243; _module_preset=\u00bbdefault\u00bb header_font=\u00bb|700|||||||\u00bb header_font_size=\u00bb30px\u00bb global_colors_info=\u00bb{}\u00bb]<\/p>\n<p>Av. Guillermo Gonz\u00e1lez De Hontaneda 855, Playa Ancha, Valpara\u00edso.<\/p>\n<p>[\/et_pb_blurb][et_pb_code _builder_version=\u00bb4.23.1&#8243; _module_preset=\u00bbdefault\u00bb global_colors_info=\u00bb{}\u00bb]<iframe src=\"https:\/\/www.google.com\/maps\/embed?pb=!1m18!1m12!1m3!1d542.440888456234!2d-71.64189749127208!3d-33.023349508336885!2m3!1f0!2f0!3f0!3m2!1i1024!2i768!4f13.1!3m3!1m2!1s0x9689e6c64daeace1%3A0xbdadbd524f270fd1!2sUniversidad%20de%20Playa%20Ancha%20-%20Campus%202%20Facultad%20de%20Arte!5e0!3m2!1ses!2scl!4v1700489608180!5m2!1ses!2scl\" width=\"100%\" height=\"450\" style=\"border:0;\" allowfullscreen=\"\" loading=\"lazy\"><\/iframe>[\/et_pb_code][\/et_pb_column][\/et_pb_row][\/et_pb_section]<\/p>\n","protected":false},"excerpt":{"rendered":"<p>El Museo Universitario del Grabado de Valpara\u00edso (MUG-UPLA), conserva, investiga y difunde el patrimonio del arte del grabado en el m\u00e1s amplio espectro de su est\u00e9tica y creaci\u00f3n, para beneficio de la sociedad toda, democratizando as\u00ed el uso de sus bienes en favor de los derechos culturales de las personas, sin distinci\u00f3n etaria, de credos [&hellip;]<\/p>\n","protected":false},"author":1,"featured_media":106889,"parent":0,"menu_order":0,"comment_status":"closed","ping_status":"closed","template":"","meta":{"_et_pb_use_builder":"on","_et_pb_old_content":"","_et_gb_content_width":"","footnotes":""},"class_list":["post-106888","page","type-page","status-publish","has-post-thumbnail","hentry"],"_links":{"self":[{"href":"https:\/\/upla.cl\/facultad\/arte\/wp-json\/wp\/v2\/pages\/106888","targetHints":{"allow":["GET"]}}],"collection":[{"href":"https:\/\/upla.cl\/facultad\/arte\/wp-json\/wp\/v2\/pages"}],"about":[{"href":"https:\/\/upla.cl\/facultad\/arte\/wp-json\/wp\/v2\/types\/page"}],"author":[{"embeddable":true,"href":"https:\/\/upla.cl\/facultad\/arte\/wp-json\/wp\/v2\/users\/1"}],"replies":[{"embeddable":true,"href":"https:\/\/upla.cl\/facultad\/arte\/wp-json\/wp\/v2\/comments?post=106888"}],"version-history":[{"count":0,"href":"https:\/\/upla.cl\/facultad\/arte\/wp-json\/wp\/v2\/pages\/106888\/revisions"}],"wp:featuredmedia":[{"embeddable":true,"href":"https:\/\/upla.cl\/facultad\/arte\/wp-json\/wp\/v2\/media\/106889"}],"wp:attachment":[{"href":"https:\/\/upla.cl\/facultad\/arte\/wp-json\/wp\/v2\/media?parent=106888"}],"curies":[{"name":"wp","href":"https:\/\/api.w.org\/{rel}","templated":true}]}}