{"id":129465,"date":"2026-03-19T09:53:31","date_gmt":"2026-03-19T12:53:31","guid":{"rendered":"https:\/\/upla.cl\/facultad\/humanidades\/?page_id=129465"},"modified":"2026-03-19T11:21:39","modified_gmt":"2026-03-19T14:21:39","slug":"129465-2","status":"publish","type":"page","link":"https:\/\/upla.cl\/facultad\/humanidades\/129465-2\/","title":{"rendered":"GRUPO INTERDISCIPLINARIO DE INVESTIGACI\u00d3N AVANZADA (GIIA) UPLAVIOLENCIA"},"content":{"rendered":"<p>[et_pb_section][et_pb_row][et_pb_column type=\u00bb4_4&#8243;][et_pb_text]<\/p>\n<h3><strong>GRUPO INTERDISCIPLINARIO DE INVESTIGACI\u00d3N AVANZADA (GIIA) UPLAVIOLENCIA<\/strong><\/h3>\n<p><div align=\"justify\">Creado en 2017 con el nombre de Grupo Internacional de Investigaci\u00f3n de la Violencia, cuenta con Resoluci\u00f3n Externa 01\/2022 que lo acredita como Grupo Interdisciplinario de Investigaci\u00f3n Avanzada de la Universidad de Playa Ancha\n<\/div>\n<\/p>\n<p><STRONG>PRESENTACI\u00d3N<\/STRONG><\/p>\n<div align=\"justify\">Como grupo de investigaci\u00f3n nos interesa construir un di\u00e1logo interdisciplinario cr\u00edtico, plural y comparativo entre las violencias y su representaci\u00f3n cultural en Latinoam\u00e9rica y el Caribe, sobre todo en la literatura, las artes visuales y la cinematograf\u00eda. Buscar sus entresijos, sus certezas a medias, sus discursos disimulados; tambi\u00e9n la sintaxis evidente, no por esto menos fruct\u00edfera para el an\u00e1lisis. Ver c\u00f3mo las violencias trasvasan sus formatos de enunciaci\u00f3n y su focalizaci\u00f3n geogr\u00e1fica y contextual para convertirse en un tema recurrente, definitorio, del imaginario de la sociedad contempor\u00e1nea.<br \/>\nAdem\u00e1s, mencionamos el enfoque de las violencias mediante el desmontaje que realizan algunas construcciones alternativas, las \u201cpr\u00e1cticas emergentes\u201d teorizadas por Edward Said, las cuales operan como constructos para contrarrestar la representaci\u00f3n hegem\u00f3nica del espacio acad\u00e9mico m\u00e1s tradicional y de esta manera generar una comarca discursiva con nuevos paradigmas identitarios.\n<\/div>\n<\/p>\n<hr>\n<p>\n<strong>INTEGRANTES:<\/strong><\/p>\n<ul>\n<li>Dra. Daniuska Gonz\u00e1lez Gonz\u00e1lez, Facultad de Humanidades, Universidad de Playa<br \/>\nAncha (Coordinadora)<\/li>\n<li>Dra. Lorena Garrido Donoso, Facultad de Humanidades, Universidad de Playa<br \/>\nAncha.<\/li>\n<li>Dr. Francisco Simon Salinas, Facultad de Humanidades, Universidad de Playa<br \/>\nAncha.<\/li>\n<li>Dr. Pablo Mart\u00ednez Becerra, Facultad de Humanidades, Universidad de Playa<br \/>\nAncha.<\/li>\n<li>Dr. Andr\u00e9s Tello Soto, Facultad de Ciencias Sociales, Universidad de Playa Ancha\n<li>Dra. Claire Mercier, Universidad de Talca.<\/li>\n<li>Dra. M\u00f3nica Torres Torija, Universidad Aut\u00f3noma de Chihuahua, M\u00e9xico.<\/li>\n<li>Dr. Vladimir Guerrero, Universidad Aut\u00f3noma de Chihuahua, M\u00e9xico.<\/li>\n<li>Dr. Felipe Saavedra Montoya, Universidad Aut\u00f3noma de Chihuahua\/Universidad<br \/>\nIberoamericana CDMX, M\u00e9xico.<\/li>\n<li>Dr. Andr\u00e9s P\u00e9rez Sep\u00falveda, investigador independiente, Quito, Ecuador.<\/li>\n<li>Dr. Luis Fernando Chueca, Departamento de Humanidades, Pontificia Universidad<br \/>\nCat\u00f3lica del Per\u00fa.<\/li>\n<li>Dra. Mar\u00eda Gabriela Iturriza, D\u00e9partement de Linguistique et traduction, Facult\u00e9 des<br \/>\narts et sciences, Universit\u00e9 de Montr\u00e9al, Quebec, Canad\u00e1.<\/li>\n<li>Dra. Annieska Rivas P\u00e9rez, egresada Doctorado en Literatura Hispanoamericana<br \/>\nContempor\u00e1nea, Universidad de Playa Ancha.<\/li>\n<li>Dra. Luisa Aedo Ambrosetti, egresada Doctorado en Literatura Hispanoamericana<br \/>\nContempor\u00e1nea, Universidad de Playa Ancha.<\/li>\n<li>Dra.(c) Romina M\u00e1rquez Duarte, estudiante Doctorado en Literatura<br \/>\nHispanoamericana Contempor\u00e1nea, Universidad de Playa Ancha.<\/li>\n<li>Dr.(c) Cristofer Cepeda Garc\u00eda, estudiante Doctorado en Literatura<br \/>\nHispanoamericana Contempor\u00e1nea, Universidad de Playa Ancha.<\/li>\n<li>Dr.(c) Juan David P\u00e9rez Salazar, estudiante Doctorado en Literatura<br \/>\nHispanoamericana Contempor\u00e1nea, Universidad de Playa Ancha.<\/li>\n<\/ul>\n<p>\n<strong>ALGUNAS ACTIVIDADES Y PUBLICACIONES<\/strong><\/p>\n<ul>\n<li>I Simposio del Grupo Internacional de Investigaci\u00f3n de la Violencia, Centro de<br \/>\nEstudios Avanzados (CEA), Universidad de Playa Ancha, 23 y 24 de agosto de<br \/>\n2017.<\/li>\n<li>II Simposio del Grupo Internacional de Investigaci\u00f3n de la Violencia, Facultad de<br \/>\nFilosof\u00eda y Letras de la Universidad Aut\u00f3noma de Chihuahua\u00a0en la Ciudad de<br \/>\nChihuahua, M\u00e9xico, 14 y 15 de noviembre de 2019.<\/li>\n<li>Simposio \u201cViolencias y resistencias en la literatura chilena e hispanoamericana\u201d, 29<br \/>\nde octubre de 2025.<\/li>\n<li>Gonz\u00e1lez Gonz\u00e1lez, Daniuska, 2023. \u201cCargar la piedra de S\u00edsifo. Los trabajos del<br \/>\ntestigo en tres momentos testimoniales (Nona Fern\u00e1ndez, Georges Didi-Huberman e<br \/>\nIb\u00e9yise Pacheco)\u201d. Am\u00e9rica sin Nombre 29, 41-56, ISSN 1989-9831.<\/li>\n<p>https:\/\/americasinnombre.ua.es\/article\/view\/23393\n<\/ul>\n<\/p>\n<p>\n<strong>PROYECTOS DE INVESTIGACI\u00d3N VINCULADOS<\/strong><\/p>\n<ul>\n<li>Fondecyt Regular 2024 N\u00ba 1240018 \u201cArchivos del afecto. Una memorabilia de las<br \/>\nviolencias en la escritura de cinco autoras latinoamericanas contempor\u00e1neas\u201d (2024-<br \/>\n2027). Investigadora Responsable: Daniuska Gonz\u00e1lez Gonz\u00e1lez. CoInvestigadoras:<br \/>\nClaire Mercier y Lorena Garrido Donoso.<\/li>\n<li>Fondecyt Regular 2019 N\u00ba 1190233 \u201cLos nudos de la memoria. El testimonio<br \/>\nchileno y venezolano contempor\u00e1neo\u201d (2019-2022). Investigadora Responsable:<br \/>\nDaniuska Gonz\u00e1lez Gonz\u00e1lez. CoInvestigadoras: Claire Mercier y Fernanda<br \/>\nMoraga-Garc\u00eda.<\/li>\n<li>Fondecyt Postdoctoral 2020 N\u00b0 3200317 \u201cLa Rep\u00fablica de los poetas: imaginaci\u00f3n<br \/>\ndemocr\u00e1tica y movimientos sociales en la poes\u00eda chilena\u201d (2020-2023). Investigador<br \/>\nresponsable: Dr. Francisco Simon Salinas. Investigadora Patrocinante: Daniuska<br \/>\nGonz\u00e1lez Gonz\u00e1lez.<\/li>\n<\/ul>\n<p>[\/et_pb_text][\/et_pb_column][\/et_pb_row][\/et_pb_section]<\/p>\n","protected":false},"excerpt":{"rendered":"<p><div class=\"et_pb_section et_pb_section_0 et_section_regular\" >\n\t\t\t\t\n\t\t\t\t\n\t\t\t\t\n\t\t\t\t\n\t\t\t\t\n\t\t\t\t\n\t\t\t\t\n\t\t\t\t\n\t\t\t\t\n\t\t\t<\/div><div class=\"et_pb_row et_pb_row_0 et_pb_row_empty\">\n\t\t\t\t\n\t\t\t\t\n\t\t\t\t\n\t\t\t\t\n\t\t\t\t\n\t\t\t<\/div><div class=\"et_pb_module et_pb_text et_pb_text_0  et_pb_text_align_left et_pb_bg_layout_light\">\n\t\t\t\t\n\t\t\t\t\n\t\t\t\t\n\t\t\t\t\n\t\t\t\t\n\t\t\t<\/div>GRUPO INTERDISCIPLINARIO DE INVESTIGACI\u00d3N AVANZADA (GIIA) UPLAVIOLENCIA Creado en 2017 con el nombre de Grupo Internacional de Investigaci\u00f3n de la Violencia, cuenta con Resoluci\u00f3n Externa 01\/2022 que lo acredita como Grupo Interdisciplinario de Investigaci\u00f3n Avanzada de la Universidad de Playa Ancha PRESENTACI\u00d3N Como grupo de investigaci\u00f3n nos interesa construir un di\u00e1logo interdisciplinario cr\u00edtico, plural y [&hellip;]<\/p>\n","protected":false},"author":2,"featured_media":0,"parent":0,"menu_order":0,"comment_status":"closed","ping_status":"closed","template":"","meta":{"_et_pb_use_builder":"on","_et_pb_old_content":"<h3><strong>GRUPO INTERDISCIPLINARIO DE INVESTIGACI\u00d3N AVANZADA (GIIA) UPLAVIOLENCIA<\/strong><\/h3>\r\n\r\n<p>\r\n<div align=\"justify\">Creado en 2017 con el nombre de Grupo Internacional de Investigaci\u00f3n de la Violencia, cuenta con Resoluci\u00f3n Externa 01\/2022 que lo acredita como Grupo Interdisciplinario de Investigaci\u00f3n Avanzada de la Universidad de Playa Ancha\r\n<\/div><\/p>\r\n\r\n\r\n<p><STRONG>PRESENTACI\u00d3N<\/STRONG>\r\n\r\n<div align=\"justify\">Como grupo de investigaci\u00f3n nos interesa construir un di\u00e1logo interdisciplinario cr\u00edtico, plural y comparativo entre las violencias y su representaci\u00f3n cultural en Latinoam\u00e9rica y el Caribe, sobre todo en la literatura, las artes visuales y la cinematograf\u00eda. Buscar sus entresijos, sus certezas a medias, sus discursos disimulados; tambi\u00e9n la sintaxis evidente, no por esto menos fruct\u00edfera para el an\u00e1lisis. Ver c\u00f3mo las violencias trasvasan sus formatos de enunciaci\u00f3n y su focalizaci\u00f3n geogr\u00e1fica y contextual para convertirse en un tema recurrente, definitorio, del imaginario de la sociedad contempor\u00e1nea.\r\nAdem\u00e1s, mencionamos el enfoque de las violencias mediante el desmontaje que realizan algunas construcciones alternativas, las \u201cpr\u00e1cticas emergentes\u201d teorizadas por Edward Said, las cuales operan como constructos para contrarrestar la representaci\u00f3n hegem\u00f3nica del espacio acad\u00e9mico m\u00e1s tradicional y de esta manera generar una comarca discursiva con nuevos paradigmas identitarios.\r\n<\/div>\r\n<\/p>\r\n<hr>\r\n\r\n<p>\r\n<strong>INTEGRANTES:<\/strong>\r\n\r\n<ul>\r\n<li>Dra. Daniuska Gonz\u00e1lez Gonz\u00e1lez, Facultad de Humanidades, Universidad de Playa\r\nAncha (Coordinadora)<\/li>\r\n<li>Dra. Lorena Garrido Donoso, Facultad de Humanidades, Universidad de Playa\r\nAncha.<\/li>\r\n<li>Dr. Francisco Simon Salinas, Facultad de Humanidades, Universidad de Playa\r\nAncha.<\/li>\r\n<li>Dr. Pablo Mart\u00ednez Becerra, Facultad de Humanidades, Universidad de Playa\r\nAncha.<\/li>\r\n<li>Dr. Andr\u00e9s Tello Soto, Facultad de Ciencias Sociales, Universidad de Playa Ancha\r\n<li>Dra. Claire Mercier, Universidad de Talca.<\/li>\r\n<li>Dra. M\u00f3nica Torres Torija, Universidad Aut\u00f3noma de Chihuahua, M\u00e9xico.<\/li>\r\n<li>Dr. Vladimir Guerrero, Universidad Aut\u00f3noma de Chihuahua, M\u00e9xico.<\/li>\r\n<li>Dr. Felipe Saavedra Montoya, Universidad Aut\u00f3noma de Chihuahua\/Universidad\r\nIberoamericana CDMX, M\u00e9xico.<\/li>\r\n<li>Dr. Andr\u00e9s P\u00e9rez Sep\u00falveda, investigador independiente, Quito, Ecuador.<\/li>\r\n<li>Dr. Luis Fernando Chueca, Departamento de Humanidades, Pontificia Universidad\r\nCat\u00f3lica del Per\u00fa.<\/li>\r\n<li>Dra. Mar\u00eda Gabriela Iturriza, D\u00e9partement de Linguistique et traduction, Facult\u00e9 des\r\narts et sciences, Universit\u00e9 de Montr\u00e9al, Quebec, Canad\u00e1.<\/li>\r\n<li>Dra. Annieska Rivas P\u00e9rez, egresada Doctorado en Literatura Hispanoamericana\r\nContempor\u00e1nea, Universidad de Playa Ancha.<\/li>\r\n<li>Dra. Luisa Aedo Ambrosetti, egresada Doctorado en Literatura Hispanoamericana\r\nContempor\u00e1nea, Universidad de Playa Ancha.<\/li>\r\n<li>Dra.(c) Romina M\u00e1rquez Duarte, estudiante Doctorado en Literatura\r\nHispanoamericana Contempor\u00e1nea, Universidad de Playa Ancha.<\/li>\r\n<li>Dr.(c) Cristofer Cepeda Garc\u00eda, estudiante Doctorado en Literatura\r\nHispanoamericana Contempor\u00e1nea, Universidad de Playa Ancha.<\/li>\r\n<li>Dr.(c) Juan David P\u00e9rez Salazar, estudiante Doctorado en Literatura\r\nHispanoamericana Contempor\u00e1nea, Universidad de Playa Ancha.<\/li>\r\n<\/ul>\r\n<\/p>\r\n<p>\r\n<strong>ALGUNAS ACTIVIDADES Y PUBLICACIONES<\/strong>\r\n<ul>\r\n<li>I Simposio del Grupo Internacional de Investigaci\u00f3n de la Violencia, Centro de\r\nEstudios Avanzados (CEA), Universidad de Playa Ancha, 23 y 24 de agosto de\r\n2017.<\/li>\r\n<li>II Simposio del Grupo Internacional de Investigaci\u00f3n de la Violencia, Facultad de\r\nFilosof\u00eda y Letras de la Universidad Aut\u00f3noma de Chihuahua\u00a0en la Ciudad de\r\nChihuahua, M\u00e9xico, 14 y 15 de noviembre de 2019.<\/li>\r\n<li>Simposio \u201cViolencias y resistencias en la literatura chilena e hispanoamericana\u201d, 29\r\nde octubre de 2025.<\/li>\r\n<li>Gonz\u00e1lez Gonz\u00e1lez, Daniuska, 2023. \u201cCargar la piedra de S\u00edsifo. Los trabajos del\r\ntestigo en tres momentos testimoniales (Nona Fern\u00e1ndez, Georges Didi-Huberman e\r\nIb\u00e9yise Pacheco)\u201d. Am\u00e9rica sin Nombre 29, 41-56, ISSN 1989-9831.<br><\/li>\r\nhttps:\/\/americasinnombre.ua.es\/article\/view\/23393\r\n<\/ul>\r\n<\/p>\r\n<p>\r\n<strong>PROYECTOS DE INVESTIGACI\u00d3N VINCULADOS<\/strong>\r\n<ul>\r\n<li>Fondecyt Regular 2024 N\u00ba 1240018 \u201cArchivos del afecto. Una memorabilia de las\r\nviolencias en la escritura de cinco autoras latinoamericanas contempor\u00e1neas\u201d (2024-\r\n2027). Investigadora Responsable: Daniuska Gonz\u00e1lez Gonz\u00e1lez. CoInvestigadoras:\r\nClaire Mercier y Lorena Garrido Donoso.<\/li>\r\n<li>Fondecyt Regular 2019 N\u00ba 1190233 \u201cLos nudos de la memoria. El testimonio\r\nchileno y venezolano contempor\u00e1neo\u201d (2019-2022). Investigadora Responsable:\r\nDaniuska Gonz\u00e1lez Gonz\u00e1lez. CoInvestigadoras: Claire Mercier y Fernanda\r\nMoraga-Garc\u00eda.<\/li>\r\n<li>Fondecyt Postdoctoral 2020 N\u00b0 3200317 \u201cLa Rep\u00fablica de los poetas: imaginaci\u00f3n\r\ndemocr\u00e1tica y movimientos sociales en la poes\u00eda chilena\u201d (2020-2023). Investigador\r\nresponsable: Dr. Francisco Simon Salinas. Investigadora Patrocinante: Daniuska\r\nGonz\u00e1lez Gonz\u00e1lez.<\/li>\r\n<\/ul>\r\n<\/p>","_et_gb_content_width":"","footnotes":""},"class_list":["post-129465","page","type-page","status-publish","hentry"],"_links":{"self":[{"href":"https:\/\/upla.cl\/facultad\/humanidades\/wp-json\/wp\/v2\/pages\/129465","targetHints":{"allow":["GET"]}}],"collection":[{"href":"https:\/\/upla.cl\/facultad\/humanidades\/wp-json\/wp\/v2\/pages"}],"about":[{"href":"https:\/\/upla.cl\/facultad\/humanidades\/wp-json\/wp\/v2\/types\/page"}],"author":[{"embeddable":true,"href":"https:\/\/upla.cl\/facultad\/humanidades\/wp-json\/wp\/v2\/users\/2"}],"replies":[{"embeddable":true,"href":"https:\/\/upla.cl\/facultad\/humanidades\/wp-json\/wp\/v2\/comments?post=129465"}],"version-history":[{"count":9,"href":"https:\/\/upla.cl\/facultad\/humanidades\/wp-json\/wp\/v2\/pages\/129465\/revisions"}],"predecessor-version":[{"id":129477,"href":"https:\/\/upla.cl\/facultad\/humanidades\/wp-json\/wp\/v2\/pages\/129465\/revisions\/129477"}],"wp:attachment":[{"href":"https:\/\/upla.cl\/facultad\/humanidades\/wp-json\/wp\/v2\/media?parent=129465"}],"curies":[{"name":"wp","href":"https:\/\/api.w.org\/{rel}","templated":true}]}}