{"id":124827,"date":"2023-08-11T11:33:45","date_gmt":"2023-08-11T14:33:45","guid":{"rendered":"https:\/\/upla.cl\/gestionestrategica\/?page_id=124827"},"modified":"2025-10-16T10:43:48","modified_gmt":"2025-10-16T13:43:48","slug":"unidad-de-analisis-institucional","status":"publish","type":"page","link":"https:\/\/upla.cl\/gestionestrategica\/unidad-de-analisis-institucional\/","title":{"rendered":"An\u00e1lisis Institucional"},"content":{"rendered":"<p>[et_pb_section fb_built=\u00bb1&#8243; fullwidth=\u00bbon\u00bb admin_label=\u00bbSecci\u00f3n\u00bb _builder_version=\u00bb4.20.2&#8243; background_color=\u00bbrgba(0,0,0,0.34)\u00bb background_image=\u00bbhttps:\/\/upla.cl\/gestionestrategica\/wp-content\/uploads\/2023\/04\/upla2.jpg\u00bb background_position=\u00bbtop_left\u00bb background_blend=\u00bbmultiply\u00bb custom_padding=\u00bb0px|0px|110px|0px|false|false\u00bb global_colors_info=\u00bb{}\u00bb][et_pb_fullwidth_post_title meta=\u00bboff\u00bb featured_image=\u00bboff\u00bb text_color=\u00bblight\u00bb _builder_version=\u00bb4.16&#8243; background_size=\u00bbinitial\u00bb background_position=\u00bbtop_left\u00bb background_repeat=\u00bbrepeat\u00bb global_colors_info=\u00bb{}\u00bb][\/et_pb_fullwidth_post_title][\/et_pb_section][et_pb_section fb_built=\u00bb1&#8243; _builder_version=\u00bb4.27.4&#8243; background_color=\u00bb#f4f4f4&#8243; custom_padding=\u00bb5%|0px|5%|0px|true|false\u00bb global_colors_info=\u00bb{}\u00bb][et_pb_row _builder_version=\u00bb4.16&#8243; background_size=\u00bbinitial\u00bb background_position=\u00bbtop_left\u00bb background_repeat=\u00bbrepeat\u00bb custom_padding=\u00bb0px|0px|16px|0px|false|false\u00bb global_colors_info=\u00bb{}\u00bb][et_pb_column type=\u00bb4_4&#8243; _builder_version=\u00bb4.16&#8243; custom_padding=\u00bb|||\u00bb global_colors_info=\u00bb{}\u00bb custom_padding__hover=\u00bb|||\u00bb][et_pb_text _builder_version=\u00bb4.27.4&#8243; _module_preset=\u00bbdefault\u00bb text_font_size=\u00bb18px\u00bb global_colors_info=\u00bb{}\u00bb]<\/p>\n<p>La Unidad de An\u00e1lisis Institucional (UAI), dependiente de DAPEI, desempe\u00f1a un rol clave en la generaci\u00f3n de conocimiento estrat\u00e9gico que respalda la toma de decisiones informadas en la Universidad de Playa Ancha. En coordinaci\u00f3n estrecha con diversas unidades institucionales, es responsable del levantamiento, procesamiento, an\u00e1lisis y entrega de informaci\u00f3n relevante y oportuna, dirigida tanto a actores internos como externos. Esta labor permite comprender la realidad institucional en profundidad y proyectar su desarrollo de manera rigurosa y fundamentada.<\/p>\n<p>Adem\u00e1s contribuye activamente al seguimiento y control de gesti\u00f3n del Plan Estrat\u00e9gico Institucional y sus distintos despliegues, la UAI impulsa una cultura institucional basada en la evidencia, el an\u00e1lisis cr\u00edtico y la mejora continua, aportando valor transversal a todos los \u00e1mbitos del quehacer universitario.<\/p>\n<p>Cabe destacar que la unidad forma parte activa de la Red de An\u00e1lisis Institucional del Consorcio de Universidades del Estado de Chile (CUECH), participando en comisiones de trabajo interuniversitario que fortalecen la colaboraci\u00f3n, el intercambio de experiencias y la construcci\u00f3n de conocimiento compartido, orientado a la toma de decisiones estrat\u00e9gicas a nivel del sistema universitario estatal.<\/p>\n<p>Con visi\u00f3n anal\u00edtica y compromiso institucional, la UAI se proyecta como un pilar t\u00e9cnico esencial para la planificaci\u00f3n, evaluaci\u00f3n y proyecci\u00f3n estrat\u00e9gica del futuro de nuestra universidad.<\/p>\n<p>[\/et_pb_text][\/et_pb_column][\/et_pb_row][\/et_pb_section][et_pb_section fb_built=\u00bb1&#8243; _builder_version=\u00bb4.27.4&#8243; background_enable_color=\u00bboff\u00bb custom_padding=\u00bb30px|0px|16px|0px|false|false\u00bb global_colors_info=\u00bb{}\u00bb][et_pb_row _builder_version=\u00bb4.27.4&#8243; _module_preset=\u00bbdefault\u00bb global_colors_info=\u00bb{}\u00bb][et_pb_column type=\u00bb4_4&#8243; _builder_version=\u00bb4.27.4&#8243; _module_preset=\u00bbdefault\u00bb global_colors_info=\u00bb{}\u00bb][et_pb_accordion open_toggle_text_color=\u00bb#009bdb\u00bb open_toggle_background_color=\u00bb#FFFFFF\u00bb closed_toggle_text_color=\u00bb#565656&#8243; closed_toggle_background_color=\u00bb#FFFFFF\u00bb toggle_icon=\u00bb&#x43;||divi||400&#8243; icon_color=\u00bb#009bdb\u00bb use_icon_font_size=\u00bbon\u00bb icon_font_size=\u00bb26px\u00bb _builder_version=\u00bb4.27.4&#8243; _module_preset=\u00bbdefault\u00bb toggle_font_size=\u00bb24px\u00bb closed_toggle_font_size=\u00bb24px\u00bb body_text_color=\u00bb#565656&#8243; body_line_height=\u00bb1.3em\u00bb border_width_all=\u00bb0px\u00bb border_color_all=\u00bb#ffffff\u00bb border_width_bottom=\u00bb1px\u00bb border_color_bottom=\u00bb#009bdb\u00bb border_style_bottom=\u00bboutset\u00bb global_colors_info=\u00bb{}\u00bb][et_pb_accordion_item title=\u00bbObjetivos\u00bb open_toggle_text_color=\u00bb#009bdb\u00bb _builder_version=\u00bb4.27.4&#8243; _module_preset=\u00bbdefault\u00bb border_width_all=\u00bb1px\u00bb border_style_all=\u00bbdashed\u00bb global_colors_info=\u00bb{}\u00bb toggle_text_color=\u00bbrgba(0,0,0,0.55)\u00bb open=\u00bbon\u00bb]Contribuir a la toma de decisiones estrat\u00e9gicas y t\u00e1cticas mediante el liderazgo en el levantamiento, an\u00e1lisis y evaluaci\u00f3n de datos institucionales, incorporando una perspectiva comparativa y contextual que permita la identificaci\u00f3n de fortalezas, oportunidades y \u00e1reas de mejora, fortaleciendo as\u00ed la planificaci\u00f3n, la gesti\u00f3n y el desarrollo continuo de la universidad.[\/et_pb_accordion_item][et_pb_accordion_item title=\u00bbFunciones\u00bb open=\u00bboff\u00bb open_toggle_text_color=\u00bb#009bdb\u00bb _builder_version=\u00bb4.27.4&#8243; _module_preset=\u00bbdefault\u00bb border_width_all=\u00bb1px\u00bb border_style_all=\u00bbdashed\u00bb global_colors_info=\u00bb{}\u00bb toggle_text_color=\u00bbrgba(0,0,0,0.55)\u00bb]<\/p>\n<ul>\n<li>Realizaci\u00f3n de an\u00e1lisis institucionales, comparativos y de contexto para identificar fortalezas, oportunidades y \u00e1reas de mejora.<\/li>\n<li>Evaluaci\u00f3n de datos relevantes para orientar estrat\u00e9gicamente la toma de decisiones institucionales.<\/li>\n<li>Generaci\u00f3n de informes espec\u00edficos como: evaluaci\u00f3n de la docencia, caracterizaci\u00f3n de estudiantes de primer a\u00f1o, resultados Evaluaci\u00f3n Nacional Diagn\u00f3stica de la Formaci\u00f3n Inicial Docente (END-FID) y carreras en redise\u00f1o curricular.<\/li>\n<li>Impulso de una cultura institucional basada en datos, evidencia y mejora continua.<\/li>\n<li>Medici\u00f3n y monitoreo de indicadores clave vinculados al cumplimiento de los compromisos estrat\u00e9gicos, avance del PEI, los Planes de Desarrollo (PD) y matriz de calidad institucional.<\/li>\n<li>Detecci\u00f3n oportuna de brechas y generaci\u00f3n de alertas que permitan el desarrollo adecuado de la instituci\u00f3n.<\/li>\n<li>Participaci\u00f3n activa en la Red de An\u00e1lisis Institucional (REDUAI) del CUECH, fomentando el intercambio t\u00e9cnico interuniversitario.<\/li>\n<li>Coordinaci\u00f3n con otras unidades para la recolecci\u00f3n, validaci\u00f3n y actualizaci\u00f3n de datos institucionales.<\/li>\n<li>Generaci\u00f3n y entrega oportuna de informaci\u00f3n requerida por el Ministerio de Educaci\u00f3n (Mineduc), SIES y CNED, tales como: oferta acad\u00e9mica, matr\u00edcula unificada, titulaci\u00f3n, personal acad\u00e9mico, estudiantes extranjeros, recursos educativos e infraestructura, avance curricular y admisi\u00f3n en pedagog\u00edas.<\/li>\n<li>Atenci\u00f3n y respuesta oportuna a requerimientos de informaci\u00f3n internos y externos, garantizando calidad y oportunidad en la entrega.<\/li>\n<li>Actualizaci\u00f3n sistem\u00e1tica del dashboard interactivo, que permita visualizar tendencias y patrones hist\u00f3ricos.<\/li>\n<li>Automatizaci\u00f3n de procesos de captura y procesamiento de datos para una gesti\u00f3n m\u00e1s eficiente.<\/li>\n<li>Coordinaci\u00f3n efectiva con las otras unidades de la Direcci\u00f3n General (UPCG y UGP), propiciando el trabajo articulado, el aprendizaje conjunto y la cohesi\u00f3n t\u00e9cnica en torno a los objetivos institucionales compartidos.<\/li>\n<li>Promoci\u00f3n de un ambiente colaborativo, de confianza y aprendizaje continuo, que favorezca la retroalimentaci\u00f3n constructiva y el trabajo interdisciplinario al interior del equipo.<\/li>\n<li>Fomento del desarrollo profesional del equipo mediante instancias de capacitaci\u00f3n aut\u00f3noma y formaci\u00f3n vinculada al an\u00e1lisis y gesti\u00f3n del dato.<\/li>\n<li>Ejecuci\u00f3n del control de gesti\u00f3n interno de la unidad, mediante indicadores de desempe\u00f1o, reportes de avance y evaluaci\u00f3n de resultados, con enfoque en la mejora continua.<\/li>\n<\/ul>\n<p>[\/et_pb_accordion_item][\/et_pb_accordion][\/et_pb_column][\/et_pb_row][\/et_pb_section][et_pb_section fb_built=\u00bb1&#8243; _builder_version=\u00bb4.27.4&#8243; background_enable_color=\u00bboff\u00bb custom_margin=\u00bb||||false|false\u00bb custom_padding=\u00bb|0px||0px|false|false\u00bb border_width_top=\u00bb1px\u00bb border_color_top=\u00bbRGBA(255,255,255,0)\u00bb border_style_top=\u00bbinset\u00bb global_colors_info=\u00bb{}\u00bb][et_pb_row _builder_version=\u00bb4.27.4&#8243; _module_preset=\u00bbdefault\u00bb custom_margin=\u00bb5%||5%||true|false\u00bb global_colors_info=\u00bb{}\u00bb][et_pb_column type=\u00bb4_4&#8243; _builder_version=\u00bb4.20.2&#8243; _module_preset=\u00bbdefault\u00bb global_colors_info=\u00bb{}\u00bb][et_pb_code _builder_version=\u00bb4.27.4&#8243; _module_preset=\u00bbdefault\u00bb custom_padding=\u00bb1%|5%|3%|5%|false|true\u00bb border_radii=\u00bbon|15px|15px|15px|15px\u00bb border_width_all=\u00bb1px\u00bb border_color_all=\u00bb#009bdb\u00bb border_style_all=\u00bboutset\u00bb global_colors_info=\u00bb{}\u00bb]<iframe<!-- [et_pb_line_break_holder] -->  id=\u00bbinlineFrameExample\u00bb<!-- [et_pb_line_break_holder] -->  title=\u00bbInline Frame Example\u00bb<!-- [et_pb_line_break_holder] -->  width=\u00bb100%\u00bb<!-- [et_pb_line_break_holder] -->  height=\u00bb800&#8243;<!-- [et_pb_line_break_holder] -->  src=\u00bbhttps:\/\/dapei.upla.cl\/Gestion_Estrategica\/Dashboard\/index.html\u00bb><!-- [et_pb_line_break_holder] --><\/iframe><!-- [et_pb_line_break_holder] -->[\/et_pb_code][\/et_pb_column][\/et_pb_row][\/et_pb_section]<\/p>\n","protected":false},"excerpt":{"rendered":"<p>La Unidad de An\u00e1lisis Institucional (UAI), dependiente de DAPEI, desempe\u00f1a un rol clave en la generaci\u00f3n de conocimiento estrat\u00e9gico que respalda la toma de decisiones informadas en la Universidad de Playa Ancha. En coordinaci\u00f3n estrecha con diversas unidades institucionales, es responsable del levantamiento, procesamiento, an\u00e1lisis y entrega de informaci\u00f3n relevante y oportuna, dirigida tanto a [&hellip;]<\/p>\n","protected":false},"author":1,"featured_media":0,"parent":0,"menu_order":0,"comment_status":"closed","ping_status":"closed","template":"","meta":{"_et_pb_use_builder":"on","_et_pb_old_content":"","_et_gb_content_width":"","footnotes":""},"class_list":["post-124827","page","type-page","status-publish","hentry"],"_links":{"self":[{"href":"https:\/\/upla.cl\/gestionestrategica\/wp-json\/wp\/v2\/pages\/124827","targetHints":{"allow":["GET"]}}],"collection":[{"href":"https:\/\/upla.cl\/gestionestrategica\/wp-json\/wp\/v2\/pages"}],"about":[{"href":"https:\/\/upla.cl\/gestionestrategica\/wp-json\/wp\/v2\/types\/page"}],"author":[{"embeddable":true,"href":"https:\/\/upla.cl\/gestionestrategica\/wp-json\/wp\/v2\/users\/1"}],"replies":[{"embeddable":true,"href":"https:\/\/upla.cl\/gestionestrategica\/wp-json\/wp\/v2\/comments?post=124827"}],"version-history":[{"count":17,"href":"https:\/\/upla.cl\/gestionestrategica\/wp-json\/wp\/v2\/pages\/124827\/revisions"}],"predecessor-version":[{"id":17228855,"href":"https:\/\/upla.cl\/gestionestrategica\/wp-json\/wp\/v2\/pages\/124827\/revisions\/17228855"}],"wp:attachment":[{"href":"https:\/\/upla.cl\/gestionestrategica\/wp-json\/wp\/v2\/media?parent=124827"}],"curies":[{"name":"wp","href":"https:\/\/api.w.org\/{rel}","templated":true}]}}