{"id":466,"date":"2025-07-07T18:32:17","date_gmt":"2025-07-07T22:32:17","guid":{"rendered":"https:\/\/upla.cl\/indagacionenciencias\/?page_id=466"},"modified":"2025-12-05T16:45:13","modified_gmt":"2025-12-05T19:45:13","slug":"mesas-redondas","status":"publish","type":"page","link":"https:\/\/upla.cl\/indagacionenciencias\/mesas-redondas\/","title":{"rendered":"Mesas redondas"},"content":{"rendered":"<p>[et_pb_section fb_built=\u00bb1&#8243; admin_label=\u00bbCabecera\u00bb _builder_version=\u00bb4.27.4&#8243; _module_preset=\u00bbdefault\u00bb background_enable_color=\u00bboff\u00bb background_image=\u00bbhttps:\/\/upla.cl\/indagacionenciencias\/wp-content\/uploads\/2025\/09\/fondo-scaled.png\u00bb height_tablet=\u00bb\u00bb height_phone=\u00bb\u00bb height_last_edited=\u00bbon|phone\u00bb custom_padding=\u00bb3.5%||3.5%||true|false\u00bb collapsed=\u00bboff\u00bb global_colors_info=\u00bb{}\u00bb][et_pb_row column_structure=\u00bb1_2,1_2&#8243; _builder_version=\u00bb4.27.4&#8243; _module_preset=\u00bbdefault\u00bb global_colors_info=\u00bb{}\u00bb][et_pb_column type=\u00bb1_2&#8243; _builder_version=\u00bb4.27.4&#8243; _module_preset=\u00bbdefault\u00bb global_colors_info=\u00bb{}\u00bb][et_pb_image src=\u00bbhttps:\/\/upla.cl\/indagacionenciencias\/wp-content\/uploads\/2025\/12\/20251205_logociice-fondo-oscuro_tansp-800x438px.png\u00bb alt=\u00bbGr\u00e1fica del Congreso Iberoamericano sobre Indagaci\u00f3n en Ciencias\u00bb title_text=\u00bb20251205_logociice-fondo-oscuro_tansp-800x438px\u00bb _builder_version=\u00bb4.27.5&#8243; _module_preset=\u00bbdefault\u00bb hover_enabled=\u00bb0&#8243; global_colors_info=\u00bb{}\u00bb sticky_enabled=\u00bb0&#8243;][\/et_pb_image][et_pb_text _builder_version=\u00bb4.27.4&#8243; _module_preset=\u00bbdefault\u00bb header_2_text_align=\u00bbright\u00bb header_2_text_color=\u00bb#FFFFFF\u00bb header_2_font_size=\u00bb23px\u00bb custom_padding=\u00bb|||100px|false|false\u00bb custom_padding_tablet=\u00bb\u00bb custom_padding_phone=\u00bb\u00bb custom_padding_last_edited=\u00bbon|phone\u00bb header_2_text_shadow_style=\u00bbpreset1&#8243; global_colors_info=\u00bb{}\u00bb]<\/p>\n<h2>\u201cIndagar para comprender, participar para transformar: puentes entre alfabetizaci\u00f3n cient\u00edfica y sostenibilidad\u201d<\/h2>\n<p>[\/et_pb_text][\/et_pb_column][et_pb_column type=\u00bb1_2&#8243; _builder_version=\u00bb4.27.4&#8243; _module_preset=\u00bbdefault\u00bb global_colors_info=\u00bb{}\u00bb][et_pb_text _builder_version=\u00bb4.27.4&#8243; _module_preset=\u00bb112e5e65-e80b-4071-8714-f230cd7a5e60&#8243; text_text_color=\u00bb#FFFFFF\u00bb header_font=\u00bbLato|700|||||||\u00bb header_text_color=\u00bb#FFFFFF\u00bb text_orientation=\u00bbright\u00bb custom_padding=\u00bb90px|||||\u00bb header_font_size_tablet=\u00bb50px\u00bb header_font_size_phone=\u00bb50px\u00bb locked=\u00bboff\u00bb global_colors_info=\u00bb{}\u00bb]<\/p>\n<h1>Mesas redondas<\/h1>\n<p>&nbsp;<\/p>\n<p>[\/et_pb_text][\/et_pb_column][\/et_pb_row][\/et_pb_section][et_pb_section fb_built=\u00bb1&#8243; custom_padding_last_edited=\u00bbon|phone\u00bb admin_label=\u00bbcontexto\u00bb _builder_version=\u00bb4.27.4&#8243; _module_preset=\u00bbdefault\u00bb background_enable_color=\u00bboff\u00bb custom_padding=\u00bb50px|||||\u00bb custom_padding_tablet=\u00bb100px|||||\u00bb custom_padding_phone=\u00bb0%||||false|false\u00bb saved_tabs=\u00bball\u00bb collapsed=\u00bboff\u00bb global_colors_info=\u00bb{}\u00bb][et_pb_row column_structure=\u00bb1_4,1_4,1_4,1_4&#8243; _builder_version=\u00bb4.27.4&#8243; _module_preset=\u00bbdefault\u00bb global_colors_info=\u00bb{}\u00bb][et_pb_column type=\u00bb1_4&#8243; _builder_version=\u00bb4.27.4&#8243; _module_preset=\u00bbdefault\u00bb global_colors_info=\u00bb{}\u00bb][et_pb_text _builder_version=\u00bb4.27.4&#8243; _module_preset=\u00bbdefault\u00bb text_font=\u00bb|600|||||||\u00bb text_text_color=\u00bb#B33F34&#8243; text_font_size=\u00bb22px\u00bb custom_margin=\u00bb50px|||||\u00bb global_colors_info=\u00bb{}\u00bb]<\/p>\n<p>El Congreso contar\u00e1 con mesas redondas sobre temas de actualidad en la Ense\u00f1anza de las Ciencias.<\/p>\n<p>[\/et_pb_text][\/et_pb_column][et_pb_column type=\u00bb1_4&#8243; _builder_version=\u00bb4.27.4&#8243; _module_preset=\u00bbdefault\u00bb global_colors_info=\u00bb{}\u00bb][et_pb_blurb title=\u00bbEmociones e indagaci\u00f3n cient\u00edfica\u00bb use_icon=\u00bbon\u00bb font_icon=\u00bb&#xf470;||fa||900&#8243; icon_color=\u00bb#F08050&#8243; image_icon_width=\u00bb30px\u00bb _builder_version=\u00bb4.27.4&#8243; _module_preset=\u00bbdefault\u00bb header_font=\u00bb|600|||||||\u00bb header_text_align=\u00bbcenter\u00bb header_text_color=\u00bb#FFFFFF\u00bb header_font_size=\u00bb20px\u00bb background_color=\u00bb#2D454A\u00bb image_icon_custom_margin=\u00bb5%||||false|false\u00bb min_height=\u00bb175px\u00bb height=\u00bb175px\u00bb max_height=\u00bb175px\u00bb custom_padding=\u00bb5%|5%|5%|5%|true|true\u00bb border_radii=\u00bbon|10px|10px|10px|10px\u00bb global_colors_info=\u00bb{}\u00bb][\/et_pb_blurb][et_pb_text _builder_version=\u00bb4.27.4&#8243; _module_preset=\u00bbdefault\u00bb text_text_color=\u00bb#000000&#8243; text_font_size=\u00bb20px\u00bb text_orientation=\u00bbcenter\u00bb global_colors_info=\u00bb{}\u00bb]<\/p>\n<p>\u00bfC\u00f3mo las emociones, la indagaci\u00f3n cient\u00edfica y el desarrollo sostenible se interrelacionan con la formaci\u00f3n del profesorado y en la pr\u00e1ctica educativa?<\/p>\n<p>[\/et_pb_text][\/et_pb_column][et_pb_column type=\u00bb1_4&#8243; _builder_version=\u00bb4.27.4&#8243; _module_preset=\u00bbdefault\u00bb global_colors_info=\u00bb{}\u00bb][et_pb_blurb title=\u00bbIndagaci\u00f3n y formaci\u00f3n del profesorado\u00bb use_icon=\u00bbon\u00bb font_icon=\u00bb&#xf51c;||fa||900&#8243; icon_color=\u00bb#F08050&#8243; image_icon_width=\u00bb30px\u00bb _builder_version=\u00bb4.27.4&#8243; _module_preset=\u00bbdefault\u00bb header_font=\u00bb|600|||||||\u00bb header_text_align=\u00bbcenter\u00bb header_text_color=\u00bb#FFFFFF\u00bb header_font_size=\u00bb20px\u00bb background_color=\u00bb#2D454A\u00bb min_height=\u00bb175px\u00bb height=\u00bb175px\u00bb max_height=\u00bb175px\u00bb custom_padding=\u00bb5%|5%|5%|5%|true|true\u00bb border_radii=\u00bbon|10px|10px|10px|10px\u00bb global_colors_info=\u00bb{}\u00bb][\/et_pb_blurb][et_pb_text _builder_version=\u00bb4.27.4&#8243; _module_preset=\u00bbdefault\u00bb text_text_color=\u00bb#000000&#8243; text_font_size=\u00bb20px\u00bb text_orientation=\u00bbcenter\u00bb global_colors_info=\u00bb{}\u00bb]<\/p>\n<p><span>\u00bfCu\u00e1l es la importancia de la indagaci\u00f3n cient\u00edfica en la formaci\u00f3n inicial y permanente de los profesores?<\/span><\/p>\n<p>[\/et_pb_text][\/et_pb_column][et_pb_column type=\u00bb1_4&#8243; _builder_version=\u00bb4.27.4&#8243; _module_preset=\u00bbdefault\u00bb global_colors_info=\u00bb{}\u00bb][et_pb_blurb title=\u00bbIndagaciones y STEM\u00bb use_icon=\u00bbon\u00bb font_icon=\u00bb&#xf5d2;||fa||900&#8243; icon_color=\u00bb#F08050&#8243; image_icon_width=\u00bb30px\u00bb _builder_version=\u00bb4.27.4&#8243; _module_preset=\u00bbdefault\u00bb header_font=\u00bb|600|||||||\u00bb header_text_align=\u00bbcenter\u00bb header_text_color=\u00bb#FFFFFF\u00bb header_font_size=\u00bb20px\u00bb background_color=\u00bb#2D454A\u00bb min_height=\u00bb175px\u00bb height=\u00bb175px\u00bb max_height=\u00bb175px\u00bb custom_padding=\u00bb5%|5%|5%|5%|true|true\u00bb border_radii=\u00bbon|10px|10px|10px|10px\u00bb global_colors_info=\u00bb{}\u00bb][\/et_pb_blurb][et_pb_text _builder_version=\u00bb4.27.4&#8243; _module_preset=\u00bbdefault\u00bb text_text_color=\u00bb#000000&#8243; text_font_size=\u00bb20px\u00bb text_orientation=\u00bbcenter\u00bb global_colors_info=\u00bb{}\u00bb]<\/p>\n<p>\u00bfDe qu\u00e9 forma abordamos la tecnolog\u00eda, la innovaci\u00f3n y la educaci\u00f3n STEM en los procesos de indagaci\u00f3n cient\u00edfica?<\/p>\n<p>[\/et_pb_text][\/et_pb_column][\/et_pb_row][\/et_pb_section]<\/p>\n","protected":false},"excerpt":{"rendered":"<p>\u201cIndagar para comprender, participar para transformar: puentes entre alfabetizaci\u00f3n cient\u00edfica y sostenibilidad\u201dMesas redondas &nbsp;El Congreso contar\u00e1 con mesas redondas sobre temas de actualidad en la Ense\u00f1anza de las Ciencias.\u00bfC\u00f3mo las emociones, la indagaci\u00f3n cient\u00edfica y el desarrollo sostenible se interrelacionan con la formaci\u00f3n del profesorado y en la pr\u00e1ctica educativa?\u00bfCu\u00e1l es la importancia de la [&hellip;]<\/p>\n","protected":false},"author":1,"featured_media":0,"parent":0,"menu_order":0,"comment_status":"closed","ping_status":"closed","template":"","meta":{"_et_pb_use_builder":"on","_et_pb_old_content":"","_et_gb_content_width":"","footnotes":""},"class_list":["post-466","page","type-page","status-publish","hentry"],"_links":{"self":[{"href":"https:\/\/upla.cl\/indagacionenciencias\/wp-json\/wp\/v2\/pages\/466","targetHints":{"allow":["GET"]}}],"collection":[{"href":"https:\/\/upla.cl\/indagacionenciencias\/wp-json\/wp\/v2\/pages"}],"about":[{"href":"https:\/\/upla.cl\/indagacionenciencias\/wp-json\/wp\/v2\/types\/page"}],"author":[{"embeddable":true,"href":"https:\/\/upla.cl\/indagacionenciencias\/wp-json\/wp\/v2\/users\/1"}],"replies":[{"embeddable":true,"href":"https:\/\/upla.cl\/indagacionenciencias\/wp-json\/wp\/v2\/comments?post=466"}],"version-history":[{"count":0,"href":"https:\/\/upla.cl\/indagacionenciencias\/wp-json\/wp\/v2\/pages\/466\/revisions"}],"wp:attachment":[{"href":"https:\/\/upla.cl\/indagacionenciencias\/wp-json\/wp\/v2\/media?parent=466"}],"curies":[{"name":"wp","href":"https:\/\/api.w.org\/{rel}","templated":true}]}}