{"id":69,"date":"2022-10-21T06:36:01","date_gmt":"2022-10-21T09:36:01","guid":{"rendered":"https:\/\/upla.cl\/innovacion\/?page_id=69"},"modified":"2023-04-04T16:52:11","modified_gmt":"2023-04-04T20:52:11","slug":"normativa","status":"publish","type":"page","link":"https:\/\/upla.cl\/innovacion\/normativa\/","title":{"rendered":"Normativa"},"content":{"rendered":"<p>[et_pb_section fb_built=\u00bb1&#8243; custom_padding_last_edited=\u00bbon|tablet\u00bb next_background_color=\u00bb#ffffff\u00bb admin_label=\u00bbHero\u00bb _builder_version=\u00bb4.18.0&#8243; use_background_color_gradient=\u00bbon\u00bb background_color_gradient_type=\u00bbcircular\u00bb background_color_gradient_direction_radial=\u00bbtop left\u00bb background_color_gradient_stops=\u00bbrgba(0,155,219,0.5) 20%|#004562 100%\u00bb background_color_gradient_overlays_image=\u00bbon\u00bb background_color_gradient_start=\u00bbrgba(255,255,255,0)\u00bb background_color_gradient_start_position=\u00bb20%\u00bb background_color_gradient_end=\u00bbrgba(1,77,183,0.9)\u00bb background_image=\u00bbhttps:\/\/www.upla.cl\/portada\/wp-content\/uploads\/2017\/08\/DSC_5137.jpg\u00bb custom_padding=\u00bb110px|0px|160px|0px|false|false\u00bb custom_padding_tablet=\u00bb50px||50px||true\u00bb custom_padding_phone=\u00bb|||\u00bb bottom_divider_style=\u00bbasymmetric\u00bb bottom_divider_height=\u00bb50px\u00bb bottom_divider_flip=\u00bbhorizontal\u00bb bottom_divider_height_tablet=\u00bb90px\u00bb bottom_divider_height_phone=\u00bb80px\u00bb global_colors_info=\u00bb{}\u00bb][et_pb_row column_structure=\u00bb2_5,3_5&#8243; _builder_version=\u00bb4.16&#8243; custom_width_px=\u00bb1280px\u00bb global_colors_info=\u00bb{}\u00bb][et_pb_column type=\u00bb2_5&#8243; _builder_version=\u00bb4.16&#8243; custom_padding=\u00bb|||\u00bb global_colors_info=\u00bb{}\u00bb custom_padding__hover=\u00bb|||\u00bb][et_pb_image src=\u00bbhttps:\/\/upla.cl\/innovacion\/wp-content\/uploads\/2022\/10\/logo_upla_color300.png\u00bb alt=\u00bbLogo Universidad de Playa Ancha\u00bb title_text=\u00bbLogo Universidad de Playa Ancha\u00bb force_fullwidth=\u00bbon\u00bb _builder_version=\u00bb4.18.0&#8243; _module_preset=\u00bbdefault\u00bb global_colors_info=\u00bb{}\u00bb][\/et_pb_image][\/et_pb_column][et_pb_column type=\u00bb3_5&#8243; _builder_version=\u00bb4.18.0&#8243; _module_preset=\u00bbdefault\u00bb global_colors_info=\u00bb{}\u00bb][et_pb_text _builder_version=\u00bb4.18.0&#8243; text_font=\u00bbLato|700|||||||\u00bb text_text_color=\u00bb#FFFFFF\u00bb text_font_size=\u00bb20px\u00bb text_line_height=\u00bb1.8em\u00bb header_font=\u00bbLato|900|||||||\u00bb header_font_size=\u00bb44px\u00bb header_line_height=\u00bb1.4em\u00bb header_6_font=\u00bbMontserrat|600||on|||||\u00bb header_6_text_color=\u00bbrgba(255,255,255,0.7)\u00bb header_6_font_size=\u00bb16px\u00bb header_6_letter_spacing=\u00bb2px\u00bb header_6_line_height=\u00bb1.5em\u00bb text_orientation=\u00bbright\u00bb background_layout=\u00bbdark\u00bb max_width=\u00bb780px\u00bb text_font_size_tablet=\u00bb\u00bb text_font_size_phone=\u00bb15px\u00bb text_font_size_last_edited=\u00bbon|phone\u00bb header_font_size_tablet=\u00bb\u00bb header_font_size_phone=\u00bb28px\u00bb header_font_size_last_edited=\u00bbon|phone\u00bb global_colors_info=\u00bb{}\u00bb]<\/p>\n<h1>N\u00facleo de Innovaci\u00f3n de la Universidad de Playa Ancha<\/h1>\n<p>Dependiente de la Direcci\u00f3n General de Investigaci\u00f3n &#8211; UPLA<\/p>\n<p>[\/et_pb_text][\/et_pb_column][\/et_pb_row][et_pb_row _builder_version=\u00bb4.18.0&#8243; _module_preset=\u00bbdefault\u00bb background_color=\u00bbrgba(0,69,98,0.58)\u00bb custom_padding=\u00bb|||30px|false|false\u00bb global_colors_info=\u00bb{}\u00bb][et_pb_column type=\u00bb4_4&#8243; _builder_version=\u00bb4.18.0&#8243; _module_preset=\u00bbdefault\u00bb global_colors_info=\u00bb{}\u00bb][et_pb_blurb title=\u00bbNormativa\u00bb use_icon=\u00bbon\u00bb font_icon=\u00bb&#x69;||divi||400&#8243; icon_color=\u00bb#FFFFFF\u00bb icon_placement=\u00bbleft\u00bb image_icon_width=\u00bb81px\u00bb content_max_width=\u00bb1100px\u00bb _builder_version=\u00bb4.18.0&#8243; _module_preset=\u00bbdefault\u00bb header_font=\u00bbLato|800||on|||||\u00bb header_text_color=\u00bb#FFFFFF\u00bb header_font_size=\u00bb40px\u00bb body_text_color=\u00bb#FFFFFF\u00bb global_colors_info=\u00bb{}\u00bb]<\/p>\n<p>Decretos relacionados<\/p>\n<p>[\/et_pb_blurb][\/et_pb_column][\/et_pb_row][\/et_pb_section][et_pb_section fb_built=\u00bb1&#8243; admin_label=\u00bbServices\u00bb _builder_version=\u00bb4.16&#8243; custom_padding=\u00bb20px|0px|20px|0px|true|false\u00bb global_colors_info=\u00bb{}\u00bb][et_pb_row column_structure=\u00bb1_3,1_3,1_3&#8243; use_custom_gutter=\u00bbon\u00bb admin_label=\u00bbRow\u00bb _builder_version=\u00bb4.18.0&#8243; width=\u00bb90%\u00bb max_width=\u00bb2560px\u00bb global_colors_info=\u00bb{}\u00bb][et_pb_column type=\u00bb1_3&#8243; _builder_version=\u00bb4.16&#8243; custom_padding=\u00bb|||\u00bb global_colors_info=\u00bb{}\u00bb custom_padding__hover=\u00bb|||\u00bb][et_pb_text _builder_version=\u00bb4.18.0&#8243; _module_preset=\u00bbdefault\u00bb global_colors_info=\u00bb{}\u00bb]<\/p>\n<p><strong><a href=\"https:\/\/upla.cl\/innovacion\/wp-content\/uploads\/2022\/10\/20130813_nucleodeinnovacion_dto_exto_2325-2013.pdf\" target=\"_blank\" rel=\"noopener noreferrer\" title=\"Decreto Exento N\u00ba 2325\/2013\">Decreto Exento N\u00ba 2325\/2013<\/a><\/strong><br \/> Crea el N\u00facleo de Innovaci\u00f3n en el Centro de Estudios Avanzados (CEA) de la Universidad de Playa Ancha<\/p>\n        <div class=\"embedpress-document-embed ose-document ep-doc-d7fcf3f3b136871a304a78937b86779c\" style=\"width: 600px; height: 550px;; max-width:100%; display: block\">\n                                    <iframe title=\"20130813_nucleodeinnovacion_dto_exto_2325-2013\" allowfullscreen=\"true\" mozallowfullscreen=\"true\" webkitallowfullscreen=\"true\" style=\"width: 600px; height: 550px;; max-width:100%; display: inline-block\" data-emsrc=\"https:\/\/upla.cl\/innovacion\/wp-content\/uploads\/2022\/10\/20130813_nucleodeinnovacion_dto_exto_2325-2013.pdf\" data-emid=\"embedpress-pdf-shortcode\" class=\"embedpress-embed-document-pdf embedpress-pdf-shortcode\" src=\"https:\/\/upla.cl\/innovacion\/wp-admin\/admin-ajax.php?action=get_viewer&#038;file=https%3A%2F%2Fupla.cl%2Finnovacion%2Fwp-content%2Fuploads%2F2022%2F10%2F20130813_nucleodeinnovacion_dto_exto_2325-2013.pdf#key=dGhlbWVNb2RlPWRlZmF1bHQmdG9vbGJhcj10cnVlJmxhenlMb2FkPWZhbHNlJnBvc2l0aW9uPXRvcCZwcmVzZW50YXRpb249dHJ1ZSZkb3dubG9hZD10cnVlJmNvcHlfdGV4dD10cnVlJmFkZF90ZXh0PXRydWUmZHJhdz10cnVlJmRvY19yb3RhdGlvbj10cnVlJmFkZF9pbWFnZT10cnVlJmRvY19kZXRhaWxzPXRydWUmc2VsZWN0aW9uX3Rvb2w9MCZzY3JvbGxpbmc9LTEmc3ByZWFkcz0tMSZ6b29tX2luPXRydWUmem9vbV9vdXQ9dHJ1ZSZmaXRfdmlldz10cnVlJmJvb2ttYXJrPXRydWUmc291bmQ9dHJ1ZSZmbGlwYm9va190b29sYmFyX3Bvc2l0aW9uPWJvdHRvbQ==\" frameborder=\"0\">\n                        <\/iframe>\n                            <\/div>\n\n\n<p>[\/et_pb_text][\/et_pb_column][et_pb_column type=\u00bb1_3&#8243; _builder_version=\u00bb4.16&#8243; custom_padding=\u00bb|||\u00bb global_colors_info=\u00bb{}\u00bb custom_padding__hover=\u00bb|||\u00bb][et_pb_text _builder_version=\u00bb4.18.0&#8243; _module_preset=\u00bbdefault\u00bb global_colors_info=\u00bb{}\u00bb]<\/p>\n<p><strong><a href=\"https:\/\/upla.cl\/innovacion\/wp-content\/uploads\/2022\/10\/20150409_nucleodeinnovacion_dto_exto_1100-2015.pdf\" target=\"_blank\" rel=\"noopener noreferrer\" title=\"Decreto Exento N\u00ba 1100\/2015\">Decreto Exento N\u00ba 1100\/2015<\/a><\/strong><br \/> Modifica la dependencia del N\u00facleo de Innovaci\u00f3n en el Centro de Estudios Avanzados (CEA) de la Universidad de Playa Ancha<\/p>\n        <div class=\"embedpress-document-embed ose-document ep-doc-d7fcf3f3b136871a304a78937b86779c\" style=\"width: 600px; height: 550px;; max-width:100%; display: block\">\n                                    <iframe title=\"20150409_nucleodeinnovacion_dto_exto_1100-2015\" allowfullscreen=\"true\" mozallowfullscreen=\"true\" webkitallowfullscreen=\"true\" style=\"width: 600px; height: 550px;; max-width:100%; display: inline-block\" data-emsrc=\"https:\/\/upla.cl\/innovacion\/wp-content\/uploads\/2022\/10\/20150409_nucleodeinnovacion_dto_exto_1100-2015.pdf\" data-emid=\"embedpress-pdf-shortcode\" class=\"embedpress-embed-document-pdf embedpress-pdf-shortcode\" src=\"https:\/\/upla.cl\/innovacion\/wp-admin\/admin-ajax.php?action=get_viewer&#038;file=https%3A%2F%2Fupla.cl%2Finnovacion%2Fwp-content%2Fuploads%2F2022%2F10%2F20150409_nucleodeinnovacion_dto_exto_1100-2015.pdf#key=dGhlbWVNb2RlPWRlZmF1bHQmdG9vbGJhcj10cnVlJmxhenlMb2FkPWZhbHNlJnBvc2l0aW9uPXRvcCZwcmVzZW50YXRpb249dHJ1ZSZkb3dubG9hZD10cnVlJmNvcHlfdGV4dD10cnVlJmFkZF90ZXh0PXRydWUmZHJhdz10cnVlJmRvY19yb3RhdGlvbj10cnVlJmFkZF9pbWFnZT10cnVlJmRvY19kZXRhaWxzPXRydWUmc2VsZWN0aW9uX3Rvb2w9MCZzY3JvbGxpbmc9LTEmc3ByZWFkcz0tMSZ6b29tX2luPXRydWUmem9vbV9vdXQ9dHJ1ZSZmaXRfdmlldz10cnVlJmJvb2ttYXJrPXRydWUmc291bmQ9dHJ1ZSZmbGlwYm9va190b29sYmFyX3Bvc2l0aW9uPWJvdHRvbQ==\" frameborder=\"0\">\n                        <\/iframe>\n                            <\/div>\n\n\n<p>[\/et_pb_text][\/et_pb_column][et_pb_column type=\u00bb1_3&#8243; _builder_version=\u00bb4.16&#8243; custom_padding=\u00bb|||\u00bb global_colors_info=\u00bb{}\u00bb custom_padding__hover=\u00bb|||\u00bb][et_pb_text _builder_version=\u00bb4.18.0&#8243; _module_preset=\u00bbdefault\u00bb global_colors_info=\u00bb{}\u00bb]<\/p>\n<p><strong><a href=\"https:\/\/upla.cl\/innovacion\/wp-content\/uploads\/2022\/10\/20170706_nucleodeinnovacion_dto_exto_1570-2016.pdf\" target=\"_blank\" rel=\"noopener noreferrer\" title=\"Decreto Exento N\u00ba 1570\/2016\">Decreto Exento N\u00ba 1570\/2016<\/a><\/strong><br \/> Modifica el Decreto Exento N\u00ba 2325\/2013 que cre\u00f3 el N\u00facleo de Innovaci\u00f3n de la Universidad de Playa Ancha<\/p>\n        <div class=\"embedpress-document-embed ose-document ep-doc-d7fcf3f3b136871a304a78937b86779c\" style=\"width: 600px; height: 550px;; max-width:100%; display: block\">\n                                    <iframe title=\"20170706_nucleodeinnovacion_dto_exto_1570-2016\" allowfullscreen=\"true\" mozallowfullscreen=\"true\" webkitallowfullscreen=\"true\" style=\"width: 600px; height: 550px;; max-width:100%; display: inline-block\" data-emsrc=\"https:\/\/upla.cl\/innovacion\/wp-content\/uploads\/2022\/10\/20170706_nucleodeinnovacion_dto_exto_1570-2016.pdf\" data-emid=\"embedpress-pdf-shortcode\" class=\"embedpress-embed-document-pdf embedpress-pdf-shortcode\" src=\"https:\/\/upla.cl\/innovacion\/wp-admin\/admin-ajax.php?action=get_viewer&#038;file=https%3A%2F%2Fupla.cl%2Finnovacion%2Fwp-content%2Fuploads%2F2022%2F10%2F20170706_nucleodeinnovacion_dto_exto_1570-2016.pdf#key=dGhlbWVNb2RlPWRlZmF1bHQmdG9vbGJhcj10cnVlJmxhenlMb2FkPWZhbHNlJnBvc2l0aW9uPXRvcCZwcmVzZW50YXRpb249dHJ1ZSZkb3dubG9hZD10cnVlJmNvcHlfdGV4dD10cnVlJmFkZF90ZXh0PXRydWUmZHJhdz10cnVlJmRvY19yb3RhdGlvbj10cnVlJmFkZF9pbWFnZT10cnVlJmRvY19kZXRhaWxzPXRydWUmc2VsZWN0aW9uX3Rvb2w9MCZzY3JvbGxpbmc9LTEmc3ByZWFkcz0tMSZ6b29tX2luPXRydWUmem9vbV9vdXQ9dHJ1ZSZmaXRfdmlldz10cnVlJmJvb2ttYXJrPXRydWUmc291bmQ9dHJ1ZSZmbGlwYm9va190b29sYmFyX3Bvc2l0aW9uPWJvdHRvbQ==\" frameborder=\"0\">\n                        <\/iframe>\n                            <\/div>\n\n\n<p>[\/et_pb_text][\/et_pb_column][\/et_pb_row][\/et_pb_section][et_pb_section fb_built=\u00bb1&#8243; custom_padding_last_edited=\u00bboff|desktop\u00bb prev_background_color=\u00bb#ffffff\u00bb disabled_on=\u00bboff|off|off\u00bb admin_label=\u00bbFooter\u00bb _builder_version=\u00bb4.20.4&#8243; use_background_color_gradient=\u00bbon\u00bb background_color_gradient_type=\u00bbcircular\u00bb background_color_gradient_direction_radial=\u00bbtop right\u00bb background_color_gradient_stops=\u00bb#004562 0%|rgba(0,155,219,0.81) 95%\u00bb background_color_gradient_overlays_image=\u00bbon\u00bb background_color_gradient_start=\u00bbrgba(1,77,183,0.5)\u00bb background_color_gradient_end=\u00bbrgba(255,255,255,0)\u00bb background_image=\u00bbhttps:\/\/www.upla.cl\/portada\/wp-content\/uploads\/2015\/09\/23652306175_780bfa3637_k.jpg\u00bb background_position=\u00bbcenter_right\u00bb min_height=\u00bb750.8px\u00bb custom_margin=\u00bb||-29px|||\u00bb custom_padding=\u00bb100px||100px||true\u00bb top_divider_style=\u00bbasymmetric\u00bb top_divider_height=\u00bb50px\u00bb top_divider_flip=\u00bbvertical|horizontal\u00bb locked=\u00bboff\u00bb collapsed=\u00bboff\u00bb global_colors_info=\u00bb{}\u00bb][et_pb_row column_structure=\u00bb1_5,1_5,3_5&#8243; _builder_version=\u00bb4.18.0&#8243; width=\u00bb90%\u00bb max_width=\u00bb2560px\u00bb global_colors_info=\u00bb{}\u00bb][et_pb_column type=\u00bb1_5&#8243; _builder_version=\u00bb4.16&#8243; custom_padding=\u00bb|||\u00bb global_colors_info=\u00bb{}\u00bb custom_padding__hover=\u00bb|||\u00bb][et_pb_blurb title=\u00bbTel\u00e9fono\u00bb use_icon=\u00bbon\u00bb font_icon=\u00bb&#xe090;||divi||400&#8243; icon_color=\u00bb#ffffff\u00bb image_icon_background_color=\u00bb#004562&#8243; image_icon_width=\u00bb20px\u00bb _builder_version=\u00bb4.18.0&#8243; header_font=\u00bbLato|900|||||||\u00bb header_font_size=\u00bb20px\u00bb header_line_height=\u00bb1.5em\u00bb body_font=\u00bbMontserrat||||||||\u00bb body_text_color=\u00bb#004562&#8243; body_line_height=\u00bb1.5em\u00bb image_icon_custom_padding=\u00bb25px|25px|25px|25px|false|false\u00bb text_orientation=\u00bbcenter\u00bb background_layout=\u00bbdark\u00bb custom_margin=\u00bb|||\u00bb custom_padding=\u00bb|||\u00bb border_radii=\u00bbon|10px|10px|10px|10px\u00bb border_radii_image=\u00bbon|100%|100%|100%|100%\u00bb icon_font_size=\u00bb20px\u00bb use_circle=\u00bbon\u00bb circle_color=\u00bbrgba(1,77,183,0.9)\u00bb locked=\u00bboff\u00bb global_colors_info=\u00bb{}\u00bb image_icon_background_color__sticky_enabled=\u00bb#7EBEC5&#8243; image_icon_background_color__sticky=\u00bb#7EBEC5&#8243;]<\/p>\n<p><span style=\"color: #ffffff;\">+56 32\u00a02205098<\/span><\/p>\n<p>[\/et_pb_blurb][et_pb_blurb title=\u00bbUbicaci\u00f3n\u00bb use_icon=\u00bbon\u00bb font_icon=\u00bb&#xf3c5;||fa||900&#8243; icon_color=\u00bb#ffffff\u00bb image_icon_background_color=\u00bb#004562&#8243; image_icon_width=\u00bb20px\u00bb _builder_version=\u00bb4.20.4&#8243; header_font=\u00bbLato|900|||||||\u00bb header_font_size=\u00bb20px\u00bb header_line_height=\u00bb1.5em\u00bb body_font=\u00bbMontserrat||||||||\u00bb body_text_color=\u00bb#004562&#8243; body_line_height=\u00bb1.5em\u00bb image_icon_custom_padding=\u00bb25px|25px|25px|25px|false|false\u00bb text_orientation=\u00bbcenter\u00bb background_layout=\u00bbdark\u00bb custom_margin=\u00bb|||\u00bb custom_padding=\u00bb|||\u00bb border_radii=\u00bbon|10px|10px|10px|10px\u00bb border_radii_image=\u00bbon|100%|100%|100%|100%\u00bb icon_font_size=\u00bb20px\u00bb use_circle=\u00bbon\u00bb circle_color=\u00bbrgba(1,77,183,0.9)\u00bb locked=\u00bboff\u00bb global_colors_info=\u00bb{}\u00bb image_icon_background_color__sticky_enabled=\u00bb#7EBEC5&#8243; image_icon_background_color__sticky=\u00bb#7EBEC5&#8243;]<\/p>\n<p><span style=\"color: #ffffff;\">Traslavi\u00f1a 450, Vi\u00f1a del Mar. Segundo piso.<\/span><\/p>\n<p>[\/et_pb_blurb][\/et_pb_column][et_pb_column type=\u00bb1_5&#8243; _builder_version=\u00bb4.16&#8243; custom_padding=\u00bb|||\u00bb global_colors_info=\u00bb{}\u00bb custom_padding__hover=\u00bb|||\u00bb][et_pb_blurb title=\u00bbCorreo electr\u00f3nico\u00bb url=\u00bbmailto:innovacion@upla.cl\u00bb use_icon=\u00bbon\u00bb font_icon=\u00bb&#xe076;||divi||400&#8243; icon_color=\u00bb#ffffff\u00bb image_icon_background_color=\u00bb#004562&#8243; image_icon_width=\u00bb20px\u00bb _builder_version=\u00bb4.20.4&#8243; header_font=\u00bbLato|900|||||||\u00bb header_text_color=\u00bb#FFFFFF\u00bb header_font_size=\u00bb20px\u00bb header_line_height=\u00bb1.5em\u00bb body_font=\u00bbMontserrat||||||||\u00bb body_text_color=\u00bb#FFFFFF\u00bb body_line_height=\u00bb1.5em\u00bb body_link_font=\u00bb||||on||||\u00bb body_link_text_color=\u00bb#004562&#8243; image_icon_custom_padding=\u00bb25px|25px|25px|25px|false|false\u00bb text_orientation=\u00bbcenter\u00bb background_layout=\u00bbdark\u00bb custom_margin=\u00bb|||\u00bb custom_padding=\u00bb||2px|||\u00bb link_option_url=\u00bbmailto:innovacion@upla.cl\u00bb border_radii=\u00bbon|10px|10px|10px|10px\u00bb border_radii_image=\u00bbon|100%|100%|100%|100%\u00bb icon_font_size=\u00bb20px\u00bb use_circle=\u00bbon\u00bb circle_color=\u00bbrgba(1,77,183,0.9)\u00bb locked=\u00bboff\u00bb global_colors_info=\u00bb{}\u00bb image_icon_background_color__sticky_enabled=\u00bb#7EBEC5&#8243; image_icon_background_color__sticky=\u00bb#7EBEC5&#8243;]<\/p>\n<p><span style=\"color: #ffffff;\">innovacion@upla.cl<\/span><\/p>\n<p>[\/et_pb_blurb][et_pb_blurb title=\u00bbInstagram\u00bb url=\u00bbhttps:\/\/www.instagram.com\/innovacion_upla\/\u00bb use_icon=\u00bbon\u00bb font_icon=\u00bb&#xe09a;||divi||400&#8243; icon_color=\u00bb#ffffff\u00bb image_icon_background_color=\u00bb#004562&#8243; image_icon_width=\u00bb20px\u00bb _builder_version=\u00bb4.20.4&#8243; header_font=\u00bbLato|900|||||||\u00bb header_font_size=\u00bb20px\u00bb header_line_height=\u00bb1.5em\u00bb body_font=\u00bbMontserrat||||||||\u00bb body_text_color=\u00bb#004562&#8243; body_line_height=\u00bb1.5em\u00bb body_link_font=\u00bb||||on||||\u00bb body_link_text_color=\u00bb#004562&#8243; image_icon_custom_padding=\u00bb25px|25px|25px|25px|false|false\u00bb text_orientation=\u00bbcenter\u00bb background_layout=\u00bbdark\u00bb custom_margin=\u00bb|||\u00bb custom_padding=\u00bb|||\u00bb link_option_url=\u00bbhttps:\/\/www.instagram.com\/innovacion_upla\/\u00bb border_radii=\u00bbon|10px|10px|10px|10px\u00bb border_radii_image=\u00bbon|100%|100%|100%|100%\u00bb icon_font_size=\u00bb20px\u00bb use_circle=\u00bbon\u00bb circle_color=\u00bbrgba(1,77,183,0.9)\u00bb locked=\u00bboff\u00bb global_colors_info=\u00bb{}\u00bb image_icon_background_color__sticky_enabled=\u00bb#7EBEC5&#8243; image_icon_background_color__sticky=\u00bb#7EBEC5&#8243;]<\/p>\n<p><span style=\"color: #ffffff;\">@innovacion_upla<\/span><\/p>\n<p>[\/et_pb_blurb][\/et_pb_column][et_pb_column type=\u00bb3_5&#8243; _builder_version=\u00bb4.16&#8243; custom_padding=\u00bb|||\u00bb global_colors_info=\u00bb{}\u00bb custom_padding__hover=\u00bb|||\u00bb][wpforms_selector form_id=\u00bb40&#8243; show_title=\u00bbon\u00bb _builder_version=\u00bb4.20.4&#8243; _module_preset=\u00bbdefault\u00bb custom_padding=\u00bb|40px||40px|true|true\u00bb custom_css_main_element=\u00bbcolor: white;||||\u00bb global_colors_info=\u00bb{}\u00bb][\/wpforms_selector][\/et_pb_column][\/et_pb_row][\/et_pb_section]<\/p>\n","protected":false},"excerpt":{"rendered":"<p>N\u00facleo de Innovaci\u00f3n de la Universidad de Playa Ancha Dependiente de la Direcci\u00f3n General de Investigaci\u00f3n &#8211; UPLADecretos relacionadosDecreto Exento N\u00ba 2325\/2013 Crea el N\u00facleo de Innovaci\u00f3n en el Centro de Estudios Avanzados (CEA) de la Universidad de Playa Ancha         <div class=\"embedpress-document-embed ose-document ep-doc-d7fcf3f3b136871a304a78937b86779c\" style=\"width: 600px; height: 550px;; max-width:100%; display: block\">\n                                    <iframe title=\"20130813_nucleodeinnovacion_dto_exto_2325-2013\" allowfullscreen=\"true\" mozallowfullscreen=\"true\" webkitallowfullscreen=\"true\" style=\"width: 600px; height: 550px;; max-width:100%; display: inline-block\" data-emsrc=\"https:\/\/upla.cl\/innovacion\/wp-content\/uploads\/2022\/10\/20130813_nucleodeinnovacion_dto_exto_2325-2013.pdf\" data-emid=\"embedpress-pdf-shortcode\" class=\"embedpress-embed-document-pdf embedpress-pdf-shortcode\" src=\"https:\/\/upla.cl\/innovacion\/wp-admin\/admin-ajax.php?action=get_viewer&#038;file=https%3A%2F%2Fupla.cl%2Finnovacion%2Fwp-content%2Fuploads%2F2022%2F10%2F20130813_nucleodeinnovacion_dto_exto_2325-2013.pdf#key=dGhlbWVNb2RlPWRlZmF1bHQmdG9vbGJhcj10cnVlJmxhenlMb2FkPWZhbHNlJnBvc2l0aW9uPXRvcCZwcmVzZW50YXRpb249dHJ1ZSZkb3dubG9hZD10cnVlJmNvcHlfdGV4dD10cnVlJmFkZF90ZXh0PXRydWUmZHJhdz10cnVlJmRvY19yb3RhdGlvbj10cnVlJmFkZF9pbWFnZT10cnVlJmRvY19kZXRhaWxzPXRydWUmc2VsZWN0aW9uX3Rvb2w9MCZzY3JvbGxpbmc9LTEmc3ByZWFkcz0tMSZ6b29tX2luPXRydWUmem9vbV9vdXQ9dHJ1ZSZmaXRfdmlldz10cnVlJmJvb2ttYXJrPXRydWUmc291bmQ9dHJ1ZSZmbGlwYm9va190b29sYmFyX3Bvc2l0aW9uPWJvdHRvbQ==\" frameborder=\"0\">\n                        <\/iframe>\n                            <\/div>\n\nDecreto Exento N\u00ba 1100\/2015 Modifica la dependencia del N\u00facleo de Innovaci\u00f3n en el Centro de [&hellip;]<\/p>\n","protected":false},"author":1,"featured_media":0,"parent":0,"menu_order":0,"comment_status":"closed","ping_status":"closed","template":"","meta":{"_et_pb_use_builder":"on","_et_pb_old_content":"","_et_gb_content_width":"","footnotes":""},"class_list":["post-69","page","type-page","status-publish","hentry"],"_links":{"self":[{"href":"https:\/\/upla.cl\/innovacion\/wp-json\/wp\/v2\/pages\/69","targetHints":{"allow":["GET"]}}],"collection":[{"href":"https:\/\/upla.cl\/innovacion\/wp-json\/wp\/v2\/pages"}],"about":[{"href":"https:\/\/upla.cl\/innovacion\/wp-json\/wp\/v2\/types\/page"}],"author":[{"embeddable":true,"href":"https:\/\/upla.cl\/innovacion\/wp-json\/wp\/v2\/users\/1"}],"replies":[{"embeddable":true,"href":"https:\/\/upla.cl\/innovacion\/wp-json\/wp\/v2\/comments?post=69"}],"version-history":[{"count":7,"href":"https:\/\/upla.cl\/innovacion\/wp-json\/wp\/v2\/pages\/69\/revisions"}],"predecessor-version":[{"id":193,"href":"https:\/\/upla.cl\/innovacion\/wp-json\/wp\/v2\/pages\/69\/revisions\/193"}],"wp:attachment":[{"href":"https:\/\/upla.cl\/innovacion\/wp-json\/wp\/v2\/media?parent=69"}],"curies":[{"name":"wp","href":"https:\/\/api.w.org\/{rel}","templated":true}]}}