{"id":122,"date":"2018-08-24T16:13:13","date_gmt":"2018-08-24T19:13:13","guid":{"rendered":"http:\/\/upla.cl\/jornadaciencias\/?page_id=122"},"modified":"2018-08-24T16:13:13","modified_gmt":"2018-08-24T19:13:13","slug":"presentacion-de-trabajos","status":"publish","type":"page","link":"https:\/\/upla.cl\/jornadaciencias\/presentacion-de-trabajos\/","title":{"rendered":"Presentaci\u00f3n de trabajos"},"content":{"rendered":"<p>[et_pb_section bb_built=\u00bb1&#8243; fullwidth=\u00bbon\u00bb specialty=\u00bboff\u00bb next_background_color=\u00bb#000000&#8243;][et_pb_fullwidth_post_title _builder_version=\u00bb3.12.2&#8243; meta=\u00bboff\u00bb featured_placement=\u00bbbackground\u00bb background_color=\u00bb#009bdb\u00bb text_color=\u00bblight\u00bb mix_blend_mode=\u00bbmultiply\u00bb \/][\/et_pb_section][et_pb_section bb_built=\u00bb1&#8243; prev_background_color=\u00bb#000000&#8243;][et_pb_row][et_pb_column type=\u00bb2_3&#8243;][et_pb_accordion _builder_version=\u00bb3.12.2&#8243; icon_color=\u00bb#009bdb\u00bb][et_pb_accordion_item _builder_version=\u00bb3.12.2&#8243; title=\u00bbT\u00edtulo y autor\u00eda del trabajo\u00bb use_background_color_gradient=\u00bboff\u00bb background_color_gradient_start=\u00bb#2b87da\u00bb background_color_gradient_end=\u00bb#29c4a9&#8243; background_color_gradient_type=\u00bblinear\u00bb background_color_gradient_direction=\u00bb180deg\u00bb background_color_gradient_direction_radial=\u00bbcenter\u00bb background_color_gradient_start_position=\u00bb0%\u00bb background_color_gradient_end_position=\u00bb100%\u00bb background_color_gradient_overlays_image=\u00bboff\u00bb parallax=\u00bboff\u00bb parallax_method=\u00bbon\u00bb background_size=\u00bbcover\u00bb background_position=\u00bbcenter\u00bb background_repeat=\u00bbno-repeat\u00bb background_blend=\u00bbnormal\u00bb allow_player_pause=\u00bboff\u00bb background_video_pause_outside_viewport=\u00bbon\u00bb text_shadow_style=\u00bbnone\u00bb box_shadow_style=\u00bbnone\u00bb]<\/p>\n<h3>T\u00edtulo del trabajo<\/h3>\n<p>Fuente: Garamond 14, negrita, centrado, espaciado anterior y posterior 20. M\u00e1ximo 3 l\u00edneas.<\/p>\n<h3>Autor\u00eda<\/h3>\n<p><u>Apellidos, Nombre primer autor<\/u>\/a<sup>1<\/sup>, Apellidos, Nombre segundo autor\/a<sup>2<\/sup><\/p>\n<p>Apellidos, Nombre tercer autor\/a<sup>3<\/sup>, Apellidos, Nombre cuarto autor\/a<sup>4<\/sup><\/p>\n<p>Fuente Garamond 11, Negrita, espaciado posterior en 6 pto despu\u00e9s del \u00faltimo autor)<\/p>\n<p><sup>1 <\/sup>Instituci\u00f3n primer\/a autor\/a, pa\u00eds.<\/p>\n<p>Correo electr\u00f3nico: xxxx@xxxx.xx, pa\u00eds.<\/p>\n<p><sup>2 <\/sup>Instituci\u00f3n segundo\/a autor\/a<\/p>\n<p>Correo electr\u00f3nico: <a href=\"mailto:xxxx@xxxx.xx\">xxxx@xxxx.xx<\/a>, pa\u00eds.<\/p>\n<p><sup>3 <\/sup>Instituci\u00f3n tercer\/a autor\/a<\/p>\n<p>Correo electr\u00f3nico: xxxx@xxxx.xx, pa\u00eds.<\/p>\n<p><sup>4 <\/sup>Instituci\u00f3n del cuarto\/a autor\/a<\/p>\n<p>Correo electr\u00f3nico: xxxx@xxxx.xx, pa\u00eds.<\/p>\n<p>Indicar una sola instituci\u00f3n si es la misma para todos\/as los\/as autores\/as, pa\u00eds<\/p>\n<p><sup>1<\/sup>Correo electr\u00f3nico: xxxx@xxxx.xx, <sup>2<\/sup>Correo electr\u00f3nico: xxxx@xxxx.xx,<\/p>\n<p><sup>3<\/sup>Correo electr\u00f3nico: xxxx@xxxx.xx, <sup>4<\/sup>Correo electr\u00f3nico: <a href=\"mailto:xxxx@xxxx.xx\">xxxx@xxxx.xx<\/a>,<\/p>\n<p>Fuente: Garamond 11, espaciado posterior de 6 puntos despu\u00e9s de la \u00faltima referencia de autor.<\/p>\n<p>[\/et_pb_accordion_item][et_pb_accordion_item _builder_version=\u00bb3.12.2&#8243; title=\u00bbResumen\u00bb use_background_color_gradient=\u00bboff\u00bb background_color_gradient_start=\u00bb#2b87da\u00bb background_color_gradient_end=\u00bb#29c4a9&#8243; background_color_gradient_type=\u00bblinear\u00bb background_color_gradient_direction=\u00bb180deg\u00bb background_color_gradient_direction_radial=\u00bbcenter\u00bb background_color_gradient_start_position=\u00bb0%\u00bb background_color_gradient_end_position=\u00bb100%\u00bb background_color_gradient_overlays_image=\u00bboff\u00bb parallax=\u00bboff\u00bb parallax_method=\u00bbon\u00bb background_size=\u00bbcover\u00bb background_position=\u00bbcenter\u00bb background_repeat=\u00bbno-repeat\u00bb background_blend=\u00bbnormal\u00bb allow_player_pause=\u00bboff\u00bb background_video_pause_outside_viewport=\u00bbon\u00bb text_shadow_style=\u00bbnone\u00bb box_shadow_style=\u00bbnone\u00bb]<\/p>\n<p>La longitud m\u00e1xima de 300 palabras.<\/p>\n<p>[\/et_pb_accordion_item][et_pb_accordion_item _builder_version=\u00bb3.12.2&#8243; title=\u00bbPalabras clave\u00bb use_background_color_gradient=\u00bboff\u00bb background_color_gradient_start=\u00bb#2b87da\u00bb background_color_gradient_end=\u00bb#29c4a9&#8243; background_color_gradient_type=\u00bblinear\u00bb background_color_gradient_direction=\u00bb180deg\u00bb background_color_gradient_direction_radial=\u00bbcenter\u00bb background_color_gradient_start_position=\u00bb0%\u00bb background_color_gradient_end_position=\u00bb100%\u00bb background_color_gradient_overlays_image=\u00bboff\u00bb parallax=\u00bboff\u00bb parallax_method=\u00bbon\u00bb background_size=\u00bbcover\u00bb background_position=\u00bbcenter\u00bb background_repeat=\u00bbno-repeat\u00bb background_blend=\u00bbnormal\u00bb allow_player_pause=\u00bboff\u00bb background_video_pause_outside_viewport=\u00bbon\u00bb text_shadow_style=\u00bbnone\u00bb box_shadow_style=\u00bbnone\u00bb]<\/p>\n<p>xxxx, xxxxx, xxxxx, xxxxx, xxxxxx (5 palabras como m\u00e1ximo).<\/p>\n<p>[\/et_pb_accordion_item][et_pb_accordion_item _builder_version=\u00bb3.12.2&#8243; title=\u00bbConfiguraci\u00f3n del documento\u00bb use_background_color_gradient=\u00bboff\u00bb background_color_gradient_start=\u00bb#2b87da\u00bb background_color_gradient_end=\u00bb#29c4a9&#8243; background_color_gradient_type=\u00bblinear\u00bb background_color_gradient_direction=\u00bb180deg\u00bb background_color_gradient_direction_radial=\u00bbcenter\u00bb background_color_gradient_start_position=\u00bb0%\u00bb background_color_gradient_end_position=\u00bb100%\u00bb background_color_gradient_overlays_image=\u00bboff\u00bb parallax=\u00bboff\u00bb parallax_method=\u00bbon\u00bb background_size=\u00bbcover\u00bb background_position=\u00bbcenter\u00bb background_repeat=\u00bbno-repeat\u00bb background_blend=\u00bbnormal\u00bb allow_player_pause=\u00bboff\u00bb background_video_pause_outside_viewport=\u00bbon\u00bb text_shadow_style=\u00bbnone\u00bb box_shadow_style=\u00bbnone\u00bb]<\/p>\n<p>Extensi\u00f3n m\u00e1xima de todo el documento, <strong>8 p\u00e1ginas.<\/strong><\/p>\n<h3>Configuraci\u00f3n de las P\u00e1ginas<\/h3>\n<ul>\n<li>Papel tama\u00f1o carta, ancho 21,59 cm. y alto 27,94 cm.<\/li>\n<li>M\u00e1rgenes: superior e inferior 2,5 cm., izquierdo y derecho 2 cm.<\/li>\n<li>Numeraci\u00f3n de p\u00e1ginas ubicada en la parte inferior derecha de cada p\u00e1gina.<\/li>\n<\/ul>\n<p>T\u00edtulos de los ep\u00edgrafes: May\u00fascula, fuente Garamond 11, negrita, justificado. Espaciado anterior y posterior de 6 puntos.<\/p>\n<p>P\u00e1rrafos: Fuente Garamond 11, justificados, interlineado sencillo y espaciado posterior en 6 puntos.<\/p>\n<p>[\/et_pb_accordion_item][et_pb_accordion_item _builder_version=\u00bb3.12.2&#8243; title=\u00bbEstructura del documento\u00bb use_background_color_gradient=\u00bboff\u00bb background_color_gradient_start=\u00bb#2b87da\u00bb background_color_gradient_end=\u00bb#29c4a9&#8243; background_color_gradient_type=\u00bblinear\u00bb background_color_gradient_direction=\u00bb180deg\u00bb background_color_gradient_direction_radial=\u00bbcenter\u00bb background_color_gradient_start_position=\u00bb0%\u00bb background_color_gradient_end_position=\u00bb100%\u00bb background_color_gradient_overlays_image=\u00bboff\u00bb parallax=\u00bboff\u00bb parallax_method=\u00bbon\u00bb background_size=\u00bbcover\u00bb background_position=\u00bbcenter\u00bb background_repeat=\u00bbno-repeat\u00bb background_blend=\u00bbnormal\u00bb allow_player_pause=\u00bboff\u00bb background_video_pause_outside_viewport=\u00bbon\u00bb text_shadow_style=\u00bbnone\u00bb box_shadow_style=\u00bbnone\u00bb]<\/p>\n<h3>1. Introducci\u00f3n \/ Marco Te\u00f3rico<\/h3>\n<p>T\u00edtulos de los ep\u00edgrafes: May\u00fascula, fuente Garamond 11, negrita, justificado. Espaciado anterior y posterior de 6 puntos.<\/p>\n<h3>2. Objetivos<\/h3>\n<h3>3. Desarrollo de la experiencia<\/h3>\n<p>Subep\u00edgrafe 1: t\u00edtulos en min\u00fascula, fuente Garamond 11, negrita y cursiva, justificado. Espaciado anterior y posterior de 6 puntos.<\/p>\n<h3>4. Evidencias<\/h3>\n<p>Subep\u00edgrafe 1: t\u00edtulos en min\u00fascula, fuente Garamond 11, negrita y cursiva, justificado. Espaciado anterior y posterior de 6 puntos.<\/p>\n<p>Al incorporar figuras o tablas, cada una de ellas no debe ocupar m\u00e1s de una p\u00e1gina. Las <em>figuras <\/em>tipo imagen deben ser en formato JPG, PNG o GIF con una resoluci\u00f3n m\u00ednima aceptable, de tal forma que al imprimir el documento, se pueda ver claramente su contenido.<\/p>\n<p>Indicar en el pie de cada figura o tabla el nombre, en fuente Garamond, tama\u00f1o 8, normal, centrada, con interlineado sencillo. No utilizar abreviaturas (ejemplo Fig. 1 \u00f3 Tab. 1) si no la palabra completa (ejemplo Figura 1 \u00f3 Tabla 1. Esquema de\u2026.)<\/p>\n<h3>5. Conclusiones<\/h3>\n<h3>6. Referencias bibliogr\u00e1ficas<\/h3>\n<h5>Libros<\/h5>\n<p>Apellido, Inicial del nombre. (A\u00f1o de publicaci\u00f3n). T\u00edtulo en letra cursiva. Ciudad: Editorial.<\/p>\n<p><b>Ejemplo<\/b>:<\/p>\n<p>Cheek, D. (1992). <em>Thinking constructively about Science, Technology, and Society education<\/em>. New York: State University of New York Press.<\/p>\n<h5>Cap\u00edtulos de libros<\/h5>\n<p>Apellido, Inicial del nombre. (A\u00f1o de publicaci\u00f3n). T\u00edtulo del cap\u00edtulo. En Inicial del nombre, Apellido del editor (Ed.), T\u00edtulo del libro en letra cursiva (p\u00e1ginas que comprende el cap\u00edtulo). Ciudad: Editorial.<\/p>\n<p><b>Ejemplo<\/b>:<\/p>\n<p>Solomon, J. (1989). The social construction of school science. En R. Millar (Ed.), Doing science: Images of science in science education (pp. 126-136). New York: Falmer Press.<\/p>\n<h5>Art\u00edculos de revistas<\/h5>\n<p>Apellido, Inicial del nombre. (A\u00f1o de publicaci\u00f3n). T\u00edtulo del art\u00edculo. Nombre de la revista en letra cursiva, n\u00famero, p\u00e1ginas.<\/p>\n<p><b>Ejemplo<\/b>:<\/p>\n<p>Rubba, P. A. (1989). An investigation of the semantic meaning assigned to concepts affiliated with STS education and of STS intructional practices among a sample of exemplary science teachers. Journal of Research in Science Teaching, 26, 687-702.<\/p>\n<h5>Enlace de Internet<\/h5>\n<p>Autor\/a de la publicaci\u00f3n, de la p\u00e1gina o Instituci\u00f3n. (Fecha de publicaci\u00f3n o revisi\u00f3n de la p\u00e1gina, si est\u00e1 disponible). T\u00edtulo de la p\u00e1gina o lugar. Recuperado (Fecha de acceso), de (URL-direcci\u00f3n).<\/p>\n<p><b>Ejemplo<\/b>:<\/p>\n<p>Centro Nacional de Innovaci\u00f3n e Investigaci\u00f3n Educativa (2013). Gu\u00eda para la formaci\u00f3n en centros sobre las competencias b\u00e1sicas. Recuperado (02.04.2014) de http:\/\/www.mecd.gob.es\/cniie\/<\/p>\n<p>[\/et_pb_accordion_item][et_pb_accordion_item _builder_version=\u00bb3.12.2&#8243; title=\u00bbIndicaciones para el env\u00edo, nombre y extensi\u00f3n del archivo\u00bb use_background_color_gradient=\u00bboff\u00bb background_color_gradient_start=\u00bb#2b87da\u00bb background_color_gradient_end=\u00bb#29c4a9&#8243; background_color_gradient_type=\u00bblinear\u00bb background_color_gradient_direction=\u00bb180deg\u00bb background_color_gradient_direction_radial=\u00bbcenter\u00bb background_color_gradient_start_position=\u00bb0%\u00bb background_color_gradient_end_position=\u00bb100%\u00bb background_color_gradient_overlays_image=\u00bboff\u00bb parallax=\u00bboff\u00bb parallax_method=\u00bbon\u00bb background_size=\u00bbcover\u00bb background_position=\u00bbcenter\u00bb background_repeat=\u00bbno-repeat\u00bb background_blend=\u00bbnormal\u00bb allow_player_pause=\u00bboff\u00bb background_video_pause_outside_viewport=\u00bbon\u00bb text_shadow_style=\u00bbnone\u00bb box_shadow_style=\u00bbnone\u00bb]<\/p>\n<p>El env\u00edo debe hacerse al correo electr\u00f3nico <strong><a href=\"mailto:jec@upla.cl\">jec@upla.cl<\/a><\/strong>con los siguientes detalles:<\/p>\n<ul>\n<li>En el asunto debe indicar \u00ab<strong>Env\u00edo de trabajo para evaluaci\u00f3n del Comit\u00e9 Cient\u00edfico\u00bb.<\/strong><\/li>\n<li>En el cuerpo del mensaje se debe indicar el nombre completo del <strong>autor,\u00a0<\/strong>o <strong>primer autor<\/strong>, en el caso de que sea m\u00e1s de uno,<\/li>\n<li>El trabajo que se somete a evaluaci\u00f3n, como archivo adjunto usando como nombre, el <strong>apellido\u00a0<\/strong><strong>paterno<\/strong><strong>\u00a0<\/strong>del primer autor, guion bajo (_) <strong>inicial del primer nombre\u00a0<\/strong>del mismo autor (ejemplo <strong>Garc\u00eda_R<\/strong>),<\/li>\n<li>La extensi\u00f3n del archivo puede ser *<strong>.doc,\u00a0<\/strong>o *<strong>.docx<\/strong>, u *<strong>.odt<\/strong><\/li>\n<\/ul>\n<p>[\/et_pb_accordion_item][\/et_pb_accordion][\/et_pb_column][et_pb_column type=\u00bb1_3&#8243;][et_pb_text _builder_version=\u00bb3.12.2&#8243;]<\/p>\n<p>[su_document url=\u00bbhttps:\/\/upla.cl\/jornadaciencias\/wp-content\/uploads\/2018\/08\/2018_0822_facultad_naturalesyxactas_jornadacesenci_formatotrabajos.docx\u00bb]<\/p>\n<p>[\/et_pb_text][et_pb_button _builder_version=\u00bb3.12.2&#8243; button_text=\u00bbDescarga aqu\u00ed el formato de presentaci\u00f3n (formato docx, 33 KB)\u00bb button_url=\u00bbhttps:\/\/upla.cl\/jornadaciencias\/wp-content\/uploads\/2018\/08\/2018_0822_facultad_naturalesyxactas_jornadacesenci_formatotrabajos.docx\u00bb custom_button=\u00bbon\u00bb button_text_color=\u00bb#009bdb\u00bb button_bg_color=\u00bb#ffffff\u00bb button_border_color=\u00bb#009bdb\u00bb button_icon=\u00bb%%266%%\u00bb button_icon_color=\u00bb#e35000&#8243; button_text_color_hover=\u00bb#e35000&#8243; button_border_color_hover=\u00bb#e35000&#8243; \/][\/et_pb_column][\/et_pb_row][\/et_pb_section]<\/p>\n","protected":false},"excerpt":{"rendered":"<p>Revisa aqu\u00ed el formato en el que se deben presentar y enviar los trabajos para participar como expositor.<\/p>\n","protected":false},"author":1,"featured_media":100,"parent":0,"menu_order":2,"comment_status":"closed","ping_status":"closed","template":"","meta":{"_et_pb_use_builder":"on","_et_pb_old_content":"","_et_gb_content_width":"","footnotes":""},"class_list":["post-122","page","type-page","status-publish","has-post-thumbnail","hentry"],"_links":{"self":[{"href":"https:\/\/upla.cl\/jornadaciencias\/wp-json\/wp\/v2\/pages\/122","targetHints":{"allow":["GET"]}}],"collection":[{"href":"https:\/\/upla.cl\/jornadaciencias\/wp-json\/wp\/v2\/pages"}],"about":[{"href":"https:\/\/upla.cl\/jornadaciencias\/wp-json\/wp\/v2\/types\/page"}],"author":[{"embeddable":true,"href":"https:\/\/upla.cl\/jornadaciencias\/wp-json\/wp\/v2\/users\/1"}],"replies":[{"embeddable":true,"href":"https:\/\/upla.cl\/jornadaciencias\/wp-json\/wp\/v2\/comments?post=122"}],"version-history":[{"count":4,"href":"https:\/\/upla.cl\/jornadaciencias\/wp-json\/wp\/v2\/pages\/122\/revisions"}],"predecessor-version":[{"id":128,"href":"https:\/\/upla.cl\/jornadaciencias\/wp-json\/wp\/v2\/pages\/122\/revisions\/128"}],"wp:featuredmedia":[{"embeddable":true,"href":"https:\/\/upla.cl\/jornadaciencias\/wp-json\/wp\/v2\/media\/100"}],"wp:attachment":[{"href":"https:\/\/upla.cl\/jornadaciencias\/wp-json\/wp\/v2\/media?parent=122"}],"curies":[{"name":"wp","href":"https:\/\/api.w.org\/{rel}","templated":true}]}}