{"id":897,"date":"2026-05-10T15:28:29","date_gmt":"2026-05-10T19:28:29","guid":{"rendered":"https:\/\/upla.cl\/laetec\/?page_id=897"},"modified":"2026-05-10T15:28:34","modified_gmt":"2026-05-10T19:28:34","slug":"semillero-de-investigacion","status":"publish","type":"page","link":"https:\/\/upla.cl\/laetec\/semillero-de-investigacion\/","title":{"rendered":"Semillero de Investigaci\u00f3n"},"content":{"rendered":"<p>[et_pb_section fb_built=\u00bb1&#8243; _builder_version=\u00bb4.27.6&#8243; _module_preset=\u00bbdefault\u00bb global_colors_info=\u00bb{}\u00bb][et_pb_row _builder_version=\u00bb4.27.6&#8243; _module_preset=\u00bbdefault\u00bb global_colors_info=\u00bb{}\u00bb][et_pb_column type=\u00bb4_4&#8243; _builder_version=\u00bb4.27.6&#8243; _module_preset=\u00bbdefault\u00bb global_colors_info=\u00bb{}\u00bb][et_pb_text _builder_version=\u00bb4.27.6&#8243; _module_preset=\u00bbdefault\u00bb global_colors_info=\u00bb{}\u00bb]<\/p>\n<h3><strong data-start=\"265\" data-end=\"303\">Semilleros de investigaci\u00f3n LAETEC<\/strong><\/h3>\n<p>Los Semilleros de investigaci\u00f3n LAETEC constituyen un espacio formativo orientado a favorecer la iniciaci\u00f3n y el acompa\u00f1amiento de trayectorias en investigaci\u00f3n educativa, con especial inter\u00e9s en la did\u00e1ctica de la matem\u00e1tica, la tecnolog\u00eda educativa y los procesos de formaci\u00f3n docente. Esta iniciativa busca promover la participaci\u00f3n progresiva de estudiantes y j\u00f3venes investigadores en experiencias de lectura, discusi\u00f3n, colaboraci\u00f3n acad\u00e9mica y proyecci\u00f3n investigativa. Est\u00e1n dirigidos preferentemente a egresadas y egresados de universidades colaboradoras que se encuentren interesados en proyectar su formaci\u00f3n en programas de postgrado, especialmente en mag\u00edsteres y doctorados vinculados a educaci\u00f3n, did\u00e1ctica de la matem\u00e1tica, tecnolog\u00eda educativa e investigaci\u00f3n. Asimismo, este espacio busca acompa\u00f1ar trayectorias emergentes de participaci\u00f3n acad\u00e9mica y fortalecimiento investigativo.[\/et_pb_text][\/et_pb_column][\/et_pb_row][et_pb_row column_structure=\u00bb1_4,1_4,1_4,1_4&#8243; use_custom_gutter=\u00bbon\u00bb gutter_width=\u00bb3&#8243; admin_label=\u00bbFila\u00bb _builder_version=\u00bb4.27.0&#8243; _module_preset=\u00bbdefault\u00bb width=\u00bb90%\u00bb max_width=\u00bb2560px\u00bb custom_padding=\u00bb35px|||||\u00bb locked=\u00bboff\u00bb global_colors_info=\u00bb{}\u00bb][et_pb_column type=\u00bb1_4&#8243; _builder_version=\u00bb4.19.5&#8243; _module_preset=\u00bbdefault\u00bb global_colors_info=\u00bb{}\u00bb][et_pb_team_member name=\u00bbPatricio Alejandro Tapia Leyton\u00bb image_url=\u00bbhttps:\/\/upla.cl\/laetec\/wp-content\/uploads\/2026\/05\/Patricio-Tapia-1.jpg\u00bb admin_label=\u00bbMiguel Alejandro Rodr\u00edguez\u00bb _builder_version=\u00bb4.27.6&#8243; _module_preset=\u00bbdefault\u00bb header_font=\u00bb|600|||||||\u00bb position_font=\u00bb|600|||||||\u00bb position_text_color=\u00bb#0099CC\u00bb border_radii_image=\u00bbon|180px|180px|180px|180px\u00bb border_width_all_image=\u00bb3px\u00bb border_color_all_image=\u00bb#0099CC\u00bb global_colors_info=\u00bb{}\u00bb]Mag\u00edster en Evaluaci\u00f3n Educacional, Universidad de Playa Ancha, Chile.[\/et_pb_team_member][\/et_pb_column][et_pb_column type=\u00bb1_4&#8243; _builder_version=\u00bb4.19.5&#8243; _module_preset=\u00bbdefault\u00bb global_colors_info=\u00bb{}\u00bb][et_pb_team_member image_url=\u00bbhttps:\/\/upla.cl\/laetec\/wp-content\/uploads\/2024\/08\/faroupla.png.png\u00bb admin_label=\u00bbConnie Cofr\u00e9 Morales\u00bb _builder_version=\u00bb4.27.6&#8243; _module_preset=\u00bbdefault\u00bb header_font=\u00bb|600|||||||\u00bb position_font=\u00bb|600|||||||\u00bb position_text_color=\u00bb#0099CC\u00bb border_radii_image=\u00bbon|180px|180px|180px|180px\u00bb border_width_all_image=\u00bb3px\u00bb border_color_all_image=\u00bb#0099CC\u00bb global_colors_info=\u00bb{}\u00bb][\/et_pb_team_member][\/et_pb_column][et_pb_column type=\u00bb1_4&#8243; _builder_version=\u00bb4.19.5&#8243; _module_preset=\u00bbdefault\u00bb global_colors_info=\u00bb{}\u00bb][et_pb_team_member image_url=\u00bbhttps:\/\/upla.cl\/laetec\/wp-content\/uploads\/2024\/08\/faroupla.png.png\u00bb admin_label=\u00bbEugenio Chand\u00eda Mu\u00f1oz\u00bb _builder_version=\u00bb4.27.6&#8243; _module_preset=\u00bbdefault\u00bb header_font=\u00bb|600|||||||\u00bb position_font=\u00bb|600|||||||\u00bb position_text_color=\u00bb#0099CC\u00bb custom_padding=\u00bb|||0px||\u00bb border_radii_image=\u00bbon|180px|180px|180px|180px\u00bb border_width_all_image=\u00bb3px\u00bb border_color_all_image=\u00bb#0099CC\u00bb global_colors_info=\u00bb{}\u00bb][\/et_pb_team_member][\/et_pb_column][et_pb_column type=\u00bb1_4&#8243; _builder_version=\u00bb4.19.5&#8243; _module_preset=\u00bbdefault\u00bb global_colors_info=\u00bb{}\u00bb][et_pb_team_member image_url=\u00bbhttps:\/\/upla.cl\/laetec\/wp-content\/uploads\/2024\/08\/faroupla.png.png\u00bb admin_label=\u00bbStefhanie Galleguillos Toro\u00bb _builder_version=\u00bb4.27.6&#8243; _module_preset=\u00bbdefault\u00bb header_font=\u00bb|600|||||||\u00bb position_font=\u00bb|600|||||||\u00bb position_text_color=\u00bb#0099CC\u00bb border_radii_image=\u00bbon|180px|180px|180px|180px\u00bb border_width_all_image=\u00bb3px\u00bb border_color_all_image=\u00bb#0099CC\u00bb global_colors_info=\u00bb{}\u00bb]&nbsp;<\/p>\n<p>&nbsp;[\/et_pb_team_member][\/et_pb_column][\/et_pb_row][\/et_pb_section]<\/p>\n","protected":false},"excerpt":{"rendered":"<p>Semilleros de investigaci\u00f3n LAETEC Los Semilleros de investigaci\u00f3n LAETEC constituyen un espacio formativo orientado a favorecer la iniciaci\u00f3n y el acompa\u00f1amiento de trayectorias en investigaci\u00f3n educativa, con especial inter\u00e9s en la did\u00e1ctica de la matem\u00e1tica, la tecnolog\u00eda educativa y los procesos de formaci\u00f3n docente. Esta iniciativa busca promover la participaci\u00f3n progresiva de estudiantes y j\u00f3venes [&hellip;]<\/p>\n","protected":false},"author":2,"featured_media":0,"parent":0,"menu_order":0,"comment_status":"closed","ping_status":"closed","template":"","meta":{"_et_pb_use_builder":"on","_et_pb_old_content":"","_et_gb_content_width":"","footnotes":""},"class_list":["post-897","page","type-page","status-publish","hentry"],"_links":{"self":[{"href":"https:\/\/upla.cl\/laetec\/wp-json\/wp\/v2\/pages\/897","targetHints":{"allow":["GET"]}}],"collection":[{"href":"https:\/\/upla.cl\/laetec\/wp-json\/wp\/v2\/pages"}],"about":[{"href":"https:\/\/upla.cl\/laetec\/wp-json\/wp\/v2\/types\/page"}],"author":[{"embeddable":true,"href":"https:\/\/upla.cl\/laetec\/wp-json\/wp\/v2\/users\/2"}],"replies":[{"embeddable":true,"href":"https:\/\/upla.cl\/laetec\/wp-json\/wp\/v2\/comments?post=897"}],"version-history":[{"count":14,"href":"https:\/\/upla.cl\/laetec\/wp-json\/wp\/v2\/pages\/897\/revisions"}],"predecessor-version":[{"id":919,"href":"https:\/\/upla.cl\/laetec\/wp-json\/wp\/v2\/pages\/897\/revisions\/919"}],"wp:attachment":[{"href":"https:\/\/upla.cl\/laetec\/wp-json\/wp\/v2\/media?parent=897"}],"curies":[{"name":"wp","href":"https:\/\/api.w.org\/{rel}","templated":true}]}}