{"id":238,"date":"2023-03-28T17:11:26","date_gmt":"2023-03-28T17:11:26","guid":{"rendered":"https:\/\/upla.cl\/observatoriocaf\/?page_id=238"},"modified":"2024-06-03T13:14:53","modified_gmt":"2024-06-03T17:14:53","slug":"colaboradores","status":"publish","type":"page","link":"https:\/\/upla.cl\/observatoriocaf\/colaboradores\/","title":{"rendered":"Colaboradores"},"content":{"rendered":"<p>[et_pb_section fb_built=\u00bb1&#8243; custom_padding_last_edited=\u00bbon|tablet\u00bb next_background_color=\u00bb#ffffff\u00bb admin_label=\u00bbHero\u00bb _builder_version=\u00bb4.20.2&#8243; use_background_color_gradient=\u00bbon\u00bb background_color_gradient_type=\u00bbcircular\u00bb background_color_gradient_direction_radial=\u00bbtop left\u00bb background_color_gradient_stops=\u00bbrgba(0,155,219,0.5) 20%|#004562 100%\u00bb background_color_gradient_overlays_image=\u00bbon\u00bb background_color_gradient_start=\u00bbrgba(255,255,255,0)\u00bb background_color_gradient_start_position=\u00bb20%\u00bb background_color_gradient_end=\u00bbrgba(1,77,183,0.9)\u00bb background_image=\u00bbhttps:\/\/upla.cl\/observatoriocaf\/wp-content\/uploads\/2023\/03\/20230323-banner-fondo.png\u00bb custom_padding=\u00bb110px|0px|160px|0px|false|false\u00bb custom_padding_tablet=\u00bb50px||50px||true\u00bb custom_padding_phone=\u00bb|||\u00bb bottom_divider_style=\u00bbasymmetric\u00bb bottom_divider_height=\u00bb50px\u00bb bottom_divider_flip=\u00bbhorizontal\u00bb bottom_divider_height_tablet=\u00bb90px\u00bb bottom_divider_height_phone=\u00bb80px\u00bb global_colors_info=\u00bb{}\u00bb][et_pb_row _builder_version=\u00bb4.18.0&#8243; _module_preset=\u00bbdefault\u00bb background_color=\u00bbrgba(0,69,98,0.58)\u00bb custom_padding=\u00bb|||30px|false|false\u00bb global_colors_info=\u00bb{}\u00bb][et_pb_column type=\u00bb4_4&#8243; _builder_version=\u00bb4.18.0&#8243; _module_preset=\u00bbdefault\u00bb global_colors_info=\u00bb{}\u00bb][et_pb_blurb title=\u00bbColaboradores\u00bb use_icon=\u00bbon\u00bb font_icon=\u00bb&#xf4c4;||fa||900&#8243; icon_color=\u00bb#FFFFFF\u00bb icon_placement=\u00bbleft\u00bb image_icon_width=\u00bb81px\u00bb content_max_width=\u00bb1100px\u00bb _builder_version=\u00bb4.20.2&#8243; _module_preset=\u00bbdefault\u00bb header_font=\u00bbLato|800||on|||||\u00bb header_text_color=\u00bb#FFFFFF\u00bb header_font_size=\u00bb40px\u00bb body_text_color=\u00bb#FFFFFF\u00bb global_colors_info=\u00bb{}\u00bb]<\/p>\n<p>Investigadores Nacionales &#8211; Investigadores Internacionales &#8211; Instituciones<\/p>\n<p>[\/et_pb_blurb][\/et_pb_column][\/et_pb_row][\/et_pb_section][et_pb_section fb_built=\u00bb1&#8243; admin_label=\u00bbServices\u00bb _builder_version=\u00bb4.16&#8243; custom_padding=\u00bb20px|0px|20px|0px|true|false\u00bb global_colors_info=\u00bb{}\u00bb][et_pb_row use_custom_gutter=\u00bbon\u00bb admin_label=\u00bbRow\u00bb _builder_version=\u00bb4.20.2&#8243; width=\u00bb90%\u00bb max_width=\u00bb2560px\u00bb global_colors_info=\u00bb{}\u00bb][et_pb_column type=\u00bb4_4&#8243; _builder_version=\u00bb4.16&#8243; custom_padding=\u00bb|||\u00bb global_colors_info=\u00bb{}\u00bb custom_padding__hover=\u00bb|||\u00bb][et_pb_blurb title=\u00bbInvestigadores Nacionales\u00bb icon_placement=\u00bbleft\u00bb image_icon_width=\u00bb81px\u00bb content_max_width=\u00bb1100px\u00bb _builder_version=\u00bb4.20.2&#8243; _module_preset=\u00bbdefault\u00bb header_level=\u00bbh5&#8243; header_font=\u00bbLato|800|||||||\u00bb header_text_align=\u00bbcenter\u00bb header_text_color=\u00bb#0C71C3&#8243; header_font_size=\u00bb31px\u00bb body_text_color=\u00bb#FFFFFF\u00bb text_orientation=\u00bbcenter\u00bb global_colors_info=\u00bb{}\u00bb][\/et_pb_blurb][\/et_pb_column][\/et_pb_row][et_pb_row column_structure=\u00bb1_3,1_3,1_3&#8243; use_custom_gutter=\u00bbon\u00bb admin_label=\u00bbRow\u00bb _builder_version=\u00bb4.18.0&#8243; width=\u00bb90%\u00bb max_width=\u00bb2560px\u00bb global_colors_info=\u00bb{}\u00bb][et_pb_column type=\u00bb1_3&#8243; _builder_version=\u00bb4.16&#8243; custom_padding=\u00bb|||\u00bb global_colors_info=\u00bb{}\u00bb custom_padding__hover=\u00bb|||\u00bb][et_pb_text _builder_version=\u00bb4.18.0&#8243; _module_preset=\u00bbdefault\u00bb global_colors_info=\u00bb{}\u00bb]<\/p>\n<p><span style=\"color: #0c71c3;\"><strong>Dra. Jessica Ibarra Mora<\/strong><\/span><br \/><span style=\"font-weight: 400;\">Carrera Pedagog\u00eda en Educaci\u00f3n F\u00edsica, Universidad Metropolitana de las Ciencias de la Educaci\u00f3n.<\/span><\/p>\n<p>[\/et_pb_text][\/et_pb_column][et_pb_column type=\u00bb1_3&#8243; _builder_version=\u00bb4.16&#8243; custom_padding=\u00bb|||\u00bb global_colors_info=\u00bb{}\u00bb custom_padding__hover=\u00bb|||\u00bb][et_pb_text _builder_version=\u00bb4.20.2&#8243; _module_preset=\u00bbdefault\u00bb global_colors_info=\u00bb{}\u00bb]<\/p>\n<p><strong><span style=\"color: #0c71c3;\">Dra.\u00a0Jacqueline P\u00e1ez Herrera<\/span><\/strong><br \/><span style=\"font-weight: 400;\">Grupo EFIDAC (<\/span><span style=\"font-weight: 400;\">Educaci\u00f3n F\u00edsica &#8211; Desarrollo &#8211; Aprendizaje \u2013 Conductas), Pontificia Universidad Cat\u00f3lica de Valpara\u00edso.<\/span><\/p>\n<p>[\/et_pb_text][\/et_pb_column][et_pb_column type=\u00bb1_3&#8243; _builder_version=\u00bb4.16&#8243; custom_padding=\u00bb|||\u00bb global_colors_info=\u00bb{}\u00bb custom_padding__hover=\u00bb|||\u00bb][et_pb_text _builder_version=\u00bb4.20.2&#8243; _module_preset=\u00bbdefault\u00bb global_colors_info=\u00bb{}\u00bb]<\/p>\n<p><strong><span style=\"color: #0c71c3;\">Dr. Juan Hurtado Almonacid<\/span><\/strong><br \/><span style=\"font-weight: 400;\">Grupo EFIDAC (<\/span><span style=\"font-weight: 400;\">Educaci\u00f3n F\u00edsica &#8211; Desarrollo &#8211; Aprendizaje \u2013 Conductas), Pontificia Universidad Cat\u00f3lica de Valpara\u00edso.<\/span><\/p>\n<p>[\/et_pb_text][\/et_pb_column][\/et_pb_row][\/et_pb_section][et_pb_section fb_built=\u00bb1&#8243; admin_label=\u00bbServices\u00bb _builder_version=\u00bb4.16&#8243; custom_padding=\u00bb20px|0px|20px|0px|true|false\u00bb global_colors_info=\u00bb{}\u00bb][et_pb_row use_custom_gutter=\u00bbon\u00bb admin_label=\u00bbRow\u00bb _builder_version=\u00bb4.20.2&#8243; width=\u00bb90%\u00bb max_width=\u00bb2560px\u00bb global_colors_info=\u00bb{}\u00bb][et_pb_column type=\u00bb4_4&#8243; _builder_version=\u00bb4.16&#8243; custom_padding=\u00bb|||\u00bb global_colors_info=\u00bb{}\u00bb custom_padding__hover=\u00bb|||\u00bb][et_pb_blurb title=\u00bbInvestigadores Internacionales\u00bb icon_placement=\u00bbleft\u00bb image_icon_width=\u00bb81px\u00bb content_max_width=\u00bb1100px\u00bb _builder_version=\u00bb4.20.2&#8243; _module_preset=\u00bbdefault\u00bb header_level=\u00bbh5&#8243; header_font=\u00bbLato|800|||||||\u00bb header_text_align=\u00bbcenter\u00bb header_text_color=\u00bb#0C71C3&#8243; header_font_size=\u00bb31px\u00bb body_text_color=\u00bb#FFFFFF\u00bb text_orientation=\u00bbcenter\u00bb global_colors_info=\u00bb{}\u00bb][\/et_pb_blurb][\/et_pb_column][\/et_pb_row][et_pb_row column_structure=\u00bb1_3,1_3,1_3&#8243; use_custom_gutter=\u00bbon\u00bb admin_label=\u00bbRow\u00bb _builder_version=\u00bb4.18.0&#8243; width=\u00bb90%\u00bb max_width=\u00bb2560px\u00bb global_colors_info=\u00bb{}\u00bb][et_pb_column type=\u00bb1_3&#8243; _builder_version=\u00bb4.16&#8243; custom_padding=\u00bb|||\u00bb global_colors_info=\u00bb{}\u00bb custom_padding__hover=\u00bb|||\u00bb][et_pb_text _builder_version=\u00bb4.20.2&#8243; _module_preset=\u00bbdefault\u00bb global_colors_info=\u00bb{}\u00bb]<\/p>\n<p><strong><span style=\"color: #0c71c3;\">Dr. Jorge Mota<\/span><\/strong><br \/><span style=\"font-weight: 400;\">Centro de Investigaci\u00f3n en Actividad F\u00edsica, Salud y Ocio (CIAFEL), Facultad del Deporte, Universidad de Porto, Portugal.<\/span><\/p>\n<p>[\/et_pb_text][\/et_pb_column][et_pb_column type=\u00bb1_3&#8243; _builder_version=\u00bb4.16&#8243; custom_padding=\u00bb|||\u00bb global_colors_info=\u00bb{}\u00bb custom_padding__hover=\u00bb|||\u00bb][et_pb_text _builder_version=\u00bb4.20.2&#8243; _module_preset=\u00bbdefault\u00bb global_colors_info=\u00bb{}\u00bb]<\/p>\n<p><strong><span style=\"color: #0c71c3;\"><strong>Dr. Francisco Carreiro da Costa<\/strong><\/span><\/strong><br \/><span style=\"font-weight: 400;\">Centro de Investigaci\u00f3n en Educaci\u00f3n F\u00edsica, Deporte, Ejercicio y Salud (CIDEFES), Facultad de Educaci\u00f3n F\u00edsica y Deporte, Universidad Lus\u00f3fona, Portugal.<\/span><\/p>\n<p>[\/et_pb_text][\/et_pb_column][et_pb_column type=\u00bb1_3&#8243; _builder_version=\u00bb4.16&#8243; custom_padding=\u00bb|||\u00bb global_colors_info=\u00bb{}\u00bb custom_padding__hover=\u00bb|||\u00bb][et_pb_text _builder_version=\u00bb4.20.2&#8243; _module_preset=\u00bbdefault\u00bb global_colors_info=\u00bb{}\u00bb]<\/p>\n<p><strong><span style=\"color: #0c71c3;\">Dr. Eliseo Iglesias Soler<\/span><\/strong><br \/><span style=\"font-weight: 400;\">Facultad de Ciencias del Deporte y Educaci\u00f3n F\u00edsica, Universidad de la Coru\u00f1a, Espa\u00f1a.<\/span><\/p>\n<p>[\/et_pb_text][\/et_pb_column][\/et_pb_row][et_pb_row column_structure=\u00bb1_3,1_3,1_3&#8243; use_custom_gutter=\u00bbon\u00bb admin_label=\u00bbRow\u00bb _builder_version=\u00bb4.18.0&#8243; width=\u00bb90%\u00bb max_width=\u00bb2560px\u00bb global_colors_info=\u00bb{}\u00bb][et_pb_column type=\u00bb1_3&#8243; _builder_version=\u00bb4.16&#8243; custom_padding=\u00bb|||\u00bb global_colors_info=\u00bb{}\u00bb custom_padding__hover=\u00bb|||\u00bb][et_pb_text _builder_version=\u00bb4.20.2&#8243; _module_preset=\u00bbdefault\u00bb global_colors_info=\u00bb{}\u00bb]<\/p>\n<p><strong><span style=\"color: #0c71c3;\">Dr. Xurxo Dopico Calvo<\/span><\/strong><br \/><span style=\"font-weight: 400;\">Facultad de Ciencias del Deporte y Educaci\u00f3n F\u00edsica, Universidad de la Coru\u00f1a.<\/span><\/p>\n<p>[\/et_pb_text][\/et_pb_column][et_pb_column type=\u00bb1_3&#8243; _builder_version=\u00bb4.16&#8243; custom_padding=\u00bb|||\u00bb global_colors_info=\u00bb{}\u00bb custom_padding__hover=\u00bb|||\u00bb][et_pb_text _builder_version=\u00bb4.20.2&#8243; _module_preset=\u00bbdefault\u00bb global_colors_info=\u00bb{}\u00bb]<\/p>\n<p><strong><span style=\"color: #0c71c3;\"><span>Dra. Reyes Beltran Valls<\/span><\/span><\/strong><br \/><span style=\"font-weight: 400;\">Grupo de Investigaci\u00f3n Physical Activity, Fitness and Health (LIFE), Universidad Jaume I de Castello\u0301n, Espa\u00f1a.<\/span><\/p>\n<p>[\/et_pb_text][\/et_pb_column][et_pb_column type=\u00bb1_3&#8243; _builder_version=\u00bb4.16&#8243; custom_padding=\u00bb|||\u00bb global_colors_info=\u00bb{}\u00bb custom_padding__hover=\u00bb|||\u00bb][et_pb_text _builder_version=\u00bb4.20.2&#8243; _module_preset=\u00bbdefault\u00bb global_colors_info=\u00bb{}\u00bb]<\/p>\n<p><strong><span style=\"color: #0c71c3;\">Dra. Mireia Adelantado Renau<\/span><\/strong><br \/><span style=\"font-weight: 400;\">Grupo de Investigaci\u00f3n LIFE, Universidad Jaume I de Castello\u0301n, Espan\u0303a.<\/span><\/p>\n<p>[\/et_pb_text][\/et_pb_column][\/et_pb_row][et_pb_row column_structure=\u00bb1_3,1_3,1_3&#8243; use_custom_gutter=\u00bbon\u00bb admin_label=\u00bbRow\u00bb _builder_version=\u00bb4.18.0&#8243; width=\u00bb90%\u00bb max_width=\u00bb2560px\u00bb global_colors_info=\u00bb{}\u00bb][et_pb_column type=\u00bb1_3&#8243; _builder_version=\u00bb4.16&#8243; custom_padding=\u00bb|||\u00bb global_colors_info=\u00bb{}\u00bb custom_padding__hover=\u00bb|||\u00bb][et_pb_text _builder_version=\u00bb4.24.2&#8243; _module_preset=\u00bbdefault\u00bb global_colors_info=\u00bb{}\u00bb]<strong><span style=\"color: #0c71c3;\">Dra. Mabel G\u00f3mez Mazorra<\/span><\/strong><br \/>\n<span style=\"font-weight: 400;\">Grupo de Investigacio\u0301n Ocio, Cultura Fi\u0301sica y Salud (OCUFYS), Universidad de Tolima, Colombia.<\/span>[\/et_pb_text][\/et_pb_column][et_pb_column type=\u00bb1_3&#8243; _builder_version=\u00bb4.16&#8243; custom_padding=\u00bb|||\u00bb global_colors_info=\u00bb{}\u00bb custom_padding__hover=\u00bb|||\u00bb][et_pb_text _builder_version=\u00bb4.20.2&#8243; _module_preset=\u00bbdefault\u00bb global_colors_info=\u00bb{}\u00bb]<\/p>\n<p><strong><span style=\"color: #0c71c3;\">Dr. Carlos Arango Paternina<\/span><\/strong><br \/><span style=\"font-weight: 400;\">Grupo de Investigacio\u0301n en Actividad Fi\u0301sica y Salud (AFIS), Universidad de Antioquia, Colombia.<\/span><\/p>\n<p>[\/et_pb_text][\/et_pb_column][et_pb_column type=\u00bb1_3&#8243; _builder_version=\u00bb4.16&#8243; custom_padding=\u00bb|||\u00bb global_colors_info=\u00bb{}\u00bb custom_padding__hover=\u00bb|||\u00bb][et_pb_text _builder_version=\u00bb4.20.2&#8243; _module_preset=\u00bbdefault\u00bb global_colors_info=\u00bb{}\u00bb]<\/p>\n<p><strong><span style=\"color: #0c71c3;\">Dr. Carlos Alberto Ramos Parrac\u00ed<\/span><\/strong><br \/><span style=\"font-weight: 400;\">Grupo de Investigacio\u0301n Ocio, Cultura Fi\u0301sica y Salud (OCUFYS), Universidad de Tolima, Colombia.<\/span><\/p>\n<p>[\/et_pb_text][\/et_pb_column][\/et_pb_row][\/et_pb_section][et_pb_section fb_built=\u00bb1&#8243; admin_label=\u00bbServices\u00bb _builder_version=\u00bb4.16&#8243; custom_margin=\u00bb||50px|||\u00bb custom_padding=\u00bb20px|0px|20px|0px|true|false\u00bb global_colors_info=\u00bb{}\u00bb][et_pb_row use_custom_gutter=\u00bbon\u00bb admin_label=\u00bbRow\u00bb _builder_version=\u00bb4.20.2&#8243; width=\u00bb90%\u00bb max_width=\u00bb2560px\u00bb global_colors_info=\u00bb{}\u00bb][et_pb_column type=\u00bb4_4&#8243; _builder_version=\u00bb4.16&#8243; custom_padding=\u00bb|||\u00bb global_colors_info=\u00bb{}\u00bb custom_padding__hover=\u00bb|||\u00bb][et_pb_blurb title=\u00bbInstituciones \u00bb icon_placement=\u00bbleft\u00bb image_icon_width=\u00bb81px\u00bb content_max_width=\u00bb1100px\u00bb _builder_version=\u00bb4.20.2&#8243; _module_preset=\u00bbdefault\u00bb header_level=\u00bbh5&#8243; header_font=\u00bbLato|800|||||||\u00bb header_text_align=\u00bbcenter\u00bb header_text_color=\u00bb#0C71C3&#8243; header_font_size=\u00bb31px\u00bb body_text_color=\u00bb#FFFFFF\u00bb text_orientation=\u00bbcenter\u00bb global_colors_info=\u00bb{}\u00bb][\/et_pb_blurb][et_pb_image src=\u00bbhttps:\/\/upla.cl\/observatoriocaf\/wp-content\/uploads\/2023\/03\/20230328-mindep-ind.png\u00bb alt=\u00bbLogo Minep\u00bb title_text=\u00bb20230328-mindep-ind\u00bb _builder_version=\u00bb4.20.2&#8243; _module_preset=\u00bbdefault\u00bb width=\u00bb40em\u00bb module_alignment=\u00bbcenter\u00bb global_colors_info=\u00bb{}\u00bb][\/et_pb_image][\/et_pb_column][\/et_pb_row][et_pb_row column_structure=\u00bb1_3,1_3,1_3&#8243; use_custom_gutter=\u00bbon\u00bb admin_label=\u00bbRow\u00bb _builder_version=\u00bb4.18.0&#8243; width=\u00bb90%\u00bb max_width=\u00bb2560px\u00bb global_colors_info=\u00bb{}\u00bb][et_pb_column type=\u00bb1_3&#8243; _builder_version=\u00bb4.16&#8243; custom_padding=\u00bb|||\u00bb global_colors_info=\u00bb{}\u00bb custom_padding__hover=\u00bb|||\u00bb][\/et_pb_column][et_pb_column type=\u00bb1_3&#8243; _builder_version=\u00bb4.16&#8243; custom_padding=\u00bb|||\u00bb global_colors_info=\u00bb{}\u00bb custom_padding__hover=\u00bb|||\u00bb][et_pb_text _builder_version=\u00bb4.20.2&#8243; _module_preset=\u00bbdefault\u00bb global_colors_info=\u00bb{}\u00bb]<\/p>\n<p style=\"text-align: center;\"><span style=\"color: #0c71c3;\"><span style=\"font-weight: 400;\"><b>I<\/b><\/span><strong>nstituto Nacional de Deportes, Valpara\u00edso.<\/strong><\/span><\/p>\n<p style=\"text-align: center;\"><span style=\"color: #0c71c3;\"><strong>Unidad de Deporte y Recreaci\u00f3n, Ministerio de Educaci\u00f3n.<\/strong><\/span><\/p>\n<p>[\/et_pb_text][\/et_pb_column][et_pb_column type=\u00bb1_3&#8243; _builder_version=\u00bb4.16&#8243; custom_padding=\u00bb|||\u00bb global_colors_info=\u00bb{}\u00bb custom_padding__hover=\u00bb|||\u00bb][\/et_pb_column][\/et_pb_row][\/et_pb_section][et_pb_section fb_built=\u00bb1&#8243; prev_background_color=\u00bb#ffffff\u00bb _builder_version=\u00bb4.25.1&#8243; _module_preset=\u00bbdefault\u00bb use_background_color_gradient=\u00bbon\u00bb background_color_gradient_stops=\u00bb#004562 0%|rgba(0,155,219,0.81) 95%\u00bb background_color_gradient_overlays_image=\u00bbon\u00bb background_image=\u00bbhttps:\/\/upla.cl\/observatoriocaf\/wp-content\/uploads\/2024\/03\/20240314_punta-angeles-scaled-1.jpeg\u00bb top_divider_style=\u00bbasymmetric\u00bb top_divider_height=\u00bb49px\u00bb top_divider_repeat=\u00bb1x\u00bb top_divider_flip=\u00bbhorizontal|vertical\u00bb global_colors_info=\u00bb{}\u00bb global_module=\u00bb817&#8243; theme_builder_area=\u00bbpost_content\u00bb][et_pb_row column_structure=\u00bb2_5,3_5&#8243; _builder_version=\u00bb4.25.1&#8243; _module_preset=\u00bbdefault\u00bb global_colors_info=\u00bb{}\u00bb theme_builder_area=\u00bbpost_content\u00bb][et_pb_column type=\u00bb2_5&#8243; _builder_version=\u00bb4.25.1&#8243; _module_preset=\u00bbdefault\u00bb global_colors_info=\u00bb{}\u00bb theme_builder_area=\u00bbpost_content\u00bb][et_pb_blurb title=\u00bbCorreo electr\u00f3nico\u00bb use_icon=\u00bbon\u00bb font_icon=\u00bb&#xe076;||divi||400&#8243; icon_color=\u00bb#FFFFFF\u00bb image_icon_background_color=\u00bb#004562&#8243; image_icon_width=\u00bb20px\u00bb _builder_version=\u00bb4.25.1&#8243; _module_preset=\u00bbdefault\u00bb header_font=\u00bb|800|||||||\u00bb header_text_align=\u00bbcenter\u00bb header_text_color=\u00bb#FFFFFF\u00bb header_font_size=\u00bb20px\u00bb body_link_font=\u00bb||||on|||#FFFFFF|\u00bb body_link_text_align=\u00bbcenter\u00bb body_link_font_size=\u00bb16px\u00bb image_icon_custom_padding=\u00bb25px|25px|25px|25px|true|true\u00bb border_radii_image=\u00bbon|100px|100px|100px|100px\u00bb global_colors_info=\u00bb{}\u00bb theme_builder_area=\u00bbpost_content\u00bb]<\/p>\n<p style=\"text-align: center;\"><a href=\"mailto:observatoriocienciasactividadfisica@upla.cl\"><span style=\"font-weight: 400 color: white;\"><span style=\"color: #ffffff;\">observatoriocienciasactividadfisica@upla.cl<\/span><\/span><\/a><\/p>\n<p>[\/et_pb_blurb][et_pb_blurb title=\u00bbUbicaci\u00f3n\u00bb use_icon=\u00bbon\u00bb font_icon=\u00bb&#xe081;||divi||400&#8243; icon_color=\u00bb#FFFFFF\u00bb image_icon_background_color=\u00bb#004562&#8243; image_icon_width=\u00bb20px\u00bb _builder_version=\u00bb4.25.1&#8243; _module_preset=\u00bbdefault\u00bb header_font=\u00bb|800|||||||\u00bb header_text_align=\u00bbcenter\u00bb header_text_color=\u00bb#FFFFFF\u00bb header_font_size=\u00bb20px\u00bb body_text_align=\u00bbcenter\u00bb body_text_color=\u00bb#FFFFFF\u00bb body_font_size=\u00bb16px\u00bb body_link_font=\u00bb||||on|||#FFFFFF|\u00bb body_link_text_align=\u00bbcenter\u00bb body_link_font_size=\u00bb16px\u00bb image_icon_custom_padding=\u00bb25px|25px|25px|25px|true|true\u00bb border_radii_image=\u00bbon|100px|100px|100px|100px\u00bb global_colors_info=\u00bb{}\u00bb theme_builder_area=\u00bbpost_content\u00bb]<\/p>\n<p>Oficina 304, tercer piso del Edificio Punt\u00e1ngeles, Facultad de Ciencias de la Actividad F\u00edsica y del Deporte.<\/p>\n<p>[\/et_pb_blurb][et_pb_blurb title=\u00bbInstagram\u00bb use_icon=\u00bbon\u00bb font_icon=\u00bb&#xe09a;||divi||400&#8243; icon_color=\u00bb#FFFFFF\u00bb image_icon_background_color=\u00bb#004562&#8243; image_icon_width=\u00bb20px\u00bb _builder_version=\u00bb4.25.1&#8243; _module_preset=\u00bbdefault\u00bb header_font=\u00bb|800|||||||\u00bb header_text_align=\u00bbcenter\u00bb header_text_color=\u00bb#FFFFFF\u00bb header_font_size=\u00bb20px\u00bb body_text_align=\u00bbcenter\u00bb body_text_color=\u00bb#FFFFFF\u00bb body_font_size=\u00bb16px\u00bb body_link_font=\u00bb||||on|||#FFFFFF|\u00bb body_link_text_align=\u00bbcenter\u00bb body_link_font_size=\u00bb16px\u00bb image_icon_custom_padding=\u00bb25px|25px|25px|25px|true|true\u00bb border_radii_image=\u00bbon|100px|100px|100px|100px\u00bb global_colors_info=\u00bb{}\u00bb theme_builder_area=\u00bbpost_content\u00bb]<\/p>\n<p><span style=\"font-weight: 400; color: #ffffff;\">@ocaf_upla<\/span><\/p>\n<p>[\/et_pb_blurb][\/et_pb_column][et_pb_column type=\u00bb3_5&#8243; _builder_version=\u00bb4.25.1&#8243; _module_preset=\u00bbdefault\u00bb global_colors_info=\u00bb{}\u00bb theme_builder_area=\u00bbpost_content\u00bb][wpforms_selector form_id=\u00bb175&#8243; show_title=\u00bbon\u00bb _builder_version=\u00bb4.25.1&#8243; _module_preset=\u00bbdefault\u00bb global_colors_info=\u00bb{}\u00bb theme_builder_area=\u00bbpost_content\u00bb][\/wpforms_selector][\/et_pb_column][\/et_pb_row][\/et_pb_section]<\/p>\n","protected":false},"excerpt":{"rendered":"<p>Investigadores Nacionales &#8211; Investigadores Internacionales &#8211; InstitucionesDra. Jessica Ibarra MoraCarrera Pedagog\u00eda en Educaci\u00f3n F\u00edsica, Universidad Metropolitana de las Ciencias de la Educaci\u00f3n.Dra.\u00a0Jacqueline P\u00e1ez HerreraGrupo EFIDAC (Educaci\u00f3n F\u00edsica &#8211; Desarrollo &#8211; Aprendizaje \u2013 Conductas), Pontificia Universidad Cat\u00f3lica de Valpara\u00edso.Dr. Juan Hurtado AlmonacidGrupo EFIDAC (Educaci\u00f3n F\u00edsica &#8211; Desarrollo &#8211; Aprendizaje \u2013 Conductas), Pontificia Universidad Cat\u00f3lica de Valpara\u00edso.Dr. [&hellip;]<\/p>\n","protected":false},"author":1,"featured_media":0,"parent":0,"menu_order":0,"comment_status":"closed","ping_status":"closed","template":"","meta":{"_et_pb_use_builder":"on","_et_pb_old_content":"","_et_gb_content_width":"","footnotes":""},"class_list":["post-238","page","type-page","status-publish","hentry"],"_links":{"self":[{"href":"https:\/\/upla.cl\/observatoriocaf\/wp-json\/wp\/v2\/pages\/238","targetHints":{"allow":["GET"]}}],"collection":[{"href":"https:\/\/upla.cl\/observatoriocaf\/wp-json\/wp\/v2\/pages"}],"about":[{"href":"https:\/\/upla.cl\/observatoriocaf\/wp-json\/wp\/v2\/types\/page"}],"author":[{"embeddable":true,"href":"https:\/\/upla.cl\/observatoriocaf\/wp-json\/wp\/v2\/users\/1"}],"replies":[{"embeddable":true,"href":"https:\/\/upla.cl\/observatoriocaf\/wp-json\/wp\/v2\/comments?post=238"}],"version-history":[{"count":15,"href":"https:\/\/upla.cl\/observatoriocaf\/wp-json\/wp\/v2\/pages\/238\/revisions"}],"predecessor-version":[{"id":837,"href":"https:\/\/upla.cl\/observatoriocaf\/wp-json\/wp\/v2\/pages\/238\/revisions\/837"}],"wp:attachment":[{"href":"https:\/\/upla.cl\/observatoriocaf\/wp-json\/wp\/v2\/media?parent=238"}],"curies":[{"name":"wp","href":"https:\/\/api.w.org\/{rel}","templated":true}]}}