{"id":267,"date":"2023-03-28T16:45:36","date_gmt":"2023-03-28T16:45:36","guid":{"rendered":"https:\/\/upla.cl\/observatoriocaf\/?page_id=267"},"modified":"2025-01-22T09:34:16","modified_gmt":"2025-01-22T12:34:16","slug":"espacio-ocaf","status":"publish","type":"page","link":"https:\/\/upla.cl\/observatoriocaf\/espacio-ocaf\/","title":{"rendered":"Espacio OCAF"},"content":{"rendered":"<p>[et_pb_section fb_built=\u00bb1&#8243; custom_padding_last_edited=\u00bbon|tablet\u00bb next_background_color=\u00bb#ffffff\u00bb admin_label=\u00bbHero\u00bb _builder_version=\u00bb4.20.2&#8243; use_background_color_gradient=\u00bbon\u00bb background_color_gradient_type=\u00bbcircular\u00bb background_color_gradient_direction_radial=\u00bbtop left\u00bb background_color_gradient_stops=\u00bbrgba(0,155,219,0.5) 20%|#004562 100%\u00bb background_color_gradient_overlays_image=\u00bbon\u00bb background_color_gradient_start=\u00bbrgba(255,255,255,0)\u00bb background_color_gradient_start_position=\u00bb20%\u00bb background_color_gradient_end=\u00bbrgba(1,77,183,0.9)\u00bb background_image=\u00bbhttps:\/\/upla.cl\/observatoriocaf\/wp-content\/uploads\/2023\/03\/20230323-banner-fondo.png\u00bb custom_padding=\u00bb110px|0px|160px|0px|false|false\u00bb custom_padding_tablet=\u00bb50px||50px||true\u00bb custom_padding_phone=\u00bb|||\u00bb bottom_divider_style=\u00bbasymmetric\u00bb bottom_divider_height=\u00bb50px\u00bb bottom_divider_flip=\u00bbhorizontal\u00bb bottom_divider_height_tablet=\u00bb90px\u00bb bottom_divider_height_phone=\u00bb80px\u00bb global_colors_info=\u00bb{}\u00bb][et_pb_row _builder_version=\u00bb4.18.0&#8243; _module_preset=\u00bbdefault\u00bb background_color=\u00bbrgba(0,69,98,0.58)\u00bb custom_padding=\u00bb|||30px|false|false\u00bb global_colors_info=\u00bb{}\u00bb][et_pb_column type=\u00bb4_4&#8243; _builder_version=\u00bb4.18.0&#8243; _module_preset=\u00bbdefault\u00bb global_colors_info=\u00bb{}\u00bb][et_pb_blurb title=\u00bbEspacio OCAF\u00bb use_icon=\u00bbon\u00bb font_icon=\u00bb&#xf3c5;||fa||900&#8243; icon_color=\u00bb#FFFFFF\u00bb icon_placement=\u00bbleft\u00bb image_icon_width=\u00bb81px\u00bb content_max_width=\u00bb1100px\u00bb _builder_version=\u00bb4.20.2&#8243; _module_preset=\u00bbdefault\u00bb header_font=\u00bbLato|800||on|||||\u00bb header_text_color=\u00bb#FFFFFF\u00bb header_font_size=\u00bb40px\u00bb body_text_color=\u00bb#FFFFFF\u00bb global_colors_info=\u00bb{}\u00bb][\/et_pb_blurb][\/et_pb_column][\/et_pb_row][\/et_pb_section][et_pb_section fb_built=\u00bb1&#8243; admin_label=\u00bbServices\u00bb _builder_version=\u00bb4.16&#8243; custom_padding=\u00bb20px|0px|20px|0px|true|false\u00bb global_colors_info=\u00bb{}\u00bb][et_pb_row column_structure=\u00bb2_5,3_5&#8243; use_custom_gutter=\u00bbon\u00bb admin_label=\u00bbRow\u00bb _builder_version=\u00bb4.20.2&#8243; width=\u00bb90%\u00bb max_width=\u00bb2560px\u00bb global_colors_info=\u00bb{}\u00bb][et_pb_column type=\u00bb2_5&#8243; _builder_version=\u00bb4.16&#8243; custom_padding=\u00bb|||\u00bb global_colors_info=\u00bb{}\u00bb custom_padding__hover=\u00bb|||\u00bb][et_pb_gallery gallery_ids=\u00bb1204,272,1201,1202,1203&#8243; fullwidth=\u00bbon\u00bb _builder_version=\u00bb4.27.4&#8243; _module_preset=\u00bbdefault\u00bb hover_enabled=\u00bb0&#8243; global_colors_info=\u00bb{}\u00bb sticky_enabled=\u00bb0&#8243;][\/et_pb_gallery][\/et_pb_column][et_pb_column type=\u00bb3_5&#8243; _builder_version=\u00bb4.16&#8243; custom_padding=\u00bb|||\u00bb global_colors_info=\u00bb{}\u00bb custom_padding__hover=\u00bb|||\u00bb][et_pb_text _builder_version=\u00bb4.20.2&#8243; _module_preset=\u00bbdefault\u00bb global_colors_info=\u00bb{}\u00bb]<span style=\"font-weight: 400;\">El Observatorio de Ciencias de la Actividad F\u00edsica (OCAF) posee implementaci\u00f3n cient\u00edfica que permite aportar a diversos proyectos de investigaci\u00f3n en el \u00e1rea de las ciencias de la actividad f\u00edsica. Entre la implementaci\u00f3n con la que cuenta, destacan: aceler\u00f3metros, monitores de ritmo cardiaco, dinam\u00f3metros, estad\u00edmetros, balanzas, cintas m\u00e9tricas, conos, adem\u00e1s de software de an\u00e1lisis de informaci\u00f3n. Esto permite desarrollar diversas l\u00edneas de investigaci\u00f3n tales como:\u00a0<\/span><\/p>\n<p>&nbsp;<\/p>\n<ul>\n<li style=\"font-weight: 400;\" aria-level=\"1\"><span style=\"font-weight: 400;\">Intensidad de la clase de educaci\u00f3n f\u00edsica\u00a0<\/span><\/li>\n<li style=\"font-weight: 400;\" aria-level=\"1\"><span style=\"font-weight: 400;\">Incorporaci\u00f3n de actividad f\u00edsica en contexto escolar a trav\u00e9s de pausas activas<\/span><\/li>\n<li style=\"font-weight: 400;\" aria-level=\"1\"><span style=\"font-weight: 400;\">Actividad f\u00edsica en escolares\u00a0<\/span><\/li>\n<li style=\"font-weight: 400;\" aria-level=\"1\"><span style=\"font-weight: 400;\">Factores psicosociales de la pr\u00e1ctica f\u00edsico-deportiva\u00a0<\/span><\/li>\n<li style=\"font-weight: 400;\" aria-level=\"1\"><span style=\"font-weight: 400;\">Modos de desplazamiento activo y salud en universitarios<\/span><\/li>\n<li style=\"font-weight: 400;\" aria-level=\"1\"><span style=\"font-weight: 400;\">Especializaci\u00f3n e iniciaci\u00f3n a los deportes colectivos<\/span><\/li>\n<li style=\"font-weight: 400;\" aria-level=\"1\"><span style=\"font-weight: 400;\">Prevenci\u00f3n y manejo de lesiones en la actividad f\u00edsica<\/span><\/li>\n<\/ul>\n<p>[\/et_pb_text][et_pb_text _builder_version=\u00bb4.20.2&#8243; _module_preset=\u00bbdefault\u00bb global_colors_info=\u00bb{}\u00bb]<span style=\"font-weight: 400;\">Adem\u00e1s, el OCAF act\u00faa como un\u00a0centro de estudio, para estudiantes de pre y posgrado, atrayendo a investigadores nacionales e internacionales a pasant\u00edas de investigaci\u00f3n, que colaboran en la formaci\u00f3n acad\u00e9mica de los integrantes del observatorio. Tambi\u00e9n se ha instalado paulatinamente un grupo de iniciaci\u00f3n a la investigaci\u00f3n, donde j\u00f3venes estudiantes se capacitan y forman parte de los proyectos de investigaci\u00f3n adjudicados por el OCAF de manera gratuita a cambio de aprendizaje y formaci\u00f3n de capital humano avanzado. El espacio del OCAF sirve de igual forma como lugar de trabajo para los acad\u00e9micos adscritos, as\u00ed como tambi\u00e9n para reuniones con las entidades colaboradoras y grupos de trabajo que participan en los diferentes proyectos que se llevan a cabo en el observatorio.<\/span><br \/>\n[\/et_pb_text][\/et_pb_column][\/et_pb_row][\/et_pb_section][et_pb_section fb_built=\u00bb1&#8243; prev_background_color=\u00bb#ffffff\u00bb _builder_version=\u00bb4.25.1&#8243; _module_preset=\u00bbdefault\u00bb use_background_color_gradient=\u00bbon\u00bb background_color_gradient_stops=\u00bb#004562 0%|rgba(0,155,219,0.81) 95%\u00bb background_color_gradient_overlays_image=\u00bbon\u00bb background_image=\u00bbhttps:\/\/upla.cl\/observatoriocaf\/wp-content\/uploads\/2024\/03\/20240314_punta-angeles-scaled-1.jpeg\u00bb top_divider_style=\u00bbasymmetric\u00bb top_divider_height=\u00bb49px\u00bb top_divider_repeat=\u00bb1x\u00bb top_divider_flip=\u00bbhorizontal|vertical\u00bb global_module=\u00bb817&#8243; saved_tabs=\u00bball\u00bb global_colors_info=\u00bb{}\u00bb][et_pb_row column_structure=\u00bb2_5,3_5&#8243; _builder_version=\u00bb4.25.1&#8243; _module_preset=\u00bbdefault\u00bb global_colors_info=\u00bb{}\u00bb][et_pb_column type=\u00bb2_5&#8243; _builder_version=\u00bb4.25.1&#8243; _module_preset=\u00bbdefault\u00bb global_colors_info=\u00bb{}\u00bb][et_pb_blurb title=\u00bbCorreo electr\u00f3nico\u00bb use_icon=\u00bbon\u00bb font_icon=\u00bb&#xe076;||divi||400&#8243; icon_color=\u00bb#FFFFFF\u00bb image_icon_background_color=\u00bb#004562&#8243; image_icon_width=\u00bb20px\u00bb _builder_version=\u00bb4.25.1&#8243; _module_preset=\u00bbdefault\u00bb header_font=\u00bb|800|||||||\u00bb header_text_align=\u00bbcenter\u00bb header_text_color=\u00bb#FFFFFF\u00bb header_font_size=\u00bb20px\u00bb body_link_font=\u00bb||||on|||#FFFFFF|\u00bb body_link_text_align=\u00bbcenter\u00bb body_link_font_size=\u00bb16px\u00bb image_icon_custom_padding=\u00bb25px|25px|25px|25px|true|true\u00bb border_radii_image=\u00bbon|100px|100px|100px|100px\u00bb global_colors_info=\u00bb{}\u00bb]<\/p>\n<p style=\"text-align: center;\"><a href=\"mailto:observatoriocienciasactividadfisica@upla.cl\"><span style=\"font-weight: 400 color: white;\"><span style=\"color: #ffffff;\">observatoriocienciasactividadfisica@upla.cl<\/span><\/span><\/a><\/p>\n<p>[\/et_pb_blurb][et_pb_blurb title=\u00bbUbicaci\u00f3n\u00bb use_icon=\u00bbon\u00bb font_icon=\u00bb&#xe081;||divi||400&#8243; icon_color=\u00bb#FFFFFF\u00bb image_icon_background_color=\u00bb#004562&#8243; image_icon_width=\u00bb20px\u00bb _builder_version=\u00bb4.25.1&#8243; _module_preset=\u00bbdefault\u00bb header_font=\u00bb|800|||||||\u00bb header_text_align=\u00bbcenter\u00bb header_text_color=\u00bb#FFFFFF\u00bb header_font_size=\u00bb20px\u00bb body_text_align=\u00bbcenter\u00bb body_text_color=\u00bb#FFFFFF\u00bb body_font_size=\u00bb16px\u00bb body_link_font=\u00bb||||on|||#FFFFFF|\u00bb body_link_text_align=\u00bbcenter\u00bb body_link_font_size=\u00bb16px\u00bb image_icon_custom_padding=\u00bb25px|25px|25px|25px|true|true\u00bb border_radii_image=\u00bbon|100px|100px|100px|100px\u00bb global_colors_info=\u00bb{}\u00bb]<\/p>\n<p>Oficina 304, tercer piso del Edificio Punt\u00e1ngeles, Facultad de Ciencias de la Actividad F\u00edsica y del Deporte.<\/p>\n<p>[\/et_pb_blurb][et_pb_blurb title=\u00bbInstagram\u00bb use_icon=\u00bbon\u00bb font_icon=\u00bb&#xe09a;||divi||400&#8243; icon_color=\u00bb#FFFFFF\u00bb image_icon_background_color=\u00bb#004562&#8243; image_icon_width=\u00bb20px\u00bb _builder_version=\u00bb4.25.1&#8243; _module_preset=\u00bbdefault\u00bb header_font=\u00bb|800|||||||\u00bb header_text_align=\u00bbcenter\u00bb header_text_color=\u00bb#FFFFFF\u00bb header_font_size=\u00bb20px\u00bb body_text_align=\u00bbcenter\u00bb body_text_color=\u00bb#FFFFFF\u00bb body_font_size=\u00bb16px\u00bb body_link_font=\u00bb||||on|||#FFFFFF|\u00bb body_link_text_align=\u00bbcenter\u00bb body_link_font_size=\u00bb16px\u00bb image_icon_custom_padding=\u00bb25px|25px|25px|25px|true|true\u00bb border_radii_image=\u00bbon|100px|100px|100px|100px\u00bb global_colors_info=\u00bb{}\u00bb]<\/p>\n<p><span style=\"font-weight: 400; color: #ffffff;\">@ocaf_upla<\/span><\/p>\n<p>[\/et_pb_blurb][\/et_pb_column][et_pb_column type=\u00bb3_5&#8243; _builder_version=\u00bb4.25.1&#8243; _module_preset=\u00bbdefault\u00bb global_colors_info=\u00bb{}\u00bb][wpforms_selector form_id=\u00bb175&#8243; show_title=\u00bbon\u00bb _builder_version=\u00bb4.25.1&#8243; _module_preset=\u00bbdefault\u00bb global_colors_info=\u00bb{}\u00bb][\/wpforms_selector][\/et_pb_column][\/et_pb_row][\/et_pb_section]<\/p>\n","protected":false},"excerpt":{"rendered":"<p>El Observatorio de Ciencias de la Actividad F\u00edsica (OCAF) posee implementaci\u00f3n cient\u00edfica que permite aportar a diversos proyectos de investigaci\u00f3n en el \u00e1rea de las ciencias de la actividad f\u00edsica. Entre la implementaci\u00f3n con la que cuenta, destacan: aceler\u00f3metros, monitores de ritmo cardiaco, dinam\u00f3metros, estad\u00edmetros, balanzas, cintas m\u00e9tricas, conos, adem\u00e1s de software de an\u00e1lisis de [&hellip;]<\/p>\n","protected":false},"author":1,"featured_media":0,"parent":0,"menu_order":0,"comment_status":"closed","ping_status":"closed","template":"","meta":{"_et_pb_use_builder":"on","_et_pb_old_content":"","_et_gb_content_width":"","footnotes":""},"class_list":["post-267","page","type-page","status-publish","hentry"],"_links":{"self":[{"href":"https:\/\/upla.cl\/observatoriocaf\/wp-json\/wp\/v2\/pages\/267","targetHints":{"allow":["GET"]}}],"collection":[{"href":"https:\/\/upla.cl\/observatoriocaf\/wp-json\/wp\/v2\/pages"}],"about":[{"href":"https:\/\/upla.cl\/observatoriocaf\/wp-json\/wp\/v2\/types\/page"}],"author":[{"embeddable":true,"href":"https:\/\/upla.cl\/observatoriocaf\/wp-json\/wp\/v2\/users\/1"}],"replies":[{"embeddable":true,"href":"https:\/\/upla.cl\/observatoriocaf\/wp-json\/wp\/v2\/comments?post=267"}],"version-history":[{"count":14,"href":"https:\/\/upla.cl\/observatoriocaf\/wp-json\/wp\/v2\/pages\/267\/revisions"}],"predecessor-version":[{"id":1206,"href":"https:\/\/upla.cl\/observatoriocaf\/wp-json\/wp\/v2\/pages\/267\/revisions\/1206"}],"wp:attachment":[{"href":"https:\/\/upla.cl\/observatoriocaf\/wp-json\/wp\/v2\/media?parent=267"}],"curies":[{"name":"wp","href":"https:\/\/api.w.org\/{rel}","templated":true}]}}