{"id":127424,"date":"2024-12-09T12:07:33","date_gmt":"2024-12-09T15:07:33","guid":{"rendered":"https:\/\/upla.cl\/pedagogiaeneducacionmusical\/?page_id=127424"},"modified":"2024-12-16T15:32:29","modified_gmt":"2024-12-16T18:32:29","slug":"capacitacion-para-profesores","status":"publish","type":"page","link":"https:\/\/upla.cl\/pedagogiaeneducacionmusical\/capacitacion-para-profesores\/","title":{"rendered":"Capacitaci\u00f3n para profesores"},"content":{"rendered":"<p>[et_pb_section fb_built=\u00bb1&#8243; admin_label=\u00bbBanner carrera con info instant\u00e1nea\u00bb _builder_version=\u00bb4.27.3&#8243; background_color=\u00bbrgba(0,0,0,0.5)\u00bb background_image=\u00bbhttps:\/\/upla.cl\/pedagogiaeneducacionmusical\/wp-content\/uploads\/2024\/12\/capacitacionprofesmusica.jpg\u00bb background_position=\u00bbbottom_center\u00bb background_blend=\u00bbhue\u00bb custom_margin=\u00bb|||\u00bb custom_padding=\u00bb2.5%||16.9%|||\u00bb global_colors_info=\u00bb{}\u00bb][et_pb_row _builder_version=\u00bb4.19.3&#8243; global_colors_info=\u00bb{}\u00bb][et_pb_column type=\u00bb4_4&#8243; _builder_version=\u00bb4.19.3&#8243; global_colors_info=\u00bb{}\u00bb][et_pb_cta title=\u00bbCapacitaci\u00f3n a profesores de M\u00fasica \u00bb button_url=\u00bb#\u00bb _builder_version=\u00bb4.27.3&#8243; header_level=\u00bbh1&#8243; header_font=\u00bbLato|900||on|||||\u00bb header_font_size=\u00bb40px\u00bb header_letter_spacing=\u00bb1px\u00bb header_line_height=\u00bb1.2em\u00bb body_font=\u00bbLato||||||||\u00bb body_font_size=\u00bb18px\u00bb body_line_height=\u00bb1.5em\u00bb use_background_color=\u00bboff\u00bb text_orientation=\u00bbleft\u00bb max_width=\u00bb100%\u00bb module_alignment=\u00bbleft\u00bb custom_margin=\u00bb132px|||||\u00bb animation_style=\u00bbfold\u00bb animation_intensity_fold=\u00bb16%\u00bb header_font_size_tablet=\u00bb46px\u00bb header_font_size_phone=\u00bb\u00bb header_font_size_last_edited=\u00bbon|tablet\u00bb header_text_shadow_style=\u00bbpreset2&#8243; header_text_shadow_color=\u00bbrgba(0,0,0,0.6)\u00bb text_shadow_style=\u00bbpreset3&#8243; button_letter_spacing_hover=\u00bb2px\u00bb global_colors_info=\u00bb{}\u00bb button_text_size__hover_enabled=\u00bboff\u00bb button_one_text_size__hover_enabled=\u00bboff\u00bb button_two_text_size__hover_enabled=\u00bboff\u00bb button_text_color__hover_enabled=\u00bboff\u00bb button_one_text_color__hover_enabled=\u00bboff\u00bb button_two_text_color__hover_enabled=\u00bboff\u00bb button_border_width__hover_enabled=\u00bboff\u00bb button_one_border_width__hover_enabled=\u00bboff\u00bb button_two_border_width__hover_enabled=\u00bboff\u00bb button_border_color__hover_enabled=\u00bboff\u00bb button_one_border_color__hover_enabled=\u00bboff\u00bb button_two_border_color__hover_enabled=\u00bboff\u00bb button_border_radius__hover_enabled=\u00bboff\u00bb button_one_border_radius__hover_enabled=\u00bboff\u00bb button_two_border_radius__hover_enabled=\u00bboff\u00bb button_letter_spacing__hover_enabled=\u00bbon\u00bb button_letter_spacing__hover=\u00bb2px\u00bb button_one_letter_spacing__hover_enabled=\u00bboff\u00bb button_two_letter_spacing__hover_enabled=\u00bboff\u00bb button_bg_color__hover_enabled=\u00bboff\u00bb button_one_bg_color__hover_enabled=\u00bboff\u00bb button_two_bg_color__hover_enabled=\u00bboff\u00bb][\/et_pb_cta][\/et_pb_column][\/et_pb_row][\/et_pb_section][et_pb_section fb_built=\u00bb1&#8243; admin_label=\u00bbPerfil y bienvenida\u00bb _builder_version=\u00bb4.22.1&#8243; custom_margin=\u00bb||0px||false|false\u00bb custom_padding=\u00bb54px|0px|50px|0px|false|false\u00bb global_colors_info=\u00bb{}\u00bb][et_pb_row column_structure=\u00bb1_2,1_2&#8243; use_custom_gutter=\u00bbon\u00bb _builder_version=\u00bb4.27.0&#8243; background_color=\u00bb#FFFFFF\u00bb max_width=\u00bb2560px\u00bb min_height=\u00bb427px\u00bb custom_margin=\u00bb-9.9%|auto|12px|auto|false|false\u00bb custom_margin_tablet=\u00bb-10%||12px||false|false\u00bb custom_margin_phone=\u00bb-150px||||false|false\u00bb custom_margin_last_edited=\u00bbon|phone\u00bb custom_padding=\u00bb20px|0px|50px|0px|false|false\u00bb animation_style=\u00bbslide\u00bb border_radii=\u00bbon|15px|15px|15px|15px\u00bb border_width_top=\u00bb18px\u00bb border_color_top=\u00bb#B10061&#8243; box_shadow_style=\u00bbpreset3&#8243; box_shadow_vertical=\u00bb39px\u00bb box_shadow_blur=\u00bb80px\u00bb global_colors_info=\u00bb{}\u00bb][et_pb_column type=\u00bb1_2&#8243; _builder_version=\u00bb4.22.1&#8243; global_colors_info=\u00bb{}\u00bb][et_pb_blurb icon_alignment=\u00bbleft\u00bb icon_alignment_tablet=\u00bbleft\u00bb icon_alignment_phone=\u00bbleft\u00bb icon_alignment_last_edited=\u00bbon|desktop\u00bb admin_label=\u00bbperfil del egresado\/a\u00bb _builder_version=\u00bb4.27.4&#8243; header_level=\u00bbh2&#8243; header_font=\u00bbLato|900|||||||\u00bb header_text_align=\u00bbleft\u00bb header_text_color=\u00bb#004562&#8243; header_font_size=\u00bb25px\u00bb body_font=\u00bbLato||||||||\u00bb body_text_align=\u00bbleft\u00bb body_text_color=\u00bb#000000&#8243; body_line_height=\u00bb1.6em\u00bb text_orientation=\u00bbcenter\u00bb custom_margin=\u00bb42px||||false|false\u00bb custom_padding=\u00bb70px|2px|1px|30px|false|false\u00bb custom_padding_tablet=\u00bb30px|2px||30px|false|false\u00bb custom_padding_phone=\u00bb|30px|||false|false\u00bb custom_padding_last_edited=\u00bbon|phone\u00bb animation=\u00bboff\u00bb border_radii_image=\u00bbon|100%|100%|100%|100%\u00bb global_colors_info=\u00bb{}\u00bb]<\/p>\n<p><strong>\u201cCapacitaci\u00f3n a profesores de m\u00fasica de la Regi\u00f3n de Valpara\u00edso; reconociendo la actualizaci\u00f3n disciplinar y pedag\u00f3gica como una l\u00ednea de desarrollo profesional, UPLA 2024\u201d<\/strong>, se titula el proyecto financiado por el Fondo de la M\u00fasica en la l\u00ednea de Actividades Formativas Profesionales 2024, perteneciente a los Fondos de Cultura del Ministerio de las Culturas, las Artes y el Patrimonio.<\/p>\n<p>La iniciativa tiene como prop\u00f3sitos favorecer el perfeccionamiento de las profesoras y los profesores de M\u00fasica de establecimientos educacionales de la Regi\u00f3n de Valpara\u00edso y fortalecer los conocimientos pedag\u00f3gicos y disciplinares de las y los docentes, para as\u00ed contribuir a su desempe\u00f1o profesional en el aula.<\/p>\n<p>[\/et_pb_blurb][\/et_pb_column][et_pb_column type=\u00bb1_2&#8243; _builder_version=\u00bb4.22.1&#8243; global_colors_info=\u00bb{}\u00bb][et_pb_gallery gallery_ids=\u00bb127436&#8243; fullwidth=\u00bbon\u00bb _builder_version=\u00bb4.27.3&#8243; _module_preset=\u00bbdefault\u00bb pagination_text_color=\u00bb#FFFFFF\u00bb custom_margin=\u00bb10%|5%||5%|false|true\u00bb animation_style=\u00bbslide\u00bb animation_direction=\u00bbleft\u00bb border_radii=\u00bboff|40px||40px|\u00bb global_colors_info=\u00bb{}\u00bb][\/et_pb_gallery][\/et_pb_column][\/et_pb_row][et_pb_row _builder_version=\u00bb4.27.4&#8243; _module_preset=\u00bbdefault\u00bb width=\u00bb76%\u00bb custom_padding=\u00bb50px|||||\u00bb global_colors_info=\u00bb{}\u00bb][et_pb_column type=\u00bb4_4&#8243; _builder_version=\u00bb4.27.4&#8243; _module_preset=\u00bbdefault\u00bb global_colors_info=\u00bb{}\u00bb][et_pb_text _builder_version=\u00bb4.27.4&#8243; _module_preset=\u00bbdefault\u00bb global_colors_info=\u00bb{}\u00bb]<\/p>\n<p>El proyecto <strong>\u201cCapacitaci\u00f3n a profesores de m\u00fasica de la Regi\u00f3n de Valpara\u00edso; reconociendo la actualizaci\u00f3n disciplinar y pedag\u00f3gica como una l\u00ednea de desarrollo profesional, UPLA 2024\u201d<\/strong>\u00a0se inserta en el contexto de las actividades de vinculaci\u00f3n con el medio que efectuar\u00e1 la carrera de Pedagog\u00eda en Educaci\u00f3n Musical UPLA durante el presente a\u00f1o.<\/p>\n<p>La iniciativa nace de la detecci\u00f3n de una necesidad de espacios formativos para las y los docentes, para que puedan adquirir competencias complementarias a las recibidas en su etapa de pregrado, careciendo, con ello, de actualizaciones en tem\u00e1ticas atingentes a los contextos actuales de educaci\u00f3n en artes.<\/p>\n<p>Respecto de los m\u00f3dulos, se enfocan en did\u00e1ctica, evaluaci\u00f3n, arreglos musicales para el aula, entre otros.<\/p>\n<p>Desde la carrera de Pedagog\u00eda en Educaci\u00f3n Musical, se espera que las profesoras y los profesores de M\u00fasica de los establecimientos de la zona puedan acceder a instancias de capacitaci\u00f3n en diferentes \u00e1reas del saber, tanto en el campo de la M\u00fasica, como de la Pedagog\u00eda, potenciando sus actuales destrezas y proyectando su quehacer actual dentro del sistema escolar.<\/p>\n<p>Por lo anterior, las monitoras y los monitores de las actividades previstas no solo ser\u00e1n de la Facultad de Arte, sino que tambi\u00e9n, de la Facultad de Ciencias de la Educaci\u00f3n de la UPLA, favoreciendo el trabajo mancomunado entre estas diferentes entidades.<\/p>\n<p>El proyecto, seg\u00fan el m\u00f3dulo, considera la utilizaci\u00f3n tanto de espacios f\u00edsicos como virtuales, beneficiando la participaci\u00f3n de asistentes quienes, por diferentes motivos, no puedan acceder de manera presencial a las actividades, asimismo, contempla su difusi\u00f3n y oferta definitiva de cupos y m\u00f3dulos.<\/p>\n<p>Cabe mencionar, que la iniciativa en su contexto presencial, ser\u00e1 ejecutado en dependencias de la Facultad de Arte de la Universidad de Playa Ancha, proyectando su comienzo en mayo de 2024, luego de realizar la respectiva difusi\u00f3n en los establecimientos educacionales de la Regi\u00f3n de Valpara\u00edso.<\/p>\n<p>[\/et_pb_text][\/et_pb_column][\/et_pb_row][\/et_pb_section][et_pb_section fb_built=\u00bb1&#8243; admin_label=\u00bbSecci\u00f3n footer\u00bb _builder_version=\u00bb4.22.2&#8243; background_color=\u00bb#e5e5e5&#8243; background_enable_image=\u00bboff\u00bb min_height=\u00bb144.2px\u00bb custom_margin=\u00bb2px|||||\u00bb custom_padding=\u00bb50px||3px|||\u00bb border_width_top=\u00bb1px\u00bb border_color_top=\u00bbRGBA(255,255,255,0)\u00bb border_style_top=\u00bboutset\u00bb global_module=\u00bb127124&#8243; saved_tabs=\u00bball\u00bb collapsed=\u00bboff\u00bb global_colors_info=\u00bb{}\u00bb][et_pb_row column_structure=\u00bb1_4,1_4,1_4,1_4&#8243; _builder_version=\u00bb4.24.3&#8243; max_width=\u00bb2560px\u00bb min_height=\u00bb247.9px\u00bb custom_margin=\u00bb|auto|23px|auto|false|false\u00bb custom_padding=\u00bb|20px||20px|false|true\u00bb global_colors_info=\u00bb{}\u00bb][et_pb_column type=\u00bb1_4&#8243; _builder_version=\u00bb4.20.4&#8243; global_colors_info=\u00bb{}\u00bb][et_pb_image src=\u00bbhttps:\/\/upla.cl\/pedagogiaeneducacionmusical\/wp-content\/uploads\/2024\/06\/im-upla.png\u00bb alt=\u00bbUniversidad de Playa Ancha\u00bb title_text=\u00bbim-upla\u00bb url=\u00bbhttps:\/\/www.upla.cl\/portada\/\u00bb align_tablet=\u00bb\u00bb align_phone=\u00bbcenter\u00bb align_last_edited=\u00bbon|phone\u00bb _builder_version=\u00bb4.22.2&#8243; custom_padding_tablet=\u00bb\u00bb custom_padding_phone=\u00bb|30px||30px|false|true\u00bb custom_padding_last_edited=\u00bbon|phone\u00bb global_colors_info=\u00bb{}\u00bb][\/et_pb_image][et_pb_text _builder_version=\u00bb4.27.0&#8243; text_text_color=\u00bb#565656&#8243; text_font_size=\u00bb15px\u00bb text_line_height=\u00bb1.2em\u00bb custom_padding=\u00bb|10px|||false|false\u00bb custom_padding_tablet=\u00bb|10px|||false|false\u00bb custom_padding_phone=\u00bb|30px||30px|false|true\u00bb custom_padding_last_edited=\u00bbon|phone\u00bb text_orientation_tablet=\u00bb\u00bb text_orientation_phone=\u00bbcenter\u00bb text_orientation_last_edited=\u00bbon|desktop\u00bb global_colors_info=\u00bb{}\u00bb]<\/p>\n<p style=\"text-align: left;\"><strong>Pedagog\u00eda en Educacion Musical<br \/><\/strong><strong>Facultad de Arte<\/strong><\/p>\n<p style=\"text-align: left;\"><span style=\"color: #565656;\"><a href=\"https:\/\/maps.app.goo.gl\/eWNRfQBEAWA2xKru6\" target=\"_blank\" rel=\"noopener\" style=\"color: #565656;\">Av. Guillermo Gonz\u00e1lez De Hontaneda 855, Cerro Playa Ancha, Valpara\u00edso.<\/a><\/span><\/p>\n<p>[\/et_pb_text][\/et_pb_column][et_pb_column type=\u00bb1_4&#8243; _builder_version=\u00bb4.20.4&#8243; global_colors_info=\u00bb{}\u00bb][et_pb_image src=\u00bbhttps:\/\/upla.cl\/pedagogiaeneducacionmusical\/wp-content\/uploads\/2024\/06\/20230713_upla-acreditada.png\u00bb alt=\u00bbUPLA_acreditada_2022-2027&#8243; title_text=\u00bb20230713_upla-acreditada\u00bb align_tablet=\u00bb\u00bb align_phone=\u00bbcenter\u00bb align_last_edited=\u00bbon|phone\u00bb _builder_version=\u00bb4.25.1&#8243; width_tablet=\u00bb\u00bb width_phone=\u00bb100%\u00bb width_last_edited=\u00bbon|phone\u00bb custom_margin=\u00bb-10px||||false|false\u00bb custom_margin_tablet=\u00bb\u00bb custom_margin_phone=\u00bb\u00bb custom_margin_last_edited=\u00bbon|desktop\u00bb custom_padding=\u00bb||0px|||\u00bb global_colors_info=\u00bb{}\u00bb][\/et_pb_image][\/et_pb_column][et_pb_column type=\u00bb1_4&#8243; _builder_version=\u00bb4.22.2&#8243; global_colors_info=\u00bb{}\u00bb][et_pb_blurb title=\u00bbEnlaces relacionados\u00bb _builder_version=\u00bb4.27.0&#8243; header_font=\u00bbLato|700|||||||\u00bb header_text_color=\u00bb#565656&#8243; header_font_size=\u00bb16px\u00bb body_font=\u00bbLato||||||||\u00bb body_font_size=\u00bb15px\u00bb body_link_text_color=\u00bb#565656&#8243; custom_padding=\u00bb2px|10px|0px||false|false\u00bb custom_padding_tablet=\u00bb|10px|||false|false\u00bb custom_padding_phone=\u00bb|30px||30px|false|true\u00bb custom_padding_last_edited=\u00bbon|phone\u00bb header_text_align_tablet=\u00bb\u00bb header_text_align_phone=\u00bbcenter\u00bb header_text_align_last_edited=\u00bbon|phone\u00bb body_text_color_last_edited=\u00bboff|desktop\u00bb text_orientation_tablet=\u00bb\u00bb text_orientation_phone=\u00bbleft\u00bb text_orientation_last_edited=\u00bbon|phone\u00bb global_colors_info=\u00bb{}\u00bb body_text_color__hover_enabled=\u00bbon|desktop\u00bb body_text_color__hover=\u00bb#009bdb\u00bb]<\/p>\n<p>&gt; <a href=\"https:\/\/upla.cl\/facultad\/arte\/\">Facultad de Arte<\/a><\/p>\n<p><a href=\"https:\/\/upla.cl\/facultad\/arte\/elencos-musicales\/\">&gt; Elencos Musicales UPLA<\/a><\/p>\n<p><a href=\"https:\/\/consejoderectoresvalparaiso.cl\/\" target=\"_blank\" rel=\"noopener\">&gt; Consejo de Rectores de Valpara\u00edso<\/a><\/p>\n<p>[\/et_pb_blurb][\/et_pb_column][et_pb_column type=\u00bb1_4&#8243; _builder_version=\u00bb4.20.4&#8243; global_colors_info=\u00bb{}\u00bb][et_pb_text _builder_version=\u00bb4.22.2&#8243; text_font=\u00bb|700|||||||\u00bb text_text_color=\u00bb#565656&#8243; text_line_height=\u00bb1.2em\u00bb header_text_align_tablet=\u00bb\u00bb header_text_align_phone=\u00bbcenter\u00bb header_text_align_last_edited=\u00bbon|phone\u00bb global_colors_info=\u00bb{}\u00bb]<\/p>\n<p style=\"text-align: center;\"><strong>Buscar en UPLA.cl:<\/strong><\/p>\n<p style=\"text-align: right;\"><strong><\/strong><\/p>\n<form id=\"accesos\" action=\"\" style=\"text-align: center;\"><select name=\"sitio\" onchange=\"window.location = (document.forms.accesos.sitio[document.forms.accesos.sitio.selectedIndex].value);\"><option>Acceso directo:<\/option><option value=\"http:\/\/www.upla.cl\/\">UPLA.cl<\/option><option value=\"http:\/\/sitios.upla.cl\/universidad\/\">La Universidad<\/option><option value=\"http:\/\/sitios.upla.cl\/organigrama\/\">Organigrama<\/option><option value=\"http:\/\/www.upla.cl\/calidad\/acreditacion-upla\/\">Acreditaci\u00f3n<\/option><option value=\"http:\/\/sitios.upla.cl\/campus\/\">Campus &#8211; C\u00f3mo llegar<\/option><option value=\"http:\/\/sitios.upla.cl\/san_felipe\/\">Campus San Felipe<\/option><option value=\"http:\/\/www.upla.cl\/bibliotecas\/\">Bibliotecas<\/option><option value=\"http:\/\/sitios.upla.cl\/principales_oficinas\/\">Oficinas y unidades acad\u00e9micas<\/option><option value=\"http:\/\/sitios.upla.cl\/calendario_academico\/\">Calendario Acad\u00e9mico<\/option><option value=\"http:\/\/sitios.upla.cl\/dgrrii\/\">Relaciones Internacionales<\/option><option value=\"http:\/\/sitios.upla.cl\/egresados\/index.html\">Egresados<\/option><option value=\"http:\/\/alumnos.upla.cl\/webmail\/\">Correo electr\u00f3nico estudiantes<\/option><option value=\"http:\/\/sitios.upla.cl\/dae\/\">Desarrollo Estudiantil<\/option><option value=\"https:\/\/www.upla.cl\/admision\/ayudas-estudiantiles\/\">Becas y Ayudas<\/option><option value=\"http:\/\/sitios.upla.cl\/dae\/serv_medico.html\">Servicio M\u00e9dico<\/option><option value=\"http:\/\/sitios.upla.cl\/soupa\/\">Serv. de Orientaci\u00f3n Universitaria<\/option><option value=\"http:\/\/sitios.upla.cl\/practicas\/\">Pr\u00e1cticas<\/option><option value=\"http:\/\/sitios.upla.cl\/titulosygrados\/\">T\u00edtulos y Grados<\/option><option value=\"https:\/\/www.recaudaciones.bancochile.cl\/cliente\/pgdr\/appfront\/Pag_Login.aspx?IdCon=19\">Portal de Pagos<\/option><option value=\"http:\/\/webmail.upla.cl\/\">Correo electr\u00f3nico institucional<\/option><option value=\"http:\/\/sitios.upla.cl\/proy_investigacion\/\">Direcci\u00f3n General de Investigaci\u00f3n<\/option><option value=\"http:\/\/sitios.upla.cl\/dapei\/\">Planificaci\u00f3n Estrat\u00e9gica<\/option><option value=\"http:\/\/www.upla.cl\/calidad\/\">DIRGECAL<\/option><option value=\"http:\/\/www.arteupla.cl\/\">Arte<\/option><option value=\"http:\/\/creal.upla.cl\/humanidades\/\">Humanidades<\/option><option value=\"http:\/\/www.upla.cl\/educacion\/\">Cs. de la Educaci\u00f3n<\/option><option value=\"http:\/\/www.upla.cl\/actividadfisica\/\">Cs. de la Act. F\u00edsica y del Deporte<\/option><option value=\"http:\/\/www.upla.cl\/ciencias\">Ciencias Naturales y Exactas<\/option><option value=\"http:\/\/www.upla.cl\/cienciasdelasalud\/\">Ciencias de la Salud<\/option><option value=\"http:\/\/www.upla.cl\/facultades\/facultaddecienciassociales.html\">Ciencias Sociales<\/option><option value=\"http:\/\/www.upla.cl\/ingenieria\">Ingenier\u00eda<\/option><\/select><\/form>\n<p>[\/et_pb_text][et_pb_text _builder_version=\u00bb4.25.1&#8243; text_font=\u00bb|700|||||||\u00bb text_text_color=\u00bb#565656&#8243; text_line_height=\u00bb1.2em\u00bb header_text_align_tablet=\u00bb\u00bb header_text_align_phone=\u00bbcenter\u00bb header_text_align_last_edited=\u00bbon|phone\u00bb global_colors_info=\u00bb{}\u00bb]<\/p>\n<p style=\"text-align: center;\"><strong>Sigue a la UPLA en las redes sociales:<\/strong><\/p>\n<p>[\/et_pb_text][et_pb_social_media_follow icon_color=\u00bb#FFFFFF\u00bb _builder_version=\u00bb4.22.2&#8243; text_orientation=\u00bbcenter\u00bb text_orientation_tablet=\u00bb\u00bb text_orientation_phone=\u00bbcenter\u00bb text_orientation_last_edited=\u00bbon|phone\u00bb global_colors_info=\u00bb{}\u00bb][et_pb_social_media_follow_network social_network=\u00bbinstagram\u00bb url=\u00bbhttps:\/\/www.instagram.com\/upla_comunica\/\u00bb _builder_version=\u00bb4.20.4&#8243; background_color=\u00bb#ea2c59&#8243; global_colors_info=\u00bb{}\u00bb follow_button=\u00bboff\u00bb url_new_window=\u00bbon\u00bb]instagram[\/et_pb_social_media_follow_network][et_pb_social_media_follow_network social_network=\u00bbfacebook\u00bb url=\u00bbhttps:\/\/www.facebook.com\/uplacomunica\u00bb _builder_version=\u00bb4.20.4&#8243; background_color=\u00bb#3b5998&#8243; global_colors_info=\u00bb{}\u00bb follow_button=\u00bboff\u00bb url_new_window=\u00bbon\u00bb]facebook[\/et_pb_social_media_follow_network][et_pb_social_media_follow_network social_network=\u00bbtwitter\u00bb url=\u00bbhttps:\/\/twitter.com\/upla_comunica\u00bb _builder_version=\u00bb4.22.2&#8243; background_color=\u00bb#000000&#8243; global_colors_info=\u00bb{}\u00bb follow_button=\u00bboff\u00bb url_new_window=\u00bbon\u00bb]twitter[\/et_pb_social_media_follow_network][et_pb_social_media_follow_network social_network=\u00bbyoutube\u00bb url=\u00bbhttps:\/\/www.youtube.com\/user\/comunicacionesupla\u00bb _builder_version=\u00bb4.20.4&#8243; background_color=\u00bb#a82400&#8243; global_colors_info=\u00bb{}\u00bb follow_button=\u00bboff\u00bb url_new_window=\u00bbon\u00bb]youtube[\/et_pb_social_media_follow_network][\/et_pb_social_media_follow][\/et_pb_column][\/et_pb_row][\/et_pb_section]<\/p>\n","protected":false},"excerpt":{"rendered":"<p>\u201cCapacitaci\u00f3n a profesores de m\u00fasica de la Regi\u00f3n de Valpara\u00edso; reconociendo la actualizaci\u00f3n disciplinar y pedag\u00f3gica como una l\u00ednea de desarrollo profesional, UPLA 2024\u201d, se titula el proyecto financiado por el Fondo de la M\u00fasica en la l\u00ednea de Actividades Formativas Profesionales 2024, perteneciente a los Fondos de Cultura del Ministerio de las Culturas, las [&hellip;]<\/p>\n","protected":false},"author":2,"featured_media":0,"parent":0,"menu_order":0,"comment_status":"closed","ping_status":"closed","template":"","meta":{"_et_pb_use_builder":"on","_et_pb_old_content":"","_et_gb_content_width":"","footnotes":""},"class_list":["post-127424","page","type-page","status-publish","hentry"],"_links":{"self":[{"href":"https:\/\/upla.cl\/pedagogiaeneducacionmusical\/wp-json\/wp\/v2\/pages\/127424","targetHints":{"allow":["GET"]}}],"collection":[{"href":"https:\/\/upla.cl\/pedagogiaeneducacionmusical\/wp-json\/wp\/v2\/pages"}],"about":[{"href":"https:\/\/upla.cl\/pedagogiaeneducacionmusical\/wp-json\/wp\/v2\/types\/page"}],"author":[{"embeddable":true,"href":"https:\/\/upla.cl\/pedagogiaeneducacionmusical\/wp-json\/wp\/v2\/users\/2"}],"replies":[{"embeddable":true,"href":"https:\/\/upla.cl\/pedagogiaeneducacionmusical\/wp-json\/wp\/v2\/comments?post=127424"}],"version-history":[{"count":11,"href":"https:\/\/upla.cl\/pedagogiaeneducacionmusical\/wp-json\/wp\/v2\/pages\/127424\/revisions"}],"predecessor-version":[{"id":127576,"href":"https:\/\/upla.cl\/pedagogiaeneducacionmusical\/wp-json\/wp\/v2\/pages\/127424\/revisions\/127576"}],"wp:attachment":[{"href":"https:\/\/upla.cl\/pedagogiaeneducacionmusical\/wp-json\/wp\/v2\/media?parent=127424"}],"curies":[{"name":"wp","href":"https:\/\/api.w.org\/{rel}","templated":true}]}}