{"id":124828,"date":"2025-09-29T11:29:06","date_gmt":"2025-09-29T14:29:06","guid":{"rendered":"https:\/\/upla.cl\/senado\/?page_id=124828"},"modified":"2025-10-07T13:47:26","modified_gmt":"2025-10-07T16:47:26","slug":"mision","status":"publish","type":"page","link":"https:\/\/upla.cl\/senado\/acerca-del-senado\/mision\/","title":{"rendered":"Misi\u00f3n"},"content":{"rendered":"<p>[et_pb_section fb_built=\u00bb1&#8243; fullwidth=\u00bbon\u00bb next_background_color=\u00bb#FFFFFF\u00bb admin_label=\u00bbSecci\u00f3n\u00bb _builder_version=\u00bb4.27.4&#8243; background_color=\u00bbrgba(0,0,0,0.34)\u00bb background_image=\u00bbhttps:\/\/upla.cl\/senado\/wp-content\/uploads\/2025\/09\/20250923_casa-central-interior.jpg\u00bb background_position=\u00bbbottom_center\u00bb background_blend=\u00bbmultiply\u00bb min_height=\u00bb20vw\u00bb custom_padding=\u00bb0px|0px|110px|0px|false|false\u00bb bottom_divider_style=\u00bbramp2&#8243; bottom_divider_flip=\u00bbvertical\u00bb global_colors_info=\u00bb{}\u00bb][et_pb_fullwidth_post_title meta=\u00bboff\u00bb featured_image=\u00bboff\u00bb text_color=\u00bblight\u00bb _builder_version=\u00bb4.27.4&#8243; title_font=\u00bb&#8211;et_global_heading_font|700|||||||\u00bb title_font_size=\u00bb3em\u00bb background_size=\u00bbinitial\u00bb background_position=\u00bbtop_left\u00bb background_repeat=\u00bbrepeat\u00bb global_colors_info=\u00bb{}\u00bb][\/et_pb_fullwidth_post_title][\/et_pb_section][et_pb_section fb_built=\u00bb1&#8243; _builder_version=\u00bb4.27.4&#8243; background_color=\u00bb#FFFFFF\u00bb custom_padding=\u00bb5%|0px|5%|0px|true|false\u00bb global_colors_info=\u00bb{}\u00bb][et_pb_row _builder_version=\u00bb4.16&#8243; background_size=\u00bbinitial\u00bb background_position=\u00bbtop_left\u00bb background_repeat=\u00bbrepeat\u00bb custom_padding=\u00bb0px|0px|16px|0px|false|false\u00bb global_colors_info=\u00bb{}\u00bb][et_pb_column type=\u00bb4_4&#8243; _builder_version=\u00bb4.16&#8243; custom_padding=\u00bb|||\u00bb global_colors_info=\u00bb{}\u00bb custom_padding__hover=\u00bb|||\u00bb][et_pb_text _builder_version=\u00bb4.27.4&#8243; _module_preset=\u00bbdefault\u00bb text_font_size=\u00bb18px\u00bb hover_enabled=\u00bb0&#8243; global_colors_info=\u00bb{}\u00bb sticky_enabled=\u00bb0&#8243;]<\/p>\n<p>El <strong>Senado Universitario<\/strong> es el \u00f3rgano colegiado representativo de la comunidad universitaria, encargado de ejercer, primordialmente, funciones resolutivas en todas aquellas materias acad\u00e9micas e institucionales se\u00f1aladas en el Estatuto Org\u00e1nico de la Universidad de Playa Ancha.<\/p>\n<p>Est\u00e1 integrado por 33 miembros, cuya presidencia la asume el rector o rectora de la instituci\u00f3n, donde 22 son representantes del estamento acad\u00e9mico, 6 del estamento estudiantil y 4 del estamento de la administraci\u00f3n y servicios, elegidos y elegidas democr\u00e1ticamente por sus pares.<\/p>\n<p>Las personas que representan a las distintas asociaciones de funcionarios administrativos o funcionarias administrativas, de funcionarios acad\u00e9micos o funcionarias acad\u00e9micas y estudiantiles, ser\u00e1n invitadas permanentes con derecho a voz.<\/p>\n<p>Para organizar las funciones de este \u00f3rgano habr\u00e1 una Mesa del Senado Universitario compuesta por el rector o rectora, quien la presidir\u00e1, un vicepresidente o vicepresidenta y el secretario o secretaria general.<\/p>\n<p>El vicepresidente o la vicepresidenta presidir\u00e1 el Senado en ausencia del presidente o presidenta. Mientras que el secretario o secretaria general actuar\u00e1 como ministro o ministra de fe.<\/p>\n<p>[\/et_pb_text][\/et_pb_column][\/et_pb_row][\/et_pb_section]<\/p>\n","protected":false},"excerpt":{"rendered":"<p>El Senado Universitario es el \u00f3rgano colegiado representativo de la comunidad universitaria, encargado de ejercer, primordialmente, funciones resolutivas en todas aquellas materias acad\u00e9micas e institucionales se\u00f1aladas en el Estatuto Org\u00e1nico de la Universidad de Playa Ancha. Est\u00e1 integrado por 33 miembros, cuya presidencia la asume el rector o rectora de la instituci\u00f3n, donde 22 son [&hellip;]<\/p>\n","protected":false},"author":3,"featured_media":0,"parent":124964,"menu_order":0,"comment_status":"closed","ping_status":"closed","template":"","meta":{"_et_pb_use_builder":"on","_et_pb_old_content":"","_et_gb_content_width":"","footnotes":""},"class_list":["post-124828","page","type-page","status-publish","hentry"],"_links":{"self":[{"href":"https:\/\/upla.cl\/senado\/wp-json\/wp\/v2\/pages\/124828","targetHints":{"allow":["GET"]}}],"collection":[{"href":"https:\/\/upla.cl\/senado\/wp-json\/wp\/v2\/pages"}],"about":[{"href":"https:\/\/upla.cl\/senado\/wp-json\/wp\/v2\/types\/page"}],"author":[{"embeddable":true,"href":"https:\/\/upla.cl\/senado\/wp-json\/wp\/v2\/users\/3"}],"replies":[{"embeddable":true,"href":"https:\/\/upla.cl\/senado\/wp-json\/wp\/v2\/comments?post=124828"}],"version-history":[{"count":0,"href":"https:\/\/upla.cl\/senado\/wp-json\/wp\/v2\/pages\/124828\/revisions"}],"up":[{"embeddable":true,"href":"https:\/\/upla.cl\/senado\/wp-json\/wp\/v2\/pages\/124964"}],"wp:attachment":[{"href":"https:\/\/upla.cl\/senado\/wp-json\/wp\/v2\/media?parent=124828"}],"curies":[{"name":"wp","href":"https:\/\/api.w.org\/{rel}","templated":true}]}}