{"id":124956,"date":"2025-09-29T12:02:44","date_gmt":"2025-09-29T15:02:44","guid":{"rendered":"https:\/\/upla.cl\/senado\/?page_id=124956"},"modified":"2025-10-07T13:48:59","modified_gmt":"2025-10-07T16:48:59","slug":"funciones","status":"publish","type":"page","link":"https:\/\/upla.cl\/senado\/acerca-del-senado\/funciones\/","title":{"rendered":"Funciones"},"content":{"rendered":"<p>[et_pb_section fb_built=\u00bb1&#8243; fullwidth=\u00bbon\u00bb next_background_color=\u00bb#FFFFFF\u00bb admin_label=\u00bbSecci\u00f3n\u00bb _builder_version=\u00bb4.27.4&#8243; background_color=\u00bbrgba(0,0,0,0.34)\u00bb background_image=\u00bbhttps:\/\/upla.cl\/senado\/wp-content\/uploads\/2025\/09\/20250923_casa-central-interior.jpg\u00bb background_position=\u00bbbottom_center\u00bb background_blend=\u00bbmultiply\u00bb min_height=\u00bb20vw\u00bb custom_padding=\u00bb0px|0px|110px|0px|false|false\u00bb bottom_divider_style=\u00bbramp2&#8243; bottom_divider_flip=\u00bbvertical\u00bb global_colors_info=\u00bb{}\u00bb][et_pb_fullwidth_post_title meta=\u00bboff\u00bb featured_image=\u00bboff\u00bb text_color=\u00bblight\u00bb _builder_version=\u00bb4.27.4&#8243; title_font=\u00bb&#8211;et_global_heading_font|700|||||||\u00bb title_font_size=\u00bb3em\u00bb background_size=\u00bbinitial\u00bb background_position=\u00bbtop_left\u00bb background_repeat=\u00bbrepeat\u00bb global_colors_info=\u00bb{}\u00bb][\/et_pb_fullwidth_post_title][\/et_pb_section][et_pb_section fb_built=\u00bb1&#8243; _builder_version=\u00bb4.27.4&#8243; background_color=\u00bb#FFFFFF\u00bb custom_padding=\u00bb5%|0px|5%|0px|true|false\u00bb global_colors_info=\u00bb{}\u00bb][et_pb_row _builder_version=\u00bb4.16&#8243; background_size=\u00bbinitial\u00bb background_position=\u00bbtop_left\u00bb background_repeat=\u00bbrepeat\u00bb custom_padding=\u00bb0px|0px|16px|0px|false|false\u00bb global_colors_info=\u00bb{}\u00bb][et_pb_column type=\u00bb4_4&#8243; _builder_version=\u00bb4.16&#8243; custom_padding=\u00bb|||\u00bb global_colors_info=\u00bb{}\u00bb custom_padding__hover=\u00bb|||\u00bb][et_pb_text _builder_version=\u00bb4.27.4&#8243; _module_preset=\u00bbdefault\u00bb text_font_size=\u00bb18px\u00bb global_colors_info=\u00bb{}\u00bb]Ser\u00e1n las funciones del Senado Universitario: [\/et_pb_text][et_pb_text _builder_version=\u00bb4.27.4&#8243; _module_preset=\u00bbdefault\u00bb hover_enabled=\u00bb0&#8243; global_colors_info=\u00bb{}\u00bb sticky_enabled=\u00bb0&#8243;]<\/p>\n<p><span style=\"color: #009fe3;\">a.<\/span> Elaborar y definir las propuestas de modificaci\u00f3n de los Estatutos de la Universidad que deban ser presentados al (la) presidente de la Rep\u00fablica para su respectiva aprobaci\u00f3n y sanci\u00f3n legal, previa aprobaci\u00f3n del Consejo Superior. Estas propuestas deber\u00e1n realizarse mediante un proceso p\u00fablico y participativo que involucre a los distintos estamentos de la comunidad universitaria.<\/p>\n<p><span style=\"color: #009fe3;\">b.<\/span> Elaborar el Plan de Desarrollo Institucional (PEI) de la Universidad que deba ser presentado al Consejo Superior para su respectiva aprobaci\u00f3n.<\/p>\n<p><span style=\"color: #009fe3;\">c.<\/span> Nombrar a los cuatro integrantes de la comunidad universitaria que deben integrar el Consejo Superior, esto es, dos acad\u00e9micos(as), un(a) funcionario(a) de la administraci\u00f3n y un(a) estudiante, de acuerdo a los requisitos y procedimiento de elecci\u00f3n previsto en el literal b. del art\u00edculo 14 del presente estatuto.<\/p>\n<p><span style=\"color: #009fe3;\">d.<\/span> Nombrar al(la) titulado(a) o licenciado(a) de la instituci\u00f3n que debe integrar el Consejo Superior, a partir de una terna propuesta por el respectivo Gobierno Regional.<\/p>\n<p><span style=\"color: #009fe3;\">e.<\/span> Aprobar los reglamentos referidos al quehacer acad\u00e9mico e institucional de la Universidad que se\u00f1alen los respectivos estatutos.<\/p>\n<p><span style=\"color: #009fe3;\">f.<\/span> Colaborar con el Consejo Superior en la definici\u00f3n de pol\u00edtica general de desarrollo y las decisiones estrat\u00e9gicas de la instituci\u00f3n, formulando propuestas en ese sentido.<\/p>\n<p><span style=\"color: #009fe3;\">g.<\/span> Elaborar, por iniciativa propia o a propuesta del Rector, y proponer al Consejo Superior la creaci\u00f3n, reorganizaci\u00f3n o supresi\u00f3n de la estructura institucional, en concordancia con el Plan de Desarrollo.<\/p>\n<p><span style=\"color: #009fe3;\">h.<\/span> Aprobar los programas de docencia, investigaci\u00f3n o creaci\u00f3n y vinculaci\u00f3n con el medio y el territorio en el campo que le corresponda.<\/p>\n<p><span style=\"color: #009fe3;\">i.<\/span> Aprobar las normas especiales sobre carrera acad\u00e9mica, carrera funcionaria, evaluaci\u00f3n del personal y de las actividades acad\u00e9micas y administrativas, todo en conformidad con los reglamentos generales.<\/p>\n<p><span style=\"color: #009fe3;\">j.<\/span> Aprobar los informes relativos a planes de estudios y sus modificaciones elaboradas por las distintas Facultades.<\/p>\n<p><span style=\"color: #009fe3;\">k.<\/span> Definir una unidad responsable y los procedimientos que permitan coordinar e implementar los procesos de gesti\u00f3n, evaluaci\u00f3n y aseguramiento de la calidad, as\u00ed como los procesos de acreditaci\u00f3n de la instituci\u00f3n y de sus respectivas carreras y programas acad\u00e9micos, considerando las normas existentes a este respecto, en especial, la Ley N\u00b0 20.129, de Aseguramiento de la Calidad de la Educaci\u00f3n Superior. Para ello, se dictar\u00e1 un reglamento que regular\u00e1 la organizaci\u00f3n interna para el ejercicio de esta funci\u00f3n y definir\u00e1 la forma en que se implementar\u00e1, de conformidad a lo se\u00f1alado en los art\u00edculos 31 y 32 de la Ley N\u00b0 21.094, sobre Universidades Estatales.<\/p>\n<p><span style=\"color: #009fe3;\">l.<\/span> Aprobar o pronunciarse sobre todas aquellas materias acad\u00e9micas e institucionales que no contravengan las atribuciones de las dem\u00e1s autoridades colegiadas y unipersonales de la instituci\u00f3n.<\/p>\n<p>[\/et_pb_text][\/et_pb_column][\/et_pb_row][\/et_pb_section]<\/p>\n","protected":false},"excerpt":{"rendered":"<p>Ser\u00e1n las funciones del Senado Universitario: a. Elaborar y definir las propuestas de modificaci\u00f3n de los Estatutos de la Universidad que deban ser presentados al (la) presidente de la Rep\u00fablica para su respectiva aprobaci\u00f3n y sanci\u00f3n legal, previa aprobaci\u00f3n del Consejo Superior. Estas propuestas deber\u00e1n realizarse mediante un proceso p\u00fablico y participativo que involucre a [&hellip;]<\/p>\n","protected":false},"author":3,"featured_media":0,"parent":124964,"menu_order":0,"comment_status":"closed","ping_status":"closed","template":"","meta":{"_et_pb_use_builder":"on","_et_pb_old_content":"","_et_gb_content_width":"","footnotes":""},"class_list":["post-124956","page","type-page","status-publish","hentry"],"_links":{"self":[{"href":"https:\/\/upla.cl\/senado\/wp-json\/wp\/v2\/pages\/124956","targetHints":{"allow":["GET"]}}],"collection":[{"href":"https:\/\/upla.cl\/senado\/wp-json\/wp\/v2\/pages"}],"about":[{"href":"https:\/\/upla.cl\/senado\/wp-json\/wp\/v2\/types\/page"}],"author":[{"embeddable":true,"href":"https:\/\/upla.cl\/senado\/wp-json\/wp\/v2\/users\/3"}],"replies":[{"embeddable":true,"href":"https:\/\/upla.cl\/senado\/wp-json\/wp\/v2\/comments?post=124956"}],"version-history":[{"count":0,"href":"https:\/\/upla.cl\/senado\/wp-json\/wp\/v2\/pages\/124956\/revisions"}],"up":[{"embeddable":true,"href":"https:\/\/upla.cl\/senado\/wp-json\/wp\/v2\/pages\/124964"}],"wp:attachment":[{"href":"https:\/\/upla.cl\/senado\/wp-json\/wp\/v2\/media?parent=124956"}],"curies":[{"name":"wp","href":"https:\/\/api.w.org\/{rel}","templated":true}]}}