{"id":166,"date":"2025-06-27T15:33:22","date_gmt":"2025-06-27T19:33:22","guid":{"rendered":"https:\/\/upla.cl\/senado\/?page_id=166"},"modified":"2025-12-17T11:15:09","modified_gmt":"2025-12-17T14:15:09","slug":"borrador-automatico","status":"publish","type":"page","link":"https:\/\/upla.cl\/senado\/","title":{"rendered":"Inicio"},"content":{"rendered":"<p>[et_pb_section fb_built=\u00bb1&#8243; _builder_version=\u00bb4.27.4&#8243; _module_preset=\u00bbdefault\u00bb background_enable_color=\u00bboff\u00bb background_enable_image=\u00bboff\u00bb background_video_mp4=\u00bbhttps:\/\/upla.cl\/gestionestrategica\/wp-content\/uploads\/2025\/07\/20250710_dapei_vidoinstitucional.mp4&#8243; min_height=\u00bb25vw\u00bb bottom_divider_color=\u00bb#009BDB\u00bb bottom_divider_height=\u00bb67px\u00bb global_colors_info=\u00bb{}\u00bb][\/et_pb_section][et_pb_section fb_built=\u00bb1&#8243; _builder_version=\u00bb4.27.4&#8243; _module_preset=\u00bbdefault\u00bb top_divider_color=\u00bb#009BDB\u00bb top_divider_height=\u00bb158px\u00bb global_colors_info=\u00bb{}\u00bb][et_pb_row use_custom_gutter=\u00bbon\u00bb _builder_version=\u00bb4.27.4&#8243; _module_preset=\u00bbdefault\u00bb background_color=\u00bb#FFFFFF\u00bb max_width=\u00bb2560px\u00bb custom_margin=\u00bb-4.8%|auto||auto|false|false\u00bb custom_margin_tablet=\u00bb-10%||10%||false|false\u00bb custom_margin_phone=\u00bb-20%||||false|false\u00bb custom_margin_last_edited=\u00bbon|phone\u00bb custom_padding=\u00bb20px|0px|32px|0px|false|false\u00bb animation_style=\u00bbslide\u00bb border_radii=\u00bbon|15px|15px|15px|15px\u00bb border_color_all=\u00bb#f75570&#8243; border_width_top=\u00bb18px\u00bb border_color_top=\u00bbRGBA(255,255,255,0)\u00bb box_shadow_style=\u00bbpreset3&#8243; box_shadow_vertical=\u00bb39px\u00bb box_shadow_blur=\u00bb80px\u00bb global_colors_info=\u00bb{}\u00bb][et_pb_column type=\u00bb4_4&#8243; _builder_version=\u00bb4.22.1&#8243; _module_preset=\u00bbdefault\u00bb global_colors_info=\u00bb{}\u00bb][et_pb_text _builder_version=\u00bb4.27.4&#8243; _module_preset=\u00bbdefault\u00bb header_font=\u00bb|600|||||||\u00bb header_text_align=\u00bbcenter\u00bb header_text_color=\u00bb#004562&#8243; header_font_size=\u00bb52px\u00bb header_2_font=\u00bb|300|||||||\u00bb header_2_text_color=\u00bb#FFFFFF\u00bb header_2_font_size=\u00bb40px\u00bb header_3_font=\u00bb|300|||||||\u00bb header_3_text_color=\u00bb#FFFFFF\u00bb header_3_font_size=\u00bb26px\u00bb custom_margin=\u00bb1.2%||||false|false\u00bb global_colors_info=\u00bb{}\u00bb]<\/p>\n<h1>Senado Universitario<\/h1>\n<p>[\/et_pb_text][et_pb_text _builder_version=\u00bb4.27.4&#8243; _module_preset=\u00bbdefault\u00bb text_font_size=\u00bb19px\u00bb text_line_height=\u00bb1.8em\u00bb custom_margin=\u00bb|5%||5%|true|true\u00bb global_colors_info=\u00bb{}\u00bb]Somos un \u00f3rgano colegiado representativo de la comunidad universitaria. Ejercemos funciones resolutivas en todas aquellas materias acad\u00e9micas e institucionales que se reflejan en el Estatuto Org\u00e1nico de la Universidad de Playa Ancha.[\/et_pb_text][\/et_pb_column][\/et_pb_row][et_pb_row column_structure=\u00bb1_3,1_3,1_3&#8243; use_custom_gutter=\u00bbon\u00bb _builder_version=\u00bb4.27.0&#8243; _module_preset=\u00bbdefault\u00bb background_color=\u00bbRGBA(255,255,255,0)\u00bb max_width=\u00bb2560px\u00bb min_height=\u00bb427px\u00bb custom_margin=\u00bb2%|auto|2%|auto|true|false\u00bb custom_margin_tablet=\u00bb-10%||10%||false|false\u00bb custom_margin_phone=\u00bb||||false|false\u00bb custom_margin_last_edited=\u00bbon|phone\u00bb custom_padding=\u00bb|0px|50px|0px|false|false\u00bb animation_style=\u00bbslide\u00bb border_color_all=\u00bb#f75570&#8243; border_style_top=\u00bboutset\u00bb global_colors_info=\u00bb{}\u00bb][et_pb_column type=\u00bb1_3&#8243; _builder_version=\u00bb4.22.1&#8243; _module_preset=\u00bbdefault\u00bb global_colors_info=\u00bb{}\u00bb][et_pb_blurb title=\u00bbEstructura\u00bb image=\u00bbhttps:\/\/upla.cl\/senado\/wp-content\/uploads\/2025\/09\/estructura.png\u00bb image_icon_width=\u00bb50%\u00bb _builder_version=\u00bb4.27.4&#8243; _module_preset=\u00bbdefault\u00bb header_font=\u00bb|600|||||||\u00bb header_text_align=\u00bbcenter\u00bb header_text_color=\u00bb#565656&#8243; header_font_size=\u00bb26px\u00bb body_font=\u00bb|600|||||||\u00bb body_text_align=\u00bbleft\u00bb body_text_color=\u00bb#565656&#8243; body_font_size=\u00bb18px\u00bb background_enable_color=\u00bboff\u00bb image_icon_custom_margin=\u00bb5%||||false|false\u00bb min_height=\u00bb290px\u00bb custom_margin=\u00bb||||false|false\u00bb custom_padding=\u00bb10%|10%|10%|10%|true|false\u00bb border_radii=\u00bbon|15px|15px|15px|15px\u00bb border_width_all=\u00bb1px\u00bb border_color_all=\u00bb#009BDB\u00bb border_style_all=\u00bboutset\u00bb global_colors_info=\u00bb{}\u00bb]<\/p>\n<p>&nbsp;<\/p>\n<p><a href=\"https:\/\/upla.cl\/senado\/acerca-del-senado\/mision\/\" title=\"Misi\u00f3n\">&gt; Misi\u00f3n<\/a><\/p>\n<p><a href=\"https:\/\/upla.cl\/senado\/acerca-del-senado\/funciones\/\" title=\"Funciones\">&gt; Funciones<\/a><\/p>\n<p><a href=\"https:\/\/upla.cl\/senado\/acerca-del-senado\/mesa-del-senado-universitario\/\" title=\"Mesa del Senado\">&gt; Mesa del Senado e integrantes<\/a><\/p>\n<p>&nbsp;<\/p>\n<p>[\/et_pb_blurb][\/et_pb_column][et_pb_column type=\u00bb1_3&#8243; _builder_version=\u00bb4.22.1&#8243; _module_preset=\u00bbdefault\u00bb global_colors_info=\u00bb{}\u00bb][et_pb_blurb title=\u00bbAcuerdos y Actividades\u00bb image=\u00bbhttps:\/\/upla.cl\/senado\/wp-content\/uploads\/2025\/10\/acuerdos.png\u00bb alt=\u00bbAcuerdos y actas\u00bb image_icon_width=\u00bb50%\u00bb _builder_version=\u00bb4.27.4&#8243; _module_preset=\u00bbdefault\u00bb header_font=\u00bb|600|||||||\u00bb header_text_align=\u00bbcenter\u00bb header_text_color=\u00bb#565656&#8243; header_font_size=\u00bb26px\u00bb body_font=\u00bb|600|||||||\u00bb body_text_align=\u00bbleft\u00bb body_text_color=\u00bb#565656&#8243; body_font_size=\u00bb18px\u00bb background_enable_color=\u00bboff\u00bb image_icon_custom_margin=\u00bb5%||||false|false\u00bb min_height=\u00bb290px\u00bb custom_margin=\u00bb||||false|false\u00bb custom_padding=\u00bb10%|10%|10%|10%|true|false\u00bb border_radii=\u00bbon|15px|15px|15px|15px\u00bb border_width_all=\u00bb1px\u00bb border_color_all=\u00bb#009BDB\u00bb border_style_all=\u00bboutset\u00bb global_colors_info=\u00bb{}\u00bb]<\/p>\n<p>&nbsp;<\/p>\n<p><a href=\"https:\/\/upla.cl\/senado\/actividad-del-senado\/acuerdos\/\" title=\"Acuerdos\">&gt; Acuerdos<\/a><\/p>\n<p><a href=\"https:\/\/acceso.upla.cl\/sinte\/SINTE_Sistemas\/\" target=\"_blank\" rel=\"noopener\" title=\"Actas, ingresar al SINTE\">&gt; Actas<\/a><\/p>\n<p><a href=\"https:\/\/upla.cl\/senado\/actividad-del-senado\/documentos\/\" title=\"Documentos\">&gt; Documentos<\/a><\/p>\n<p><a href=\"https:\/\/upla.cl\/senado\/actividad-del-senado\/declaraciones\/\" target=\"_blank\" rel=\"noopener\" title=\"Declaraciones\">&gt; Declaraciones<\/a><\/p>\n<p>[\/et_pb_blurb][\/et_pb_column][et_pb_column type=\u00bb1_3&#8243; _builder_version=\u00bb4.22.1&#8243; _module_preset=\u00bbdefault\u00bb global_colors_info=\u00bb{}\u00bb][et_pb_blurb title=\u00bbComisiones\u00bb url=\u00bbhttps:\/\/upla.cl\/senado\/acerca-del-senado\/comisiones\/\u00bb image=\u00bbhttps:\/\/upla.cl\/senado\/wp-content\/uploads\/2025\/06\/comisiones-icon.png\u00bb image_icon_width=\u00bb50%\u00bb _builder_version=\u00bb4.27.4&#8243; _module_preset=\u00bbdefault\u00bb header_font=\u00bb|600|||||||\u00bb header_text_align=\u00bbcenter\u00bb header_text_color=\u00bb#565656&#8243; header_font_size=\u00bb26px\u00bb body_font=\u00bb|600|||||||\u00bb body_text_align=\u00bbleft\u00bb body_text_color=\u00bb#565656&#8243; body_font_size=\u00bb18px\u00bb background_enable_color=\u00bboff\u00bb image_icon_custom_margin=\u00bb5%||||false|false\u00bb min_height=\u00bb290px\u00bb custom_margin=\u00bb||||false|false\u00bb custom_padding=\u00bb10%|10%|10%|10%|true|false\u00bb border_radii=\u00bbon|15px|15px|15px|15px\u00bb border_width_all=\u00bb1px\u00bb border_color_all=\u00bb#009BDB\u00bb border_style_all=\u00bboutset\u00bb global_colors_info=\u00bb{}\u00bb]<\/p>\n<p>&nbsp;<\/p>\n<p><a href=\"https:\/\/upla.cl\/senado\/acerca-del-senado\/comisiones\/#permanentes\" title=\"Comisiones permanentes\">&gt; Permanentes<\/a><\/p>\n<p><a href=\"https:\/\/upla.cl\/senado\/acerca-del-senado\/comisiones\/#transitorias\" title=\"Comisiones transitorias\">&gt; Transitorias<\/a><\/p>\n<p>&nbsp;<\/p>\n<p>&nbsp;<\/p>\n<p>[\/et_pb_blurb][\/et_pb_column][\/et_pb_row][\/et_pb_section][et_pb_section fb_built=\u00bb1&#8243; admin_label=\u00bbNoticias y videos\u00bb module_id=\u00bbnoticias\u00bb _builder_version=\u00bb4.27.4&#8243; _module_preset=\u00bbdefault\u00bb background_enable_color=\u00bboff\u00bb custom_margin=\u00bb||||false|false\u00bb custom_padding=\u00bb4px||||false|false\u00bb saved_tabs=\u00bball\u00bb global_colors_info=\u00bb{}\u00bb][et_pb_row column_structure=\u00bb1_2,1_2&#8243; _builder_version=\u00bb4.27.4&#8243; _module_preset=\u00bbdefault\u00bb custom_padding=\u00bb5%|5%|5%|5%|true|true\u00bb border_radii=\u00bbon|15px|15px|15px|15px\u00bb border_width_all=\u00bb1px\u00bb border_color_all=\u00bb#009BDB\u00bb border_style_all=\u00bboutset\u00bb border_color_top=\u00bb#565656&#8243; global_colors_info=\u00bb{}\u00bb][et_pb_column type=\u00bb1_2&#8243; _builder_version=\u00bb4.27.0&#8243; _module_preset=\u00bbdefault\u00bb global_colors_info=\u00bb{}\u00bb][et_pb_text _builder_version=\u00bb4.27.4&#8243; _module_preset=\u00bbdefault\u00bb header_2_font=\u00bb|600|||||||\u00bb header_2_text_color=\u00bb#004562&#8243; text_orientation=\u00bbcenter\u00bb custom_margin=\u00bb2%||||false|false\u00bb global_colors_info=\u00bb{}\u00bb]<\/p>\n<h2 style=\"text-align: center;\">Noticias<\/h2>\n<p>[\/et_pb_text][et_pb_sidebar area=\u00bbet_pb_widget_area_1&#8243; _builder_version=\u00bb4.27.4&#8243; _module_preset=\u00bbdefault\u00bb custom_css_free_form=\u00bb.et_pb_widget {||        width: 100% !important;||    }||    .widget_block widget_rss{||        width: 100% !important;||    }\u00bb global_colors_info=\u00bb{}\u00bb][\/et_pb_sidebar][et_pb_button button_url=\u00bbhttps:\/\/www.upla.cl\/noticias\/category\/senado-universitario\/\u00bb url_new_window=\u00bbon\u00bb button_text=\u00bbRevisa m\u00e1s noticias relacionadas\u00bb button_alignment=\u00bbleft\u00bb admin_label=\u00bbm\u00e1s noticias\u00bb _builder_version=\u00bb4.27.4&#8243; _module_preset=\u00bbdefault\u00bb custom_button=\u00bbon\u00bb button_text_size=\u00bb16px\u00bb button_text_color=\u00bb#FFFFFF\u00bb button_bg_color=\u00bb#004562&#8243; button_border_width=\u00bb1px\u00bb button_border_color=\u00bb#004562&#8243; button_border_radius=\u00bb6px\u00bb button_letter_spacing=\u00bb0px\u00bb button_font=\u00bbLato|700|||||||\u00bb button_icon=\u00bb&#xf56d;||fa||900&#8243; animation_style=\u00bbzoom\u00bb button_bg_color_last_edited=\u00bboff|tablet\u00bb box_shadow_style=\u00bbpreset3&#8243; box_shadow_color=\u00bbrgba(250,127,40,0.4)\u00bb global_colors_info=\u00bb{}\u00bb button_bg_color__hover_enabled=\u00bbon|hover\u00bb button_bg_color__hover=\u00bb#FFFFFF\u00bb button_bg_enable_color__hover=\u00bbon\u00bb button_text_color__hover_enabled=\u00bbon|hover\u00bb button_text_color__hover=\u00bb#004562&#8243; button_border_color__hover_enabled=\u00bbon|hover\u00bb button_border_color__hover=\u00bb#004562&#8243;][\/et_pb_button][\/et_pb_column][et_pb_column type=\u00bb1_2&#8243; _builder_version=\u00bb4.27.0&#8243; _module_preset=\u00bbdefault\u00bb global_colors_info=\u00bb{}\u00bb][et_pb_text _builder_version=\u00bb4.27.4&#8243; _module_preset=\u00bbdefault\u00bb header_2_font=\u00bb|600|||||||\u00bb header_2_text_color=\u00bb#004562&#8243; text_orientation=\u00bbcenter\u00bb custom_margin=\u00bb2%||||false|false\u00bb global_colors_info=\u00bb{}\u00bb]<\/p>\n<h2 style=\"text-align: center;\">Videos relacionados<\/h2>\n<p>[\/et_pb_text][et_pb_video_slider admin_label=\u00bbVideos Senado \u00bb _builder_version=\u00bb4.27.5&#8243; _module_preset=\u00bbdefault\u00bb hover_enabled=\u00bb0&#8243; border_radii=\u00bbon|15px|15px|15px|15px\u00bb global_colors_info=\u00bb{}\u00bb sticky_enabled=\u00bb0&#8243;][et_pb_video_slider_item admin_title=\u00bbProyectando el Futuro: un a\u00f1o del Senado Universitario\u00bb src=\u00bbhttps:\/\/youtu.be\/I_wQPgcDBuw?si=KmWp1MYvk0rV5obQ\u00bb src_webm=\u00bbhttps:\/\/youtu.be\/I_wQPgcDBuw?si=KmWp1MYvk0rV5obQ\u00bb _builder_version=\u00bb4.27.5&#8243; _module_preset=\u00bbdefault\u00bb hover_enabled=\u00bb0&#8243; global_colors_info=\u00bb{}\u00bb show_image_overlay=\u00bboff\u00bb sticky_enabled=\u00bb0&#8243;][\/et_pb_video_slider_item][et_pb_video_slider_item admin_title=\u00bbSe instala primer Senado Universitario de la Universidad de Playa Ancha \u00bb src=\u00bbhttps:\/\/youtu.be\/3yWOr6xQCKY?si=nbmAXsgIGLIho_h_\u00bb src_webm=\u00bbhttps:\/\/youtu.be\/3yWOr6xQCKY?si=nbmAXsgIGLIho_h_\u00bb _builder_version=\u00bb4.27.4&#8243; _module_preset=\u00bbdefault\u00bb global_colors_info=\u00bb{}\u00bb show_image_overlay=\u00bboff\u00bb][\/et_pb_video_slider_item][et_pb_video_slider_item admin_title=\u00bb\u00bfConoces cu\u00e1les son las principales funciones y atribuciones que tendr\u00e1 el Senado Universitario? \u00bb src=\u00bbhttps:\/\/www.youtube.com\/watch?v=gLFbqmDcR5o\u00bb src_webm=\u00bbhttps:\/\/www.youtube.com\/watch?v=gLFbqmDcR5o\u00bb _builder_version=\u00bb4.27.4&#8243; _module_preset=\u00bbdefault\u00bb global_colors_info=\u00bb{}\u00bb show_image_overlay=\u00bboff\u00bb][\/et_pb_video_slider_item][et_pb_video_slider_item admin_title=\u00bb\u00bfQui\u00e9nes integran el Senado Universitario?\u00bb src=\u00bbhttps:\/\/youtu.be\/1wTkIdqdSoc?si=HVEZnWs0Ax7X4mhC\u00bb src_webm=\u00bbhttps:\/\/youtu.be\/1wTkIdqdSoc?si=HVEZnWs0Ax7X4mhC\u00bb _builder_version=\u00bb4.27.4&#8243; _module_preset=\u00bbdefault\u00bb global_colors_info=\u00bb{}\u00bb show_image_overlay=\u00bboff\u00bb][\/et_pb_video_slider_item][et_pb_video_slider_item admin_title=\u00bb\u00bfSabes cu\u00e1les son los principales desaf\u00edos para la implementaci\u00f3n de los estatutos org\u00e1nicos?\u00bb src=\u00bbhttps:\/\/youtu.be\/o6v_qSuYu0U?si=EOF7UEsZsXlXh_KH\u00bb src_webm=\u00bbhttps:\/\/youtu.be\/o6v_qSuYu0U?si=EOF7UEsZsXlXh_KH\u00bb _builder_version=\u00bb4.27.4&#8243; _module_preset=\u00bbdefault\u00bb global_colors_info=\u00bb{}\u00bb show_image_overlay=\u00bboff\u00bb][\/et_pb_video_slider_item][\/et_pb_video_slider][\/et_pb_column][\/et_pb_row][\/et_pb_section]<\/p>\n","protected":false},"excerpt":{"rendered":"<p>Senado UniversitarioSomos un \u00f3rgano colegiado representativo de la comunidad universitaria. Ejercemos funciones resolutivas en todas aquellas materias acad\u00e9micas e institucionales que se reflejan en el Estatuto Org\u00e1nico de la Universidad de Playa Ancha.&nbsp; &gt; Misi\u00f3n &gt; Funciones &gt; Mesa del Senado e integrantes &nbsp;&nbsp; &gt; Acuerdos &gt; Actas &gt; Documentos &gt; Declaraciones&nbsp; &gt; Permanentes &gt; [&hellip;]<\/p>\n","protected":false},"author":3,"featured_media":0,"parent":0,"menu_order":0,"comment_status":"closed","ping_status":"closed","template":"","meta":{"_et_pb_use_builder":"on","_et_pb_old_content":"","_et_gb_content_width":"","footnotes":""},"class_list":["post-166","page","type-page","status-publish","hentry"],"_links":{"self":[{"href":"https:\/\/upla.cl\/senado\/wp-json\/wp\/v2\/pages\/166","targetHints":{"allow":["GET"]}}],"collection":[{"href":"https:\/\/upla.cl\/senado\/wp-json\/wp\/v2\/pages"}],"about":[{"href":"https:\/\/upla.cl\/senado\/wp-json\/wp\/v2\/types\/page"}],"author":[{"embeddable":true,"href":"https:\/\/upla.cl\/senado\/wp-json\/wp\/v2\/users\/3"}],"replies":[{"embeddable":true,"href":"https:\/\/upla.cl\/senado\/wp-json\/wp\/v2\/comments?post=166"}],"version-history":[{"count":0,"href":"https:\/\/upla.cl\/senado\/wp-json\/wp\/v2\/pages\/166\/revisions"}],"wp:attachment":[{"href":"https:\/\/upla.cl\/senado\/wp-json\/wp\/v2\/media?parent=166"}],"curies":[{"name":"wp","href":"https:\/\/api.w.org\/{rel}","templated":true}]}}