{"id":14,"date":"2020-12-14T21:02:58","date_gmt":"2020-12-15T00:02:58","guid":{"rendered":"https:\/\/upla.cl\/vicerrectoriaacademica\/?page_id=14"},"modified":"2025-05-27T17:29:59","modified_gmt":"2025-05-27T21:29:59","slug":"inicio","status":"publish","type":"page","link":"https:\/\/upla.cl\/vicerrectoriaacademica\/","title":{"rendered":"Inicio"},"content":{"rendered":"<p>[et_pb_section fb_built=\u00bb1&#8243; fullwidth=\u00bbon\u00bb _builder_version=\u00bb4.16&#8243; _module_preset=\u00bbdefault\u00bb global_colors_info=\u00bb{}\u00bb][et_pb_fullwidth_slider _builder_version=\u00bb4.16&#8243; _module_preset=\u00bbdefault\u00bb min_height=\u00bb650px\u00bb global_colors_info=\u00bb{}\u00bb][et_pb_slide _builder_version=\u00bb4.16&#8243; _module_preset=\u00bbdefault\u00bb background_enable_color=\u00bboff\u00bb background_image=\u00bbhttps:\/\/upla.cl\/vicerrectoriaacademica\/wp-content\/uploads\/2023\/06\/Banner-WEB-2023.jpg\u00bb background_enable_image=\u00bbon\u00bb global_colors_info=\u00bb{}\u00bb sticky_transition=\u00bbon\u00bb][\/et_pb_slide][\/et_pb_fullwidth_slider][\/et_pb_section][et_pb_section fb_built=\u00bb1&#8243; _builder_version=\u00bb4.16&#8243; _module_preset=\u00bbdefault\u00bb custom_padding=\u00bb||8px|||\u00bb global_colors_info=\u00bb{}\u00bb][et_pb_row column_structure=\u00bb3_5,2_5&#8243; _builder_version=\u00bb4.16&#8243; _module_preset=\u00bbdefault\u00bb width=\u00bb90%\u00bb max_width=\u00bb90%\u00bb global_colors_info=\u00bb{}\u00bb][et_pb_column type=\u00bb3_5&#8243; _builder_version=\u00bb4.16&#8243; _module_preset=\u00bbdefault\u00bb global_colors_info=\u00bb{}\u00bb][et_pb_text _builder_version=\u00bb4.27.4&#8243; _module_preset=\u00bbdefault\u00bb header_font=\u00bb|600|||||||\u00bb header_2_text_align=\u00bbleft\u00bb text_orientation=\u00bbcenter\u00bb global_colors_info=\u00bb{}\u00bb]<\/p>\n<h2>La Vicerrector\u00eda Acad\u00e9mica depende directamente de la Rector\u00eda y su funci\u00f3n principal es velar por el cumplimiento de las pol\u00edticas, objetivos estrat\u00e9gicos y normativas institucionales; para ello, la VRA se encarga de elaborar, proponer y ejecutar pol\u00edticas de desarrollo en el \u00e1mbito acad\u00e9mico de la Universidad de Playa Ancha, en articulaci\u00f3n y coordinaci\u00f3n con las diversas unidades acad\u00e9micas y administrativas de la casa de estudios.<\/h2>\n<p>[\/et_pb_text][\/et_pb_column][et_pb_column type=\u00bb2_5&#8243; _builder_version=\u00bb4.16&#8243; _module_preset=\u00bbdefault\u00bb global_colors_info=\u00bb{}\u00bb][et_pb_text _builder_version=\u00bb4.27.4&#8243; _module_preset=\u00bbdefault\u00bb header_font=\u00bb|600|||||||\u00bb custom_margin=\u00bb||17px|||\u00bb global_colors_info=\u00bb{}\u00bb]<\/p>\n<h2><strong>Noticias<\/strong><\/h2>\n<p>[\/et_pb_text][et_pb_sidebar area=\u00bbet_pb_widget_area_1&#8243; _builder_version=\u00bb4.27.4&#8243; _module_preset=\u00bbdefault\u00bb body_font=\u00bb||||||||\u00bb hover_enabled=\u00bb0&#8243; global_colors_info=\u00bb{}\u00bb custom_css_free_form=\u00bb\/* 1) Importa la tipograf\u00eda Lato desde Google Fonts *\/||@import url(&#8216;https:\/\/fonts.googleapis.com\/css2?family=Lato:wght@400;700&#038;display=swap&#8217;);||||\/* 2) Apunta s\u00f3lo al m\u00f3dulo \u201cnoticias-widget\u201d y define Lato para todo el widget *\/||.noticias-widget .widget_rss {||  font-family: &#8216;Lato&#8217;, sans-serif !important;||}||||\/* 3) T\u00edtulo en bold (700) *\/||.noticias-widget .widget_rss .widgettitle {||  font-weight: 700 !important;||}||||\/* 4) Enlaces: tama\u00f1o 16px y color azul claro *\/||.noticias-widget .widget_rss ul li a {||  font-size: 16px !important;||  color: #009bdb !important;||  text-decoration: none !important;||}||||\/* 5) Hover en los enlaces *\/||.noticias-widget .widget_rss ul li a:hover {||  text-decoration: underline !important;||}\u00bb sticky_enabled=\u00bb0&#8243; module_class=\u00bbnoticias-widget\u00bb header_font=\u00bb&#8211;et_global_body_font|600|||||||\u00bb][\/et_pb_sidebar][\/et_pb_column][\/et_pb_row][\/et_pb_section]<\/p>\n","protected":false},"excerpt":{"rendered":"<p>La Vicerrector\u00eda Acad\u00e9mica depende directamente de la Rector\u00eda y su funci\u00f3n principal es velar por el cumplimiento de las pol\u00edticas, objetivos estrat\u00e9gicos y normativas institucionales; para ello, la VRA se encarga de elaborar, proponer y ejecutar pol\u00edticas de desarrollo en el \u00e1mbito acad\u00e9mico de la Universidad de Playa Ancha, en articulaci\u00f3n y coordinaci\u00f3n con las [&hellip;]<\/p>\n","protected":false},"author":2,"featured_media":0,"parent":0,"menu_order":0,"comment_status":"closed","ping_status":"closed","template":"","meta":{"_et_pb_use_builder":"on","_et_pb_old_content":"<p>[vc_row type=\"full_width_background\" full_screen_row_position=\"middle\" column_margin=\"default\" column_direction=\"default\" column_direction_tablet=\"default\" column_direction_phone=\"default\" bg_image=\"3086\" bg_position=\"left top\" bg_repeat=\"no-repeat\" scene_position=\"center\" top_padding=\"8%\" bottom_padding=\"26%\" text_color=\"light\" text_align=\"left\" row_border_radius=\"none\" row_border_radius_applies=\"bg\" overlay_strength=\"0.3\" gradient_direction=\"left_to_right\" shape_divider_position=\"bottom\" bg_image_animation=\"none\" shape_type=\"\"][vc_column column_padding=\"no-extra-padding\" column_padding_tablet=\"inherit\" column_padding_phone=\"inherit\" column_padding_position=\"all\" background_color_opacity=\"1\" background_hover_color_opacity=\"1\" column_shadow=\"none\" column_border_radius=\"none\" column_link_target=\"_self\" gradient_direction=\"left_to_right\" overlay_strength=\"0.3\" width=\"1\/1\" tablet_width_inherit=\"default\" tablet_text_alignment=\"default\" phone_text_alignment=\"default\" column_border_width=\"none\" column_border_style=\"solid\" bg_image_animation=\"none\"][\/vc_column][\/vc_row][vc_row type=\"full_width_background\" full_screen_row_position=\"middle\" column_margin=\"default\" equal_height=\"yes\" content_placement=\"middle\" column_direction=\"default\" column_direction_tablet=\"default\" column_direction_phone=\"default\" bg_color=\"#e9e9e9\" scene_position=\"center\" top_padding=\"3%\" bottom_padding=\"3%\" text_color=\"dark\" text_align=\"left\" row_border_radius=\"none\" row_border_radius_applies=\"bg\" overlay_strength=\"0.3\" gradient_direction=\"left_to_right\" shape_divider_position=\"bottom\" bg_image_animation=\"none\" shape_type=\"\"][vc_column column_padding=\"no-extra-padding\" column_padding_tablet=\"inherit\" column_padding_phone=\"inherit\" column_padding_position=\"all\" background_color_opacity=\"1\" background_hover_color_opacity=\"1\" column_shadow=\"none\" column_border_radius=\"none\" column_link_target=\"_self\" gradient_direction=\"left_to_right\" overlay_strength=\"0.3\" width=\"1\/2\" tablet_width_inherit=\"default\" tablet_text_alignment=\"default\" phone_text_alignment=\"default\" column_border_width=\"none\" column_border_style=\"solid\" bg_image_animation=\"none\"][vc_custom_heading text=\"Universidad de Playa Ancha\" font_container=\"tag:h5|font_size:16|text_align:left|color:%23000000|line_height:32px\" use_theme_fonts=\"yes\"][vc_custom_heading text=\"Vicerrector\u00eda Acad\u00e9mica\" font_container=\"tag:h2|text_align:left|color:%23058efb\" use_theme_fonts=\"yes\"][divider line_type=\"Small Line\" line_alignment=\"default\" line_thickness=\"8\" divider_color=\"default\" animate=\"yes\" custom_height=\"100\" custom_line_width=\"120\"][vc_column_text css_animation=\"bottom-to-top\" css=\".vc_custom_1637676100557{padding-right: 10% !important;}\"]<strong>La Vicerrector\u00eda Acad\u00e9mica depende directamente de la Rector\u00eda y su funci\u00f3n principal es velar por el cumplimiento de las pol\u00edticas, objetivos estrat\u00e9gicos y normativas institucionales; para ello, la VRA se encarga de elaborar, proponer y ejecutar pol\u00edticas de desarrollo en el \u00e1mbito acad\u00e9mico de la Universidad de Playa Ancha, en articulaci\u00f3n y coordinaci\u00f3n con las diversas unidades acad\u00e9micas y administrativas de la casa de estudios.<\/strong>[\/vc_column_text][nectar_btn size=\"small\" button_style=\"regular\" button_color_2=\"Accent-Color\" icon_family=\"none\" text=\"Ver M\u00e1s\" url=\"https:\/\/upla.cl\/vicerrectoriaacademica\/somos\/\"][\/vc_column][vc_column column_padding=\"padding-2-percent\" column_padding_tablet=\"inherit\" column_padding_phone=\"inherit\" column_padding_position=\"left-right\" background_color_opacity=\"1\" background_hover_color_opacity=\"1\" column_shadow=\"none\" column_border_radius=\"none\" column_link_target=\"_self\" gradient_direction=\"left_to_right\" overlay_strength=\"0.3\" width=\"1\/2\" tablet_width_inherit=\"default\" tablet_text_alignment=\"default\" phone_text_alignment=\"default\" column_border_width=\"none\" column_border_style=\"solid\" bg_image_animation=\"none\"][image_with_animation image_url=\"62\" animation=\"Fade In From Right\" hover_animation=\"none\" alignment=\"\" border_radius=\"none\" box_shadow=\"none\" image_loading=\"default\" max_width=\"175%\" max_width_mobile=\"default\"][\/vc_column][\/vc_row][vc_row type=\"full_width_background\" full_screen_row_position=\"middle\" column_margin=\"default\" column_direction=\"default\" column_direction_tablet=\"default\" column_direction_phone=\"default\" scene_position=\"center\" top_padding=\"2%\" bottom_padding=\"2%\" text_color=\"dark\" text_align=\"left\" row_border_radius=\"none\" row_border_radius_applies=\"bg\" overlay_strength=\"0.3\" gradient_direction=\"left_to_right\" shape_divider_position=\"bottom\" bg_image_animation=\"none\" shape_type=\"\"][vc_column column_padding=\"no-extra-padding\" column_padding_tablet=\"inherit\" column_padding_phone=\"inherit\" column_padding_position=\"all\" background_color_opacity=\"1\" background_hover_color_opacity=\"1\" column_shadow=\"none\" column_border_radius=\"none\" column_link_target=\"_self\" gradient_direction=\"left_to_right\" overlay_strength=\"0.3\" width=\"1\/1\" tablet_width_inherit=\"default\" tablet_text_alignment=\"default\" phone_text_alignment=\"default\" column_border_width=\"none\" column_border_style=\"solid\" bg_image_animation=\"none\"][vc_custom_heading text=\"Noticias\" font_container=\"tag:h2|text_align:center|color:%230099cc\" use_theme_fonts=\"yes\"][divider line_type=\"Small Line\" line_alignment=\"center\" line_thickness=\"2\" divider_color=\"default\" animate=\"yes\" custom_line_width=\"120\"][nectar_blog layout=\"masonry-blog-fullwidth\" blog_masonry_style=\"auto_meta_overlaid_spaced\" auto_masonry_spacing=\"16px\" load_in_animation=\"none\" category=\"noticias\" order=\"DESC\" orderby=\"date\" posts_per_page=\"3\"][vc_row_inner column_margin=\"default\" column_direction=\"default\" column_direction_tablet=\"default\" column_direction_phone=\"default\" text_align=\"left\"][vc_column_inner column_padding=\"no-extra-padding\" column_padding_tablet=\"inherit\" column_padding_phone=\"inherit\" column_padding_position=\"all\" background_color_opacity=\"1\" background_hover_color_opacity=\"1\" column_shadow=\"none\" column_border_radius=\"none\" column_link_target=\"_self\" gradient_direction=\"left_to_right\" overlay_strength=\"0.3\" width=\"1\/2\" tablet_width_inherit=\"default\" column_border_width=\"none\" column_border_style=\"solid\" bg_image_animation=\"none\"][nectar_cta btn_style=\"material\" heading_tag=\"h4\" text_color=\"#0099cc\" link_type=\"regular\" alignment=\"center\" display=\"block\" text=\"Revisa\" link_text=\"nuestras noticias\" url=\"https:\/\/upla.cl\/vicerrectoriaacademica\/noticias\/\"][divider line_type=\"No Line\"][\/vc_column_inner][vc_column_inner column_padding=\"no-extra-padding\" column_padding_tablet=\"inherit\" column_padding_phone=\"inherit\" column_padding_position=\"all\" background_color_opacity=\"1\" background_hover_color_opacity=\"1\" column_shadow=\"none\" column_border_radius=\"none\" column_link_target=\"_self\" gradient_direction=\"left_to_right\" overlay_strength=\"0.3\" width=\"1\/2\" tablet_width_inherit=\"default\" column_border_width=\"none\" column_border_style=\"solid\" bg_image_animation=\"none\"][vc_raw_html]JTNDc2NyaXB0JTIwc3JjJTNEJTIyaHR0cCUzQSUyRiUyRmZlZWRzLmZlZWRidXJuZXIuY29tJTJGbm90aWNpYXNkZWxhdW5pdmVyc2lkYWRkZXBsYXlhYW5jaGFhY2FkZW1pYSUzRmZvcm1hdCUzRHNpZ3BybyUyMiUyMHR5cGUlM0QlMjJ0ZXh0JTJGamF2YXNjcmlwdCUyMiUyMCUzRSUzQyUyRnNjcmlwdCUzRQ==[\/vc_raw_html][\/vc_column_inner][\/vc_row_inner][\/vc_column][\/vc_row][vc_row type=\"full_width_background\" full_screen_row_position=\"middle\" column_margin=\"default\" column_direction=\"default\" column_direction_tablet=\"default\" column_direction_phone=\"default\" bg_color=\"#e9e9e9\" scene_position=\"center\" top_padding=\"25\" text_color=\"dark\" text_align=\"left\" row_border_radius=\"none\" row_border_radius_applies=\"bg\" overlay_strength=\"0.3\" gradient_direction=\"left_to_right\" shape_divider_position=\"bottom\" bg_image_animation=\"none\" shape_type=\"\"][vc_column column_padding=\"no-extra-padding\" column_padding_tablet=\"inherit\" column_padding_phone=\"inherit\" column_padding_position=\"all\" background_color_opacity=\"1\" background_hover_color_opacity=\"1\" column_shadow=\"none\" column_border_radius=\"none\" column_link_target=\"_self\" gradient_direction=\"left_to_right\" overlay_strength=\"0.3\" width=\"1\/1\" tablet_width_inherit=\"default\" tablet_text_alignment=\"default\" phone_text_alignment=\"default\" column_border_width=\"none\" column_border_style=\"solid\" bg_image_animation=\"none\"][vc_custom_heading text=\"Videos\" font_container=\"tag:h2|text_align:center|color:%230099cc\" use_theme_fonts=\"yes\"][divider line_type=\"Small Line\" line_alignment=\"center\" line_thickness=\"2\" divider_color=\"default\" animate=\"yes\" custom_line_width=\"120\"][divider line_type=\"No Line\" custom_height=\"15px\"][\/vc_column][\/vc_row][vc_row type=\"full_width_background\" full_screen_row_position=\"middle\" column_margin=\"default\" column_direction=\"default\" column_direction_tablet=\"default\" column_direction_phone=\"default\" bg_color=\"#e9e9e9\" scene_position=\"center\" bottom_padding=\"70\" text_color=\"dark\" text_align=\"left\" row_border_radius=\"none\" row_border_radius_applies=\"bg\" overlay_strength=\"0.3\" gradient_direction=\"left_to_right\" shape_divider_position=\"bottom\" bg_image_animation=\"none\" shape_type=\"\"][vc_column column_padding=\"no-extra-padding\" column_padding_tablet=\"inherit\" column_padding_phone=\"inherit\" column_padding_position=\"all\" background_color_opacity=\"1\" background_hover_color_opacity=\"1\" column_shadow=\"none\" column_border_radius=\"none\" column_link_target=\"_self\" gradient_direction=\"left_to_right\" overlay_strength=\"0.3\" width=\"1\/3\" tablet_width_inherit=\"default\" tablet_text_alignment=\"default\" phone_text_alignment=\"default\" column_border_width=\"none\" column_border_style=\"solid\" bg_image_animation=\"none\"][vc_video link=\"https:\/\/www.youtube.com\/watch?v=MMAIm3h7fvM\" align=\"center\"][\/vc_column][vc_column column_padding=\"no-extra-padding\" column_padding_tablet=\"inherit\" column_padding_phone=\"inherit\" column_padding_position=\"all\" background_color_opacity=\"1\" background_hover_color_opacity=\"1\" column_shadow=\"none\" column_border_radius=\"none\" column_link_target=\"_self\" gradient_direction=\"left_to_right\" overlay_strength=\"0.3\" width=\"1\/3\" tablet_width_inherit=\"default\" tablet_text_alignment=\"default\" phone_text_alignment=\"default\" column_border_width=\"none\" column_border_style=\"solid\" bg_image_animation=\"none\"][vc_video link=\"https:\/\/www.youtube.com\/watch?v=IMBTk8JH28c\" align=\"center\"][\/vc_column][vc_column column_padding=\"no-extra-padding\" column_padding_tablet=\"inherit\" column_padding_phone=\"inherit\" column_padding_position=\"all\" background_color_opacity=\"1\" background_hover_color_opacity=\"1\" column_shadow=\"none\" column_border_radius=\"none\" column_link_target=\"_self\" gradient_direction=\"left_to_right\" overlay_strength=\"0.3\" width=\"1\/3\" tablet_width_inherit=\"default\" tablet_text_alignment=\"default\" phone_text_alignment=\"default\" column_border_width=\"none\" column_border_style=\"solid\" bg_image_animation=\"none\"][vc_video link=\"https:\/\/www.youtube.com\/watch?v=00b2uo4d_BA\" align=\"center\"][\/vc_column][\/vc_row]<\/p>","_et_gb_content_width":"","footnotes":""},"class_list":["post-14","page","type-page","status-publish","hentry"],"_links":{"self":[{"href":"https:\/\/upla.cl\/vicerrectoriaacademica\/wp-json\/wp\/v2\/pages\/14","targetHints":{"allow":["GET"]}}],"collection":[{"href":"https:\/\/upla.cl\/vicerrectoriaacademica\/wp-json\/wp\/v2\/pages"}],"about":[{"href":"https:\/\/upla.cl\/vicerrectoriaacademica\/wp-json\/wp\/v2\/types\/page"}],"author":[{"embeddable":true,"href":"https:\/\/upla.cl\/vicerrectoriaacademica\/wp-json\/wp\/v2\/users\/2"}],"replies":[{"embeddable":true,"href":"https:\/\/upla.cl\/vicerrectoriaacademica\/wp-json\/wp\/v2\/comments?post=14"}],"version-history":[{"count":103,"href":"https:\/\/upla.cl\/vicerrectoriaacademica\/wp-json\/wp\/v2\/pages\/14\/revisions"}],"predecessor-version":[{"id":128917,"href":"https:\/\/upla.cl\/vicerrectoriaacademica\/wp-json\/wp\/v2\/pages\/14\/revisions\/128917"}],"wp:attachment":[{"href":"https:\/\/upla.cl\/vicerrectoriaacademica\/wp-json\/wp\/v2\/media?parent=14"}],"curies":[{"name":"wp","href":"https:\/\/api.w.org\/{rel}","templated":true}]}}