{"id":335,"date":"2021-01-20T03:24:33","date_gmt":"2021-01-20T06:24:33","guid":{"rendered":"https:\/\/upla.cl\/vicerrectoriaacademica\/?page_id=335"},"modified":"2025-05-23T20:39:41","modified_gmt":"2025-05-24T00:39:41","slug":"unidad-de-bienestar","status":"publish","type":"page","link":"https:\/\/upla.cl\/vicerrectoriaacademica\/unidad-de-bienestar\/","title":{"rendered":"Unidad de Bienestar Estudiantil"},"content":{"rendered":"<p>[et_pb_section fb_built=\u00bb1&#8243; fullwidth=\u00bbon\u00bb _builder_version=\u00bb4.16&#8243; _module_preset=\u00bbdefault\u00bb global_colors_info=\u00bb{}\u00bb][et_pb_fullwidth_slider _builder_version=\u00bb4.16&#8243; _module_preset=\u00bbdefault\u00bb global_colors_info=\u00bb{}\u00bb][et_pb_slide heading=\u00bbBienestar Estudiantil\u00bb _builder_version=\u00bb4.16&#8243; _module_preset=\u00bbdefault\u00bb background_enable_color=\u00bboff\u00bb background_image=\u00bbhttps:\/\/upla.cl\/vicerrectoriaacademica\/wp-content\/uploads\/2020\/12\/12-1.png\u00bb background_enable_image=\u00bbon\u00bb global_colors_info=\u00bb{}\u00bb sticky_transition=\u00bbon\u00bb][\/et_pb_slide][\/et_pb_fullwidth_slider][\/et_pb_section][et_pb_section fb_built=\u00bb1&#8243; admin_label=\u00bbsection\u00bb _builder_version=\u00bb4.16&#8243; global_colors_info=\u00bb{}\u00bb][et_pb_row column_structure=\u00bb1_2,1_2&#8243; admin_label=\u00bbrow\u00bb _builder_version=\u00bb4.16&#8243; background_size=\u00bbinitial\u00bb background_position=\u00bbtop_left\u00bb background_repeat=\u00bbrepeat\u00bb global_colors_info=\u00bb{}\u00bb][et_pb_column type=\u00bb1_2&#8243; _builder_version=\u00bb4.16&#8243; custom_padding=\u00bb|||\u00bb global_colors_info=\u00bb{}\u00bb custom_padding__hover=\u00bb|||\u00bb][et_pb_image src=\u00bbhttps:\/\/upla.cl\/vicerrectoriaacademica\/wp-content\/uploads\/2020\/12\/12-1.png\u00bb title_text=\u00bb12&#8243; _builder_version=\u00bb4.16&#8243; _module_preset=\u00bbdefault\u00bb global_colors_info=\u00bb{}\u00bb][\/et_pb_image][\/et_pb_column][et_pb_column type=\u00bb1_2&#8243; _builder_version=\u00bb4.16&#8243; custom_padding=\u00bb|||\u00bb global_colors_info=\u00bb{}\u00bb custom_padding__hover=\u00bb|||\u00bb][et_pb_text admin_label=\u00bbText\u00bb _builder_version=\u00bb4.16&#8243; header_2_text_color=\u00bb#0c71c3&#8243; background_size=\u00bbinitial\u00bb background_position=\u00bbtop_left\u00bb background_repeat=\u00bbrepeat\u00bb global_colors_info=\u00bb{}\u00bb]<\/p>\n<h2>Relaci\u00f3n directa con estudiantes\u00a0<\/h2>\n<p>Las atribuciones y funciones de la Unidad de Bienestar Estudiantil, dependiente de la Direcci\u00f3n General de Desarrollo Estudiantil, <strong>est\u00e1n orientadas a <\/strong><strong>brindar una amplia variedad de beneficios y servicios (de financiamiento externo e interno), permitiendo un mejoramiento en la cobertura de apoyos y beneficios mediante la atenci\u00f3n integral de los estudiantes<\/strong>, la que se destaca por brindar una atenci\u00f3n personalizada a cargo de las profesionales del \u00e1rea.<\/p>\n<p>Cabe destacar, que por la complejidad y magnitud de las transformaciones que se desarrollan en el sistema de financiamiento de la Educaci\u00f3n Superior, se eval\u00faa de manera permanente el funcionamiento y coordinaci\u00f3n de los procesos, como asimismo, la modernizaci\u00f3n de la gesti\u00f3n a trav\u00e9s de mecanismos de aseguramiento de la calidad, con el objeto de permitir la igualdad de oportunidades en el acceso, equidad, inclusi\u00f3n, eficiencia, sustentabilidad y responsabilidad social.<\/p>\n<p>Para cumplir con los objetivos, se desarrollan las siguientes acciones: atenci\u00f3n individual al estudiante y al grupo familiar, en t\u00e9rminos de confidencialidad y respeto a su privacidad; registro y seguimiento de atenci\u00f3n de estudiantes; controles permanentes de gesti\u00f3n de programas y accesos; an\u00e1lisis y retroalimentaci\u00f3n de la informaci\u00f3n; y comisiones del equipo profesional con car\u00e1cter resolutivo, por situaciones especiales estudiantiles en la DGDE, con otras unidades de la universidad e instituciones ministeriales.[\/et_pb_text][et_pb_button button_text=\u00bbAccede al sitio de Desarrollo Estudiantil\u00bb _builder_version=\u00bb4.27.4&#8243; _module_preset=\u00bbdefault\u00bb button_url=\u00bbhttps:\/\/www.upla.cl\/desarrolloestudiantil\/\u00bb url_new_window=\u00bbon\u00bb admin_label=\u00bbBot\u00f3n DGDE\u00bb hover_enabled=\u00bb0&#8243; sticky_enabled=\u00bb0&#8243;][\/et_pb_button][\/et_pb_column][\/et_pb_row][\/et_pb_section]<\/p>\n","protected":false},"excerpt":{"rendered":"<p>Relaci\u00f3n directa con estudiantes\u00a0 Las atribuciones y funciones de la Unidad de Bienestar Estudiantil, dependiente de la Direcci\u00f3n General de Desarrollo Estudiantil, est\u00e1n orientadas a brindar una amplia variedad de beneficios y servicios (de financiamiento externo e interno), permitiendo un mejoramiento en la cobertura de apoyos y beneficios mediante la atenci\u00f3n integral de los estudiantes, [&hellip;]<\/p>\n","protected":false},"author":2,"featured_media":0,"parent":0,"menu_order":0,"comment_status":"closed","ping_status":"closed","template":"","meta":{"_et_pb_use_builder":"on","_et_pb_old_content":"[vc_row type=\"full_width_content\" full_screen_row_position=\"middle\" column_margin=\"default\" equal_height=\"yes\" content_placement=\"middle\" column_direction=\"default\" column_direction_tablet=\"default\" column_direction_phone=\"default\" bg_color=\"#232323\" full_height=\"yes\" columns_placement=\"stretch\" scene_position=\"center\" text_color=\"dark\" text_align=\"left\" row_border_radius=\"none\" row_border_radius_applies=\"bg\" overlay_strength=\"0.3\" gradient_direction=\"left_to_right\" shape_divider_position=\"bottom\" bg_image_animation=\"none\"][vc_column column_padding=\"padding-10-percent\" column_padding_tablet=\"inherit\" column_padding_phone=\"inherit\" column_padding_position=\"all\" background_color=\"#f4f4f4\" background_color_opacity=\"1\" background_hover_color_opacity=\"1\" column_shadow=\"none\" column_border_radius=\"none\" column_link_target=\"_self\" gradient_direction=\"left_to_right\" overlay_strength=\"0.3\" width=\"1\/2\" tablet_width_inherit=\"default\" tablet_text_alignment=\"default\" phone_text_alignment=\"default\" column_border_width=\"none\" column_border_style=\"solid\" bg_image_animation=\"none\"][vc_custom_heading text=\"Vicerrector\u00eda Acad\u00e9mica\r\nDirecci\u00f3n General de Desarrollo Estudiantil\" font_container=\"tag:h5|text_align:left|color:%23bfbfbf\" use_theme_fonts=\"yes\" css=\".vc_custom_1628182801811{margin-bottom: 10px !important;}\"][vc_custom_heading text=\"Unidad de Bienestar Estudiantil\" font_container=\"tag:h2|font_size:40|text_align:left|line_height:50px\" use_theme_fonts=\"yes\"][vc_column_text css=\".vc_custom_1638475411485{margin-top: 30px !important;margin-bottom: 30px !important;}\"]<span style=\"font-size: 10pt; color: #003366;\"><b>Relaci\u00f3n directa con estudiantes\u00a0<\/b><\/span>\r\n\r\nLas atribuciones y funciones de la Unidad de Bienestar Estudiantil, dependiente de la Direcci\u00f3n General de Desarrollo Estudiantil, <strong>est\u00e1n orientadas a <\/strong><strong>brindar una amplia variedad de beneficios y servicios (de financiamiento externo e interno), permitiendo un mejoramiento en la cobertura de apoyos y beneficios mediante la atenci\u00f3n integral de los estudiantes<\/strong>, la que se destaca por brindar una atenci\u00f3n personalizada a cargo de las profesionales del \u00e1rea.\r\n\r\nCabe destacar, que por la complejidad y magnitud de las transformaciones que se desarrollan en el sistema de financiamiento de la Educaci\u00f3n Superior, se eval\u00faa de manera permanente el funcionamiento y coordinaci\u00f3n de los procesos, como asimismo, la modernizaci\u00f3n de la gesti\u00f3n a trav\u00e9s de mecanismos de aseguramiento de la calidad, con el objeto de permitir la igualdad de oportunidades en el acceso, equidad, inclusi\u00f3n, eficiencia, sustentabilidad y responsabilidad social.\r\n\r\nPara cumplir con los objetivos, se desarrollan las siguientes acciones: atenci\u00f3n individual al estudiante y al grupo familiar, en t\u00e9rminos de confidencialidad y respeto a su privacidad; registro y seguimiento de atenci\u00f3n de estudiantes; controles permanentes de gesti\u00f3n de programas y accesos; an\u00e1lisis y retroalimentaci\u00f3n de la informaci\u00f3n; y comisiones del equipo profesional con car\u00e1cter resolutivo, por situaciones especiales estudiantiles en la DGDE, con otras unidades de la universidad e instituciones ministeriales.[\/vc_column_text][\/vc_column][vc_column column_padding=\"no-extra-padding\" column_padding_tablet=\"inherit\" column_padding_phone=\"inherit\" column_padding_position=\"all\" background_color_opacity=\"1\" background_hover_color_opacity=\"1\" background_image=\"264\" background_image_position=\"center center\" enable_bg_scale=\"true\" column_shadow=\"none\" column_border_radius=\"none\" column_link_target=\"_self\" gradient_direction=\"left_to_right\" overlay_strength=\"0.3\" width=\"1\/2\" tablet_width_inherit=\"default\" tablet_text_alignment=\"default\" phone_text_alignment=\"default\" column_border_width=\"none\" column_border_style=\"solid\" bg_image_animation=\"none\"][\/vc_column][\/vc_row][vc_row type=\"in_container\" full_screen_row_position=\"middle\" column_margin=\"default\" column_direction=\"default\" column_direction_tablet=\"default\" column_direction_phone=\"default\" scene_position=\"center\" text_color=\"dark\" text_align=\"left\" row_border_radius=\"none\" row_border_radius_applies=\"bg\" overlay_strength=\"0.3\" gradient_direction=\"left_to_right\" shape_divider_position=\"bottom\" bg_image_animation=\"none\"][vc_column column_padding=\"no-extra-padding\" column_padding_tablet=\"inherit\" column_padding_phone=\"inherit\" column_padding_position=\"all\" background_color_opacity=\"1\" background_hover_color_opacity=\"1\" column_shadow=\"none\" column_border_radius=\"none\" column_link_target=\"_self\" gradient_direction=\"left_to_right\" overlay_strength=\"0.3\" width=\"1\/1\" tablet_width_inherit=\"default\" tablet_text_alignment=\"default\" phone_text_alignment=\"default\" column_border_width=\"none\" column_border_style=\"solid\" bg_image_animation=\"none\"][divider line_type=\"No Line\"][divider line_type=\"Small Line\" line_alignment=\"center\" line_thickness=\"1\" divider_color=\"default\"][\/vc_column][\/vc_row]","_et_gb_content_width":"","footnotes":""},"class_list":["post-335","page","type-page","status-publish","hentry"],"_links":{"self":[{"href":"https:\/\/upla.cl\/vicerrectoriaacademica\/wp-json\/wp\/v2\/pages\/335","targetHints":{"allow":["GET"]}}],"collection":[{"href":"https:\/\/upla.cl\/vicerrectoriaacademica\/wp-json\/wp\/v2\/pages"}],"about":[{"href":"https:\/\/upla.cl\/vicerrectoriaacademica\/wp-json\/wp\/v2\/types\/page"}],"author":[{"embeddable":true,"href":"https:\/\/upla.cl\/vicerrectoriaacademica\/wp-json\/wp\/v2\/users\/2"}],"replies":[{"embeddable":true,"href":"https:\/\/upla.cl\/vicerrectoriaacademica\/wp-json\/wp\/v2\/comments?post=335"}],"version-history":[{"count":14,"href":"https:\/\/upla.cl\/vicerrectoriaacademica\/wp-json\/wp\/v2\/pages\/335\/revisions"}],"predecessor-version":[{"id":128908,"href":"https:\/\/upla.cl\/vicerrectoriaacademica\/wp-json\/wp\/v2\/pages\/335\/revisions\/128908"}],"wp:attachment":[{"href":"https:\/\/upla.cl\/vicerrectoriaacademica\/wp-json\/wp\/v2\/media?parent=335"}],"curies":[{"name":"wp","href":"https:\/\/api.w.org\/{rel}","templated":true}]}}