{"id":17228661,"date":"2025-11-18T12:29:24","date_gmt":"2025-11-18T15:29:24","guid":{"rendered":"https:\/\/upla.cl\/vinculacion\/?page_id=17228661"},"modified":"2026-03-27T15:39:35","modified_gmt":"2026-03-27T18:39:35","slug":"politica-de-vinculacion-con-el-medio","status":"publish","type":"page","link":"https:\/\/upla.cl\/vinculacion\/politica-de-vinculacion-con-el-medio\/","title":{"rendered":"Pol\u00edtica"},"content":{"rendered":"<p>[et_pb_section fb_built=\u00bb1&#8243; inner_shadow=\u00bbon\u00bb fullwidth=\u00bbon\u00bb _builder_version=\u00bb4.27.4&#8243; _module_preset=\u00bbdefault\u00bb background_enable_image=\u00bboff\u00bb global_colors_info=\u00bb{}\u00bb][et_pb_fullwidth_header title=\u00bbPol\u00edtica Institucional\u00bb subhead=\u00bb Vinculaci\u00f3n con el Medio\u00bb admin_label=\u00bbCabecera\u00bb _builder_version=\u00bb4.27.4&#8243; _module_preset=\u00bbdefault\u00bb title_font=\u00bbLato|700|||||||\u00bb title_font_size=\u00bb50px\u00bb subhead_font_size=\u00bb30px\u00bb background_image=\u00bbhttps:\/\/upla.cl\/vinculacion\/wp-content\/uploads\/2025\/06\/14443462839_9becd87230_c.jpg\u00bb background_blend=\u00bbmultiply\u00bb custom_padding=\u00bb10%||10%||true|false\u00bb global_colors_info=\u00bb{}\u00bb][\/et_pb_fullwidth_header][\/et_pb_section][et_pb_section fb_built=\u00bb1&#8243; admin_label=\u00bbDESCRIPCI\u00d3N\u00bb _builder_version=\u00bb4.27.4&#8243; _module_preset=\u00bbdefault\u00bb custom_margin=\u00bb||-82px|||\u00bb global_colors_info=\u00bb{}\u00bb][et_pb_row _builder_version=\u00bb4.27.4&#8243; _module_preset=\u00bbdefault\u00bb width=\u00bb90%\u00bb global_colors_info=\u00bb{}\u00bb][et_pb_column type=\u00bb4_4&#8243; _builder_version=\u00bb4.27.4&#8243; _module_preset=\u00bbdefault\u00bb global_colors_info=\u00bb{}\u00bb][et_pb_text admin_label=\u00bbDESCRIPCI\u00d3N\u00bb _builder_version=\u00bb4.27.4&#8243; _module_preset=\u00bbdefault\u00bb text_font_size=\u00bb16px\u00bb global_colors_info=\u00bb{}\u00bb]<\/p>\n<p>La Universidad de Playa Ancha, emplazada en la Regi\u00f3n de Valpara\u00edso, reconoce la VcM como una funci\u00f3n misional y transversal, alineada con su compromiso con la responsabilidad social, la equidad de g\u00e9nero, la interculturalidad, la inclusi\u00f3n, los derechos humanos y la democracia. Su prop\u00f3sito es establecer relaciones sostenibles, bidireccionales, preferentemente horizontales y formales, entre la comunidad universitaria, coordinada y articulada con el quehacer institucional, y diversos actores regionales, nacionales e internacionales, con el fin de contribuir prioritariamente al desarrollo local, as\u00ed como asegurar la pertinencia y retroalimentaci\u00f3n de las funciones misionales.<\/p>\n<p>[\/et_pb_text][et_pb_text admin_label=\u00bbOBJETIVO GENERAL\u00bb _builder_version=\u00bb4.27.4&#8243; _module_preset=\u00bbdefault\u00bb text_font_size=\u00bb16px\u00bb global_colors_info=\u00bb{}\u00bb]<\/p>\n<h1>Objetivo general<\/h1>\n<p>Avanzar hacia un sistema de vinculaci\u00f3n con el medio robusto que promueva un relacionamiento dial\u00f3gico y horizontal entre la Universidad y el territorio propiciando la cocreaci\u00f3n de soluciones pertinentes y sostenibles para contribuir prioritariamente al desarrollo regional, al bienestar de las comunidades y al fortalecimiento institucional, en coherencia con el marco contextual, referencial e identitario.<\/p>\n<p>[\/et_pb_text][et_pb_text admin_label=\u00bbOBJETIVO ESPEC\u00cdFICO\u00bb _builder_version=\u00bb4.27.4&#8243; _module_preset=\u00bbdefault\u00bb text_font_size=\u00bb16px\u00bb global_colors_info=\u00bb{}\u00bb]<\/p>\n<h1>Objetivos espec\u00edficos<\/h1>\n<ol>\n<li><strong>Establecer y consolidar alianzas estrat\u00e9gicas<\/strong>, dial\u00f3gicas y horizontales con actores territoriales relevantes para la Universidad, que fomenten la articulaci\u00f3n interinstitucional, el intercambio de experiencias y favorezcan la co-construcci\u00f3n de iniciativas colaborativas y sostenibles orientadas al fortalecimiento mutuo, caracterizadas por la promoci\u00f3n y el respeto de los derechos humanos, la equidad de g\u00e9nero, la interculturalidad y la inclusi\u00f3n.<\/li>\n<li><strong>Desarrollar y fortalecer enfoques intersectoriales<\/strong> que promuevan la colaboraci\u00f3n entre distintas disciplinas y \u00e1reas de conocimiento, avanzando hacia enfoques transdisciplinares para la cocreaci\u00f3n de soluciones pertinentes que integren las diversas perspectivas del ecosistema territorial y respondan de manera efectiva a las necesidades y desaf\u00edos emergentes de la comunidad.<\/li>\n<li><strong>Promover la articulaci\u00f3n de la funci\u00f3n estrat\u00e9gica de VcM<\/strong> con las dem\u00e1s funciones misionales y pol\u00edticas institucionales, impulsando el desarrollo integral y pertinente de la docencia, la investigaci\u00f3n, la creaci\u00f3n y la innovaci\u00f3n con los desaf\u00edos territoriales.<\/li>\n<li><strong>Optimizar la comunicaci\u00f3n estrat\u00e9gica<\/strong> a trav\u00e9s de la divulgaci\u00f3n y difusi\u00f3n de las acciones y resultados de VcM, tanto interna como externamente a la Universidad, para democratizar los conocimientos y saberes co-construidos.<\/li>\n<li><strong>Fortalecer los procesos de retroalimentaci\u00f3n<\/strong> a trav\u00e9s de la sistematizaci\u00f3n, el seguimiento y la evaluaci\u00f3n de las acciones de VcM, permitiendo as\u00ed la mejora continua de las funciones misionales y la generaci\u00f3n de contribuciones positivas y pertinentes.<\/li>\n<\/ol>\n<p>[\/et_pb_text][\/et_pb_column][\/et_pb_row][et_pb_row column_structure=\u00bb1_5,1_5,1_5,1_5,1_5&#8243; _builder_version=\u00bb4.27.4&#8243; _module_preset=\u00bbdefault\u00bb width=\u00bb90%\u00bb global_colors_info=\u00bb{}\u00bb][et_pb_column type=\u00bb1_5&#8243; _builder_version=\u00bb4.27.4&#8243; _module_preset=\u00bbdefault\u00bb global_colors_info=\u00bb{}\u00bb][et_pb_image src=\u00bbhttps:\/\/upla.cl\/vinculacion\/wp-content\/uploads\/2025\/10\/ejes-estrategicos-01-700&#215;700-1.png\u00bb title_text=\u00bbejes-estrategicos-01-700&#215;700&#8243; admin_label=\u00bbEJE1&#8243; _builder_version=\u00bb4.27.4&#8243; _module_preset=\u00bbdefault\u00bb animation_style=\u00bbfold\u00bb hover_enabled=\u00bb1&#8243; global_colors_info=\u00bb{}\u00bb background__hover_enabled=\u00bbon|hover\u00bb][\/et_pb_image][\/et_pb_column][et_pb_column type=\u00bb1_5&#8243; _builder_version=\u00bb4.27.4&#8243; _module_preset=\u00bbdefault\u00bb global_colors_info=\u00bb{}\u00bb][et_pb_image src=\u00bbhttps:\/\/upla.cl\/vinculacion\/wp-content\/uploads\/2025\/10\/ejes-estrategicos-02-scaled.png\u00bb title_text=\u00bbejes-estrategicos-01-700&#215;700&#8243; admin_label=\u00bbEJE2&#8243; _builder_version=\u00bb4.27.4&#8243; _module_preset=\u00bbdefault\u00bb animation_style=\u00bbfold\u00bb global_colors_info=\u00bb{}\u00bb][\/et_pb_image][\/et_pb_column][et_pb_column type=\u00bb1_5&#8243; _builder_version=\u00bb4.27.4&#8243; _module_preset=\u00bbdefault\u00bb global_colors_info=\u00bb{}\u00bb][et_pb_image src=\u00bbhttps:\/\/upla.cl\/vinculacion\/wp-content\/uploads\/2025\/10\/ejes-estrategicos-03-scaled.png\u00bb title_text=\u00bbejes-estrategicos-01-700&#215;700&#8243; admin_label=\u00bbEJE3&#8243; _builder_version=\u00bb4.27.4&#8243; _module_preset=\u00bbdefault\u00bb animation_style=\u00bbfold\u00bb global_colors_info=\u00bb{}\u00bb][\/et_pb_image][\/et_pb_column][et_pb_column type=\u00bb1_5&#8243; _builder_version=\u00bb4.27.4&#8243; _module_preset=\u00bbdefault\u00bb global_colors_info=\u00bb{}\u00bb][et_pb_image src=\u00bbhttps:\/\/upla.cl\/vinculacion\/wp-content\/uploads\/2025\/10\/ejes-estrategicos-04-scaled.png\u00bb title_text=\u00bbejes-estrategicos-01-700&#215;700&#8243; admin_label=\u00bbEJE4&#8243; _builder_version=\u00bb4.27.4&#8243; _module_preset=\u00bbdefault\u00bb animation_style=\u00bbfold\u00bb global_colors_info=\u00bb{}\u00bb][\/et_pb_image][\/et_pb_column][et_pb_column type=\u00bb1_5&#8243; _builder_version=\u00bb4.27.4&#8243; _module_preset=\u00bbdefault\u00bb global_colors_info=\u00bb{}\u00bb][et_pb_image src=\u00bbhttps:\/\/upla.cl\/vinculacion\/wp-content\/uploads\/2025\/10\/ejes-estrategicos-05-scaled.png\u00bb title_text=\u00bbejes-estrategicos-01-700&#215;700&#8243; admin_label=\u00bbEJE5&#8243; _builder_version=\u00bb4.27.4&#8243; _module_preset=\u00bbdefault\u00bb animation_style=\u00bbfold\u00bb global_colors_info=\u00bb{}\u00bb][\/et_pb_image][\/et_pb_column][\/et_pb_row][\/et_pb_section][et_pb_section fb_built=\u00bb1&#8243; _builder_version=\u00bb4.27.4&#8243; _module_preset=\u00bbdefault\u00bb global_colors_info=\u00bb{}\u00bb][et_pb_row column_structure=\u00bb1_4,3_4&#8243; _builder_version=\u00bb4.27.4&#8243; _module_preset=\u00bbdefault\u00bb width=\u00bb90%\u00bb global_colors_info=\u00bb{}\u00bb][et_pb_column type=\u00bb1_4&#8243; _builder_version=\u00bb4.27.4&#8243; _module_preset=\u00bbdefault\u00bb global_colors_info=\u00bb{}\u00bb][et_pb_text admin_label=\u00bbDESCRIPCI\u00d3N POL\u00cdTICA\u00bb _builder_version=\u00bb4.27.4&#8243; _module_preset=\u00bbdefault\u00bb text_font_size=\u00bb16px\u00bb global_colors_info=\u00bb{}\u00bb]<\/p>\n<h1 style=\"text-align: right;\">Pol\u00edtica Institucional de Vinculaci\u00f3n con el Medio 2024<\/h1>\n<p style=\"text-align: right;\">A continuaci\u00f3n se presenta la pol\u00edtica institucional de Vinculaci\u00f3n con el Medio de la Universidad de Playa Ancha. Dicho documento sistematiza el trabajo realizado por nuestra comunidad universitaria para actualizar dicha Pol\u00edtica, decretada el 18 de octubre de 2024 mediante el D.E 1594\/2024.<\/p>\n<p>[\/et_pb_text][\/et_pb_column][et_pb_column type=\u00bb3_4&#8243; _builder_version=\u00bb4.27.4&#8243; _module_preset=\u00bbdefault\u00bb global_colors_info=\u00bb{}\u00bb][et_pb_code _builder_version=\u00bb4.27.4&#8243; _module_preset=\u00bbdefault\u00bb global_colors_info=\u00bb{}\u00bb]<div class=\"_df_book df-lite\" id=\"df_17229858\"  _slug=\"politica-institucional-de-vinculacion-con-el-medio-2024\" data-title=\"politica-institucional-de-vinculacion-con-el-medio-2024\" wpoptions=\"true\" thumbtype=\"\" ><\/div><script class=\"df-shortcode-script\" nowprocket type=\"application\/javascript\">window.option_df_17229858 = {\"outline\":[],\"autoEnableOutline\":\"false\",\"autoEnableThumbnail\":\"false\",\"overwritePDFOutline\":\"false\",\"direction\":\"1\",\"pageSize\":\"0\",\"source\":\"https:\\\/\\\/upla.cl\\\/vinculacion\\\/wp-content\\\/uploads\\\/2025\\\/10\\\/Politica-DGVM-UPLA-2024.pdf\",\"wpOptions\":\"true\"}; if(window.DFLIP && window.DFLIP.parseBooks){window.DFLIP.parseBooks();}<\/script>[\/et_pb_code][\/et_pb_column][\/et_pb_row][\/et_pb_section]<\/p>\n","protected":false},"excerpt":{"rendered":"<p>La Universidad de Playa Ancha, emplazada en la Regi\u00f3n de Valpara\u00edso, reconoce la VcM como una funci\u00f3n misional y transversal, alineada con su compromiso con la responsabilidad social, la equidad [&hellip;]<\/p>\n","protected":false},"author":8,"featured_media":9169,"parent":0,"menu_order":0,"comment_status":"closed","ping_status":"closed","template":"","meta":{"_et_pb_use_builder":"on","_et_pb_old_content":"","_et_gb_content_width":"","_price":"","_stock":"","_tribe_ticket_header":"","_tribe_default_ticket_provider":"","_tribe_ticket_capacity":"0","_ticket_start_date":"","_ticket_end_date":"","_tribe_ticket_show_description":"","_tribe_ticket_show_not_going":false,"_tribe_ticket_use_global_stock":"","_tribe_ticket_global_stock_level":"","_global_stock_mode":"","_global_stock_cap":"","_tribe_rsvp_for_event":"","_tribe_ticket_going_count":"","_tribe_ticket_not_going_count":"","_tribe_tickets_list":"[]","_tribe_ticket_has_attendee_info_fields":false,"footnotes":"","_tec_slr_enabled":"","_tec_slr_layout":""},"class_list":["post-17228661","page","type-page","status-publish","has-post-thumbnail","hentry"],"ticketed":false,"_links":{"self":[{"href":"https:\/\/upla.cl\/vinculacion\/wp-json\/wp\/v2\/pages\/17228661","targetHints":{"allow":["GET"]}}],"collection":[{"href":"https:\/\/upla.cl\/vinculacion\/wp-json\/wp\/v2\/pages"}],"about":[{"href":"https:\/\/upla.cl\/vinculacion\/wp-json\/wp\/v2\/types\/page"}],"author":[{"embeddable":true,"href":"https:\/\/upla.cl\/vinculacion\/wp-json\/wp\/v2\/users\/8"}],"replies":[{"embeddable":true,"href":"https:\/\/upla.cl\/vinculacion\/wp-json\/wp\/v2\/comments?post=17228661"}],"version-history":[{"count":28,"href":"https:\/\/upla.cl\/vinculacion\/wp-json\/wp\/v2\/pages\/17228661\/revisions"}],"predecessor-version":[{"id":17233661,"href":"https:\/\/upla.cl\/vinculacion\/wp-json\/wp\/v2\/pages\/17228661\/revisions\/17233661"}],"wp:featuredmedia":[{"embeddable":true,"href":"https:\/\/upla.cl\/vinculacion\/wp-json\/wp\/v2\/media\/9169"}],"wp:attachment":[{"href":"https:\/\/upla.cl\/vinculacion\/wp-json\/wp\/v2\/media?parent=17228661"}],"curies":[{"name":"wp","href":"https:\/\/api.w.org\/{rel}","templated":true}]}}