{"id":17228738,"date":"2025-11-18T12:14:18","date_gmt":"2025-11-18T15:14:18","guid":{"rendered":"https:\/\/upla.cl\/vinculacion\/?page_id=17228738"},"modified":"2025-12-11T17:27:25","modified_gmt":"2025-12-11T20:27:25","slug":"ucvi","status":"publish","type":"page","link":"https:\/\/upla.cl\/vinculacion\/ucvi\/","title":{"rendered":"Unidad de Aseguramiento de la calidad para la Vinculaci\u00f3n con el Medio (UCVI)"},"content":{"rendered":"<p>[et_pb_section fb_built=\u00bb1&#8243; inner_shadow=\u00bbon\u00bb fullwidth=\u00bbon\u00bb admin_label=\u00bbCabecera\u00bb _builder_version=\u00bb4.27.4&#8243; _module_preset=\u00bbdefault\u00bb background_enable_image=\u00bboff\u00bb global_colors_info=\u00bb{}\u00bb][et_pb_fullwidth_header title=\u00bbUnidad de Aseguramiento de la Calidad para la Vinculaci\u00f3n con el Medio\u00bb _builder_version=\u00bb4.27.4&#8243; _module_preset=\u00bbdefault\u00bb title_font=\u00bbLato|700|||||||\u00bb title_text_align=\u00bbleft\u00bb title_font_size=\u00bb50px\u00bb background_color=\u00bb#975195&#8243; background_image=\u00bbhttps:\/\/upla.cl\/vinculacion\/wp-content\/uploads\/2025\/11\/16167196253_973e352def_c.jpg\u00bb background_blend=\u00bbmultiply\u00bb custom_padding=\u00bb10%||10%||true|false\u00bb global_colors_info=\u00bb{}\u00bb][\/et_pb_fullwidth_header][\/et_pb_section][et_pb_section fb_built=\u00bb1&#8243; admin_label=\u00bbCuerpo\u00bb _builder_version=\u00bb4.27.4&#8243; _module_preset=\u00bbdefault\u00bb global_colors_info=\u00bb{}\u00bb][et_pb_row column_structure=\u00bb3_4,1_4&#8243; _builder_version=\u00bb4.27.4&#8243; _module_preset=\u00bbdefault\u00bb width=\u00bb90%\u00bb global_colors_info=\u00bb{}\u00bb][et_pb_column type=\u00bb3_4&#8243; _builder_version=\u00bb4.27.4&#8243; _module_preset=\u00bbdefault\u00bb global_colors_info=\u00bb{}\u00bb][et_pb_text _builder_version=\u00bb4.27.4&#8243; _module_preset=\u00bbdefault\u00bb text_font=\u00bbLato||||||||\u00bb text_font_size=\u00bb16px\u00bb global_colors_info=\u00bb{}\u00bb]<\/p>\n<p style=\"text-align: justify;\">La Unidad de Aseguramiento de la Calidad para la Vinculaci\u00f3n con el Medio (UCVI) tiene como prop\u00f3sito promover y asegurar la calidad en las acciones de vinculaci\u00f3n con el medio institucionales, a trav\u00e9s del seguimiento de los indicadores internos y externos de la funci\u00f3n estrat\u00e9gica, proporcionando orientaciones para optimizar la gesti\u00f3n de datos, fomentar el registro y evaluar la informaci\u00f3n sistematizada. Sus ejes centrales corresponden a:<\/p>\n<p style=\"text-align: justify;\">\n<ul>\n<li style=\"list-style-type: none;\">\n<ul>\n<li style=\"list-style-type: none;\">\n<ul>\n<li>Capacitaci\u00f3n y asesoramiento<\/li>\n<li>Evaluaci\u00f3n y retroalimentaci\u00f3n del registro<\/li>\n<li>An\u00e1lisis y reportabilidad Institucional<\/li>\n<li>Colaboraci\u00f3n y articulaci\u00f3n<\/li>\n<\/ul>\n<\/li>\n<\/ul>\n<\/li>\n<\/ul>\n<p>[\/et_pb_text][\/et_pb_column][et_pb_column type=\u00bb1_4&#8243; _builder_version=\u00bb4.27.4&#8243; _module_preset=\u00bbdefault\u00bb global_colors_info=\u00bb{}\u00bb][et_pb_text admin_label=\u00bbInfo profesional a cargo\u00bb _builder_version=\u00bb4.27.4&#8243; _module_preset=\u00bbdefault\u00bb text_font=\u00bbLato||||||||\u00bb text_font_size=\u00bb16px\u00bb background_color=\u00bb#f2f2f2&#8243; custom_padding=\u00bb5%|5%|5%|5%|true|true\u00bb border_color_all=\u00bbRGBA(255,255,255,0)\u00bb global_colors_info=\u00bb{}\u00bb]<\/p>\n<h1>Profesional a cargo<\/h1>\n<p><span style=\"color: #009fe3;\"><strong>Coordinadora<\/strong><\/span><br \/>Romina Vilches Prado<\/p>\n<p>Tel\u00e9fono: +56 32 2205397<br \/>Anexo Interno: 5397<br \/><a href=\"mailto:analisisyregistrovcm@upla.cl\">analisisyregistrovcm@upla.cl<\/a><\/p>\n<p><a href=\"https:\/\/upla.cl\/vinculacion\/equipo\/#ucvi\" title=\"Redirige a la p\u00e1gina de equipo, secci\u00f3n UCVI\">Conoce al equipo aqu\u00ed<\/a><\/p>\n<p>[\/et_pb_text][et_pb_text _builder_version=\u00bb4.27.4&#8243; _module_preset=\u00bbdefault\u00bb text_font=\u00bbLato||||||||\u00bb text_font_size=\u00bb16px\u00bb global_colors_info=\u00bb{}\u00bb]<\/p>\n<h1>Documentos de inter\u00e9s:<\/h1>\n<ul>\n<li>[<a href=\"https:\/\/upla.cl\/vinculacion\/wp-content\/uploads\/2024\/05\/Protocolo-para-solicitud-de-constancias-.pdf\" target=\"_blank\" rel=\"noopener\">DESCARGAR<\/a>] Protocolo para solicitud de constancias<\/li>\n<li>[<a href=\"https:\/\/upla.cl\/vinculacion\/wp-content\/uploads\/2024\/10\/Decreto-Exento-1388-2024-Crea-Unidad-de-Aseguramiento-de-la-calidad-Deroga-Dex.899-2021-1.pdf\" target=\"_blank\" rel=\"noopener\">DESCARGAR<\/a>] Decreto Exento 1388\/2024<\/li>\n<\/ul>\n<p>[\/et_pb_text][\/et_pb_column][\/et_pb_row][\/et_pb_section]<\/p>\n","protected":false},"excerpt":{"rendered":"<p>La Unidad de Aseguramiento de la Calidad para la Vinculaci\u00f3n con el Medio (UCVI) tiene como prop\u00f3sito promover y asegurar la calidad en las acciones de vinculaci\u00f3n con el medio institucionales.<\/p>\n","protected":false},"author":8,"featured_media":0,"parent":0,"menu_order":0,"comment_status":"closed","ping_status":"closed","template":"","meta":{"_et_pb_use_builder":"on","_et_pb_old_content":"","_et_gb_content_width":"","_price":"","_stock":"","_tribe_ticket_header":"","_tribe_default_ticket_provider":"","_tribe_ticket_capacity":"0","_ticket_start_date":"","_ticket_end_date":"","_tribe_ticket_show_description":"","_tribe_ticket_show_not_going":false,"_tribe_ticket_use_global_stock":"","_tribe_ticket_global_stock_level":"","_global_stock_mode":"","_global_stock_cap":"","_tribe_rsvp_for_event":"","_tribe_ticket_going_count":"","_tribe_ticket_not_going_count":"","_tribe_tickets_list":"[]","_tribe_ticket_has_attendee_info_fields":false,"footnotes":"","_tec_slr_enabled":"","_tec_slr_layout":""},"class_list":["post-17228738","page","type-page","status-publish","hentry"],"ticketed":false,"_links":{"self":[{"href":"https:\/\/upla.cl\/vinculacion\/wp-json\/wp\/v2\/pages\/17228738","targetHints":{"allow":["GET"]}}],"collection":[{"href":"https:\/\/upla.cl\/vinculacion\/wp-json\/wp\/v2\/pages"}],"about":[{"href":"https:\/\/upla.cl\/vinculacion\/wp-json\/wp\/v2\/types\/page"}],"author":[{"embeddable":true,"href":"https:\/\/upla.cl\/vinculacion\/wp-json\/wp\/v2\/users\/8"}],"replies":[{"embeddable":true,"href":"https:\/\/upla.cl\/vinculacion\/wp-json\/wp\/v2\/comments?post=17228738"}],"version-history":[{"count":17,"href":"https:\/\/upla.cl\/vinculacion\/wp-json\/wp\/v2\/pages\/17228738\/revisions"}],"predecessor-version":[{"id":17231505,"href":"https:\/\/upla.cl\/vinculacion\/wp-json\/wp\/v2\/pages\/17228738\/revisions\/17231505"}],"wp:attachment":[{"href":"https:\/\/upla.cl\/vinculacion\/wp-json\/wp\/v2\/media?parent=17228738"}],"curies":[{"name":"wp","href":"https:\/\/api.w.org\/{rel}","templated":true}]}}