{"id":17228780,"date":"2025-11-18T12:17:59","date_gmt":"2025-11-18T15:17:59","guid":{"rendered":"https:\/\/upla.cl\/vinculacion\/?page_id=17228780"},"modified":"2025-12-16T10:45:41","modified_gmt":"2025-12-16T13:45:41","slug":"urie","status":"publish","type":"page","link":"https:\/\/upla.cl\/vinculacion\/urie\/","title":{"rendered":"Unidad de Relaciones Institucionales y Extensi\u00f3n Universitaria (URIE)"},"content":{"rendered":"<p>[et_pb_section fb_built=\u00bb1&#8243; inner_shadow=\u00bbon\u00bb fullwidth=\u00bbon\u00bb _builder_version=\u00bb4.27.4&#8243; _module_preset=\u00bbdefault\u00bb background_enable_image=\u00bboff\u00bb global_colors_info=\u00bb{}\u00bb][et_pb_fullwidth_header title=\u00bbUnidad de Relaciones Institucionales y Extensi\u00f3n Universitaria\u00bb _builder_version=\u00bb4.27.4&#8243; _module_preset=\u00bbdefault\u00bb title_font=\u00bbLato|700|||||||\u00bb title_text_align=\u00bbleft\u00bb title_font_size=\u00bb50px\u00bb background_color=\u00bb#009e91&#8243; background_image=\u00bbhttps:\/\/upla.cl\/vinculacion\/wp-content\/uploads\/2025\/11\/16167196253_973e352def_c.jpg\u00bb background_blend=\u00bbmultiply\u00bb custom_padding=\u00bb10%||10%||true|false\u00bb global_colors_info=\u00bb{}\u00bb][\/et_pb_fullwidth_header][\/et_pb_section][et_pb_section fb_built=\u00bb1&#8243; _builder_version=\u00bb4.27.4&#8243; _module_preset=\u00bbdefault\u00bb global_colors_info=\u00bb{}\u00bb][et_pb_row column_structure=\u00bb3_4,1_4&#8243; _builder_version=\u00bb4.27.4&#8243; _module_preset=\u00bbdefault\u00bb width=\u00bb90%\u00bb custom_padding=\u00bb|||0px||\u00bb global_colors_info=\u00bb{}\u00bb][et_pb_column type=\u00bb3_4&#8243; _builder_version=\u00bb4.27.4&#8243; _module_preset=\u00bbdefault\u00bb global_colors_info=\u00bb{}\u00bb][et_pb_text _builder_version=\u00bb4.27.4&#8243; _module_preset=\u00bbdefault\u00bb text_font=\u00bbLato||||||||\u00bb text_font_size=\u00bb16px\u00bb global_colors_info=\u00bb{}\u00bb]<\/p>\n<p style=\"text-align: justify;\"><span style=\"font-weight: 400;\">La Unidad de Relaciones Institucionales y Extensi\u00f3n Universitaria (URIE) tiene como prop\u00f3sito, por una parte, colaborar con actores territoriales claves y generar alianzas estrat\u00e9gicas que se consoliden a trav\u00e9s de Convenios de Colaboraci\u00f3n; y, por otra, generar, promover, contribuir y articular por medio de la Extensi\u00f3n Universitaria espacios art\u00edsticos-culturales y deportivos para la comunidad interna y externa.<\/span><\/p>\n<p><span style=\"font-weight: 400;\">Sus ejes centrales corresponden a:<\/span><\/p>\n<p><span style=\"font-weight: 400;\"><\/span><\/p>\n<ul>\n<li style=\"list-style-type: none;\">\n<ul>\n<li style=\"list-style-type: none;\">\n<ul>\n<li aria-level=\"1\"><span style=\"font-weight: 400;\">Orientaci\u00f3n y gesti\u00f3n de alianzas<\/span><\/li>\n<li aria-level=\"1\"><span style=\"font-weight: 400;\">Registro y seguimiento<\/span><\/li>\n<li aria-level=\"1\"><span style=\"font-weight: 400;\">Identificaci\u00f3n y participaci\u00f3n interinstitucional<\/span><\/li>\n<li aria-level=\"1\"><span style=\"font-weight: 400;\">Extensi\u00f3n universitaria<\/span><\/li>\n<li aria-level=\"1\"><span style=\"font-weight: 400;\">Colaboraci\u00f3n permanentes<\/span><\/li>\n<\/ul>\n<\/li>\n<\/ul>\n<\/li>\n<\/ul>\n<p>[\/et_pb_text][\/et_pb_column][et_pb_column type=\u00bb1_4&#8243; _builder_version=\u00bb4.27.4&#8243; _module_preset=\u00bbdefault\u00bb global_colors_info=\u00bb{}\u00bb][et_pb_text _builder_version=\u00bb4.27.4&#8243; _module_preset=\u00bbdefault\u00bb text_font=\u00bbLato||||||||\u00bb text_font_size=\u00bb16px\u00bb background_color=\u00bb#f2f2f2&#8243; custom_padding=\u00bb5%|5%|5%|5%|true|true\u00bb global_colors_info=\u00bb{}\u00bb]<\/p>\n<h1>Profesional a cargo<\/h1>\n<p><span style=\"color: #0097da;\"><strong>Coordinadora<\/strong><\/span><br \/>Paulina Salvador Pinilla<\/p>\n<p>Tel\u00e9fono: +56 32 2205396<br \/>Anexo Interno: 5396<br \/><a href=\"mailto:uri@upla.cl\">uri@upla.cl<\/a><\/p>\n<p><a href=\"https:\/\/upla.cl\/vinculacion\/equipo\/#urie\" title=\"Redirige a la p\u00e1gina de equipo, secci\u00f3n URIE\">Conoce al equipo aqu\u00ed<\/a><\/p>\n<p>[\/et_pb_text][et_pb_text _builder_version=\u00bb4.27.4&#8243; _module_preset=\u00bbdefault\u00bb hover_enabled=\u00bb0&#8243; global_colors_info=\u00bb{}\u00bb sticky_enabled=\u00bb0&#8243;]<\/p>\n<h1>Enlaces de inter\u00e9s:<\/h1>\n<ul>\n<li><a href=\"https:\/\/upla.cl\/vinculacion\/wp-content\/uploads\/2025\/01\/Decreto-Exento-0048-2025-Crea-Unidad-de-Relaciones-Institucionales-y-Extension-Universitaria-y-deja-sin-efecto-Dex.898-2021.pdf\" target=\"_blank\" rel=\"noopener\">[DESCARGAR]<\/a> Decreto Exento 0048\/2025<\/li>\n<\/ul>\n<p>[\/et_pb_text][\/et_pb_column][\/et_pb_row][\/et_pb_section]<\/p>\n","protected":false},"excerpt":{"rendered":"<p>La Unidad de Relaciones Institucionales y Extensi\u00f3n Universitaria (URIE) tiene como prop\u00f3sito, por una parte, colaborar con actores territoriales claves y generar alianzas estrat\u00e9gicas que se consoliden a trav\u00e9s de Convenios de Colaboraci\u00f3n.<\/p>\n","protected":false},"author":8,"featured_media":0,"parent":0,"menu_order":0,"comment_status":"closed","ping_status":"closed","template":"","meta":{"_et_pb_use_builder":"on","_et_pb_old_content":"","_et_gb_content_width":"","_price":"","_stock":"","_tribe_ticket_header":"","_tribe_default_ticket_provider":"","_tribe_ticket_capacity":"0","_ticket_start_date":"","_ticket_end_date":"","_tribe_ticket_show_description":"","_tribe_ticket_show_not_going":false,"_tribe_ticket_use_global_stock":"","_tribe_ticket_global_stock_level":"","_global_stock_mode":"","_global_stock_cap":"","_tribe_rsvp_for_event":"","_tribe_ticket_going_count":"","_tribe_ticket_not_going_count":"","_tribe_tickets_list":"[]","_tribe_ticket_has_attendee_info_fields":false,"footnotes":"","_tec_slr_enabled":"","_tec_slr_layout":""},"class_list":["post-17228780","page","type-page","status-publish","hentry"],"ticketed":false,"_links":{"self":[{"href":"https:\/\/upla.cl\/vinculacion\/wp-json\/wp\/v2\/pages\/17228780","targetHints":{"allow":["GET"]}}],"collection":[{"href":"https:\/\/upla.cl\/vinculacion\/wp-json\/wp\/v2\/pages"}],"about":[{"href":"https:\/\/upla.cl\/vinculacion\/wp-json\/wp\/v2\/types\/page"}],"author":[{"embeddable":true,"href":"https:\/\/upla.cl\/vinculacion\/wp-json\/wp\/v2\/users\/8"}],"replies":[{"embeddable":true,"href":"https:\/\/upla.cl\/vinculacion\/wp-json\/wp\/v2\/comments?post=17228780"}],"version-history":[{"count":19,"href":"https:\/\/upla.cl\/vinculacion\/wp-json\/wp\/v2\/pages\/17228780\/revisions"}],"predecessor-version":[{"id":17231810,"href":"https:\/\/upla.cl\/vinculacion\/wp-json\/wp\/v2\/pages\/17228780\/revisions\/17231810"}],"wp:attachment":[{"href":"https:\/\/upla.cl\/vinculacion\/wp-json\/wp\/v2\/media?parent=17228780"}],"curies":[{"name":"wp","href":"https:\/\/api.w.org\/{rel}","templated":true}]}}