{"id":17228835,"date":"2025-11-18T12:15:51","date_gmt":"2025-11-18T15:15:51","guid":{"rendered":"https:\/\/upla.cl\/vinculacion\/?page_id=17228835"},"modified":"2025-12-16T10:42:20","modified_gmt":"2025-12-16T13:42:20","slug":"uvat","status":"publish","type":"page","link":"https:\/\/upla.cl\/vinculacion\/uvat\/","title":{"rendered":"Unidad de Vinculaci\u00f3n Acad\u00e9mica y Desarrollo Territorial (UVAT)"},"content":{"rendered":"<p>[et_pb_section fb_built=\u00bb1&#8243; fullwidth=\u00bbon\u00bb _builder_version=\u00bb4.27.4&#8243; _module_preset=\u00bbdefault\u00bb global_colors_info=\u00bb{}\u00bb][et_pb_fullwidth_header title=\u00bbUnidad de Vinculaci\u00f3n Acad\u00e9mica y Desarrollo Territorial \u00bb _builder_version=\u00bb4.27.4&#8243; _module_preset=\u00bbdefault\u00bb title_font=\u00bbLato|700|||||||\u00bb title_text_align=\u00bbleft\u00bb title_font_size=\u00bb50px\u00bb background_color=\u00bb#f59a04&#8243; background_image=\u00bbhttps:\/\/upla.cl\/vinculacion\/wp-content\/uploads\/2025\/11\/16167196253_973e352def_c.jpg\u00bb background_blend=\u00bbmultiply\u00bb custom_padding=\u00bb10%||10%||false|false\u00bb global_colors_info=\u00bb{}\u00bb][\/et_pb_fullwidth_header][\/et_pb_section][et_pb_section fb_built=\u00bb1&#8243; _builder_version=\u00bb4.27.4&#8243; _module_preset=\u00bbdefault\u00bb custom_margin=\u00bb-27px|||||\u00bb custom_padding=\u00bb||54px|||\u00bb global_colors_info=\u00bb{}\u00bb][et_pb_row column_structure=\u00bb3_4,1_4&#8243; _builder_version=\u00bb4.27.4&#8243; _module_preset=\u00bbdefault\u00bb width=\u00bb90%\u00bb custom_padding=\u00bb||0px||false|false\u00bb global_colors_info=\u00bb{}\u00bb][et_pb_column type=\u00bb3_4&#8243; _builder_version=\u00bb4.27.4&#8243; _module_preset=\u00bbdefault\u00bb global_colors_info=\u00bb{}\u00bb][et_pb_text _builder_version=\u00bb4.27.4&#8243; _module_preset=\u00bbdefault\u00bb text_font=\u00bbLato||||||||\u00bb text_font_size=\u00bb16px\u00bb custom_margin=\u00bb||-20px||false|false\u00bb custom_padding=\u00bb||||false|false\u00bb global_colors_info=\u00bb{}\u00bb]<\/p>\n<p>La Unidad de Vinculaci\u00f3n Acad\u00e9mica y Desarrollo Territorial (UVAT), dependiente de la Direcci\u00f3n General de Vinculaci\u00f3n con el Medio (DGVM), tiene como objetivo entregar directrices y orientaciones para la vinculaci\u00f3n acad\u00e9mica, procurando generar espacios e instancias de colaboraci\u00f3n y co-construcci\u00f3n con los territorios, a trav\u00e9s de procesos formativos, proyectos y programas bidireccionales que potencien la articulaci\u00f3n entre la Universidad y los actores territoriales relevantes pertenecientes a los sectores p\u00fablico, privado y organizaciones de la sociedad civil que permitan fortalecer procesos de desarrollo territorial a nivel local, regional y nacional, y dar pertinencia al quehacer institucional. De esta unidad depende la sub-unidad de Acompa\u00f1amiento para la Vinculaci\u00f3n Acad\u00e9mica.<\/p>\n<p>Sus ejes centrales corresponden a:<\/p>\n<p>&nbsp;<\/p>\n<ul>\n<li style=\"list-style-type: none;\">\n<ul>\n<li style=\"list-style-type: none;\">\n<ul>\n<li style=\"list-style-type: none;\">\n<ul>\n<li>Recopilaci\u00f3n de informaci\u00f3n relevante para procesos de vinculaci\u00f3n con el medio<\/li>\n<li>Asesor\u00edas y orientaciones para la docencia con enfoque VcM<\/li>\n<li>Innovaci\u00f3n social<\/li>\n<\/ul>\n<\/li>\n<\/ul>\n<\/li>\n<\/ul>\n<\/li>\n<\/ul>\n<p>[\/et_pb_text][\/et_pb_column][et_pb_column type=\u00bb1_4&#8243; _builder_version=\u00bb4.27.4&#8243; _module_preset=\u00bbdefault\u00bb global_colors_info=\u00bb{}\u00bb][et_pb_text _builder_version=\u00bb4.27.4&#8243; _module_preset=\u00bbdefault\u00bb text_font=\u00bbLato||||||||\u00bb text_font_size=\u00bb16px\u00bb background_color=\u00bb#f2f2f2&#8243; custom_padding=\u00bb5%|5%|5%|5%|true|true\u00bb global_colors_info=\u00bb{}\u00bb]<\/p>\n<h1>Profesional a cargo<\/h1>\n<p><span style=\"color: #009fe3;\"><strong>Coordinadora<\/strong><\/span><br \/>Gabriela Contreras Escudero<\/p>\n<p>Tel\u00e9fono : +56 32 2205560<br \/>Anexo interno: 5560<br \/><a href=\"mailto:unidadinnovacionsocial@upla.cl\">unidadinnovacionsocial@upla.cl<\/a><\/p>\n<p><a href=\"https:\/\/upla.cl\/vinculacion\/equipo\/#uvat\" title=\"Redirige a la p\u00e1gina de equipo, secci\u00f3n UVAT\">Conoce al equipo aqu\u00ed<\/a><\/p>\n<p>[\/et_pb_text][et_pb_text _builder_version=\u00bb4.27.4&#8243; _module_preset=\u00bbdefault\u00bb text_font=\u00bbLato||||||||\u00bb text_font_size=\u00bb16px\u00bb global_colors_info=\u00bb{}\u00bb]<\/p>\n<h1>Enlaces de inter\u00e9s:<\/h1>\n<ul>\n<li style=\"list-style-type: none;\">\n<ul>\n<li style=\"list-style-type: none;\">\n<ul>\n<li style=\"list-style-type: none;\">\n<ul>\n<li>[<a href=\"https:\/\/upla.cl\/vinculacion\/wp-content\/uploads\/2025\/12\/Decreto-Exento-1056-2025-Suprime-Unidad-de-Innovacion-Social-y-Crea-Unidad-de-Vinculacion-Academica-y-Desarrollo-Territorial-2-1.pdf\" target=\"_blank\" rel=\"noopener\" title=\"Descargar\">DESCARGAR<\/a>] Decreto Exento 1388\/2024<\/li>\n<\/ul>\n<\/li>\n<\/ul>\n<\/li>\n<\/ul>\n<\/li>\n<\/ul>\n<p>[\/et_pb_text][\/et_pb_column][\/et_pb_row][et_pb_row column_structure=\u00bb1_2,1_2&#8243; _builder_version=\u00bb4.27.4&#8243; _module_preset=\u00bbdefault\u00bb width=\u00bb90%\u00bb global_colors_info=\u00bb{}\u00bb][et_pb_column type=\u00bb1_2&#8243; _builder_version=\u00bb4.27.4&#8243; _module_preset=\u00bbdefault\u00bb global_colors_info=\u00bb{}\u00bb][et_pb_text _builder_version=\u00bb4.27.4&#8243; _module_preset=\u00bbdefault\u00bb text_font_size=\u00bb16px\u00bb hover_enabled=\u00bb0&#8243; global_colors_info=\u00bb{}\u00bb sticky_enabled=\u00bb0&#8243;]<\/p>\n<h1>Publicaciones de la Unidad:<\/h1>\n<p>&nbsp;<\/p>\n<ul>\n<li style=\"list-style-type: none;\">\n<ul>\n<li style=\"list-style-type: none;\">\n<ul>\n<li><a title=\"Descargar\" href=\"https:\/\/upla.cl\/vinculacion\/wp-content\/uploads\/2018\/12\/libro_miradas_territorio_baja.pdf\" target=\"_blank\" rel=\"noopener\">Libro: \u201cMiradas desde el territorio compartido \u2013 Memoria y reflexi\u00f3nde la Mesa Territorial de Desarrollo de Playa Ancha\u201d<\/a><\/li>\n<li><a title=\"Descargar\" href=\"https:\/\/upla.cl\/vinculacion\/wp-content\/uploads\/2018\/12\/cuentos-cortos-playa-ancha-100-palabras.pdf\" target=\"_blank\" rel=\"noopener\">Libro: \u201cCuentos Cortos a Playa Ancha \u2013 Del imaginario a la creaci\u00f3n\u201d<\/a><\/li>\n<li><a title=\"Descargar\" href=\"https:\/\/upla.cl\/vinculacion\/wp-content\/uploads\/2018\/12\/saberes_compartidos_playancha.pdf\" target=\"_blank\" rel=\"noopener\">Libro: \u201cPlaya Ancha. Saberes compartidos y narrativas de encuentro\u201d<\/a><\/li>\n<li><a title=\"Descargar\" href=\"https:\/\/upla.cl\/vinculacion\/wp-content\/uploads\/2018\/12\/Construir-desde-la-escuela.pdf\" target=\"_blank\" rel=\"noopener\">Libro: \u201cConstruir la escuela desde los saberes territoriales de las comunidades locales\u201d<\/a><\/li>\n<li><a title=\"Descargar\" href=\"https:\/\/upla.cl\/vinculacion\/wp-content\/uploads\/2018\/12\/Huellas-de-Playa-Ancha.pdf\" target=\"_blank\" rel=\"noopener\">Libro: \u201cHuellas de Playa Ancha, historias de su poblaci\u00f3n\u201d<\/a><\/li>\n<li><a title=\"Descargar\" href=\"https:\/\/upla.cl\/vinculacion\/wp-content\/uploads\/2018\/12\/una-mirada-local.pdf\" target=\"_blank\" rel=\"noopener\">Afiche \u201cUna mirada local sobre un territorio compartido\u201d<\/a><\/li>\n<li><a title=\"Descargar\" href=\"https:\/\/upla.cl\/vinculacion\/wp-content\/uploads\/2018\/12\/afiche_miramar.pdf\" target=\"_blank\" rel=\"noopener\">Afiche \u201cMIRAMAR, Playa Ancha, Valpara\u00edso, Chile\u201d<\/a><\/li>\n<li><a title=\"Descargar\" href=\"https:\/\/upla.cl\/vinculacion\/wp-content\/uploads\/2018\/12\/afiche_Av-playancha.pdf\" target=\"_blank\" rel=\"noopener\">Afiche \u201cAv. Playa Ancha\u201d<\/a><\/li>\n<li><a title=\"Descargar\" href=\"https:\/\/upla.cl\/vinculacion\/wp-content\/uploads\/2018\/12\/afiche_puertas_negras.pdf\" target=\"_blank\" rel=\"noopener\">Afiche: \u201cPuertas Negras, Playa Ancha, Valpara\u00edso, Chile\u201d<\/a><\/li>\n<li><a title=\"Descargar\" href=\"https:\/\/upla.cl\/vinculacion\/wp-content\/uploads\/2018\/12\/afiche-un-modelo-replicable.pdf\" target=\"_blank\" rel=\"noopener\">Afiche: \u201cUn modelo replicable de innovaci\u00f3n social para el desarrollo territorial de Playa Ancha\u201d<\/a><\/li>\n<li><a title=\"Descargar\" href=\"https:\/\/upla.cl\/vinculacion\/wp-content\/uploads\/2018\/12\/Plano-General-Playa-Ancha-2016.jpg\" target=\"_blank\" rel=\"noopener\">Plano general de Playa Ancha<\/a><\/li>\n<li><a title=\"Descargar\" href=\"https:\/\/upla.cl\/vinculacion\/wp-content\/uploads\/2018\/12\/Serie-estudios-1-aceleradores-innovacion.pdf\" target=\"_blank\" rel=\"noopener\">Serie de estudios N\u00b0 1: \u201d Aceleradores de la innovaci\u00f3n en el entorno empresarial de la Regi\u00f3n de O\u00b4Higgins\u201d \u2013 Proyecto RETA<\/a><\/li>\n<\/ul>\n<\/li>\n<\/ul>\n<\/li>\n<\/ul>\n<p>[\/et_pb_text][\/et_pb_column][et_pb_column type=\u00bb1_2&#8243; _builder_version=\u00bb4.27.4&#8243; _module_preset=\u00bbdefault\u00bb global_colors_info=\u00bb{}\u00bb][et_pb_gallery gallery_ids=\u00bb17229894,17229891,17229890,17229893&#8243; fullwidth=\u00bbon\u00bb _builder_version=\u00bb4.27.4&#8243; _module_preset=\u00bbdefault\u00bb global_colors_info=\u00bb{}\u00bb][\/et_pb_gallery][\/et_pb_column][\/et_pb_row][\/et_pb_section]<\/p>\n","protected":false},"excerpt":{"rendered":"<p>La Unidad de Vinculaci\u00f3n Acad\u00e9mica y Desarrollo Territorial (UVAT), dependiente de la Direcci\u00f3n General de Vinculaci\u00f3n con el Medio (DGVM), tiene como objetivo entregar directrices y orientaciones para la vinculaci\u00f3n acad\u00e9mica.<\/p>\n","protected":false},"author":8,"featured_media":0,"parent":0,"menu_order":0,"comment_status":"closed","ping_status":"closed","template":"","meta":{"_et_pb_use_builder":"on","_et_pb_old_content":"","_et_gb_content_width":"","_price":"","_stock":"","_tribe_ticket_header":"","_tribe_default_ticket_provider":"","_tribe_ticket_capacity":"0","_ticket_start_date":"","_ticket_end_date":"","_tribe_ticket_show_description":"","_tribe_ticket_show_not_going":false,"_tribe_ticket_use_global_stock":"","_tribe_ticket_global_stock_level":"","_global_stock_mode":"","_global_stock_cap":"","_tribe_rsvp_for_event":"","_tribe_ticket_going_count":"","_tribe_ticket_not_going_count":"","_tribe_tickets_list":"[]","_tribe_ticket_has_attendee_info_fields":false,"footnotes":"","_tec_slr_enabled":"","_tec_slr_layout":""},"class_list":["post-17228835","page","type-page","status-publish","hentry"],"ticketed":false,"_links":{"self":[{"href":"https:\/\/upla.cl\/vinculacion\/wp-json\/wp\/v2\/pages\/17228835","targetHints":{"allow":["GET"]}}],"collection":[{"href":"https:\/\/upla.cl\/vinculacion\/wp-json\/wp\/v2\/pages"}],"about":[{"href":"https:\/\/upla.cl\/vinculacion\/wp-json\/wp\/v2\/types\/page"}],"author":[{"embeddable":true,"href":"https:\/\/upla.cl\/vinculacion\/wp-json\/wp\/v2\/users\/8"}],"replies":[{"embeddable":true,"href":"https:\/\/upla.cl\/vinculacion\/wp-json\/wp\/v2\/comments?post=17228835"}],"version-history":[{"count":21,"href":"https:\/\/upla.cl\/vinculacion\/wp-json\/wp\/v2\/pages\/17228835\/revisions"}],"predecessor-version":[{"id":17231804,"href":"https:\/\/upla.cl\/vinculacion\/wp-json\/wp\/v2\/pages\/17228835\/revisions\/17231804"}],"wp:attachment":[{"href":"https:\/\/upla.cl\/vinculacion\/wp-json\/wp\/v2\/media?parent=17228835"}],"curies":[{"name":"wp","href":"https:\/\/api.w.org\/{rel}","templated":true}]}}