{"id":17229975,"date":"2025-11-18T12:59:03","date_gmt":"2025-11-18T15:59:03","guid":{"rendered":"https:\/\/upla.cl\/vinculacion\/?page_id=17229975"},"modified":"2026-01-07T11:47:52","modified_gmt":"2026-01-07T14:47:52","slug":"elencos-artisticos-upla","status":"publish","type":"page","link":"https:\/\/upla.cl\/vinculacion\/elencos-artisticos-upla\/","title":{"rendered":"Elencos Art\u00edsticos UPLA"},"content":{"rendered":"<p>[et_pb_section fb_built=\u00bb1&#8243; fullwidth=\u00bbon\u00bb _builder_version=\u00bb4.27.4&#8243; _module_preset=\u00bbdefault\u00bb global_colors_info=\u00bb{}\u00bb][et_pb_fullwidth_header title=\u00bbElencos Art\u00edsticos UPLA\u00bb _builder_version=\u00bb4.27.4&#8243; _module_preset=\u00bbdefault\u00bb title_font=\u00bbLato|700|||||||\u00bb title_font_size=\u00bb50px\u00bb background_image=\u00bbhttps:\/\/upla.cl\/vinculacion\/wp-content\/uploads\/2025\/11\/CEAC39-scaled.jpg\u00bb background_blend=\u00bbmultiply\u00bb custom_padding=\u00bb10%||10%||true|false\u00bb global_colors_info=\u00bb{}\u00bb][\/et_pb_fullwidth_header][\/et_pb_section][et_pb_section fb_built=\u00bb1&#8243; admin_label=\u00bbSecci\u00f3n cuerpo\u00bb _builder_version=\u00bb4.27.4&#8243; _module_preset=\u00bbdefault\u00bb custom_padding=\u00bb||10px||false|false\u00bb global_colors_info=\u00bb{}\u00bb][et_pb_row column_structure=\u00bb2_3,1_3&#8243; admin_label=\u00bbFila cuerpo\u00bb _builder_version=\u00bb4.27.4&#8243; _module_preset=\u00bbdefault\u00bb width=\u00bb90%\u00bb global_colors_info=\u00bb{}\u00bb][et_pb_column type=\u00bb2_3&#8243; _builder_version=\u00bb4.27.4&#8243; _module_preset=\u00bbdefault\u00bb global_colors_info=\u00bb{}\u00bb][et_pb_text _builder_version=\u00bb4.27.4&#8243; _module_preset=\u00bbdefault\u00bb text_font=\u00bbLato||||||||\u00bb text_font_size=\u00bb16px\u00bb global_colors_info=\u00bb{}\u00bb]<\/p>\n<p><span style=\"font-weight: 400;\">Los Elencos Art\u00edstico Culturales son agrupaciones art\u00edsticas culturales dedicadas a la generaci\u00f3n, difusi\u00f3n y cultivo de las artes musicales y esc\u00e9nicas, a trav\u00e9s de diversos programas y actividades de extensi\u00f3n universitaria, las que representan a la Universidad en distintas instancias de v\u00ednculo con el medio a nivel local, regional, nacional e internacional.<\/span><\/p>\n<p><span style=\"font-weight: 400;\">La Direcci\u00f3n General de Vinculaci\u00f3n con el Medio (DGVM) de la Universidad, a trav\u00e9s de su Gestora Cultural, vela por el funcionamiento y la promoci\u00f3n de las actividades y eventos realizados por los Elencos, esto seg\u00fan lo mandatado por el Decreto Exento 1486\/2022, sobre el Reglamento que regula el funcionamiento de los mismos.<\/span><\/p>\n<p><br style=\"font-weight: 400;\" \/><br style=\"font-weight: 400;\" \/><\/p>\n<p>[\/et_pb_text][\/et_pb_column][et_pb_column type=\u00bb1_3&#8243; _builder_version=\u00bb4.27.4&#8243; _module_preset=\u00bbdefault\u00bb global_colors_info=\u00bb{}\u00bb][et_pb_text _builder_version=\u00bb4.27.4&#8243; _module_preset=\u00bbdefault\u00bb text_font=\u00bbLato||||||||\u00bb text_font_size=\u00bb16px\u00bb background_color=\u00bb#f2f2f2&#8243; custom_padding=\u00bb10%|5%|10%|5%|true|true\u00bb global_colors_info=\u00bb{}\u00bb]<strong>PROFESIONAL A CARGO:<\/strong><\/p>\n<p>Joselyn Carvajal Guzm\u00e1n<br \/>\nTel\u00e9fono: +56 32 2205396<br \/>\nAnexo: 5396<br \/>\nCorreo electr\u00f3nico: <a href=\"mailto:joselyn.carvajal@upla.cl\">joselyn.carvajal@upla.cl<\/a><br \/>\n[\/et_pb_text][et_pb_heading title=\u00bbDocumentos de inter\u00e9s:\u00bb _builder_version=\u00bb4.27.4&#8243; _module_preset=\u00bbdefault\u00bb custom_margin=\u00bb-14px||21px|||\u00bb global_colors_info=\u00bb{}\u00bb][\/et_pb_heading][et_pb_text _builder_version=\u00bb4.27.4&#8243; _module_preset=\u00bbdefault\u00bb text_font_size=\u00bb16px\u00bb custom_padding=\u00bb||1px|||\u00bb global_colors_info=\u00bb{}\u00bb]<\/p>\n<p><a href=\"https:\/\/upla.cl\/vinculacion\/wp-content\/uploads\/2023\/04\/Decreto-Exento-1486-2022-REGLAMENTO-REGULA-ELENCOS-ARTISTICO-CULTURALES.pdf\" target=\"_blank\" rel=\"noopener\">[DESCARGAR] Decreto Exento 1486\/2022<\/a><\/p>\n<p>[\/et_pb_text][\/et_pb_column][\/et_pb_row][\/et_pb_section][et_pb_section fb_built=\u00bb1&#8243; prev_background_color=\u00bb#ffffff\u00bb admin_label=\u00bbElencos Art\u00edsticos UPLA\u00bb _builder_version=\u00bb4.27.5&#8243; _module_preset=\u00bbdefault\u00bb background_color=\u00bb#f2f2f2&#8243; custom_padding=\u00bb0px||0px|||\u00bb top_divider_style=\u00bbarrow3&#8243; global_colors_info=\u00bb{}\u00bb][et_pb_row admin_label=\u00bbElencos Art\u00edsticos UPLA\u00bb _builder_version=\u00bb4.27.4&#8243; _module_preset=\u00bbdefault\u00bb width=\u00bb90%\u00bb custom_margin=\u00bb||||false|false\u00bb global_colors_info=\u00bb{}\u00bb][et_pb_column type=\u00bb4_4&#8243; _builder_version=\u00bb4.27.4&#8243; _module_preset=\u00bbdefault\u00bb global_colors_info=\u00bb{}\u00bb][et_pb_heading title=\u00bbElencos Art\u00edsticos UPLA\u00bb admin_label=\u00bbElencos Art\u00edsticos UPLA \u00bb _builder_version=\u00bb4.27.4&#8243; _module_preset=\u00bbdefault\u00bb title_font=\u00bbLato|900|||||||\u00bb title_text_color=\u00bb#0097da\u00bb global_colors_info=\u00bb{}\u00bb][\/et_pb_heading][\/et_pb_column][\/et_pb_row][et_pb_row column_structure=\u00bb1_4,1_4,1_4,1_4&#8243; make_equal=\u00bbon\u00bb _builder_version=\u00bb4.27.4&#8243; _module_preset=\u00bbdefault\u00bb width=\u00bb90%\u00bb global_colors_info=\u00bb{}\u00bb][et_pb_column type=\u00bb1_4&#8243; _builder_version=\u00bb4.27.4&#8243; _module_preset=\u00bbdefault\u00bb global_colors_info=\u00bb{}\u00bb][et_pb_blurb title=\u00bbEnsamble Latinoamericano Abya Yala\u00bb _builder_version=\u00bb4.27.4&#8243; _module_preset=\u00bbdefault\u00bb header_level=\u00bbh3&#8243; header_font=\u00bbLato|700|||||||\u00bb header_text_align=\u00bbcenter\u00bb header_text_color=\u00bb#FFFFFF\u00bb background_color=\u00bb#0C71C3&#8243; background_image=\u00bbhttps:\/\/upla.cl\/vinculacion\/wp-content\/uploads\/2025\/10\/IMG_5122.jpg\u00bb background_blend=\u00bbmultiply\u00bb min_height=\u00bb100px\u00bb height=\u00bb100px\u00bb max_height=\u00bb100px\u00bb custom_margin_tablet=\u00bb\u00bb custom_margin_phone=\u00bb\u00bb custom_margin_last_edited=\u00bbon|desktop\u00bb custom_padding=\u00bb13%||13%||true|false\u00bb custom_padding_tablet=\u00bb10%||10%||true|false\u00bb custom_padding_phone=\u00bb10%||10%||true|false\u00bb custom_padding_last_edited=\u00bbon|phone\u00bb link_option_url=\u00bbhttps:\/\/upla.cl\/vinculacion\/ensamble-latinoamericano-abya-yala\/\u00bb border_radii=\u00bbon|15px|15px|15px|15px\u00bb box_shadow_style=\u00bbpreset2&#8243; global_colors_info=\u00bb{}\u00bb background__hover_enabled=\u00bbon|hover\u00bb background_color__hover=\u00bb#f59a04&#8243; background_enable_color__hover=\u00bbon\u00bb][\/et_pb_blurb][et_pb_blurb title=\u00bbBallet Gimn\u00e1stico\u00bb _builder_version=\u00bb4.27.4&#8243; _module_preset=\u00bbdefault\u00bb header_level=\u00bbh3&#8243; header_font=\u00bbLato|700|||||||\u00bb header_text_align=\u00bbcenter\u00bb header_text_color=\u00bb#FFFFFF\u00bb background_color=\u00bb#0C71C3&#8243; background_image=\u00bbhttps:\/\/upla.cl\/vinculacion\/wp-content\/uploads\/2025\/10\/DSC_0671.jpg\u00bb background_blend=\u00bbmultiply\u00bb min_height=\u00bb100px\u00bb height=\u00bb100px\u00bb max_height=\u00bb100px\u00bb custom_margin_tablet=\u00bb\u00bb custom_margin_phone=\u00bb\u00bb custom_margin_last_edited=\u00bbon|desktop\u00bb custom_padding=\u00bb16%||16%||true|false\u00bb custom_padding_tablet=\u00bb12%||12%||true|false\u00bb custom_padding_phone=\u00bb10%||10%||true|false\u00bb custom_padding_last_edited=\u00bbon|phone\u00bb link_option_url=\u00bbhttps:\/\/upla.cl\/vinculacion\/ballet-gimnastico\/\u00bb border_radii=\u00bbon|15px|15px|15px|15px\u00bb box_shadow_style=\u00bbpreset2&#8243; global_colors_info=\u00bb{}\u00bb background__hover_enabled=\u00bbon|hover\u00bb background_color__hover=\u00bb#f59a04&#8243; background_enable_color__hover=\u00bbon\u00bb background_image__hover=\u00bbhttps:\/\/upla.cl\/vinculacion\/wp-content\/uploads\/2025\/10\/DSC_0671.jpg\u00bb background_enable_image__hover=\u00bbon\u00bb][\/et_pb_blurb][\/et_pb_column][et_pb_column type=\u00bb1_4&#8243; _builder_version=\u00bb4.27.4&#8243; _module_preset=\u00bbdefault\u00bb global_colors_info=\u00bb{}\u00bb][et_pb_blurb title=\u00bbTuna Femenina UPLA \u00bb _builder_version=\u00bb4.27.4&#8243; _module_preset=\u00bbdefault\u00bb header_level=\u00bbh3&#8243; header_font=\u00bbLato|700|||||||\u00bb header_text_align=\u00bbcenter\u00bb header_text_color=\u00bb#FFFFFF\u00bb background_color=\u00bb#0C71C3&#8243; background_image=\u00bbhttps:\/\/upla.cl\/vinculacion\/wp-content\/uploads\/2025\/10\/WhatsApp-Image-2025-03-20-at-18.11.03.jpg\u00bb background_blend=\u00bbmultiply\u00bb min_height=\u00bb100px\u00bb height=\u00bb100px\u00bb max_height=\u00bb100px\u00bb custom_margin_tablet=\u00bb\u00bb custom_margin_phone=\u00bb\u00bb custom_margin_last_edited=\u00bbon|desktop\u00bb custom_padding=\u00bb16%||16%||true|false\u00bb custom_padding_tablet=\u00bb12%||12%||true|false\u00bb custom_padding_phone=\u00bb10%||10%||true|false\u00bb custom_padding_last_edited=\u00bbon|phone\u00bb link_option_url=\u00bbhttps:\/\/upla.cl\/vinculacion\/tuna-femenina-upla\/\u00bb border_radii=\u00bbon|15px|15px|15px|15px\u00bb box_shadow_style=\u00bbpreset2&#8243; global_colors_info=\u00bb{}\u00bb background__hover_enabled=\u00bbon|hover\u00bb background_color__hover=\u00bb#975195&#8243; background_enable_color__hover=\u00bbon\u00bb][\/et_pb_blurb][et_pb_blurb title=\u00bbBig Band UPLA\u00bb _builder_version=\u00bb4.27.4&#8243; _module_preset=\u00bbdefault\u00bb header_level=\u00bbh3&#8243; header_font=\u00bbLato|700|||||||\u00bb header_text_align=\u00bbcenter\u00bb header_text_color=\u00bb#FFFFFF\u00bb background_color=\u00bb#0C71C3&#8243; background_image=\u00bbhttps:\/\/upla.cl\/vinculacion\/wp-content\/uploads\/2025\/10\/MG_3608.jpg\u00bb background_blend=\u00bbmultiply\u00bb min_height=\u00bb100px\u00bb height=\u00bb100px\u00bb max_height=\u00bb100px\u00bb custom_margin_tablet=\u00bb\u00bb custom_margin_phone=\u00bb\u00bb custom_margin_last_edited=\u00bbon|desktop\u00bb custom_padding=\u00bb16%||16%||true|false\u00bb custom_padding_tablet=\u00bb12%||12%||true|false\u00bb custom_padding_phone=\u00bb10%||10%||true|false\u00bb custom_padding_last_edited=\u00bbon|phone\u00bb link_option_url=\u00bbhttps:\/\/upla.cl\/vinculacion\/big-band-upla\/\u00bb border_radii=\u00bbon|15px|15px|15px|15px\u00bb box_shadow_style=\u00bbpreset2&#8243; global_colors_info=\u00bb{}\u00bb background__hover_enabled=\u00bbon|hover\u00bb background_color__hover=\u00bb#975195&#8243; background_enable_color__hover=\u00bbon\u00bb background_image__hover=\u00bbhttps:\/\/upla.cl\/vinculacion\/wp-content\/uploads\/2025\/10\/MG_3608.jpg\u00bb background_enable_image__hover=\u00bbon\u00bb][\/et_pb_blurb][\/et_pb_column][et_pb_column type=\u00bb1_4&#8243; _builder_version=\u00bb4.27.4&#8243; _module_preset=\u00bbdefault\u00bb global_colors_info=\u00bb{}\u00bb][et_pb_blurb title=\u00bbTuna de la Facultad de Arte \u00bb _builder_version=\u00bb4.27.4&#8243; _module_preset=\u00bbdefault\u00bb header_level=\u00bbh3&#8243; header_font=\u00bbLato|700|||||||\u00bb header_text_align=\u00bbcenter\u00bb header_text_color=\u00bb#FFFFFF\u00bb background_color=\u00bb#0C71C3&#8243; background_image=\u00bbhttps:\/\/upla.cl\/vinculacion\/wp-content\/uploads\/2025\/10\/7532b8f0-5911-4ff7-aa27-20d67e7e9ad8.jpg\u00bb background_blend=\u00bbmultiply\u00bb min_height=\u00bb100px\u00bb height=\u00bb100px\u00bb max_height=\u00bb100px\u00bb custom_margin_tablet=\u00bb\u00bb custom_margin_phone=\u00bb\u00bb custom_margin_last_edited=\u00bbon|desktop\u00bb custom_padding=\u00bb16%||16%||true|false\u00bb custom_padding_tablet=\u00bb12%||12%||true|false\u00bb custom_padding_phone=\u00bb10%||10%||true|false\u00bb custom_padding_last_edited=\u00bbon|phone\u00bb link_option_url=\u00bbhttps:\/\/upla.cl\/vinculacion\/tuna-de-la-facultad-de-arte\/\u00bb border_radii=\u00bbon|15px|15px|15px|15px\u00bb box_shadow_style=\u00bbpreset2&#8243; global_colors_info=\u00bb{}\u00bb background__hover_enabled=\u00bbon|hover\u00bb background_color__hover=\u00bb#009e91&#8243; background_enable_color__hover=\u00bbon\u00bb background_image__hover=\u00bbhttps:\/\/upla.cl\/vinculacion\/wp-content\/uploads\/2025\/10\/7532b8f0-5911-4ff7-aa27-20d67e7e9ad8.jpg\u00bb background_enable_image__hover=\u00bbon\u00bb][\/et_pb_blurb][et_pb_blurb title=\u00bbConjunto Guit\u00e1rregas \u00bb _builder_version=\u00bb4.27.4&#8243; _module_preset=\u00bbdefault\u00bb header_level=\u00bbh3&#8243; header_font=\u00bbLato|700|||||||\u00bb header_text_align=\u00bbcenter\u00bb header_text_color=\u00bb#FFFFFF\u00bb background_color=\u00bb#0C71C3&#8243; background_image=\u00bbhttps:\/\/upla.cl\/vinculacion\/wp-content\/uploads\/2025\/10\/2-1.jpg\u00bb background_blend=\u00bbmultiply\u00bb min_height=\u00bb100px\u00bb height=\u00bb100px\u00bb max_height=\u00bb100px\u00bb custom_margin_tablet=\u00bb\u00bb custom_margin_phone=\u00bb\u00bb custom_margin_last_edited=\u00bbon|desktop\u00bb custom_padding=\u00bb16%||16%||true|false\u00bb custom_padding_tablet=\u00bb12%||12%||true|false\u00bb custom_padding_phone=\u00bb10%||10%||true|false\u00bb custom_padding_last_edited=\u00bbon|phone\u00bb link_option_url=\u00bbhttps:\/\/upla.cl\/vinculacion\/conjunto-guitarregas\/\u00bb border_radii=\u00bbon|15px|15px|15px|15px\u00bb box_shadow_style=\u00bbpreset2&#8243; global_colors_info=\u00bb{}\u00bb background__hover_enabled=\u00bbon|hover\u00bb background_color__hover=\u00bb#009e91&#8243; background_enable_color__hover=\u00bbon\u00bb background_image__hover=\u00bbhttps:\/\/upla.cl\/vinculacion\/wp-content\/uploads\/2025\/10\/2-1.jpg\u00bb background_enable_image__hover=\u00bbon\u00bb][\/et_pb_blurb][\/et_pb_column][et_pb_column type=\u00bb1_4&#8243; _builder_version=\u00bb4.27.4&#8243; _module_preset=\u00bbdefault\u00bb global_colors_info=\u00bb{}\u00bb][et_pb_blurb title=\u00bbCoro de C\u00e1mara UPLA\u00bb _builder_version=\u00bb4.27.4&#8243; _module_preset=\u00bbdefault\u00bb header_level=\u00bbh3&#8243; header_font=\u00bbLato|700|||||||\u00bb header_text_align=\u00bbcenter\u00bb header_text_color=\u00bb#FFFFFF\u00bb background_color=\u00bb#0C71C3&#8243; background_image=\u00bbhttps:\/\/upla.cl\/vinculacion\/wp-content\/uploads\/2025\/10\/3ace8718-62ac-46a0-a844-f86159b2bb30.jpg\u00bb background_blend=\u00bbmultiply\u00bb min_height=\u00bb100px\u00bb height=\u00bb100px\u00bb max_height=\u00bb100px\u00bb custom_margin_tablet=\u00bb\u00bb custom_margin_phone=\u00bb\u00bb custom_margin_last_edited=\u00bbon|desktop\u00bb custom_padding=\u00bb16%||16%||true|false\u00bb custom_padding_tablet=\u00bb12%||12%||true|false\u00bb custom_padding_phone=\u00bb10%||10%||true|false\u00bb custom_padding_last_edited=\u00bbon|phone\u00bb link_option_url=\u00bbhttps:\/\/upla.cl\/vinculacion\/coro-de-camara-upla\/\u00bb border_radii=\u00bbon|15px|15px|15px|15px\u00bb box_shadow_style=\u00bbpreset2&#8243; global_colors_info=\u00bb{}\u00bb background__hover_enabled=\u00bbon|hover\u00bb background_color__hover=\u00bb#eb5669&#8243; background_enable_color__hover=\u00bbon\u00bb background_image__hover=\u00bbhttps:\/\/upla.cl\/vinculacion\/wp-content\/uploads\/2025\/10\/3ace8718-62ac-46a0-a844-f86159b2bb30.jpg\u00bb background_enable_image__hover=\u00bbon\u00bb][\/et_pb_blurb][et_pb_blurb title=\u00bbArtes Visuales \u00bb _builder_version=\u00bb4.27.4&#8243; _module_preset=\u00bbdefault\u00bb header_level=\u00bbh3&#8243; header_font=\u00bbLato|700|||||||\u00bb header_text_align=\u00bbcenter\u00bb header_text_color=\u00bb#FFFFFF\u00bb background_color=\u00bb#0C71C3&#8243; background_image=\u00bbhttps:\/\/upla.cl\/vinculacion\/wp-content\/uploads\/2025\/10\/MG_4026.jpg\u00bb background_blend=\u00bbmultiply\u00bb min_height=\u00bb100px\u00bb height=\u00bb100px\u00bb max_height=\u00bb100px\u00bb custom_margin_tablet=\u00bb\u00bb custom_margin_phone=\u00bb\u00bb custom_margin_last_edited=\u00bbon|desktop\u00bb custom_padding=\u00bb16%||16%||true|false\u00bb custom_padding_tablet=\u00bb12%||12%||true|false\u00bb custom_padding_phone=\u00bb10%||10%||true|false\u00bb custom_padding_last_edited=\u00bbon|phone\u00bb link_option_url=\u00bbhttps:\/\/upla.cl\/vinculacion\/artes-visuales\/\u00bb border_radii=\u00bbon|15px|15px|15px|15px\u00bb box_shadow_style=\u00bbpreset2&#8243; global_colors_info=\u00bb{}\u00bb background__hover_enabled=\u00bbon|hover\u00bb background_color__hover=\u00bb#eb5669&#8243; background_enable_color__hover=\u00bbon\u00bb background_image__hover=\u00bbhttps:\/\/upla.cl\/vinculacion\/wp-content\/uploads\/2025\/10\/MG_4026.jpg\u00bb background_enable_image__hover=\u00bbon\u00bb][\/et_pb_blurb][\/et_pb_column][\/et_pb_row][\/et_pb_section][et_pb_section fb_built=\u00bb1&#8243; _builder_version=\u00bb4.27.5&#8243; _module_preset=\u00bbdefault\u00bb custom_padding=\u00bb0px||0px||true|false\u00bb global_colors_info=\u00bb{}\u00bb][et_pb_row admin_label=\u00bbElencos Art\u00edsticos UPLA\u00bb _builder_version=\u00bb4.27.5&#8243; _module_preset=\u00bbdefault\u00bb width=\u00bb90%\u00bb custom_margin=\u00bb||||false|false\u00bb custom_padding=\u00bb||0px||false|false\u00bb global_colors_info=\u00bb{}\u00bb][et_pb_column type=\u00bb4_4&#8243; _builder_version=\u00bb4.27.4&#8243; _module_preset=\u00bbdefault\u00bb global_colors_info=\u00bb{}\u00bb][et_pb_heading title=\u00bbNoticias\u00bb admin_label=\u00bbElencos Art\u00edsticos UPLA \u00bb _builder_version=\u00bb4.27.5&#8243; _module_preset=\u00bbdefault\u00bb title_font=\u00bbLato|900|||||||\u00bb title_text_color=\u00bb#0097da\u00bb global_colors_info=\u00bb{}\u00bb][\/et_pb_heading][\/et_pb_column][\/et_pb_row][et_pb_row use_custom_gutter=\u00bbon\u00bb gutter_width=\u00bb2&#8243; make_equal=\u00bbon\u00bb _builder_version=\u00bb4.27.5&#8243; _module_preset=\u00bbdefault\u00bb width=\u00bb90%\u00bb hover_enabled=\u00bb0&#8243; global_colors_info=\u00bb{}\u00bb sticky_enabled=\u00bb0&#8243;][et_pb_column type=\u00bb4_4&#8243; _builder_version=\u00bb4.27.5&#8243; _module_preset=\u00bbdefault\u00bb global_colors_info=\u00bb{}\u00bb][et_pb_blog fullwidth=\u00bboff\u00bb posts_number=\u00bb5&#8243; include_categories=\u00bb60&#8243; show_more=\u00bbon\u00bb show_author=\u00bboff\u00bb _builder_version=\u00bb4.27.5&#8243; _module_preset=\u00bbdefault\u00bb hover_enabled=\u00bb0&#8243; global_colors_info=\u00bb{}\u00bb meta_font=\u00bbLato||||||||\u00bb read_more_font=\u00bbLato||||||||\u00bb sticky_enabled=\u00bb0&#8243;][\/et_pb_blog][\/et_pb_column][\/et_pb_row][\/et_pb_section]<\/p>\n","protected":false},"excerpt":{"rendered":"<p>Los Elencos Art\u00edstico Culturales son agrupaciones art\u00edsticas culturales dedicadas a la generaci\u00f3n, difusi\u00f3n y cultivo de las artes musicales y esc\u00e9nicas, a trav\u00e9s de diversos programas y actividades de extensi\u00f3n [&hellip;]<\/p>\n","protected":false},"author":12,"featured_media":0,"parent":0,"menu_order":0,"comment_status":"closed","ping_status":"closed","template":"","meta":{"_et_pb_use_builder":"on","_et_pb_old_content":"","_et_gb_content_width":"","_price":"","_stock":"","_tribe_ticket_header":"","_tribe_default_ticket_provider":"","_tribe_ticket_capacity":"0","_ticket_start_date":"","_ticket_end_date":"","_tribe_ticket_show_description":"","_tribe_ticket_show_not_going":false,"_tribe_ticket_use_global_stock":"","_tribe_ticket_global_stock_level":"","_global_stock_mode":"","_global_stock_cap":"","_tribe_rsvp_for_event":"","_tribe_ticket_going_count":"","_tribe_ticket_not_going_count":"","_tribe_tickets_list":"[]","_tribe_ticket_has_attendee_info_fields":false,"footnotes":"","_tec_slr_enabled":"","_tec_slr_layout":""},"class_list":["post-17229975","page","type-page","status-publish","hentry"],"ticketed":false,"_links":{"self":[{"href":"https:\/\/upla.cl\/vinculacion\/wp-json\/wp\/v2\/pages\/17229975","targetHints":{"allow":["GET"]}}],"collection":[{"href":"https:\/\/upla.cl\/vinculacion\/wp-json\/wp\/v2\/pages"}],"about":[{"href":"https:\/\/upla.cl\/vinculacion\/wp-json\/wp\/v2\/types\/page"}],"author":[{"embeddable":true,"href":"https:\/\/upla.cl\/vinculacion\/wp-json\/wp\/v2\/users\/12"}],"replies":[{"embeddable":true,"href":"https:\/\/upla.cl\/vinculacion\/wp-json\/wp\/v2\/comments?post=17229975"}],"version-history":[{"count":22,"href":"https:\/\/upla.cl\/vinculacion\/wp-json\/wp\/v2\/pages\/17229975\/revisions"}],"predecessor-version":[{"id":17232628,"href":"https:\/\/upla.cl\/vinculacion\/wp-json\/wp\/v2\/pages\/17229975\/revisions\/17232628"}],"wp:attachment":[{"href":"https:\/\/upla.cl\/vinculacion\/wp-json\/wp\/v2\/media?parent=17229975"}],"curies":[{"name":"wp","href":"https:\/\/api.w.org\/{rel}","templated":true}]}}