{"id":17234708,"date":"2026-05-05T10:30:25","date_gmt":"2026-05-05T14:30:25","guid":{"rendered":"https:\/\/upla.cl\/vinculacion\/?page_id=17234708"},"modified":"2026-05-05T12:10:14","modified_gmt":"2026-05-05T16:10:14","slug":"manual-de-indicadores-para-la-medicion-de-contribuciones-de-la-vinculacion-con-el-medio-y-su-modelo-de-evaluacion","status":"publish","type":"page","link":"https:\/\/upla.cl\/vinculacion\/manual-de-indicadores-para-la-medicion-de-contribuciones-de-la-vinculacion-con-el-medio-y-su-modelo-de-evaluacion\/","title":{"rendered":"Manual de Indicadores"},"content":{"rendered":"<p>[et_pb_section fb_built=\u00bb1&#8243; fullwidth=\u00bbon\u00bb _builder_version=\u00bb4.27.4&#8243; _module_preset=\u00bbdefault\u00bb global_colors_info=\u00bb{}\u00bb][et_pb_fullwidth_header title=\u00bbManual de Indicadores para la Medici\u00f3n de Contribuciones de la Vinculaci\u00f3n con el Medio y su Modelo de Evaluaci\u00f3n\u00bb _builder_version=\u00bb4.27.5&#8243; _module_preset=\u00bbdefault\u00bb title_font=\u00bbLato|700|||||||\u00bb title_font_size=\u00bb50px\u00bb subhead_font=\u00bbLato||||||||\u00bb subhead_font_size=\u00bb30px\u00bb background_image=\u00bbhttps:\/\/upla.cl\/vinculacion\/wp-content\/uploads\/2026\/05\/Foto-UPLA-principal.jpg\u00bb background_blend=\u00bbmultiply\u00bb custom_padding=\u00bb10%||10%||true|false\u00bb title_text_shadow_style=\u00bbpreset5&#8243; subhead_text_shadow_style=\u00bbpreset5&#8243; global_colors_info=\u00bb{}\u00bb][\/et_pb_fullwidth_header][\/et_pb_section][et_pb_section fb_built=\u00bb1&#8243; _builder_version=\u00bb4.27.4&#8243; _module_preset=\u00bbdefault\u00bb custom_margin=\u00bb||||false|false\u00bb custom_padding=\u00bb0px||0px||true|false\u00bb global_colors_info=\u00bb{}\u00bb][et_pb_row _builder_version=\u00bb4.27.4&#8243; _module_preset=\u00bbdefault\u00bb width=\u00bb90%\u00bb global_colors_info=\u00bb{}\u00bb][et_pb_column type=\u00bb4_4&#8243; _builder_version=\u00bb4.27.4&#8243; _module_preset=\u00bbdefault\u00bb global_colors_info=\u00bb{}\u00bb][et_pb_text _builder_version=\u00bb4.27.5&#8243; _module_preset=\u00bbdefault\u00bb text_font=\u00bbLato||||||||\u00bb text_font_size=\u00bb16px\u00bb width=\u00bb90.6%\u00bb global_colors_info=\u00bb{}\u00bb]<\/p>\n<p><strong><\/strong>El Manual de Indicadores para la Medici\u00f3n de Contribuciones de la Vinculaci\u00f3n con el Medio y su Modelo de Evaluaci\u00f3n es un instrumento t\u00e9cnico operativo que traduce la Pol\u00edtica Institucional de Vinculaci\u00f3n con el Medio (DE N\u00b01594\/2024), el Modelo de Vinculaci\u00f3n con el Medio y su Modelo de Gesti\u00f3n (DE N\u00b0222\/2026), en un sistema de medici\u00f3n coherente con el mandato p\u00fablico de la Universidad de Playa Ancha de Ciencias de la Educaci\u00f3n (UPLA).<\/p>\n<p>Su finalidad es ordenar, hacer trazables y evaluables las acciones derivadas del v\u00ednculo universidad\u2013territorio, articulando la generaci\u00f3n de evidencia con la planificaci\u00f3n, la ejecuci\u00f3n, el seguimiento, la evaluaci\u00f3n y la mejora continua establecidos por el Sistema Interno de Aseguramiento de la Calidad (SIAC UPLA). En este sentido, los indicadores son considerados dispositivos de gesti\u00f3n\u00a0 que sustentan la toma de decisiones estrat\u00e9gicas, la rendici\u00f3n de cuentas y el aprendizaje institucional.<\/p>\n<p>Este Manual establece un est\u00e1ndar para la medici\u00f3n de las contribuciones de la VcM, fortaleciendo la capacidad de la Universidad para generar evidencia, habilitar una rendici\u00f3n de cuentas estrat\u00e9gicas y una mejora continua que vincula los aprendizajes del territorio con la docencia, la investigaci\u00f3n, la creaci\u00f3n, la innovaci\u00f3n y la gesti\u00f3n institucional, en beneficio del desarrollo regional y el quehacer de la UPLA.<strong><\/strong><\/p>\n<p>[\/et_pb_text][et_pb_text _builder_version=\u00bb4.27.5&#8243; _module_preset=\u00bbdefault\u00bb text_font=\u00bbLato||||||||\u00bb text_font_size=\u00bb16px\u00bb width=\u00bb90.6%\u00bb global_colors_info=\u00bb{}\u00bb]<\/p>\n<h2><strong>Objetivo general<\/strong><\/h2>\n<p>[\/et_pb_text][et_pb_text _builder_version=\u00bb4.27.5&#8243; _module_preset=\u00bbdefault\u00bb text_font=\u00bbLato||||||||\u00bb text_font_size=\u00bb16px\u00bb width=\u00bb90.6%\u00bb min_height=\u00bb74.8px\u00bb global_colors_info=\u00bb{}\u00bb]<\/p>\n<p>Implementar un sistema institucional de indicadores y evaluaci\u00f3n para las acciones de VcM que permita observar contribuciones, fortaleciendo la evaluaci\u00f3n, trazabilidad y uso de evidencia para la toma de decisiones y mejora continua, en coherencia con la Pol\u00edtica Institucional, Modelo de VcM y su Modelo de Gesti\u00f3n.<\/p>\n<p>[\/et_pb_text][et_pb_text _builder_version=\u00bb4.27.5&#8243; _module_preset=\u00bbdefault\u00bb text_font=\u00bbLato||||||||\u00bb text_font_size=\u00bb16px\u00bb width=\u00bb90.6%\u00bb min_height=\u00bb31.8px\u00bb global_colors_info=\u00bb{}\u00bb]<\/p>\n<h2><strong>Objetivos espec\u00edficos<\/strong><\/h2>\n<p>[\/et_pb_text][et_pb_text _builder_version=\u00bb4.27.5&#8243; _module_preset=\u00bbdefault\u00bb text_font=\u00bbLato||||||||\u00bb text_font_size=\u00bb16px\u00bb width=\u00bb90.6%\u00bb min_height=\u00bb92.8px\u00bb global_colors_info=\u00bb{}\u00bb]<\/p>\n<p>1. <strong>Estandarizar<\/strong> criterios, definiciones e instrumentos de medici\u00f3n, asegurando consistencia metodol\u00f3gica y comparabilidad de la evidencia institucional.<br \/>2. <strong>Definir<\/strong> un marco evaluativo que permita observar contribuciones de la VcM, resguardando pertinencia territorial y proporcionalidad metodol\u00f3gica.<br \/>3. <strong>Incorporar<\/strong> instrumentos validados para medir las contribuciones de la VcM desde distintos ATR, diferenciando condiciones habilitantes, resultados inmediatos, cambios y transformaciones sostenibles.<br \/>4. <strong>Fortalecer<\/strong> la evaluaci\u00f3n de la VcM mediante sistemas formales de registro, seguimiento y an\u00e1lisis de informaci\u00f3n.<br \/>5. <strong>Integrar<\/strong> el uso sistem\u00e1tico de evidencia en procesos de planificaci\u00f3n, evaluaci\u00f3n y toma de decisiones institucionales.<br \/>6. <strong>Asegurar<\/strong> trazabilidad de contribuciones de la VcM mediante sistemas institucionales de informaci\u00f3n y control de datos.<br \/>7. <strong>Aportar<\/strong> informaci\u00f3n sistem\u00e1tica de VcM para la mejora continua, la rendici\u00f3n de cuentas y los procesos de autoevaluaci\u00f3n y acreditaci\u00f3n institucional.<\/p>\n<p>[\/et_pb_text][et_pb_sidebar _builder_version=\u00bb4.27.5&#8243; _module_preset=\u00bbdefault\u00bb global_colors_info=\u00bb{}\u00bb][\/et_pb_sidebar][\/et_pb_column][\/et_pb_row][et_pb_row column_structure=\u00bb1_4,3_4&#8243; _builder_version=\u00bb4.27.5&#8243; _module_preset=\u00bbdefault\u00bb global_colors_info=\u00bb{}\u00bb][et_pb_column type=\u00bb1_4&#8243; _builder_version=\u00bb4.27.5&#8243; _module_preset=\u00bbdefault\u00bb global_colors_info=\u00bb{}\u00bb][et_pb_text _builder_version=\u00bb4.27.5&#8243; _module_preset=\u00bbdefault\u00bb global_colors_info=\u00bb{}\u00bb]<\/p>\n<h3><strong>Manual de Indicadores para la Medici\u00f3n de Contribuciones de la Vinculaci\u00f3n con el Medio y su Modelo de Evaluaci\u00f3n<\/strong><\/h3>\n<p>[\/et_pb_text][et_pb_text _builder_version=\u00bb4.27.5&#8243; _module_preset=\u00bbdefault\u00bb global_colors_info=\u00bb{}\u00bb]<\/p>\n<p>A continuaci\u00f3n se presenta el Manual de Indicadores para la Medici\u00f3n de Contribuciones de la Vinculaci\u00f3n con el Medio y su Modelo de Evaluaci\u00f3n de la Universidad de Playa Ancha.<\/p>\n<p>[\/et_pb_text][\/et_pb_column][et_pb_column type=\u00bb3_4&#8243; _builder_version=\u00bb4.27.5&#8243; _module_preset=\u00bbdefault\u00bb global_colors_info=\u00bb{}\u00bb][et_pb_code _builder_version=\u00bb4.27.5&#8243; _module_preset=\u00bbdefault\u00bb custom_padding=\u00bb||55px|||\u00bb global_colors_info=\u00bb{}\u00bb]<div class=\"_df_book df-lite\" id=\"df_17234701\"  _slug=\"manual-de-indicadores-para-la-medicion-de-contribuciones-de-la-vinculacion-con-el-medio-y-su-modelo-de-evaluacion\" data-title=\"manual-de-indicadores-para-la-medicion-de-contribuciones-de-la-vinculacion-con-el-medio-y-su-modelo-de-evaluacion\" wpoptions=\"true\" thumbtype=\"\" ><\/div><script class=\"df-shortcode-script\" nowprocket type=\"application\/javascript\">window.option_df_17234701 = {\"outline\":[],\"autoEnableOutline\":\"false\",\"autoEnableThumbnail\":\"false\",\"overwritePDFOutline\":\"false\",\"direction\":\"1\",\"pageSize\":\"0\",\"source\":\"https:\\\/\\\/upla.cl\\\/vinculacion\\\/wp-content\\\/uploads\\\/2026\\\/05\\\/Manual-de-indicadores-DGVM.pdf\",\"wpOptions\":\"true\"}; if(window.DFLIP && window.DFLIP.parseBooks){window.DFLIP.parseBooks();}<\/script>[\/et_pb_code][\/et_pb_column][\/et_pb_row][\/et_pb_section]<\/p>\n","protected":false},"excerpt":{"rendered":"<p>El Manual de Indicadores para la Medici\u00f3n de Contribuciones de la Vinculaci\u00f3n con el Medio y su Modelo de Evaluaci\u00f3n es un instrumento t\u00e9cnico operativo que traduce la Pol\u00edtica Institucional [&hellip;]<\/p>\n","protected":false},"author":11,"featured_media":0,"parent":0,"menu_order":0,"comment_status":"closed","ping_status":"closed","template":"","meta":{"_et_pb_use_builder":"on","_et_pb_old_content":"","_et_gb_content_width":"","_price":"","_stock":"","_tribe_ticket_header":"","_tribe_default_ticket_provider":"","_tribe_ticket_capacity":"0","_ticket_start_date":"","_ticket_end_date":"","_tribe_ticket_show_description":"","_tribe_ticket_show_not_going":false,"_tribe_ticket_use_global_stock":"","_tribe_ticket_global_stock_level":"","_global_stock_mode":"","_global_stock_cap":"","_tribe_rsvp_for_event":"","_tribe_ticket_going_count":"","_tribe_ticket_not_going_count":"","_tribe_tickets_list":"[]","_tribe_ticket_has_attendee_info_fields":false,"footnotes":"","_tec_slr_enabled":"","_tec_slr_layout":""},"class_list":["post-17234708","page","type-page","status-publish","hentry"],"ticketed":false,"_links":{"self":[{"href":"https:\/\/upla.cl\/vinculacion\/wp-json\/wp\/v2\/pages\/17234708","targetHints":{"allow":["GET"]}}],"collection":[{"href":"https:\/\/upla.cl\/vinculacion\/wp-json\/wp\/v2\/pages"}],"about":[{"href":"https:\/\/upla.cl\/vinculacion\/wp-json\/wp\/v2\/types\/page"}],"author":[{"embeddable":true,"href":"https:\/\/upla.cl\/vinculacion\/wp-json\/wp\/v2\/users\/11"}],"replies":[{"embeddable":true,"href":"https:\/\/upla.cl\/vinculacion\/wp-json\/wp\/v2\/comments?post=17234708"}],"version-history":[{"count":14,"href":"https:\/\/upla.cl\/vinculacion\/wp-json\/wp\/v2\/pages\/17234708\/revisions"}],"predecessor-version":[{"id":17234778,"href":"https:\/\/upla.cl\/vinculacion\/wp-json\/wp\/v2\/pages\/17234708\/revisions\/17234778"}],"wp:attachment":[{"href":"https:\/\/upla.cl\/vinculacion\/wp-json\/wp\/v2\/media?parent=17234708"}],"curies":[{"name":"wp","href":"https:\/\/api.w.org\/{rel}","templated":true}]}}